{"id":525,"date":"2024-07-05T20:15:49","date_gmt":"2024-07-05T20:15:49","guid":{"rendered":"https:\/\/demo.artureanec.com\/themes\/logico-rounded\/?post_type=product&#038;p=525"},"modified":"2026-05-12T16:19:34","modified_gmt":"2026-05-12T16:19:34","slug":"omicron-ct-analyzer","status":"publish","type":"product","link":"https:\/\/tecnomedida.com\/en\/servicios\/alquiler-de-equipos\/omicron-ct-analyzer\/","title":{"rendered":"Omicron CT Analyzer"},"content":{"rendered":"<div data-elementor-type=\"wp-post\" data-elementor-id=\"525\" class=\"elementor elementor-525\">\n\t\t\t\t<div class=\"elementor-element elementor-element-56318f9 e-flex e-con-boxed cut-corner-no sticky-container-off e-con e-parent\" data-id=\"56318f9\" data-element_type=\"container\" data-e-type=\"container\">\n\t\t\t\t\t<div class=\"e-con-inner\">\n\t\t<div class=\"elementor-element elementor-element-70d9ce7 e-con-full e-flex cut-corner-no sticky-container-off e-con e-child\" data-id=\"70d9ce7\" data-element_type=\"container\" data-e-type=\"container\">\n\t\t\t\t<div class=\"elementor-element elementor-element-6856ffdb elementor-widget elementor-widget-text-editor\" data-id=\"6856ffdb\" data-element_type=\"widget\" data-e-type=\"widget\" data-widget_type=\"text-editor.default\">\n\t\t\t\t\t\t\t\t\t<div>Caracter\u00edsticas principales<\/div>\t\t\t\t\t\t\t\t<\/div>\n\t\t\t\t<div class=\"elementor-element elementor-element-c5a3117 elementor-widget elementor-widget-text-editor\" data-id=\"c5a3117\" data-element_type=\"widget\" data-e-type=\"widget\" data-widget_type=\"text-editor.default\">\n\t\t\t\t\t\t\t\t\t<ul role=\"list\"><li>M\u00e1xima exactitud en la medida: 0,02 % \/ 1 min para calibraciones en campo<\/li><li>Muy peque\u00f1o y liviano (&lt; 8 kg \/ 17,4 lbs), f\u00e1cil de transportar para pruebas en campo<\/li><li>Evaluaci\u00f3n autom\u00e1tica seg\u00fan IEC, IEEE y otras normas personalizadas o locales\/nacionales<\/li><li>Tiempo reducido de puesta en servicio (duraci\u00f3n de la prueba autom\u00e1tica &lt; 1min)<\/li><li>Extraordinaria seguridad en el lugar de trabajo &#8211; Pruebas efectuadas como m\u00e1ximo a 120 V<\/li><li>Integrable en procedimientos de prueba automatizados mediante la interfaz de control remoto<\/li><\/ul>\t\t\t\t\t\t\t\t<\/div>\n\t\t\t\t<\/div>\n\t\t<div class=\"elementor-element elementor-element-6903b4a e-con-full e-flex cut-corner-no sticky-container-off e-con e-child\" data-id=\"6903b4a\" data-element_type=\"container\" data-e-type=\"container\">\n\t\t\t\t<div class=\"elementor-element elementor-element-2024760 elementor-widget elementor-widget-image\" data-id=\"2024760\" data-element_type=\"widget\" data-e-type=\"widget\" data-widget_type=\"image.default\">\n\t\t\t\t\t\t\t\t\t\t\t\t\t\t\t<img fetchpriority=\"high\" decoding=\"async\" width=\"635\" height=\"478\" src=\"https:\/\/tecnomedida.com\/wp-content\/uploads\/2024\/07\/csm_CT-Analyzer-key-features_8f96013a8a-1.png\" class=\"attachment-large size-large wp-image-11220\" alt=\"\" \/>\t\t\t\t\t\t\t\t\t\t\t\t\t\t\t<\/div>\n\t\t\t\t<\/div>\n\t\t\t\t\t<\/div>\n\t\t\t\t<\/div>\n\t\t<div class=\"elementor-element elementor-element-377ec00e e-flex e-con-boxed cut-corner-no sticky-container-off e-con e-parent\" data-id=\"377ec00e\" data-element_type=\"container\" data-e-type=\"container\">\n\t\t\t\t\t<div class=\"e-con-inner\">\n\t\t\t\t<div class=\"elementor-element elementor-element-aa292fb elementor-widget elementor-widget-text-editor\" data-id=\"aa292fb\" data-element_type=\"widget\" data-e-type=\"widget\" data-widget_type=\"text-editor.default\">\n\t\t\t\t\t\t\t\t\t<p>Preguntas frecuentes<\/p>\t\t\t\t\t\t\t\t<\/div>\n\t\t\t\t\t<\/div>\n\t\t\t\t<\/div>\n\t\t<div class=\"elementor-element elementor-element-2095d29 e-flex e-con-boxed cut-corner-no sticky-container-off e-con e-parent\" data-id=\"2095d29\" data-element_type=\"container\" data-e-type=\"container\">\n\t\t\t\t\t<div class=\"e-con-inner\">\n\t\t\t\t<div class=\"elementor-element elementor-element-acf733b elementor-widget elementor-widget-n-accordion\" data-id=\"acf733b\" data-element_type=\"widget\" data-e-type=\"widget\" data-settings=\"{&quot;default_state&quot;:&quot;expanded&quot;,&quot;max_items_expended&quot;:&quot;one&quot;,&quot;n_accordion_animation_duration&quot;:{&quot;unit&quot;:&quot;ms&quot;,&quot;size&quot;:400,&quot;sizes&quot;:[]}}\" data-widget_type=\"nested-accordion.default\">\n\t\t\t\t\t\t\t<div class=\"e-n-accordion\" aria-label=\"Accordion. Open links with Enter or Space, close with Escape, and navigate with Arrow Keys\">\n\t\t\t\t\t\t<details id=\"e-n-accordion-item-1810\" class=\"e-n-accordion-item\" open>\n\t\t\t\t<summary class=\"e-n-accordion-item-title\" data-accordion-index=\"1\" tabindex=\"0\" aria-expanded=\"true\" aria-controls=\"e-n-accordion-item-1810\" >\n\t\t\t\t\t<span class='e-n-accordion-item-title-header'><div class=\"e-n-accordion-item-title-text\"> \u00bfQu\u00e9 es el CT Analyzer y para qu\u00e9 se utiliza? <\/div><\/span>\n\t\t\t\t\t\t\t<span class='e-n-accordion-item-title-icon'>\n\t\t\t<span class='e-opened' ><i aria-hidden=\"true\" class=\"fas fa-minus\"><\/i><\/span>\n\t\t\t<span class='e-closed'><i aria-hidden=\"true\" class=\"fas fa-plus\"><\/i><\/span>\n\t\t<\/span>\n\n\t\t\t\t\t\t<\/summary>\n\t\t\t\t<div role=\"region\" aria-labelledby=\"e-n-accordion-item-1810\" class=\"elementor-element elementor-element-083af8a e-con-full e-flex cut-corner-no sticky-container-off e-con e-child\" data-id=\"083af8a\" data-element_type=\"container\" data-e-type=\"container\">\n\t\t<div role=\"region\" aria-labelledby=\"e-n-accordion-item-1810\" class=\"elementor-element elementor-element-26989de e-flex e-con-boxed cut-corner-no sticky-container-off e-con e-child\" data-id=\"26989de\" data-element_type=\"container\" data-e-type=\"container\">\n\t\t\t\t\t<div class=\"e-con-inner\">\n\t\t\t\t<div class=\"elementor-element elementor-element-af7ac79 elementor-widget elementor-widget-text-editor\" data-id=\"af7ac79\" data-element_type=\"widget\" data-e-type=\"widget\" data-widget_type=\"text-editor.default\">\n\t\t\t\t\t\t\t\t\t<p>El <strong data-start=\"430\" data-end=\"445\">CT Analyzer<\/strong> es un instrumento port\u00e1til dise\u00f1ado para <strong data-start=\"487\" data-end=\"551\">evaluar, calibrar y probar transformadores de corriente (TC)<\/strong> de manera r\u00e1pida y precisa. Permite determinar par\u00e1metros el\u00e9ctricos clave del TC, identificar su rendimiento y verificar el cumplimiento de normas t\u00e9cnicas internacionales con un solo bot\u00f3n.<\/p>\t\t\t\t\t\t\t\t<\/div>\n\t\t\t\t\t<\/div>\n\t\t\t\t<\/div>\n\t\t\t\t<\/div>\n\t\t\t\t\t<\/details>\n\t\t\t\t\t\t<details id=\"e-n-accordion-item-1811\" class=\"e-n-accordion-item\" >\n\t\t\t\t<summary class=\"e-n-accordion-item-title\" data-accordion-index=\"2\" tabindex=\"-1\" aria-expanded=\"false\" aria-controls=\"e-n-accordion-item-1811\" >\n\t\t\t\t\t<span class='e-n-accordion-item-title-header'><div class=\"e-n-accordion-item-title-text\"> \u00bfC\u00f3mo funciona el CT Analyzer? <\/div><\/span>\n\t\t\t\t\t\t\t<span class='e-n-accordion-item-title-icon'>\n\t\t\t<span class='e-opened' ><i aria-hidden=\"true\" class=\"fas fa-minus\"><\/i><\/span>\n\t\t\t<span class='e-closed'><i aria-hidden=\"true\" class=\"fas fa-plus\"><\/i><\/span>\n\t\t<\/span>\n\n\t\t\t\t\t\t<\/summary>\n\t\t\t\t<div role=\"region\" aria-labelledby=\"e-n-accordion-item-1811\" class=\"elementor-element elementor-element-cbdfc75 e-con-full e-flex cut-corner-no sticky-container-off e-con e-child\" data-id=\"cbdfc75\" data-element_type=\"container\" data-e-type=\"container\">\n\t\t<div role=\"region\" aria-labelledby=\"e-n-accordion-item-1811\" class=\"elementor-element elementor-element-27c2dfb e-flex e-con-boxed cut-corner-no sticky-container-off e-con e-child\" data-id=\"27c2dfb\" data-element_type=\"container\" data-e-type=\"container\">\n\t\t\t\t\t<div class=\"e-con-inner\">\n\t\t\t\t<div class=\"elementor-element elementor-element-68a4371 elementor-widget elementor-widget-text-editor\" data-id=\"68a4371\" data-element_type=\"widget\" data-e-type=\"widget\" data-widget_type=\"text-editor.default\">\n\t\t\t\t\t\t\t\t\t<p>El equipo inyecta se\u00f1ales de prueba de bajo nivel en el lado secundario del transformador de corriente y calcula los par\u00e1metros del circuito equivalente. Luego <strong data-start=\"992\" data-end=\"1053\">identifica todos los par\u00e1metros relevantes de rendimiento<\/strong>, muestra su exactitud con diferentes corrientes y cargas, eval\u00faa el TC seg\u00fan la norma seleccionada y puede incluso <strong data-start=\"1169\" data-end=\"1222\">desmagnetizar el dispositivo despu\u00e9s de la prueba<\/strong>.<\/p>\t\t\t\t\t\t\t\t<\/div>\n\t\t\t\t\t<\/div>\n\t\t\t\t<\/div>\n\t\t\t\t<\/div>\n\t\t\t\t\t<\/details>\n\t\t\t\t\t\t<details id=\"e-n-accordion-item-1812\" class=\"e-n-accordion-item\" >\n\t\t\t\t<summary class=\"e-n-accordion-item-title\" data-accordion-index=\"3\" tabindex=\"-1\" aria-expanded=\"false\" aria-controls=\"e-n-accordion-item-1812\" >\n\t\t\t\t\t<span class='e-n-accordion-item-title-header'><div class=\"e-n-accordion-item-title-text\"> \u00bfQu\u00e9 par\u00e1metros el\u00e9ctricos puede medir con el CT Analyzer? <\/div><\/span>\n\t\t\t\t\t\t\t<span class='e-n-accordion-item-title-icon'>\n\t\t\t<span class='e-opened' ><i aria-hidden=\"true\" class=\"fas fa-minus\"><\/i><\/span>\n\t\t\t<span class='e-closed'><i aria-hidden=\"true\" class=\"fas fa-plus\"><\/i><\/span>\n\t\t<\/span>\n\n\t\t\t\t\t\t<\/summary>\n\t\t\t\t<div role=\"region\" aria-labelledby=\"e-n-accordion-item-1812\" class=\"elementor-element elementor-element-1611af2 e-con-full e-flex cut-corner-no sticky-container-off e-con e-child\" data-id=\"1611af2\" data-element_type=\"container\" data-e-type=\"container\">\n\t\t<div role=\"region\" aria-labelledby=\"e-n-accordion-item-1812\" class=\"elementor-element elementor-element-32f33b8 e-flex e-con-boxed cut-corner-no sticky-container-off e-con e-child\" data-id=\"32f33b8\" data-element_type=\"container\" data-e-type=\"container\">\n\t\t\t\t\t<div class=\"e-con-inner\">\n\t\t\t\t<div class=\"elementor-element elementor-element-8647af3 elementor-widget elementor-widget-text-editor\" data-id=\"8647af3\" data-element_type=\"widget\" data-e-type=\"widget\" data-widget_type=\"text-editor.default\">\n\t\t\t\t\t\t\t\t\t<p data-start=\"1340\" data-end=\"1384\">El CT Analyzer puede evaluar, entre otros:<\/p><ul data-start=\"1386\" data-end=\"1615\"><li data-start=\"1386\" data-end=\"1425\" data-section-id=\"2jp2au\">La <strong data-start=\"1391\" data-end=\"1423\">exactitud de relaci\u00f3n y fase<\/strong><\/li><li data-start=\"1426\" data-end=\"1458\" data-section-id=\"zdtocd\"><strong data-start=\"1428\" data-end=\"1456\">Resistencia del devanado<\/strong><\/li><li data-start=\"1459\" data-end=\"1509\" data-section-id=\"mjhokx\"><strong data-start=\"1461\" data-end=\"1507\">Caracter\u00edsticas de excitaci\u00f3n y saturaci\u00f3n<\/strong><\/li><li data-start=\"1510\" data-end=\"1559\" data-section-id=\"pz388v\"><strong data-start=\"1512\" data-end=\"1557\">Error compuesto y par\u00e1metros transitorios<\/strong><\/li><li data-start=\"1560\" data-end=\"1587\" data-section-id=\"qzctam\"><strong data-start=\"1562\" data-end=\"1585\">Impedancia de carga<\/strong><\/li><li data-start=\"1588\" data-end=\"1615\" data-section-id=\"sb44lx\"><strong data-start=\"1590\" data-end=\"1613\">Magnetismo residual<\/strong><\/li><\/ul><p data-start=\"1617\" data-end=\"1736\">Estos resultados permiten un diagn\u00f3stico completo del transformador de corriente.<\/p>\t\t\t\t\t\t\t\t<\/div>\n\t\t\t\t\t<\/div>\n\t\t\t\t<\/div>\n\t\t\t\t<\/div>\n\t\t\t\t\t<\/details>\n\t\t\t\t\t\t<details id=\"e-n-accordion-item-1813\" class=\"e-n-accordion-item\" >\n\t\t\t\t<summary class=\"e-n-accordion-item-title\" data-accordion-index=\"4\" tabindex=\"-1\" aria-expanded=\"false\" aria-controls=\"e-n-accordion-item-1813\" >\n\t\t\t\t\t<span class='e-n-accordion-item-title-header'><div class=\"e-n-accordion-item-title-text\"> \u00bfQu\u00e9 normas t\u00e9cnicas soporta el CT Analyzer? <\/div><\/span>\n\t\t\t\t\t\t\t<span class='e-n-accordion-item-title-icon'>\n\t\t\t<span class='e-opened' ><i aria-hidden=\"true\" class=\"fas fa-minus\"><\/i><\/span>\n\t\t\t<span class='e-closed'><i aria-hidden=\"true\" class=\"fas fa-plus\"><\/i><\/span>\n\t\t<\/span>\n\n\t\t\t\t\t\t<\/summary>\n\t\t\t\t<div role=\"region\" aria-labelledby=\"e-n-accordion-item-1813\" class=\"elementor-element elementor-element-12c7d71 e-flex e-con-boxed cut-corner-no sticky-container-off e-con e-child\" data-id=\"12c7d71\" data-element_type=\"container\" data-e-type=\"container\">\n\t\t\t\t\t<div class=\"e-con-inner\">\n\t\t<div role=\"region\" aria-labelledby=\"e-n-accordion-item-1813\" class=\"elementor-element elementor-element-85259f8 e-con-full e-flex cut-corner-no sticky-container-off e-con e-child\" data-id=\"85259f8\" data-element_type=\"container\" data-e-type=\"container\">\n\t\t\t\t<div class=\"elementor-element elementor-element-7e85a70 elementor-widget elementor-widget-text-editor\" data-id=\"7e85a70\" data-element_type=\"widget\" data-e-type=\"widget\" data-widget_type=\"text-editor.default\">\n\t\t\t\t\t\t\t\t\t<p data-start=\"1801\" data-end=\"2049\">El CT Analyzer puede evaluar transformadores de corriente conforme a <strong data-start=\"1870\" data-end=\"1912\">normas internacionales como IEC e IEEE<\/strong>, as\u00ed como adaptarse a <strong data-start=\"1935\" data-end=\"1985\">normativas locales o est\u00e1ndares personalizados<\/strong> definidos por el usuario.<\/p>\t\t\t\t\t\t\t\t<\/div>\n\t\t\t\t<\/div>\n\t\t\t\t\t<\/div>\n\t\t\t\t<\/div>\n\t\t\t\t\t<\/details>\n\t\t\t\t\t\t<details id=\"e-n-accordion-item-1814\" class=\"e-n-accordion-item\" >\n\t\t\t\t<summary class=\"e-n-accordion-item-title\" data-accordion-index=\"5\" tabindex=\"-1\" aria-expanded=\"false\" aria-controls=\"e-n-accordion-item-1814\" >\n\t\t\t\t\t<span class='e-n-accordion-item-title-header'><div class=\"e-n-accordion-item-title-text\"> \u00bfQu\u00e9 beneficios ofrece respecto a pruebas manuales tradicionales? <\/div><\/span>\n\t\t\t\t\t\t\t<span class='e-n-accordion-item-title-icon'>\n\t\t\t<span class='e-opened' ><i aria-hidden=\"true\" class=\"fas fa-minus\"><\/i><\/span>\n\t\t\t<span class='e-closed'><i aria-hidden=\"true\" class=\"fas fa-plus\"><\/i><\/span>\n\t\t<\/span>\n\n\t\t\t\t\t\t<\/summary>\n\t\t\t\t<div role=\"region\" aria-labelledby=\"e-n-accordion-item-1814\" class=\"elementor-element elementor-element-562fee0 e-flex e-con-boxed cut-corner-no sticky-container-off e-con e-child\" data-id=\"562fee0\" data-element_type=\"container\" data-e-type=\"container\">\n\t\t\t\t\t<div class=\"e-con-inner\">\n\t\t<div role=\"region\" aria-labelledby=\"e-n-accordion-item-1814\" class=\"elementor-element elementor-element-a248a0c e-con-full e-flex cut-corner-no sticky-container-off e-con e-child\" data-id=\"a248a0c\" data-element_type=\"container\" data-e-type=\"container\">\n\t\t\t\t<div class=\"elementor-element elementor-element-12a9838 elementor-widget elementor-widget-text-editor\" data-id=\"12a9838\" data-element_type=\"widget\" data-e-type=\"widget\" data-widget_type=\"text-editor.default\">\n\t\t\t\t\t\t\t\t\t<p data-start=\"2135\" data-end=\"2168\">El uso del CT Analyzer permite:<\/p><ul data-start=\"2170\" data-end=\"2577\"><li data-start=\"2170\" data-end=\"2252\" data-section-id=\"wcp5tn\"><strong data-start=\"2172\" data-end=\"2215\">Resultados automatizados y consistentes<\/strong>, reduciendo la variabilidad humana<\/li><li data-start=\"2253\" data-end=\"2298\" data-section-id=\"fquqbh\"><strong data-start=\"2255\" data-end=\"2287\">Pruebas r\u00e1pidas y eficientes<\/strong> en campo<\/li><li data-start=\"2299\" data-end=\"2361\" data-section-id=\"1xx2pyq\"><strong data-start=\"2301\" data-end=\"2334\">Informes claros y comparables<\/strong> con est\u00e1ndares definidos<\/li><li data-start=\"2362\" data-end=\"2445\" data-section-id=\"1sbwcjl\"><strong data-start=\"2364\" data-end=\"2406\">Mayor seguridad en el sitio de pruebas<\/strong>, ya que opera con voltajes reducidos<\/li><li data-start=\"2446\" data-end=\"2577\" data-section-id=\"w734yt\"><strong data-start=\"2448\" data-end=\"2494\">Integraci\u00f3n con software de control remoto<\/strong> para procedimientos automatizados de prueba.<\/li><\/ul>\t\t\t\t\t\t\t\t<\/div>\n\t\t\t\t<\/div>\n\t\t\t\t\t<\/div>\n\t\t\t\t<\/div>\n\t\t\t\t\t<\/details>\n\t\t\t\t\t<\/div>\n\t\t\t\t\t\t<\/div>\n\t\t\t\t\t<\/div>\n\t\t\t\t<\/div>\n\t\t\t\t<\/div>","protected":false},"excerpt":{"rendered":"<p>Equipo de Pruebas Omicron CTAnalyzer para Transformadores de Corriente de Protecci\u00f3n y Medida.\u2028mide:<\/p>\n<ul>\n<li>\u00a0Exactitud de la relaci\u00f3n y el \u00e1ngulo de fase, teniendo en cuenta la carga\u00a0\u00a0 nominal y la carga conectada.<\/li>\n<li>Excitaci\u00f3n y saturaci\u00f3n del TC.<\/li>\n<li>Impedancia de carga.<\/li>\n<li>Resistencia del devanado.<\/li>\n<li>Inductancia saturada y no saturada.<\/li>\n<li>Polaridad del TC.<\/li>\n<\/ul>","protected":false},"featured_media":11217,"template":"","meta":{"content-type":"","_monsterinsights_skip_tracking":false,"_monsterinsights_sitenote_active":false,"_monsterinsights_sitenote_note":"","_monsterinsights_sitenote_category":0},"product_brand":[72],"product_cat":[85],"product_tag":[81],"class_list":{"0":"post-525","1":"product","2":"type-product","3":"status-publish","4":"has-post-thumbnail","6":"product_brand-omicron","7":"product_cat-omicron","8":"product_tag-nuevo","10":"first","11":"onbackorder","12":"shipping-taxable","13":"product-type-simple"},"aioseo_notices":[],"_links":{"self":[{"href":"https:\/\/tecnomedida.com\/en\/wp-json\/wp\/v2\/product\/525","targetHints":{"allow":["GET"]}}],"collection":[{"href":"https:\/\/tecnomedida.com\/en\/wp-json\/wp\/v2\/product"}],"about":[{"href":"https:\/\/tecnomedida.com\/en\/wp-json\/wp\/v2\/types\/product"}],"version-history":[{"count":17,"href":"https:\/\/tecnomedida.com\/en\/wp-json\/wp\/v2\/product\/525\/revisions"}],"predecessor-version":[{"id":13726,"href":"https:\/\/tecnomedida.com\/en\/wp-json\/wp\/v2\/product\/525\/revisions\/13726"}],"wp:featuredmedia":[{"embeddable":true,"href":"https:\/\/tecnomedida.com\/en\/wp-json\/wp\/v2\/media\/11217"}],"wp:attachment":[{"href":"https:\/\/tecnomedida.com\/en\/wp-json\/wp\/v2\/media?parent=525"}],"wp:term":[{"taxonomy":"product_brand","embeddable":true,"href":"https:\/\/tecnomedida.com\/en\/wp-json\/wp\/v2\/product_brand?post=525"},{"taxonomy":"product_cat","embeddable":true,"href":"https:\/\/tecnomedida.com\/en\/wp-json\/wp\/v2\/product_cat?post=525"},{"taxonomy":"product_tag","embeddable":true,"href":"https:\/\/tecnomedida.com\/en\/wp-json\/wp\/v2\/product_tag?post=525"}],"curies":[{"name":"wp","href":"https:\/\/api.w.org\/{rel}","templated":true}]}}