{"id":11289,"date":"2026-01-25T16:32:17","date_gmt":"2026-01-25T16:32:17","guid":{"rendered":"https:\/\/tecnomedida.com\/?post_type=product&#038;p=11289"},"modified":"2026-04-20T16:52:06","modified_gmt":"2026-04-20T16:52:06","slug":"megger-s1-568-5kv-y-mit-1025-10kv","status":"publish","type":"product","link":"https:\/\/tecnomedida.com\/en\/servicios\/alquiler-de-equipos\/megger-s1-568-5kv-y-mit-1025-10kv\/","title":{"rendered":"Megger S1-568 5kV y Mit 1025 10kV"},"content":{"rendered":"<div data-elementor-type=\"wp-post\" data-elementor-id=\"11289\" class=\"elementor elementor-11289\">\n\t\t\t\t<div class=\"elementor-element elementor-element-56318f9 e-flex e-con-boxed cut-corner-no sticky-container-off e-con e-parent\" data-id=\"56318f9\" data-element_type=\"container\" data-e-type=\"container\">\n\t\t\t\t\t<div class=\"e-con-inner\">\n\t\t<div class=\"elementor-element elementor-element-70d9ce7 e-con-full e-flex cut-corner-no sticky-container-off e-con e-child\" data-id=\"70d9ce7\" data-element_type=\"container\" data-e-type=\"container\">\n\t\t\t\t<div class=\"elementor-element elementor-element-6856ffdb elementor-widget elementor-widget-text-editor\" data-id=\"6856ffdb\" data-element_type=\"widget\" data-e-type=\"widget\" data-widget_type=\"text-editor.default\">\n\t\t\t\t\t\t\t\t\t<div>Caracter\u00edsticas principales<\/div>\t\t\t\t\t\t\t\t<\/div>\n\t\t\t\t<div class=\"elementor-element elementor-element-c5a3117 elementor-widget elementor-widget-text-editor\" data-id=\"c5a3117\" data-element_type=\"widget\" data-e-type=\"widget\" data-widget_type=\"text-editor.default\">\n\t\t\t\t\t\t\t\t\t<ul role=\"list\"><li>Los <strong data-start=\"415\" data-end=\"477\">medidores de resistencia de aislamiento Advanced de Megger<\/strong> (modelos <strong data-start=\"487\" data-end=\"522\">MIT525\/2, MIT1025\/2 y MIT1525\/2<\/strong>) son instrumentos robustos dise\u00f1ados para <strong data-start=\"565\" data-end=\"659\">ensayos avanzados de aislamiento en cables, transformadores, motores y aparatos el\u00e9ctricos<\/strong> con tensiones de prueba de <strong data-start=\"687\" data-end=\"710\">5 kV, 10 kV o 15 kV<\/strong>. Esta gama integra funciones avanzadas como <strong data-start=\"755\" data-end=\"772\">PI Predictor\u2122<\/strong> para acelerar los ensayos de \u00edndice de polarizaci\u00f3n, el modo <strong data-start=\"834\" data-end=\"845\">RE&gt;Act\u2122<\/strong> para gestionar la corriente de reabsorci\u00f3n residual con seguridad, <strong data-start=\"913\" data-end=\"945\">almacenamiento de resultados<\/strong> y exportaci\u00f3n directa a software de gesti\u00f3n como PowerDB y CertSuite. Los equipos Advanced permiten ejecutar un conjunto completo de mediciones diagn\u00f3sticas (IR, DAR, PI, DD, SV, rampas y PDC), proporcionando una visi\u00f3n profunda de la condici\u00f3n del aislamiento y facilitando la planificaci\u00f3n del mantenimiento en entornos industriales y de red de hasta 230 kV.<\/li><\/ul>\t\t\t\t\t\t\t\t<\/div>\n\t\t\t\t<\/div>\n\t\t<div class=\"elementor-element elementor-element-6903b4a e-con-full e-flex cut-corner-no sticky-container-off e-con e-child\" data-id=\"6903b4a\" data-element_type=\"container\" data-e-type=\"container\">\n\t\t\t\t<div class=\"elementor-element elementor-element-2024760 elementor-widget elementor-widget-image\" data-id=\"2024760\" data-element_type=\"widget\" data-e-type=\"widget\" data-widget_type=\"image.default\">\n\t\t\t\t\t\t\t\t\t\t\t\t\t\t\t<img fetchpriority=\"high\" decoding=\"async\" width=\"1020\" height=\"1020\" src=\"https:\/\/tecnomedida.com\/wp-content\/uploads\/2026\/01\/MIT5252-MIT10252-MIT15252-Advanced_PRODWEB_001-1020x1020.png\" class=\"attachment-large size-large wp-image-11609\" alt=\"\" srcset=\"https:\/\/tecnomedida.com\/wp-content\/uploads\/2026\/01\/MIT5252-MIT10252-MIT15252-Advanced_PRODWEB_001-1020x1020.png 1020w, https:\/\/tecnomedida.com\/wp-content\/uploads\/2026\/01\/MIT5252-MIT10252-MIT15252-Advanced_PRODWEB_001-680x680.png 680w, https:\/\/tecnomedida.com\/wp-content\/uploads\/2026\/01\/MIT5252-MIT10252-MIT15252-Advanced_PRODWEB_001-85x85.png 85w, https:\/\/tecnomedida.com\/wp-content\/uploads\/2026\/01\/MIT5252-MIT10252-MIT15252-Advanced_PRODWEB_001-13x12.png 13w, https:\/\/tecnomedida.com\/wp-content\/uploads\/2026\/01\/MIT5252-MIT10252-MIT15252-Advanced_PRODWEB_001-480x480.png 480w, https:\/\/tecnomedida.com\/wp-content\/uploads\/2026\/01\/MIT5252-MIT10252-MIT15252-Advanced_PRODWEB_001-840x840.png 840w, https:\/\/tecnomedida.com\/wp-content\/uploads\/2026\/01\/MIT5252-MIT10252-MIT15252-Advanced_PRODWEB_001-1200x1200.png 1200w, https:\/\/tecnomedida.com\/wp-content\/uploads\/2026\/01\/MIT5252-MIT10252-MIT15252-Advanced_PRODWEB_001-300x300.png 300w, https:\/\/tecnomedida.com\/wp-content\/uploads\/2026\/01\/MIT5252-MIT10252-MIT15252-Advanced_PRODWEB_001-600x600.png 600w, https:\/\/tecnomedida.com\/wp-content\/uploads\/2026\/01\/MIT5252-MIT10252-MIT15252-Advanced_PRODWEB_001-123x123.png 123w\" sizes=\"(max-width: 1020px) 100vw, 1020px\" \/>\t\t\t\t\t\t\t\t\t\t\t\t\t\t\t<\/div>\n\t\t\t\t<\/div>\n\t\t\t\t\t<\/div>\n\t\t\t\t<\/div>\n\t\t<div class=\"elementor-element elementor-element-377ec00e e-flex e-con-boxed cut-corner-no sticky-container-off e-con e-parent\" data-id=\"377ec00e\" data-element_type=\"container\" data-e-type=\"container\">\n\t\t\t\t\t<div class=\"e-con-inner\">\n\t\t\t\t<div class=\"elementor-element elementor-element-aa292fb elementor-widget elementor-widget-text-editor\" data-id=\"aa292fb\" data-element_type=\"widget\" data-e-type=\"widget\" data-widget_type=\"text-editor.default\">\n\t\t\t\t\t\t\t\t\t<p>Frequently asked questions<\/p>\t\t\t\t\t\t\t\t<\/div>\n\t\t\t\t\t<\/div>\n\t\t\t\t<\/div>\n\t\t<div class=\"elementor-element elementor-element-a8fc421 e-flex e-con-boxed cut-corner-no sticky-container-off e-con e-parent\" data-id=\"a8fc421\" data-element_type=\"container\" data-e-type=\"container\">\n\t\t\t\t\t<div class=\"e-con-inner\">\n\t\t\t\t<div class=\"elementor-element elementor-element-9ba6c9b elementor-widget elementor-widget-n-accordion\" data-id=\"9ba6c9b\" data-element_type=\"widget\" data-e-type=\"widget\" data-settings=\"{&quot;default_state&quot;:&quot;expanded&quot;,&quot;max_items_expended&quot;:&quot;one&quot;,&quot;n_accordion_animation_duration&quot;:{&quot;unit&quot;:&quot;ms&quot;,&quot;size&quot;:400,&quot;sizes&quot;:[]}}\" data-widget_type=\"nested-accordion.default\">\n\t\t\t\t\t\t\t<div class=\"e-n-accordion\" aria-label=\"Accordion. Open links with Enter or Space, close with Escape, and navigate with Arrow Keys\">\n\t\t\t\t\t\t<details id=\"e-n-accordion-item-1630\" class=\"e-n-accordion-item\" open>\n\t\t\t\t<summary class=\"e-n-accordion-item-title\" data-accordion-index=\"1\" tabindex=\"0\" aria-expanded=\"true\" aria-controls=\"e-n-accordion-item-1630\" >\n\t\t\t\t\t<span class='e-n-accordion-item-title-header'><div class=\"e-n-accordion-item-title-text\"> \u00bfQu\u00e9 modos de prueba soportan los medidores Advanced de Megger? <\/div><\/span>\n\t\t\t\t\t\t\t<span class='e-n-accordion-item-title-icon'>\n\t\t\t<span class='e-opened' ><i aria-hidden=\"true\" class=\"fas fa-minus\"><\/i><\/span>\n\t\t\t<span class='e-closed'><i aria-hidden=\"true\" class=\"fas fa-plus\"><\/i><\/span>\n\t\t<\/span>\n\n\t\t\t\t\t\t<\/summary>\n\t\t\t\t<div role=\"region\" aria-labelledby=\"e-n-accordion-item-1630\" class=\"elementor-element elementor-element-d16ee4b e-con-full e-flex cut-corner-no sticky-container-off e-con e-child\" data-id=\"d16ee4b\" data-element_type=\"container\" data-e-type=\"container\">\n\t\t<div role=\"region\" aria-labelledby=\"e-n-accordion-item-1630\" class=\"elementor-element elementor-element-6bd0509 e-flex e-con-boxed cut-corner-no sticky-container-off e-con e-child\" data-id=\"6bd0509\" data-element_type=\"container\" data-e-type=\"container\">\n\t\t\t\t\t<div class=\"e-con-inner\">\n\t\t\t\t<div class=\"elementor-element elementor-element-66c49e3 elementor-widget elementor-widget-text-editor\" data-id=\"66c49e3\" data-element_type=\"widget\" data-e-type=\"widget\" data-widget_type=\"text-editor.default\">\n\t\t\t\t\t\t\t\t\t<p data-start=\"1461\" data-end=\"1585\">La gama Advanced permite ejecutar una variedad de pruebas diagn\u00f3sticas esenciales para evaluar el aislamiento, incluyendo:<\/p><ul data-start=\"1586\" data-end=\"1976\"><li data-start=\"1586\" data-end=\"1625\"><p data-start=\"1588\" data-end=\"1625\"><strong data-start=\"1588\" data-end=\"1623\">IR (resistencia de aislamiento)<\/strong><\/p><\/li><li data-start=\"1626\" data-end=\"1673\"><p data-start=\"1628\" data-end=\"1673\"><strong data-start=\"1628\" data-end=\"1671\">DAR (relaci\u00f3n de absorci\u00f3n diel\u00e9ctrica)<\/strong><\/p><\/li><li data-start=\"1674\" data-end=\"1709\"><p data-start=\"1676\" data-end=\"1709\"><strong data-start=\"1676\" data-end=\"1707\">PI (\u00edndice de polarizaci\u00f3n)<\/strong><\/p><\/li><li data-start=\"1710\" data-end=\"1743\"><p data-start=\"1712\" data-end=\"1743\"><strong data-start=\"1712\" data-end=\"1741\">DD (descarga diel\u00e9ctrica)<\/strong><\/p><\/li><li data-start=\"1744\" data-end=\"1775\"><p data-start=\"1746\" data-end=\"1775\"><strong data-start=\"1746\" data-end=\"1773\">SV (tensi\u00f3n escalonada)<\/strong><\/p><\/li><li data-start=\"1776\" data-end=\"1976\"><p data-start=\"1778\" data-end=\"1976\"><strong data-start=\"1778\" data-end=\"1833\">Pruebas de rampa y PDC (con software especializado)<\/strong><br data-start=\"1833\" data-end=\"1836\" \/>Estas pruebas aportan datos detallados sobre la integridad diel\u00e9ctrica y la evoluci\u00f3n del aislamiento.<\/p><\/li><\/ul>\t\t\t\t\t\t\t\t<\/div>\n\t\t\t\t\t<\/div>\n\t\t\t\t<\/div>\n\t\t\t\t<\/div>\n\t\t\t\t\t<\/details>\n\t\t\t\t\t\t<details id=\"e-n-accordion-item-1631\" class=\"e-n-accordion-item\" >\n\t\t\t\t<summary class=\"e-n-accordion-item-title\" data-accordion-index=\"2\" tabindex=\"-1\" aria-expanded=\"false\" aria-controls=\"e-n-accordion-item-1631\" >\n\t\t\t\t\t<span class='e-n-accordion-item-title-header'><div class=\"e-n-accordion-item-title-text\"> \u00bfQu\u00e9 beneficios aporta la funci\u00f3n PI Predictor\u2122? <\/div><\/span>\n\t\t\t\t\t\t\t<span class='e-n-accordion-item-title-icon'>\n\t\t\t<span class='e-opened' ><i aria-hidden=\"true\" class=\"fas fa-minus\"><\/i><\/span>\n\t\t\t<span class='e-closed'><i aria-hidden=\"true\" class=\"fas fa-plus\"><\/i><\/span>\n\t\t<\/span>\n\n\t\t\t\t\t\t<\/summary>\n\t\t\t\t<div role=\"region\" aria-labelledby=\"e-n-accordion-item-1631\" class=\"elementor-element elementor-element-c4a8ea8 e-con-full e-flex cut-corner-no sticky-container-off e-con e-child\" data-id=\"c4a8ea8\" data-element_type=\"container\" data-e-type=\"container\">\n\t\t\t\t<div class=\"elementor-element elementor-element-1c8ea57 elementor-widget elementor-widget-text-editor\" data-id=\"1c8ea57\" data-element_type=\"widget\" data-e-type=\"widget\" data-widget_type=\"text-editor.default\">\n\t\t\t\t\t\t\t\t\t<p data-start=\"2171\" data-end=\"2487\">El <strong data-start=\"2048\" data-end=\"2065\">PI Predictor\u2122<\/strong> reduce significativamente el tiempo de ensayo de \u00edndice de polarizaci\u00f3n (PI), permitiendo obtener valores confiables en minutos en lugar de esperar periodos largos. Esto mejora la productividad en campa\u00f1as de pruebas m\u00faltiples sin comprometer la precisi\u00f3n de los resultados.<\/p>\t\t\t\t\t\t\t\t<\/div>\n\t\t\t\t<\/div>\n\t\t\t\t\t<\/details>\n\t\t\t\t\t\t<details id=\"e-n-accordion-item-1632\" class=\"e-n-accordion-item\" >\n\t\t\t\t<summary class=\"e-n-accordion-item-title\" data-accordion-index=\"3\" tabindex=\"-1\" aria-expanded=\"false\" aria-controls=\"e-n-accordion-item-1632\" >\n\t\t\t\t\t<span class='e-n-accordion-item-title-header'><div class=\"e-n-accordion-item-title-text\"> \u00bfQu\u00e9 es el modo RE&gt;Act\u2122 y por qu\u00e9 es importante? <\/div><\/span>\n\t\t\t\t\t\t\t<span class='e-n-accordion-item-title-icon'>\n\t\t\t<span class='e-opened' ><i aria-hidden=\"true\" class=\"fas fa-minus\"><\/i><\/span>\n\t\t\t<span class='e-closed'><i aria-hidden=\"true\" class=\"fas fa-plus\"><\/i><\/span>\n\t\t<\/span>\n\n\t\t\t\t\t\t<\/summary>\n\t\t\t\t<div role=\"region\" aria-labelledby=\"e-n-accordion-item-1632\" class=\"elementor-element elementor-element-84b5a35 e-con-full e-flex cut-corner-no sticky-container-off e-con e-child\" data-id=\"84b5a35\" data-element_type=\"container\" data-e-type=\"container\">\n\t\t<div role=\"region\" aria-labelledby=\"e-n-accordion-item-1632\" class=\"elementor-element elementor-element-5d1d802 e-flex e-con-boxed cut-corner-no sticky-container-off e-con e-child\" data-id=\"5d1d802\" data-element_type=\"container\" data-e-type=\"container\">\n\t\t\t\t\t<div class=\"e-con-inner\">\n\t\t\t\t<div class=\"elementor-element elementor-element-645d091 elementor-widget elementor-widget-text-editor\" data-id=\"645d091\" data-element_type=\"widget\" data-e-type=\"widget\" data-widget_type=\"text-editor.default\">\n\t\t\t\t\t\t\t\t\t<p data-start=\"2584\" data-end=\"2620\">El modo <strong data-start=\"2455\" data-end=\"2466\">RE&gt;Act\u2122<\/strong> supervisa la <strong data-start=\"2480\" data-end=\"2517\">corriente de reabsorci\u00f3n residual<\/strong> despu\u00e9s de aplicar tensi\u00f3n de prueba y determina autom\u00e1ticamente cu\u00e1ndo el aislamiento est\u00e1 listo para volver a medir. Esto evita errores causados por cargas residuales y reduce el riesgo de obtener resultados falseados o peligrosos durante las mediciones sucesivas.<\/p>\t\t\t\t\t\t\t\t<\/div>\n\t\t\t\t\t<\/div>\n\t\t\t\t<\/div>\n\t\t\t\t<\/div>\n\t\t\t\t\t<\/details>\n\t\t\t\t\t\t<details id=\"e-n-accordion-item-1633\" class=\"e-n-accordion-item\" >\n\t\t\t\t<summary class=\"e-n-accordion-item-title\" data-accordion-index=\"4\" tabindex=\"-1\" aria-expanded=\"false\" aria-controls=\"e-n-accordion-item-1633\" >\n\t\t\t\t\t<span class='e-n-accordion-item-title-header'><div class=\"e-n-accordion-item-title-text\"> \u00bfLos equipos Advanced permiten almacenamiento y exportaci\u00f3n de datos? <\/div><\/span>\n\t\t\t\t\t\t\t<span class='e-n-accordion-item-title-icon'>\n\t\t\t<span class='e-opened' ><i aria-hidden=\"true\" class=\"fas fa-minus\"><\/i><\/span>\n\t\t\t<span class='e-closed'><i aria-hidden=\"true\" class=\"fas fa-plus\"><\/i><\/span>\n\t\t<\/span>\n\n\t\t\t\t\t\t<\/summary>\n\t\t\t\t<div role=\"region\" aria-labelledby=\"e-n-accordion-item-1633\" class=\"elementor-element elementor-element-bfda608 e-flex e-con-boxed cut-corner-no sticky-container-off e-con e-child\" data-id=\"bfda608\" data-element_type=\"container\" data-e-type=\"container\">\n\t\t\t\t\t<div class=\"e-con-inner\">\n\t\t\t\t<div class=\"elementor-element elementor-element-20cf597 elementor-widget elementor-widget-text-editor\" data-id=\"20cf597\" data-element_type=\"widget\" data-e-type=\"widget\" data-widget_type=\"text-editor.default\">\n\t\t\t\t\t\t\t\t\t<p>S\u00ed. Los modelos Advanced cuentan con <strong data-start=\"2949\" data-end=\"2978\">memoria interna integrada<\/strong> y opciones de conectividad como <strong data-start=\"3011\" data-end=\"3042\">USB y Bluetooth\u00ae (opcional)<\/strong>, lo que facilita la transferencia de resultados a plataformas de software como <strong data-start=\"3122\" data-end=\"3145\">PowerDB o CertSuite<\/strong> sin necesidad de registro manual, simplificando la elaboraci\u00f3n de informes t\u00e9cnicos.<\/p>\t\t\t\t\t\t\t\t<\/div>\n\t\t\t\t\t<\/div>\n\t\t\t\t<\/div>\n\t\t\t\t\t<\/details>\n\t\t\t\t\t\t<details id=\"e-n-accordion-item-1634\" class=\"e-n-accordion-item\" >\n\t\t\t\t<summary class=\"e-n-accordion-item-title\" data-accordion-index=\"5\" tabindex=\"-1\" aria-expanded=\"false\" aria-controls=\"e-n-accordion-item-1634\" >\n\t\t\t\t\t<span class='e-n-accordion-item-title-header'><div class=\"e-n-accordion-item-title-text\"> \u00bfEn qu\u00e9 entornos de trabajo son adecuados estos medidores? <\/div><\/span>\n\t\t\t\t\t\t\t<span class='e-n-accordion-item-title-icon'>\n\t\t\t<span class='e-opened' ><i aria-hidden=\"true\" class=\"fas fa-minus\"><\/i><\/span>\n\t\t\t<span class='e-closed'><i aria-hidden=\"true\" class=\"fas fa-plus\"><\/i><\/span>\n\t\t<\/span>\n\n\t\t\t\t\t\t<\/summary>\n\t\t\t\t<div role=\"region\" aria-labelledby=\"e-n-accordion-item-1634\" class=\"elementor-element elementor-element-4f38e01 e-flex e-con-boxed cut-corner-no sticky-container-off e-con e-child\" data-id=\"4f38e01\" data-element_type=\"container\" data-e-type=\"container\">\n\t\t\t\t\t<div class=\"e-con-inner\">\n\t\t\t\t<div class=\"elementor-element elementor-element-572ae06 elementor-widget elementor-widget-text-editor\" data-id=\"572ae06\" data-element_type=\"widget\" data-e-type=\"widget\" data-widget_type=\"text-editor.default\">\n\t\t\t\t\t\t\t\t\t<p data-start=\"3227\" data-end=\"3308\">La gama Advanced est\u00e1 dise\u00f1ada para pruebas seguras y precisas en condiciones de campo industrial y en redes de distribuci\u00f3n de hasta <strong data-start=\"3481\" data-end=\"3491\">230 kV<\/strong>. La clasificaci\u00f3n de seguridad CAT IV y la detecci\u00f3n de circuitos activos protegen al operador, mientras que las capacidades diagn\u00f3sticas ofrecen confianza incluso en sistemas de aislaci\u00f3n complejos o degradados.<\/p>\t\t\t\t\t\t\t\t<\/div>\n\t\t\t\t\t<\/div>\n\t\t\t\t<\/div>\n\t\t\t\t\t<\/details>\n\t\t\t\t\t<\/div>\n\t\t\t\t\t\t<\/div>\n\t\t\t\t\t<\/div>\n\t\t\t\t<\/div>\n\t\t<div class=\"elementor-element elementor-element-238add2 e-flex e-con-boxed cut-corner-no sticky-container-off e-con e-parent\" data-id=\"238add2\" data-element_type=\"container\" data-e-type=\"container\">\n\t\t\t\t\t<div class=\"e-con-inner\">\n\t\t<div class=\"elementor-element elementor-element-3d8275f e-con-full e-flex cut-corner-no sticky-container-off e-con e-child\" data-id=\"3d8275f\" data-element_type=\"container\" data-e-type=\"container\">\n\t\t\t\t<div class=\"elementor-element elementor-element-69dd7c6 elementor-widget-divider--view-line elementor-widget elementor-widget-divider\" data-id=\"69dd7c6\" data-element_type=\"widget\" data-e-type=\"widget\" data-widget_type=\"divider.default\">\n\t\t\t\t\t\t\t<div class=\"elementor-divider\">\n\t\t\t<span class=\"elementor-divider-separator\">\n\t\t\t\t\t\t<\/span>\n\t\t<\/div>\n\t\t\t\t\t\t<\/div>\n\t\t\t\t<div class=\"elementor-element elementor-element-072b04d elementor-widget elementor-widget-text-editor\" data-id=\"072b04d\" data-element_type=\"widget\" data-e-type=\"widget\" data-widget_type=\"text-editor.default\">\n\t\t\t\t\t\t\t\t\t<p>Equipo disponible en:<\/p>\t\t\t\t\t\t\t\t<\/div>\n\t\t\t\t<\/div>\n\t\t<div class=\"elementor-element elementor-element-6019d12 e-con-full e-flex cut-corner-no sticky-container-off e-con e-child\" data-id=\"6019d12\" data-element_type=\"container\" data-e-type=\"container\">\n\t\t<div class=\"elementor-element elementor-element-b6c99ed e-con-full e-flex cut-corner-no sticky-container-off e-con e-child\" data-id=\"b6c99ed\" data-element_type=\"container\" data-e-type=\"container\">\n\t\t\t\t<div class=\"elementor-element elementor-element-81c290c elementor-widget elementor-widget-image\" data-id=\"81c290c\" data-element_type=\"widget\" data-e-type=\"widget\" data-widget_type=\"image.default\">\n\t\t\t\t\t\t\t\t\t\t\t\t<figure class=\"wp-caption\">\n\t\t\t\t\t\t\t\t\t\t<img decoding=\"async\" width=\"262\" height=\"262\" src=\"https:\/\/tecnomedida.com\/wp-content\/uploads\/2026\/01\/Group-16.png\" class=\"attachment-medium size-medium wp-image-11379\" alt=\"\" srcset=\"https:\/\/tecnomedida.com\/wp-content\/uploads\/2026\/01\/Group-16.png 262w, https:\/\/tecnomedida.com\/wp-content\/uploads\/2026\/01\/Group-16-85x85.png 85w, https:\/\/tecnomedida.com\/wp-content\/uploads\/2026\/01\/Group-16-123x123.png 123w\" sizes=\"(max-width: 262px) 100vw, 262px\" \/>\t\t\t\t\t\t\t\t\t\t\t<figcaption class=\"widget-image-caption wp-caption-text\">Colombia<\/figcaption>\n\t\t\t\t\t\t\t\t\t\t<\/figure>\n\t\t\t\t\t\t\t\t\t<\/div>\n\t\t\t\t<\/div>\n\t\t<div class=\"elementor-element elementor-element-996e745 e-con-full e-flex cut-corner-no sticky-container-off e-con e-child\" data-id=\"996e745\" data-element_type=\"container\" data-e-type=\"container\">\n\t\t\t\t<div class=\"elementor-element elementor-element-a0144b1 elementor-widget elementor-widget-image\" data-id=\"a0144b1\" data-element_type=\"widget\" data-e-type=\"widget\" data-widget_type=\"image.default\">\n\t\t\t\t\t\t\t\t\t\t\t\t<figure class=\"wp-caption\">\n\t\t\t\t\t\t\t\t\t\t<img decoding=\"async\" width=\"262\" height=\"262\" src=\"https:\/\/tecnomedida.com\/wp-content\/uploads\/2026\/01\/Group-17.png\" class=\"attachment-medium size-medium wp-image-11378\" alt=\"\" srcset=\"https:\/\/tecnomedida.com\/wp-content\/uploads\/2026\/01\/Group-17.png 262w, https:\/\/tecnomedida.com\/wp-content\/uploads\/2026\/01\/Group-17-85x85.png 85w, https:\/\/tecnomedida.com\/wp-content\/uploads\/2026\/01\/Group-17-123x123.png 123w\" sizes=\"(max-width: 262px) 100vw, 262px\" \/>\t\t\t\t\t\t\t\t\t\t\t<figcaption class=\"widget-image-caption wp-caption-text\">Venezuela<\/figcaption>\n\t\t\t\t\t\t\t\t\t\t<\/figure>\n\t\t\t\t\t\t\t\t\t<\/div>\n\t\t\t\t<\/div>\n\t\t<div class=\"elementor-element elementor-element-1b29a85 e-con-full e-flex cut-corner-no sticky-container-off e-con e-child\" data-id=\"1b29a85\" data-element_type=\"container\" data-e-type=\"container\">\n\t\t\t\t<div class=\"elementor-element elementor-element-9ac0244 elementor-widget elementor-widget-image\" data-id=\"9ac0244\" data-element_type=\"widget\" data-e-type=\"widget\" data-widget_type=\"image.default\">\n\t\t\t\t\t\t\t\t\t\t\t\t<figure class=\"wp-caption\">\n\t\t\t\t\t\t\t\t\t\t<img loading=\"lazy\" decoding=\"async\" width=\"262\" height=\"262\" src=\"https:\/\/tecnomedida.com\/wp-content\/uploads\/2026\/01\/Group-18.png\" class=\"attachment-medium size-medium wp-image-11377\" alt=\"\" srcset=\"https:\/\/tecnomedida.com\/wp-content\/uploads\/2026\/01\/Group-18.png 262w, https:\/\/tecnomedida.com\/wp-content\/uploads\/2026\/01\/Group-18-85x85.png 85w, https:\/\/tecnomedida.com\/wp-content\/uploads\/2026\/01\/Group-18-123x123.png 123w\" sizes=\"(max-width: 262px) 100vw, 262px\" \/>\t\t\t\t\t\t\t\t\t\t\t<figcaption class=\"widget-image-caption wp-caption-text\">Per\u00fa<\/figcaption>\n\t\t\t\t\t\t\t\t\t\t<\/figure>\n\t\t\t\t\t\t\t\t\t<\/div>\n\t\t\t\t<\/div>\n\t\t\t\t<\/div>\n\t\t\t\t\t<\/div>\n\t\t\t\t<\/div>\n\t\t\t\t<\/div>","protected":false},"excerpt":{"rendered":"<p>Medidor Aislamiento 10kV. Mit 1025<\/p>\n<p>Medidor Aislamiento 5kV. S1-568 marca Megger<\/p>","protected":false},"featured_media":11608,"template":"","meta":{"content-type":"","_monsterinsights_skip_tracking":false,"_monsterinsights_sitenote_active":false,"_monsterinsights_sitenote_note":"","_monsterinsights_sitenote_category":0},"product_brand":[74],"product_cat":[87],"product_tag":[],"class_list":{"0":"post-11289","1":"product","2":"type-product","3":"status-publish","4":"has-post-thumbnail","6":"product_brand-megger","7":"product_cat-megger","9":"first","10":"onbackorder","11":"shipping-taxable","12":"product-type-simple"},"aioseo_notices":[],"_links":{"self":[{"href":"https:\/\/tecnomedida.com\/en\/wp-json\/wp\/v2\/product\/11289","targetHints":{"allow":["GET"]}}],"collection":[{"href":"https:\/\/tecnomedida.com\/en\/wp-json\/wp\/v2\/product"}],"about":[{"href":"https:\/\/tecnomedida.com\/en\/wp-json\/wp\/v2\/types\/product"}],"version-history":[{"count":5,"href":"https:\/\/tecnomedida.com\/en\/wp-json\/wp\/v2\/product\/11289\/revisions"}],"predecessor-version":[{"id":11613,"href":"https:\/\/tecnomedida.com\/en\/wp-json\/wp\/v2\/product\/11289\/revisions\/11613"}],"wp:featuredmedia":[{"embeddable":true,"href":"https:\/\/tecnomedida.com\/en\/wp-json\/wp\/v2\/media\/11608"}],"wp:attachment":[{"href":"https:\/\/tecnomedida.com\/en\/wp-json\/wp\/v2\/media?parent=11289"}],"wp:term":[{"taxonomy":"product_brand","embeddable":true,"href":"https:\/\/tecnomedida.com\/en\/wp-json\/wp\/v2\/product_brand?post=11289"},{"taxonomy":"product_cat","embeddable":true,"href":"https:\/\/tecnomedida.com\/en\/wp-json\/wp\/v2\/product_cat?post=11289"},{"taxonomy":"product_tag","embeddable":true,"href":"https:\/\/tecnomedida.com\/en\/wp-json\/wp\/v2\/product_tag?post=11289"}],"curies":[{"name":"wp","href":"https:\/\/api.w.org\/{rel}","templated":true}]}}