{"id":11287,"date":"2026-01-25T16:32:04","date_gmt":"2026-01-25T16:32:04","guid":{"rendered":"https:\/\/tecnomedida.com\/?post_type=product&#038;p=11287"},"modified":"2026-01-27T03:46:25","modified_gmt":"2026-01-27T03:46:25","slug":"trazador-de-curvas-i-v-ht-i-v600","status":"publish","type":"product","link":"https:\/\/tecnomedida.com\/en\/servicios\/alquiler-de-equipos\/trazador-de-curvas-i-v-ht-i-v600\/","title":{"rendered":"Trazador de Curvas I-V HT I-V600"},"content":{"rendered":"<div data-elementor-type=\"wp-post\" data-elementor-id=\"11287\" class=\"elementor elementor-11287\">\n\t\t\t\t<div class=\"elementor-element elementor-element-56318f9 e-flex e-con-boxed cut-corner-no sticky-container-off e-con e-parent\" data-id=\"56318f9\" data-element_type=\"container\" data-e-type=\"container\">\n\t\t\t\t\t<div class=\"e-con-inner\">\n\t\t<div class=\"elementor-element elementor-element-70d9ce7 e-con-full e-flex cut-corner-no sticky-container-off e-con e-child\" data-id=\"70d9ce7\" data-element_type=\"container\" data-e-type=\"container\">\n\t\t\t\t<div class=\"elementor-element elementor-element-6856ffdb elementor-widget elementor-widget-text-editor\" data-id=\"6856ffdb\" data-element_type=\"widget\" data-e-type=\"widget\" data-widget_type=\"text-editor.default\">\n\t\t\t\t\t\t\t\t\t<div>Caracter\u00edsticas principales<\/div>\t\t\t\t\t\t\t\t<\/div>\n\t\t\t\t<div class=\"elementor-element elementor-element-c5a3117 elementor-widget elementor-widget-text-editor\" data-id=\"c5a3117\" data-element_type=\"widget\" data-e-type=\"widget\" data-widget_type=\"text-editor.default\">\n\t\t\t\t\t\t\t\t\t<ul role=\"list\"><li>El <strong data-start=\"244\" data-end=\"269\">HT Instruments I-V600<\/strong> es un trazador de curvas <strong data-start=\"295\" data-end=\"314\">I-V profesional<\/strong>, dise\u00f1ado para la medici\u00f3n precisa de curvas corriente-tensi\u00f3n en <strong data-start=\"381\" data-end=\"416\">m\u00f3dulos y cadenas fotovoltaicas<\/strong> de hasta <strong data-start=\"426\" data-end=\"443\">1500 V y 40 A<\/strong> en instalaciones solares. Este instrumento avanzado permite evaluar el rendimiento real de los m\u00f3dulos bajo condiciones de campo, generar curvas I-V completas conforme a normas como <strong data-start=\"626\" data-end=\"642\">IEC\/EN 60891<\/strong> y <strong data-start=\"645\" data-end=\"663\">IEC\/EN 62446-1<\/strong>, y comparar autom\u00e1ticamente los datos medidos con valores nominales almacenados en su base de datos interna. Su pantalla t\u00e1ctil a color, conectividad Bluetooth\/Wi-Fi y amplia memoria interna facilitan la operaci\u00f3n y el an\u00e1lisis de resultados en tiempo real o posteriormente mediante software especializado.<\/li><\/ul>\t\t\t\t\t\t\t\t<\/div>\n\t\t\t\t<\/div>\n\t\t<div class=\"elementor-element elementor-element-6903b4a e-con-full e-flex cut-corner-no sticky-container-off e-con e-child\" data-id=\"6903b4a\" data-element_type=\"container\" data-e-type=\"container\">\n\t\t\t\t<div class=\"elementor-element elementor-element-2024760 elementor-widget elementor-widget-image\" data-id=\"2024760\" data-element_type=\"widget\" data-e-type=\"widget\" data-widget_type=\"image.default\">\n\t\t\t\t\t\t\t\t\t\t\t\t\t\t\t<img fetchpriority=\"high\" decoding=\"async\" width=\"800\" height=\"800\" src=\"https:\/\/tecnomedida.com\/wp-content\/uploads\/2026\/01\/IV-600_new_logo.png\" class=\"attachment-large size-large wp-image-11602\" alt=\"\" srcset=\"https:\/\/tecnomedida.com\/wp-content\/uploads\/2026\/01\/IV-600_new_logo.png 800w, https:\/\/tecnomedida.com\/wp-content\/uploads\/2026\/01\/IV-600_new_logo-680x680.png 680w, https:\/\/tecnomedida.com\/wp-content\/uploads\/2026\/01\/IV-600_new_logo-85x85.png 85w, https:\/\/tecnomedida.com\/wp-content\/uploads\/2026\/01\/IV-600_new_logo-12x12.png 12w, https:\/\/tecnomedida.com\/wp-content\/uploads\/2026\/01\/IV-600_new_logo-480x480.png 480w, https:\/\/tecnomedida.com\/wp-content\/uploads\/2026\/01\/IV-600_new_logo-300x300.png 300w, https:\/\/tecnomedida.com\/wp-content\/uploads\/2026\/01\/IV-600_new_logo-600x600.png 600w, https:\/\/tecnomedida.com\/wp-content\/uploads\/2026\/01\/IV-600_new_logo-123x123.png 123w\" sizes=\"(max-width: 800px) 100vw, 800px\" \/>\t\t\t\t\t\t\t\t\t\t\t\t\t\t\t<\/div>\n\t\t\t\t<\/div>\n\t\t\t\t\t<\/div>\n\t\t\t\t<\/div>\n\t\t<div class=\"elementor-element elementor-element-377ec00e e-flex e-con-boxed cut-corner-no sticky-container-off e-con e-parent\" data-id=\"377ec00e\" data-element_type=\"container\" data-e-type=\"container\">\n\t\t\t\t\t<div class=\"e-con-inner\">\n\t\t\t\t<div class=\"elementor-element elementor-element-aa292fb elementor-widget elementor-widget-text-editor\" data-id=\"aa292fb\" data-element_type=\"widget\" data-e-type=\"widget\" data-widget_type=\"text-editor.default\">\n\t\t\t\t\t\t\t\t\t<p>Frequently asked questions<\/p>\t\t\t\t\t\t\t\t<\/div>\n\t\t\t\t\t<\/div>\n\t\t\t\t<\/div>\n\t\t<div class=\"elementor-element elementor-element-9313c20 e-flex e-con-boxed cut-corner-no sticky-container-off e-con e-parent\" data-id=\"9313c20\" data-element_type=\"container\" data-e-type=\"container\">\n\t\t\t\t\t<div class=\"e-con-inner\">\n\t\t\t\t<div class=\"elementor-element elementor-element-c1f7b73 elementor-widget elementor-widget-n-accordion\" data-id=\"c1f7b73\" data-element_type=\"widget\" data-e-type=\"widget\" data-settings=\"{&quot;default_state&quot;:&quot;expanded&quot;,&quot;max_items_expended&quot;:&quot;one&quot;,&quot;n_accordion_animation_duration&quot;:{&quot;unit&quot;:&quot;ms&quot;,&quot;size&quot;:400,&quot;sizes&quot;:[]}}\" data-widget_type=\"nested-accordion.default\">\n\t\t\t\t\t\t\t<div class=\"e-n-accordion\" aria-label=\"Accordion. Open links with Enter or Space, close with Escape, and navigate with Arrow Keys\">\n\t\t\t\t\t\t<details id=\"e-n-accordion-item-2030\" class=\"e-n-accordion-item\" open>\n\t\t\t\t<summary class=\"e-n-accordion-item-title\" data-accordion-index=\"1\" tabindex=\"0\" aria-expanded=\"true\" aria-controls=\"e-n-accordion-item-2030\" >\n\t\t\t\t\t<span class='e-n-accordion-item-title-header'><div class=\"e-n-accordion-item-title-text\"> \u00bfQu\u00e9 tipo de pruebas I-V puede ejecutar el I-V600 y seg\u00fan qu\u00e9 normas? <\/div><\/span>\n\t\t\t\t\t\t\t<span class='e-n-accordion-item-title-icon'>\n\t\t\t<span class='e-opened' ><i aria-hidden=\"true\" class=\"fas fa-minus\"><\/i><\/span>\n\t\t\t<span class='e-closed'><i aria-hidden=\"true\" class=\"fas fa-plus\"><\/i><\/span>\n\t\t<\/span>\n\n\t\t\t\t\t\t<\/summary>\n\t\t\t\t<div role=\"region\" aria-labelledby=\"e-n-accordion-item-2030\" class=\"elementor-element elementor-element-33c0160 e-con-full e-flex cut-corner-no sticky-container-off e-con e-child\" data-id=\"33c0160\" data-element_type=\"container\" data-e-type=\"container\">\n\t\t<div role=\"region\" aria-labelledby=\"e-n-accordion-item-2030\" class=\"elementor-element elementor-element-c35b729 e-flex e-con-boxed cut-corner-no sticky-container-off e-con e-child\" data-id=\"c35b729\" data-element_type=\"container\" data-e-type=\"container\">\n\t\t\t\t\t<div class=\"e-con-inner\">\n\t\t\t\t<div class=\"elementor-element elementor-element-a9f9f0c elementor-widget elementor-widget-text-editor\" data-id=\"a9f9f0c\" data-element_type=\"widget\" data-e-type=\"widget\" data-widget_type=\"text-editor.default\">\n\t\t\t\t\t\t\t\t\t<p data-start=\"1781\" data-end=\"2052\">El I-V600 permite trazar la <em data-start=\"1159\" data-end=\"1190\">curva corriente-tensi\u00f3n (I-V)<\/em> completa y medir par\u00e1metros clave como <strong data-start=\"1230\" data-end=\"1237\">Voc<\/strong> (voltaje en circuito abierto) e <strong data-start=\"1270\" data-end=\"1277\">Isc<\/strong> (corriente de cortocircuito) en m\u00f3dulos y strings FV hasta <strong data-start=\"1337\" data-end=\"1352\">1500 V\/40 A<\/strong>, de acuerdo con <strong data-start=\"1369\" data-end=\"1385\">IEC\/EN 60891<\/strong> y <strong data-start=\"1388\" data-end=\"1406\">IEC\/EN 62446-1<\/strong>, proporcionando as\u00ed una evaluaci\u00f3n estandarizada del rendimiento del sistema fotovoltaico.<\/p>\t\t\t\t\t\t\t\t<\/div>\n\t\t\t\t\t<\/div>\n\t\t\t\t<\/div>\n\t\t\t\t<\/div>\n\t\t\t\t\t<\/details>\n\t\t\t\t\t\t<details id=\"e-n-accordion-item-2031\" class=\"e-n-accordion-item\" >\n\t\t\t\t<summary class=\"e-n-accordion-item-title\" data-accordion-index=\"2\" tabindex=\"-1\" aria-expanded=\"false\" aria-controls=\"e-n-accordion-item-2031\" >\n\t\t\t\t\t<span class='e-n-accordion-item-title-header'><div class=\"e-n-accordion-item-title-text\"> \u00bfC\u00f3mo compara el instrumento los resultados medidos con los valores nominales? <\/div><\/span>\n\t\t\t\t\t\t\t<span class='e-n-accordion-item-title-icon'>\n\t\t\t<span class='e-opened' ><i aria-hidden=\"true\" class=\"fas fa-minus\"><\/i><\/span>\n\t\t\t<span class='e-closed'><i aria-hidden=\"true\" class=\"fas fa-plus\"><\/i><\/span>\n\t\t<\/span>\n\n\t\t\t\t\t\t<\/summary>\n\t\t\t\t<div role=\"region\" aria-labelledby=\"e-n-accordion-item-2031\" class=\"elementor-element elementor-element-f076581 e-con-full e-flex cut-corner-no sticky-container-off e-con e-child\" data-id=\"f076581\" data-element_type=\"container\" data-e-type=\"container\">\n\t\t\t\t<div class=\"elementor-element elementor-element-0ac0eeb elementor-widget elementor-widget-text-editor\" data-id=\"0ac0eeb\" data-element_type=\"widget\" data-e-type=\"widget\" data-widget_type=\"text-editor.default\">\n\t\t\t\t\t\t\t\t\t<p data-start=\"2171\" data-end=\"2487\">El I-V600 incorpora una <strong data-start=\"1658\" data-end=\"1722\">base de datos interna de m\u00e1s de 30 000 m\u00f3dulos fotovoltaicos<\/strong>, actualizable por el usuario, que le permite comparar autom\u00e1ticamente los datos medidos con los valores de rendimiento declarados por el fabricante y entregar una indicaci\u00f3n clara de <strong data-start=\"1906\" data-end=\"1920\">OK \/ NO OK<\/strong> en funci\u00f3n del cumplimiento del rendimiento esperado.<\/p>\t\t\t\t\t\t\t\t<\/div>\n\t\t\t\t<\/div>\n\t\t\t\t\t<\/details>\n\t\t\t\t\t\t<details id=\"e-n-accordion-item-2032\" class=\"e-n-accordion-item\" >\n\t\t\t\t<summary class=\"e-n-accordion-item-title\" data-accordion-index=\"3\" tabindex=\"-1\" aria-expanded=\"false\" aria-controls=\"e-n-accordion-item-2032\" >\n\t\t\t\t\t<span class='e-n-accordion-item-title-header'><div class=\"e-n-accordion-item-title-text\"> \u00bfQu\u00e9 funciones de medici\u00f3n de irradiancia y temperatura ofrece en campo? <\/div><\/span>\n\t\t\t\t\t\t\t<span class='e-n-accordion-item-title-icon'>\n\t\t\t<span class='e-opened' ><i aria-hidden=\"true\" class=\"fas fa-minus\"><\/i><\/span>\n\t\t\t<span class='e-closed'><i aria-hidden=\"true\" class=\"fas fa-plus\"><\/i><\/span>\n\t\t<\/span>\n\n\t\t\t\t\t\t<\/summary>\n\t\t\t\t<div role=\"region\" aria-labelledby=\"e-n-accordion-item-2032\" class=\"elementor-element elementor-element-d7fe709 e-con-full e-flex cut-corner-no sticky-container-off e-con e-child\" data-id=\"d7fe709\" data-element_type=\"container\" data-e-type=\"container\">\n\t\t<div role=\"region\" aria-labelledby=\"e-n-accordion-item-2032\" class=\"elementor-element elementor-element-c74381a e-flex e-con-boxed cut-corner-no sticky-container-off e-con e-child\" data-id=\"c74381a\" data-element_type=\"container\" data-e-type=\"container\">\n\t\t\t\t\t<div class=\"e-con-inner\">\n\t\t\t\t<div class=\"elementor-element elementor-element-a619438 elementor-widget elementor-widget-text-editor\" data-id=\"a619438\" data-element_type=\"widget\" data-e-type=\"widget\" data-widget_type=\"text-editor.default\">\n\t\t\t\t\t\t\t\t\t<p data-start=\"2584\" data-end=\"2620\">Mediante la unidad remota <strong data-start=\"2131\" data-end=\"2143\">SOLAR-03<\/strong> conectada por <strong data-start=\"2158\" data-end=\"2171\">Bluetooth<\/strong>, el I-V600 puede registrar simult\u00e1neamente la <strong data-start=\"2218\" data-end=\"2253\">irradiancia frontal y posterior<\/strong>, as\u00ed como la <strong data-start=\"2267\" data-end=\"2311\">temperatura de las celdas y del ambiente<\/strong>, lo que permite <em data-start=\"2328\" data-end=\"2338\">corregir<\/em> y contextualizar la curva I-V bajo condiciones reales de operaci\u00f3n, incluyendo mediciones de m\u00f3dulos <strong data-start=\"2440\" data-end=\"2461\">mono y bifaciales<\/strong>.<\/p>\t\t\t\t\t\t\t\t<\/div>\n\t\t\t\t\t<\/div>\n\t\t\t\t<\/div>\n\t\t\t\t<\/div>\n\t\t\t\t\t<\/details>\n\t\t\t\t\t\t<details id=\"e-n-accordion-item-2033\" class=\"e-n-accordion-item\" >\n\t\t\t\t<summary class=\"e-n-accordion-item-title\" data-accordion-index=\"4\" tabindex=\"-1\" aria-expanded=\"false\" aria-controls=\"e-n-accordion-item-2033\" >\n\t\t\t\t\t<span class='e-n-accordion-item-title-header'><div class=\"e-n-accordion-item-title-text\"> \u00bfQu\u00e9 capacidades de almacenamiento y conectividad tiene el equipo? <\/div><\/span>\n\t\t\t\t\t\t\t<span class='e-n-accordion-item-title-icon'>\n\t\t\t<span class='e-opened' ><i aria-hidden=\"true\" class=\"fas fa-minus\"><\/i><\/span>\n\t\t\t<span class='e-closed'><i aria-hidden=\"true\" class=\"fas fa-plus\"><\/i><\/span>\n\t\t<\/span>\n\n\t\t\t\t\t\t<\/summary>\n\t\t\t\t<div role=\"region\" aria-labelledby=\"e-n-accordion-item-2033\" class=\"elementor-element elementor-element-56d0c71 e-flex e-con-boxed cut-corner-no sticky-container-off e-con e-child\" data-id=\"56d0c71\" data-element_type=\"container\" data-e-type=\"container\">\n\t\t\t\t\t<div class=\"e-con-inner\">\n\t\t\t\t<div class=\"elementor-element elementor-element-2838b29 elementor-widget elementor-widget-text-editor\" data-id=\"2838b29\" data-element_type=\"widget\" data-e-type=\"widget\" data-widget_type=\"text-editor.default\">\n\t\t\t\t\t\t\t\t\t<p>El equipo dispone de <strong data-start=\"2608\" data-end=\"2654\">memoria interna para hasta 9999 curvas I-V<\/strong>, soporta <strong data-start=\"2664\" data-end=\"2691\">memoria externa microSD<\/strong> y cuenta con conectividad <strong data-start=\"2718\" data-end=\"2735\">Wi-Fi y USB-C<\/strong> para la transferencia de datos. Adem\u00e1s, puede integrarse con <strong data-start=\"2797\" data-end=\"2818\">software HT AGOR\u00c0<\/strong> en computadores para el an\u00e1lisis y gesti\u00f3n de resultados.<\/p>\t\t\t\t\t\t\t\t<\/div>\n\t\t\t\t\t<\/div>\n\t\t\t\t<\/div>\n\t\t\t\t\t<\/details>\n\t\t\t\t\t\t<details id=\"e-n-accordion-item-2034\" class=\"e-n-accordion-item\" >\n\t\t\t\t<summary class=\"e-n-accordion-item-title\" data-accordion-index=\"5\" tabindex=\"-1\" aria-expanded=\"false\" aria-controls=\"e-n-accordion-item-2034\" >\n\t\t\t\t\t<span class='e-n-accordion-item-title-header'><div class=\"e-n-accordion-item-title-text\"> \u00bfQu\u00e9 consideraciones operativas y de seguridad se deben tener en cuenta? <\/div><\/span>\n\t\t\t\t\t\t\t<span class='e-n-accordion-item-title-icon'>\n\t\t\t<span class='e-opened' ><i aria-hidden=\"true\" class=\"fas fa-minus\"><\/i><\/span>\n\t\t\t<span class='e-closed'><i aria-hidden=\"true\" class=\"fas fa-plus\"><\/i><\/span>\n\t\t<\/span>\n\n\t\t\t\t\t\t<\/summary>\n\t\t\t\t<div role=\"region\" aria-labelledby=\"e-n-accordion-item-2034\" class=\"elementor-element elementor-element-e383e61 e-flex e-con-boxed cut-corner-no sticky-container-off e-con e-child\" data-id=\"e383e61\" data-element_type=\"container\" data-e-type=\"container\">\n\t\t\t\t\t<div class=\"e-con-inner\">\n\t\t\t\t<div class=\"elementor-element elementor-element-ce344b5 elementor-widget elementor-widget-text-editor\" data-id=\"ce344b5\" data-element_type=\"widget\" data-e-type=\"widget\" data-widget_type=\"text-editor.default\">\n\t\t\t\t\t\t\t\t\t<p data-start=\"3227\" data-end=\"3308\">El I-V600 opera con categor\u00eda de medida <strong data-start=\"3047\" data-end=\"3067\">CAT III 1500 VDC<\/strong> entre entradas, permitiendo trabajos seguros en instalaciones fotovoltaicas hasta 1500 V. Su pantalla t\u00e1ctil a color y el men\u00fa intuitivo facilitan la configuraci\u00f3n incluso en campo, y la autonom\u00eda por bater\u00eda interna permite m\u00faltiples ensayos sin necesidad de alimentaci\u00f3n externa.<\/p>\t\t\t\t\t\t\t\t<\/div>\n\t\t\t\t\t<\/div>\n\t\t\t\t<\/div>\n\t\t\t\t\t<\/details>\n\t\t\t\t\t<\/div>\n\t\t\t\t\t\t<\/div>\n\t\t\t\t\t<\/div>\n\t\t\t\t<\/div>\n\t\t<div class=\"elementor-element elementor-element-2245586 e-flex e-con-boxed cut-corner-no sticky-container-off e-con e-parent\" data-id=\"2245586\" data-element_type=\"container\" data-e-type=\"container\">\n\t\t\t\t\t<div class=\"e-con-inner\">\n\t\t<div class=\"elementor-element elementor-element-a38616b e-con-full e-flex cut-corner-no sticky-container-off e-con e-child\" data-id=\"a38616b\" data-element_type=\"container\" data-e-type=\"container\">\n\t\t\t\t<div class=\"elementor-element elementor-element-1f6b4c4 elementor-widget-divider--view-line elementor-widget elementor-widget-divider\" data-id=\"1f6b4c4\" data-element_type=\"widget\" data-e-type=\"widget\" data-widget_type=\"divider.default\">\n\t\t\t\t\t\t\t<div class=\"elementor-divider\">\n\t\t\t<span class=\"elementor-divider-separator\">\n\t\t\t\t\t\t<\/span>\n\t\t<\/div>\n\t\t\t\t\t\t<\/div>\n\t\t\t\t<div class=\"elementor-element elementor-element-5d2d7ec elementor-widget elementor-widget-text-editor\" data-id=\"5d2d7ec\" data-element_type=\"widget\" data-e-type=\"widget\" data-widget_type=\"text-editor.default\">\n\t\t\t\t\t\t\t\t\t<p>Equipo disponible en:<\/p>\t\t\t\t\t\t\t\t<\/div>\n\t\t\t\t<\/div>\n\t\t\t\t\t<\/div>\n\t\t\t\t<\/div>\n\t\t<div class=\"elementor-element elementor-element-3507ce4 e-flex e-con-boxed cut-corner-no sticky-container-off e-con e-parent\" data-id=\"3507ce4\" data-element_type=\"container\" data-e-type=\"container\">\n\t\t\t\t\t<div class=\"e-con-inner\">\n\t\t<div class=\"elementor-element elementor-element-2bd233d e-con-full e-flex cut-corner-no sticky-container-off e-con e-child\" data-id=\"2bd233d\" data-element_type=\"container\" data-e-type=\"container\">\n\t\t\t\t<div class=\"elementor-element elementor-element-cf452e5 elementor-widget elementor-widget-image\" data-id=\"cf452e5\" data-element_type=\"widget\" data-e-type=\"widget\" data-widget_type=\"image.default\">\n\t\t\t\t\t\t\t\t\t\t\t\t<figure class=\"wp-caption\">\n\t\t\t\t\t\t\t\t\t\t<img decoding=\"async\" width=\"262\" height=\"262\" src=\"https:\/\/tecnomedida.com\/wp-content\/uploads\/2026\/01\/Group-16.png\" class=\"attachment-medium size-medium wp-image-11379\" alt=\"\" srcset=\"https:\/\/tecnomedida.com\/wp-content\/uploads\/2026\/01\/Group-16.png 262w, https:\/\/tecnomedida.com\/wp-content\/uploads\/2026\/01\/Group-16-85x85.png 85w, https:\/\/tecnomedida.com\/wp-content\/uploads\/2026\/01\/Group-16-123x123.png 123w\" sizes=\"(max-width: 262px) 100vw, 262px\" \/>\t\t\t\t\t\t\t\t\t\t\t<figcaption class=\"widget-image-caption wp-caption-text\">Colombia<\/figcaption>\n\t\t\t\t\t\t\t\t\t\t<\/figure>\n\t\t\t\t\t\t\t\t\t<\/div>\n\t\t\t\t<\/div>\n\t\t<div class=\"elementor-element elementor-element-d4eacf6 e-con-full e-flex cut-corner-no sticky-container-off e-con e-child\" data-id=\"d4eacf6\" data-element_type=\"container\" data-e-type=\"container\">\n\t\t\t\t<div class=\"elementor-element elementor-element-d16a559 elementor-widget elementor-widget-image\" data-id=\"d16a559\" data-element_type=\"widget\" data-e-type=\"widget\" data-widget_type=\"image.default\">\n\t\t\t\t\t\t\t\t\t\t\t\t<figure class=\"wp-caption\">\n\t\t\t\t\t\t\t\t\t\t<img decoding=\"async\" width=\"262\" height=\"262\" src=\"https:\/\/tecnomedida.com\/wp-content\/uploads\/2026\/01\/Group-17.png\" class=\"attachment-medium size-medium wp-image-11378\" alt=\"\" srcset=\"https:\/\/tecnomedida.com\/wp-content\/uploads\/2026\/01\/Group-17.png 262w, https:\/\/tecnomedida.com\/wp-content\/uploads\/2026\/01\/Group-17-85x85.png 85w, https:\/\/tecnomedida.com\/wp-content\/uploads\/2026\/01\/Group-17-123x123.png 123w\" sizes=\"(max-width: 262px) 100vw, 262px\" \/>\t\t\t\t\t\t\t\t\t\t\t<figcaption class=\"widget-image-caption wp-caption-text\">Venezuela<\/figcaption>\n\t\t\t\t\t\t\t\t\t\t<\/figure>\n\t\t\t\t\t\t\t\t\t<\/div>\n\t\t\t\t<\/div>\n\t\t<div class=\"elementor-element elementor-element-dfc69bb e-con-full e-flex cut-corner-no sticky-container-off e-con e-child\" data-id=\"dfc69bb\" data-element_type=\"container\" data-e-type=\"container\">\n\t\t\t\t<div class=\"elementor-element elementor-element-ad62984 elementor-widget elementor-widget-image\" data-id=\"ad62984\" data-element_type=\"widget\" data-e-type=\"widget\" data-widget_type=\"image.default\">\n\t\t\t\t\t\t\t\t\t\t\t\t<figure class=\"wp-caption\">\n\t\t\t\t\t\t\t\t\t\t<img loading=\"lazy\" decoding=\"async\" width=\"262\" height=\"262\" src=\"https:\/\/tecnomedida.com\/wp-content\/uploads\/2026\/01\/Group-18.png\" class=\"attachment-medium size-medium wp-image-11377\" alt=\"\" srcset=\"https:\/\/tecnomedida.com\/wp-content\/uploads\/2026\/01\/Group-18.png 262w, https:\/\/tecnomedida.com\/wp-content\/uploads\/2026\/01\/Group-18-85x85.png 85w, https:\/\/tecnomedida.com\/wp-content\/uploads\/2026\/01\/Group-18-123x123.png 123w\" sizes=\"(max-width: 262px) 100vw, 262px\" \/>\t\t\t\t\t\t\t\t\t\t\t<figcaption class=\"widget-image-caption wp-caption-text\">Per\u00fa<\/figcaption>\n\t\t\t\t\t\t\t\t\t\t<\/figure>\n\t\t\t\t\t\t\t\t\t<\/div>\n\t\t\t\t<\/div>\n\t\t\t\t\t<\/div>\n\t\t\t\t<\/div>\n\t\t\t\t<\/div>","protected":false},"excerpt":{"rendered":"<p>Trazador de curva I-V Trazador de Curvas I-V HT I-V600 para mantenimiento y soluci\u00f3n de problemas de sistemas fotovoltaicos de hasta 1500V y 40A.<\/p>\n<ul class=\"wp-block-list\">\n<li>Trazado de curvas I-V de m\u00f3dulos y cadenas hasta 1500V y 40A.<\/li>\n<li>Medici\u00f3n de radiaci\u00f3n solar en el lado frontal y posterior para pruebas de m\u00f3dulos mono y bifaciales, inclusos m\u00f3dulos de alta eficiencia.<\/li>\n<li>Medici\u00f3n de voltaje de circuito abierto y corriente de cortocircuito Voc\/Isc.<\/li>\n<li>Base de datos del rendimiento de los m\u00f3dulos fotovoltaicos.<\/li>\n<\/ul>","protected":false},"featured_media":11602,"template":"","meta":{"content-type":"","_monsterinsights_skip_tracking":false,"_monsterinsights_sitenote_active":false,"_monsterinsights_sitenote_note":"","_monsterinsights_sitenote_category":0},"product_brand":[79],"product_cat":[18],"product_tag":[],"class_list":{"0":"post-11287","1":"product","2":"type-product","3":"status-publish","4":"has-post-thumbnail","6":"product_brand-ht","7":"product_cat-tecnomedida","9":"first","10":"onbackorder","11":"shipping-taxable","12":"product-type-simple"},"aioseo_notices":[],"_links":{"self":[{"href":"https:\/\/tecnomedida.com\/en\/wp-json\/wp\/v2\/product\/11287","targetHints":{"allow":["GET"]}}],"collection":[{"href":"https:\/\/tecnomedida.com\/en\/wp-json\/wp\/v2\/product"}],"about":[{"href":"https:\/\/tecnomedida.com\/en\/wp-json\/wp\/v2\/types\/product"}],"version-history":[{"count":5,"href":"https:\/\/tecnomedida.com\/en\/wp-json\/wp\/v2\/product\/11287\/revisions"}],"predecessor-version":[{"id":11606,"href":"https:\/\/tecnomedida.com\/en\/wp-json\/wp\/v2\/product\/11287\/revisions\/11606"}],"wp:featuredmedia":[{"embeddable":true,"href":"https:\/\/tecnomedida.com\/en\/wp-json\/wp\/v2\/media\/11602"}],"wp:attachment":[{"href":"https:\/\/tecnomedida.com\/en\/wp-json\/wp\/v2\/media?parent=11287"}],"wp:term":[{"taxonomy":"product_brand","embeddable":true,"href":"https:\/\/tecnomedida.com\/en\/wp-json\/wp\/v2\/product_brand?post=11287"},{"taxonomy":"product_cat","embeddable":true,"href":"https:\/\/tecnomedida.com\/en\/wp-json\/wp\/v2\/product_cat?post=11287"},{"taxonomy":"product_tag","embeddable":true,"href":"https:\/\/tecnomedida.com\/en\/wp-json\/wp\/v2\/product_tag?post=11287"}],"curies":[{"name":"wp","href":"https:\/\/api.w.org\/{rel}","templated":true}]}}