{"id":11281,"date":"2026-01-25T16:30:05","date_gmt":"2026-01-25T16:30:05","guid":{"rendered":"https:\/\/tecnomedida.com\/?post_type=product&#038;p=11281"},"modified":"2026-01-27T04:05:48","modified_gmt":"2026-01-27T04:05:48","slug":"megger-s1-15kv","status":"publish","type":"product","link":"https:\/\/tecnomedida.com\/en\/servicios\/alquiler-de-equipos\/megger-s1-15kv\/","title":{"rendered":"Megger S1 \u2013 15kV"},"content":{"rendered":"<div data-elementor-type=\"wp-post\" data-elementor-id=\"11281\" class=\"elementor elementor-11281\">\n\t\t\t\t<div class=\"elementor-element elementor-element-56318f9 e-flex e-con-boxed cut-corner-no sticky-container-off e-con e-parent\" data-id=\"56318f9\" data-element_type=\"container\" data-e-type=\"container\">\n\t\t\t\t\t<div class=\"e-con-inner\">\n\t\t<div class=\"elementor-element elementor-element-70d9ce7 e-con-full e-flex cut-corner-no sticky-container-off e-con e-child\" data-id=\"70d9ce7\" data-element_type=\"container\" data-e-type=\"container\">\n\t\t\t\t<div class=\"elementor-element elementor-element-6856ffdb elementor-widget elementor-widget-text-editor\" data-id=\"6856ffdb\" data-element_type=\"widget\" data-e-type=\"widget\" data-widget_type=\"text-editor.default\">\n\t\t\t\t\t\t\t\t\t<div>Caracter\u00edsticas principales<\/div>\t\t\t\t\t\t\t\t<\/div>\n\t\t\t\t<div class=\"elementor-element elementor-element-c5a3117 elementor-widget elementor-widget-text-editor\" data-id=\"c5a3117\" data-element_type=\"widget\" data-e-type=\"widget\" data-widget_type=\"text-editor.default\">\n\t\t\t\t\t\t\t\t\t<p>Los medidores <strong data-start=\"400\" data-end=\"413\">Megger S1<\/strong> (modelos <strong data-start=\"423\" data-end=\"458\">S1-568\/2, S1-1068\/2 y S1-1568\/2<\/strong>) constituyen una gama avanzada de <strong data-start=\"493\" data-end=\"557\">probadores de resistencia de aislamiento de alto rendimiento<\/strong> dise\u00f1ados para su uso en entornos de alta tensi\u00f3n y ruido el\u00e9ctrico, como subestaciones, redes de distribuci\u00f3n y entornos industriales exigentes. Estos medidores soportan tensiones de prueba de <strong data-start=\"752\" data-end=\"775\">5 kV, 10 kV y 15 kV<\/strong>, proporcionando mediciones precisas de resistencia de aislamiento (IR) y una amplia variedad de pruebas diagn\u00f3sticas adicionales (incluidos modos como DAR, PI, DD, SV, pruebas de rampa y PDC) que permiten una evaluaci\u00f3n exhaustiva del estado diel\u00e9ctrico de transformadores, cables, equipos de conmutaci\u00f3n y bornas. Gracias a funciones avanzadas como <strong data-start=\"1126\" data-end=\"1295\">filtrado adaptable, inmunidad al ruido de hasta 8 mA, PI Predictor\u2122 para estimaci\u00f3n r\u00e1pida de \u00edndices de polarizaci\u00f3n y RE&gt;Act\u2122 para optimizar repeticiones de prueba<\/strong>, esta gama ofrece resultados estables y confiables incluso en condiciones de alto ruido el\u00e9ctrico y transitorios de conmutaci\u00f3n. La conectividad mediante <strong data-start=\"1450\" data-end=\"1470\">Bluetooth\u00ae o USB<\/strong> facilita la exportaci\u00f3n de datos a plataformas como PowerDB o CertSuite para an\u00e1lisis y generaci\u00f3n de informes profesional.<\/p>\t\t\t\t\t\t\t\t<\/div>\n\t\t\t\t<\/div>\n\t\t<div class=\"elementor-element elementor-element-6903b4a e-con-full e-flex cut-corner-no sticky-container-off e-con e-child\" data-id=\"6903b4a\" data-element_type=\"container\" data-e-type=\"container\">\n\t\t\t\t<div class=\"elementor-element elementor-element-2024760 elementor-widget elementor-widget-image\" data-id=\"2024760\" data-element_type=\"widget\" data-e-type=\"widget\" data-widget_type=\"image.default\">\n\t\t\t\t\t\t\t\t\t\t\t\t\t\t\t<img fetchpriority=\"high\" decoding=\"async\" width=\"1225\" height=\"1107\" src=\"https:\/\/tecnomedida.com\/wp-content\/uploads\/2026\/01\/aimg_5.jpg\" class=\"attachment-full size-full wp-image-11532\" alt=\"\" \/>\t\t\t\t\t\t\t\t\t\t\t\t\t\t\t<\/div>\n\t\t\t\t<\/div>\n\t\t\t\t\t<\/div>\n\t\t\t\t<\/div>\n\t\t<div class=\"elementor-element elementor-element-377ec00e e-flex e-con-boxed cut-corner-no sticky-container-off e-con e-parent\" data-id=\"377ec00e\" data-element_type=\"container\" data-e-type=\"container\">\n\t\t\t\t\t<div class=\"e-con-inner\">\n\t\t\t\t<div class=\"elementor-element elementor-element-aa292fb elementor-widget elementor-widget-text-editor\" data-id=\"aa292fb\" data-element_type=\"widget\" data-e-type=\"widget\" data-widget_type=\"text-editor.default\">\n\t\t\t\t\t\t\t\t\t<p>Frequently asked questions<\/p>\t\t\t\t\t\t\t\t<\/div>\n\t\t\t\t\t<\/div>\n\t\t\t\t<\/div>\n\t\t<div class=\"elementor-element elementor-element-7f6ec6c e-flex e-con-boxed cut-corner-no sticky-container-off e-con e-parent\" data-id=\"7f6ec6c\" data-element_type=\"container\" data-e-type=\"container\">\n\t\t\t\t\t<div class=\"e-con-inner\">\n\t\t\t\t<div class=\"elementor-element elementor-element-7343c1d elementor-widget elementor-widget-n-accordion\" data-id=\"7343c1d\" data-element_type=\"widget\" data-e-type=\"widget\" data-settings=\"{&quot;default_state&quot;:&quot;expanded&quot;,&quot;max_items_expended&quot;:&quot;one&quot;,&quot;n_accordion_animation_duration&quot;:{&quot;unit&quot;:&quot;ms&quot;,&quot;size&quot;:400,&quot;sizes&quot;:[]}}\" data-widget_type=\"nested-accordion.default\">\n\t\t\t\t\t\t\t<div class=\"e-n-accordion\" aria-label=\"Accordion. Open links with Enter or Space, close with Escape, and navigate with Arrow Keys\">\n\t\t\t\t\t\t<details id=\"e-n-accordion-item-1200\" class=\"e-n-accordion-item\" open>\n\t\t\t\t<summary class=\"e-n-accordion-item-title\" data-accordion-index=\"1\" tabindex=\"0\" aria-expanded=\"true\" aria-controls=\"e-n-accordion-item-1200\" >\n\t\t\t\t\t<span class='e-n-accordion-item-title-header'><div class=\"e-n-accordion-item-title-text\"> \u00bfQu\u00e9 modelos componen la serie Megger S1 y qu\u00e9 tensiones de prueba ofrecen? <\/div><\/span>\n\t\t\t\t\t\t\t<span class='e-n-accordion-item-title-icon'>\n\t\t\t<span class='e-opened' ><i aria-hidden=\"true\" class=\"fas fa-minus\"><\/i><\/span>\n\t\t\t<span class='e-closed'><i aria-hidden=\"true\" class=\"fas fa-plus\"><\/i><\/span>\n\t\t<\/span>\n\n\t\t\t\t\t\t<\/summary>\n\t\t\t\t<div role=\"region\" aria-labelledby=\"e-n-accordion-item-1200\" class=\"elementor-element elementor-element-0e5b1e4 e-con-full e-flex cut-corner-no sticky-container-off e-con e-child\" data-id=\"0e5b1e4\" data-element_type=\"container\" data-e-type=\"container\">\n\t\t<div role=\"region\" aria-labelledby=\"e-n-accordion-item-1200\" class=\"elementor-element elementor-element-ba5f49c e-flex e-con-boxed cut-corner-no sticky-container-off e-con e-child\" data-id=\"ba5f49c\" data-element_type=\"container\" data-e-type=\"container\">\n\t\t\t\t\t<div class=\"e-con-inner\">\n\t\t\t\t<div class=\"elementor-element elementor-element-3e11a2e elementor-widget elementor-widget-text-editor\" data-id=\"3e11a2e\" data-element_type=\"widget\" data-e-type=\"widget\" data-widget_type=\"text-editor.default\">\n\t\t\t\t\t\t\t\t\t<p data-start=\"1781\" data-end=\"2052\">La serie S1 incluye tres modelos: <strong data-start=\"1815\" data-end=\"1827\">S1-568\/2<\/strong> (hasta <strong data-start=\"1835\" data-end=\"1843\">5 kV<\/strong>), <strong data-start=\"1846\" data-end=\"1859\">S1-1068\/2<\/strong> (hasta <strong data-start=\"1867\" data-end=\"1876\">10 kV<\/strong>) y <strong data-start=\"1880\" data-end=\"1893\">S1-1568\/2<\/strong> (hasta <strong data-start=\"1901\" data-end=\"1910\">15 kV<\/strong>), permitiendo seleccionar la tensi\u00f3n de prueba adecuada seg\u00fan el equipo o activo el\u00e9ctrico bajo ensayo.<\/p>\t\t\t\t\t\t\t\t<\/div>\n\t\t\t\t\t<\/div>\n\t\t\t\t<\/div>\n\t\t\t\t<\/div>\n\t\t\t\t\t<\/details>\n\t\t\t\t\t\t<details id=\"e-n-accordion-item-1201\" class=\"e-n-accordion-item\" >\n\t\t\t\t<summary class=\"e-n-accordion-item-title\" data-accordion-index=\"2\" tabindex=\"-1\" aria-expanded=\"false\" aria-controls=\"e-n-accordion-item-1201\" >\n\t\t\t\t\t<span class='e-n-accordion-item-title-header'><div class=\"e-n-accordion-item-title-text\"> \u00bfQu\u00e9 modos de prueba admite el Megger S1 aparte de la medici\u00f3n de resistencia de aislamiento (IR)? <\/div><\/span>\n\t\t\t\t\t\t\t<span class='e-n-accordion-item-title-icon'>\n\t\t\t<span class='e-opened' ><i aria-hidden=\"true\" class=\"fas fa-minus\"><\/i><\/span>\n\t\t\t<span class='e-closed'><i aria-hidden=\"true\" class=\"fas fa-plus\"><\/i><\/span>\n\t\t<\/span>\n\n\t\t\t\t\t\t<\/summary>\n\t\t\t\t<div role=\"region\" aria-labelledby=\"e-n-accordion-item-1201\" class=\"elementor-element elementor-element-cf92827 e-con-full e-flex cut-corner-no sticky-container-off e-con e-child\" data-id=\"cf92827\" data-element_type=\"container\" data-e-type=\"container\">\n\t\t\t\t<div class=\"elementor-element elementor-element-8f33280 elementor-widget elementor-widget-text-editor\" data-id=\"8f33280\" data-element_type=\"widget\" data-e-type=\"widget\" data-widget_type=\"text-editor.default\">\n\t\t\t\t\t\t\t\t\t<p data-start=\"2171\" data-end=\"2487\">Adem\u00e1s de IR, estos equipos permiten realizar pruebas como <strong data-start=\"2230\" data-end=\"2377\">DAR (Dielectric Absorption Ratio), PI (Polarization Index), DD (Dielectric Discharge), SV (Step Voltage), pruebas de rampa y PDC (con software)<\/strong>, proporcionando una evaluaci\u00f3n m\u00e1s completa del estado del aislamiento.<\/p>\t\t\t\t\t\t\t\t<\/div>\n\t\t\t\t<\/div>\n\t\t\t\t\t<\/details>\n\t\t\t\t\t\t<details id=\"e-n-accordion-item-1202\" class=\"e-n-accordion-item\" >\n\t\t\t\t<summary class=\"e-n-accordion-item-title\" data-accordion-index=\"3\" tabindex=\"-1\" aria-expanded=\"false\" aria-controls=\"e-n-accordion-item-1202\" >\n\t\t\t\t\t<span class='e-n-accordion-item-title-header'><div class=\"e-n-accordion-item-title-text\"> \u00bfQu\u00e9 funciones avanzadas mejoran la precisi\u00f3n y reducen el tiempo de prueba? <\/div><\/span>\n\t\t\t\t\t\t\t<span class='e-n-accordion-item-title-icon'>\n\t\t\t<span class='e-opened' ><i aria-hidden=\"true\" class=\"fas fa-minus\"><\/i><\/span>\n\t\t\t<span class='e-closed'><i aria-hidden=\"true\" class=\"fas fa-plus\"><\/i><\/span>\n\t\t<\/span>\n\n\t\t\t\t\t\t<\/summary>\n\t\t\t\t<div role=\"region\" aria-labelledby=\"e-n-accordion-item-1202\" class=\"elementor-element elementor-element-573b711 e-con-full e-flex cut-corner-no sticky-container-off e-con e-child\" data-id=\"573b711\" data-element_type=\"container\" data-e-type=\"container\">\n\t\t<div role=\"region\" aria-labelledby=\"e-n-accordion-item-1202\" class=\"elementor-element elementor-element-fb2367d e-flex e-con-boxed cut-corner-no sticky-container-off e-con e-child\" data-id=\"fb2367d\" data-element_type=\"container\" data-e-type=\"container\">\n\t\t\t\t\t<div class=\"e-con-inner\">\n\t\t\t\t<div class=\"elementor-element elementor-element-eae7dc8 elementor-widget elementor-widget-text-editor\" data-id=\"eae7dc8\" data-element_type=\"widget\" data-e-type=\"widget\" data-widget_type=\"text-editor.default\">\n\t\t\t\t\t\t\t\t\t<p data-start=\"2584\" data-end=\"2620\">La serie incorpora funciones como:<\/p><ul data-start=\"2621\" data-end=\"3089\"><li data-start=\"2621\" data-end=\"2725\"><p data-start=\"2623\" data-end=\"2725\"><strong data-start=\"2623\" data-end=\"2645\">Filtrado adaptable<\/strong> que amortigua din\u00e1micamente interferencias de ruido para mediciones estables,<\/p><\/li><li data-start=\"2726\" data-end=\"2817\"><p data-start=\"2728\" data-end=\"2817\"><strong data-start=\"2728\" data-end=\"2761\">Inmunidad al ruido hasta 8 mA<\/strong> para resultados confiables en subestaciones ruidosas,<\/p><\/li><li data-start=\"2818\" data-end=\"2933\"><p data-start=\"2820\" data-end=\"2933\"><strong data-start=\"2820\" data-end=\"2837\">PI Predictor\u2122<\/strong>, que estima r\u00e1pidamente los valores de \u00edndice de polarizaci\u00f3n reduciendo el tiempo de prueba,<\/p><\/li><li data-start=\"2934\" data-end=\"3089\"><p data-start=\"2936\" data-end=\"3089\"><strong data-start=\"2936\" data-end=\"2947\">RE&gt;Act\u2122<\/strong>, que indica cu\u00e1ndo el aislamiento est\u00e1 listo para repetir la prueba sin errores por corriente residual.<\/p><\/li><\/ul>\t\t\t\t\t\t\t\t<\/div>\n\t\t\t\t\t<\/div>\n\t\t\t\t<\/div>\n\t\t\t\t<\/div>\n\t\t\t\t\t<\/details>\n\t\t\t\t\t\t<details id=\"e-n-accordion-item-1203\" class=\"e-n-accordion-item\" >\n\t\t\t\t<summary class=\"e-n-accordion-item-title\" data-accordion-index=\"4\" tabindex=\"-1\" aria-expanded=\"false\" aria-controls=\"e-n-accordion-item-1203\" >\n\t\t\t\t\t<span class='e-n-accordion-item-title-header'><div class=\"e-n-accordion-item-title-text\"> \u00bfC\u00f3mo se pueden gestionar y exportar los resultados de las pruebas? <\/div><\/span>\n\t\t\t\t\t\t\t<span class='e-n-accordion-item-title-icon'>\n\t\t\t<span class='e-opened' ><i aria-hidden=\"true\" class=\"fas fa-minus\"><\/i><\/span>\n\t\t\t<span class='e-closed'><i aria-hidden=\"true\" class=\"fas fa-plus\"><\/i><\/span>\n\t\t<\/span>\n\n\t\t\t\t\t\t<\/summary>\n\t\t\t\t<div role=\"region\" aria-labelledby=\"e-n-accordion-item-1203\" class=\"elementor-element elementor-element-6fb8e90 e-flex e-con-boxed cut-corner-no sticky-container-off e-con e-child\" data-id=\"6fb8e90\" data-element_type=\"container\" data-e-type=\"container\">\n\t\t\t\t\t<div class=\"e-con-inner\">\n\t\t\t\t<div class=\"elementor-element elementor-element-09edb0f elementor-widget elementor-widget-text-editor\" data-id=\"09edb0f\" data-element_type=\"widget\" data-e-type=\"widget\" data-widget_type=\"text-editor.default\">\n\t\t\t\t\t\t\t\t\t<p>Los medidores S1 incluyen <strong data-start=\"3203\" data-end=\"3236\">conectividad Bluetooth\u00ae o USB<\/strong>, lo que permite transferir los resultados a software profesional como <strong data-start=\"3307\" data-end=\"3330\">PowerDB o CertSuite<\/strong> para an\u00e1lisis detallado, almacenamiento a largo plazo y generaci\u00f3n de informes t\u00e9cnicos sin necesidad de registro manual.<\/p>\t\t\t\t\t\t\t\t<\/div>\n\t\t\t\t\t<\/div>\n\t\t\t\t<\/div>\n\t\t\t\t\t<\/details>\n\t\t\t\t\t\t<details id=\"e-n-accordion-item-1204\" class=\"e-n-accordion-item\" >\n\t\t\t\t<summary class=\"e-n-accordion-item-title\" data-accordion-index=\"5\" tabindex=\"-1\" aria-expanded=\"false\" aria-controls=\"e-n-accordion-item-1204\" >\n\t\t\t\t\t<span class='e-n-accordion-item-title-header'><div class=\"e-n-accordion-item-title-text\"> \u00bfQu\u00e9 beneficios aporta el control remoto al realizar mediciones? <\/div><\/span>\n\t\t\t\t\t\t\t<span class='e-n-accordion-item-title-icon'>\n\t\t\t<span class='e-opened' ><i aria-hidden=\"true\" class=\"fas fa-minus\"><\/i><\/span>\n\t\t\t<span class='e-closed'><i aria-hidden=\"true\" class=\"fas fa-plus\"><\/i><\/span>\n\t\t<\/span>\n\n\t\t\t\t\t\t<\/summary>\n\t\t\t\t<div role=\"region\" aria-labelledby=\"e-n-accordion-item-1204\" class=\"elementor-element elementor-element-ff9d94c e-flex e-con-boxed cut-corner-no sticky-container-off e-con e-child\" data-id=\"ff9d94c\" data-element_type=\"container\" data-e-type=\"container\">\n\t\t\t\t\t<div class=\"e-con-inner\">\n\t\t\t\t<div class=\"elementor-element elementor-element-ad13589 elementor-widget elementor-widget-text-editor\" data-id=\"ad13589\" data-element_type=\"widget\" data-e-type=\"widget\" data-widget_type=\"text-editor.default\">\n\t\t\t\t\t\t\t\t\t<p data-start=\"3227\" data-end=\"3308\">El control remoto (por Bluetooth o USB) permite operar el equipo <strong data-start=\"3640\" data-end=\"3676\">a distancia de la zona de prueba<\/strong>, lo que aumenta la seguridad del t\u00e9cnico \u2014especialmente en presencia de arcos el\u00e9ctricos o condiciones peligrosas\u2014 y facilita la eficiencia durante jornadas de medici\u00f3n prolongadas.<\/p>\t\t\t\t\t\t\t\t<\/div>\n\t\t\t\t\t<\/div>\n\t\t\t\t<\/div>\n\t\t\t\t\t<\/details>\n\t\t\t\t\t<\/div>\n\t\t\t\t\t\t<\/div>\n\t\t\t\t\t<\/div>\n\t\t\t\t<\/div>\n\t\t<div class=\"elementor-element elementor-element-65e7135 e-flex e-con-boxed cut-corner-no sticky-container-off e-con e-parent\" data-id=\"65e7135\" data-element_type=\"container\" data-e-type=\"container\">\n\t\t\t\t\t<div class=\"e-con-inner\">\n\t\t<div class=\"elementor-element elementor-element-7e8e2fd e-con-full e-flex cut-corner-no sticky-container-off e-con e-child\" data-id=\"7e8e2fd\" data-element_type=\"container\" data-e-type=\"container\">\n\t\t\t\t<div class=\"elementor-element elementor-element-587ba58 elementor-widget-divider--view-line elementor-widget elementor-widget-divider\" data-id=\"587ba58\" data-element_type=\"widget\" data-e-type=\"widget\" data-widget_type=\"divider.default\">\n\t\t\t\t\t\t\t<div class=\"elementor-divider\">\n\t\t\t<span class=\"elementor-divider-separator\">\n\t\t\t\t\t\t<\/span>\n\t\t<\/div>\n\t\t\t\t\t\t<\/div>\n\t\t\t\t<div class=\"elementor-element elementor-element-39f8fab elementor-widget elementor-widget-text-editor\" data-id=\"39f8fab\" data-element_type=\"widget\" data-e-type=\"widget\" data-widget_type=\"text-editor.default\">\n\t\t\t\t\t\t\t\t\t<p>Equipo disponible en:<\/p>\t\t\t\t\t\t\t\t<\/div>\n\t\t\t\t<\/div>\n\t\t\t\t\t<\/div>\n\t\t\t\t<\/div>\n\t\t<div class=\"elementor-element elementor-element-1a89789 e-flex e-con-boxed cut-corner-no sticky-container-off e-con e-parent\" data-id=\"1a89789\" data-element_type=\"container\" data-e-type=\"container\">\n\t\t\t\t\t<div class=\"e-con-inner\">\n\t\t<div class=\"elementor-element elementor-element-4bb3851 e-con-full e-flex cut-corner-no sticky-container-off e-con e-child\" data-id=\"4bb3851\" data-element_type=\"container\" data-e-type=\"container\">\n\t\t\t\t<div class=\"elementor-element elementor-element-2556581 elementor-widget elementor-widget-image\" data-id=\"2556581\" data-element_type=\"widget\" data-e-type=\"widget\" data-widget_type=\"image.default\">\n\t\t\t\t\t\t\t\t\t\t\t\t<figure class=\"wp-caption\">\n\t\t\t\t\t\t\t\t\t\t<img decoding=\"async\" width=\"262\" height=\"262\" src=\"https:\/\/tecnomedida.com\/wp-content\/uploads\/2026\/01\/Group-16.png\" class=\"attachment-medium size-medium wp-image-11379\" alt=\"\" srcset=\"https:\/\/tecnomedida.com\/wp-content\/uploads\/2026\/01\/Group-16.png 262w, https:\/\/tecnomedida.com\/wp-content\/uploads\/2026\/01\/Group-16-85x85.png 85w, https:\/\/tecnomedida.com\/wp-content\/uploads\/2026\/01\/Group-16-123x123.png 123w\" sizes=\"(max-width: 262px) 100vw, 262px\" \/>\t\t\t\t\t\t\t\t\t\t\t<figcaption class=\"widget-image-caption wp-caption-text\">Colombia<\/figcaption>\n\t\t\t\t\t\t\t\t\t\t<\/figure>\n\t\t\t\t\t\t\t\t\t<\/div>\n\t\t\t\t<\/div>\n\t\t<div class=\"elementor-element elementor-element-4d7ba50 e-con-full e-flex cut-corner-no sticky-container-off e-con e-child\" data-id=\"4d7ba50\" data-element_type=\"container\" data-e-type=\"container\">\n\t\t\t\t<div class=\"elementor-element elementor-element-1b4a69e elementor-widget elementor-widget-image\" data-id=\"1b4a69e\" data-element_type=\"widget\" data-e-type=\"widget\" data-widget_type=\"image.default\">\n\t\t\t\t\t\t\t\t\t\t\t\t<figure class=\"wp-caption\">\n\t\t\t\t\t\t\t\t\t\t<img decoding=\"async\" width=\"262\" height=\"262\" src=\"https:\/\/tecnomedida.com\/wp-content\/uploads\/2026\/01\/Group-17.png\" class=\"attachment-medium size-medium wp-image-11378\" alt=\"\" srcset=\"https:\/\/tecnomedida.com\/wp-content\/uploads\/2026\/01\/Group-17.png 262w, https:\/\/tecnomedida.com\/wp-content\/uploads\/2026\/01\/Group-17-85x85.png 85w, https:\/\/tecnomedida.com\/wp-content\/uploads\/2026\/01\/Group-17-123x123.png 123w\" sizes=\"(max-width: 262px) 100vw, 262px\" \/>\t\t\t\t\t\t\t\t\t\t\t<figcaption class=\"widget-image-caption wp-caption-text\">Venezuela<\/figcaption>\n\t\t\t\t\t\t\t\t\t\t<\/figure>\n\t\t\t\t\t\t\t\t\t<\/div>\n\t\t\t\t<\/div>\n\t\t<div class=\"elementor-element elementor-element-7d18d8a e-con-full e-flex cut-corner-no sticky-container-off e-con e-child\" data-id=\"7d18d8a\" data-element_type=\"container\" data-e-type=\"container\">\n\t\t\t\t<div class=\"elementor-element elementor-element-659e6fe elementor-widget elementor-widget-image\" data-id=\"659e6fe\" data-element_type=\"widget\" data-e-type=\"widget\" data-widget_type=\"image.default\">\n\t\t\t\t\t\t\t\t\t\t\t\t<figure class=\"wp-caption\">\n\t\t\t\t\t\t\t\t\t\t<img loading=\"lazy\" decoding=\"async\" width=\"262\" height=\"262\" src=\"https:\/\/tecnomedida.com\/wp-content\/uploads\/2026\/01\/Group-18.png\" class=\"attachment-medium size-medium wp-image-11377\" alt=\"\" srcset=\"https:\/\/tecnomedida.com\/wp-content\/uploads\/2026\/01\/Group-18.png 262w, https:\/\/tecnomedida.com\/wp-content\/uploads\/2026\/01\/Group-18-85x85.png 85w, https:\/\/tecnomedida.com\/wp-content\/uploads\/2026\/01\/Group-18-123x123.png 123w\" sizes=\"(max-width: 262px) 100vw, 262px\" \/>\t\t\t\t\t\t\t\t\t\t\t<figcaption class=\"widget-image-caption wp-caption-text\">Per\u00fa<\/figcaption>\n\t\t\t\t\t\t\t\t\t\t<\/figure>\n\t\t\t\t\t\t\t\t\t<\/div>\n\t\t\t\t<\/div>\n\t\t\t\t\t<\/div>\n\t\t\t\t<\/div>\n\t\t\t\t<\/div>","protected":false},"excerpt":{"rendered":"<p>Medidor Aislamiento hasta 15kV. marca Megger S1 1568<\/p>","protected":false},"featured_media":11530,"template":"","meta":{"content-type":"","_monsterinsights_skip_tracking":false,"_monsterinsights_sitenote_active":false,"_monsterinsights_sitenote_note":"","_monsterinsights_sitenote_category":0},"product_brand":[74],"product_cat":[18],"product_tag":[],"class_list":{"0":"post-11281","1":"product","2":"type-product","3":"status-publish","4":"has-post-thumbnail","6":"product_brand-megger","7":"product_cat-tecnomedida","9":"first","10":"onbackorder","11":"shipping-taxable","12":"product-type-simple"},"aioseo_notices":[],"_links":{"self":[{"href":"https:\/\/tecnomedida.com\/en\/wp-json\/wp\/v2\/product\/11281","targetHints":{"allow":["GET"]}}],"collection":[{"href":"https:\/\/tecnomedida.com\/en\/wp-json\/wp\/v2\/product"}],"about":[{"href":"https:\/\/tecnomedida.com\/en\/wp-json\/wp\/v2\/types\/product"}],"version-history":[{"count":11,"href":"https:\/\/tecnomedida.com\/en\/wp-json\/wp\/v2\/product\/11281\/revisions"}],"predecessor-version":[{"id":11629,"href":"https:\/\/tecnomedida.com\/en\/wp-json\/wp\/v2\/product\/11281\/revisions\/11629"}],"wp:featuredmedia":[{"embeddable":true,"href":"https:\/\/tecnomedida.com\/en\/wp-json\/wp\/v2\/media\/11530"}],"wp:attachment":[{"href":"https:\/\/tecnomedida.com\/en\/wp-json\/wp\/v2\/media?parent=11281"}],"wp:term":[{"taxonomy":"product_brand","embeddable":true,"href":"https:\/\/tecnomedida.com\/en\/wp-json\/wp\/v2\/product_brand?post=11281"},{"taxonomy":"product_cat","embeddable":true,"href":"https:\/\/tecnomedida.com\/en\/wp-json\/wp\/v2\/product_cat?post=11281"},{"taxonomy":"product_tag","embeddable":true,"href":"https:\/\/tecnomedida.com\/en\/wp-json\/wp\/v2\/product_tag?post=11281"}],"curies":[{"name":"wp","href":"https:\/\/api.w.org\/{rel}","templated":true}]}}