{"id":11279,"date":"2026-01-25T16:29:49","date_gmt":"2026-01-25T16:29:49","guid":{"rendered":"https:\/\/tecnomedida.com\/?post_type=product&#038;p=11279"},"modified":"2026-04-20T17:31:15","modified_gmt":"2026-04-20T17:31:15","slug":"dvpower-rmo-h1","status":"publish","type":"product","link":"https:\/\/tecnomedida.com\/en\/servicios\/alquiler-de-equipos\/dvpower-rmo-h1\/","title":{"rendered":"DVPower RMO-H1"},"content":{"rendered":"<div data-elementor-type=\"wp-post\" data-elementor-id=\"11279\" class=\"elementor elementor-11279\">\n\t\t\t\t<div class=\"elementor-element elementor-element-56318f9 e-flex e-con-boxed cut-corner-no sticky-container-off e-con e-parent\" data-id=\"56318f9\" data-element_type=\"container\" data-e-type=\"container\">\n\t\t\t\t\t<div class=\"e-con-inner\">\n\t\t<div class=\"elementor-element elementor-element-70d9ce7 e-con-full e-flex cut-corner-no sticky-container-off e-con e-child\" data-id=\"70d9ce7\" data-element_type=\"container\" data-e-type=\"container\">\n\t\t\t\t<div class=\"elementor-element elementor-element-6856ffdb elementor-widget elementor-widget-text-editor\" data-id=\"6856ffdb\" data-element_type=\"widget\" data-e-type=\"widget\" data-widget_type=\"text-editor.default\">\n\t\t\t\t\t\t\t\t\t<div>Caracter\u00edsticas principales<\/div>\t\t\t\t\t\t\t\t<\/div>\n\t\t\t\t<div class=\"elementor-element elementor-element-c5a3117 elementor-widget elementor-widget-text-editor\" data-id=\"c5a3117\" data-element_type=\"widget\" data-e-type=\"widget\" data-widget_type=\"text-editor.default\">\n\t\t\t\t\t\t\t\t\t<p>El <strong data-start=\"289\" data-end=\"307\">DVPower RMO-H1<\/strong> es un <strong data-start=\"314\" data-end=\"367\">micro-ohm\u00edmetro port\u00e1til y alimentado por bater\u00eda<\/strong> dise\u00f1ado para realizar mediciones de <strong data-start=\"405\" data-end=\"453\">resistencia de contacto de muy baja magnitud<\/strong> en aplicaciones de fabricaci\u00f3n, puesta en servicio y mantenimiento de equipos el\u00e9ctricos. Este instrumento compacto y ligero (aproximadamente 0,95 kg) genera una corriente de prueba <strong data-start=\"636\" data-end=\"672\">regulada y libre de ondulaciones<\/strong> de hasta <strong data-start=\"682\" data-end=\"694\">100 A DC<\/strong>, permitiendo determinar con precisi\u00f3n la resistencia en interruptores, seccionadores, uniones de barras colectoras y empalmes de cable. Gracias al principio de medici\u00f3n de <strong data-start=\"867\" data-end=\"889\">4 puntos de Kelvin<\/strong>, el RMO-H1 entrega resultados confiables con un rango de medici\u00f3n desde <strong data-start=\"962\" data-end=\"986\">0,1 \u03bc\u03a9 hasta 3000 m\u03a9<\/strong> y alta precisi\u00f3n, incluso en entornos con fuerte inducci\u00f3n electromagn\u00e9tica. La unidad integra almacenamiento interno con capacidad para <strong data-start=\"1124\" data-end=\"1149\">hasta 1000 mediciones<\/strong> y se comunica por <strong data-start=\"1168\" data-end=\"1204\">Bluetooth con el software DV-Win<\/strong> para descargar, analizar y generar informes t\u00e9cnicos.<\/p>\t\t\t\t\t\t\t\t<\/div>\n\t\t\t\t<\/div>\n\t\t<div class=\"elementor-element elementor-element-6903b4a e-con-full e-flex cut-corner-no sticky-container-off e-con e-child\" data-id=\"6903b4a\" data-element_type=\"container\" data-e-type=\"container\">\n\t\t\t\t<div class=\"elementor-element elementor-element-2024760 elementor-widget elementor-widget-image\" data-id=\"2024760\" data-element_type=\"widget\" data-e-type=\"widget\" data-widget_type=\"image.default\">\n\t\t\t\t\t\t\t\t\t\t\t\t\t\t\t<img fetchpriority=\"high\" decoding=\"async\" width=\"1000\" height=\"797\" src=\"https:\/\/tecnomedida.com\/wp-content\/uploads\/2026\/01\/RMO-H-Isometric-View.jpg\" class=\"attachment-large size-large wp-image-11524\" alt=\"\" \/>\t\t\t\t\t\t\t\t\t\t\t\t\t\t\t<\/div>\n\t\t\t\t<\/div>\n\t\t\t\t\t<\/div>\n\t\t\t\t<\/div>\n\t\t<div class=\"elementor-element elementor-element-377ec00e e-flex e-con-boxed cut-corner-no sticky-container-off e-con e-parent\" data-id=\"377ec00e\" data-element_type=\"container\" data-e-type=\"container\">\n\t\t\t\t\t<div class=\"e-con-inner\">\n\t\t\t\t<div class=\"elementor-element elementor-element-aa292fb elementor-widget elementor-widget-text-editor\" data-id=\"aa292fb\" data-element_type=\"widget\" data-e-type=\"widget\" data-widget_type=\"text-editor.default\">\n\t\t\t\t\t\t\t\t\t<p>Frequently asked questions<\/p>\t\t\t\t\t\t\t\t<\/div>\n\t\t\t\t\t<\/div>\n\t\t\t\t<\/div>\n\t\t<div class=\"elementor-element elementor-element-71ad42e e-flex e-con-boxed cut-corner-no sticky-container-off e-con e-parent\" data-id=\"71ad42e\" data-element_type=\"container\" data-e-type=\"container\">\n\t\t\t\t\t<div class=\"e-con-inner\">\n\t\t\t\t<div class=\"elementor-element elementor-element-41d0d03 elementor-widget elementor-widget-n-accordion\" data-id=\"41d0d03\" data-element_type=\"widget\" data-e-type=\"widget\" data-settings=\"{&quot;default_state&quot;:&quot;expanded&quot;,&quot;max_items_expended&quot;:&quot;one&quot;,&quot;n_accordion_animation_duration&quot;:{&quot;unit&quot;:&quot;ms&quot;,&quot;size&quot;:400,&quot;sizes&quot;:[]}}\" data-widget_type=\"nested-accordion.default\">\n\t\t\t\t\t\t\t<div class=\"e-n-accordion\" aria-label=\"Accordion. Open links with Enter or Space, close with Escape, and navigate with Arrow Keys\">\n\t\t\t\t\t\t<details id=\"e-n-accordion-item-6900\" class=\"e-n-accordion-item\" open>\n\t\t\t\t<summary class=\"e-n-accordion-item-title\" data-accordion-index=\"1\" tabindex=\"0\" aria-expanded=\"true\" aria-controls=\"e-n-accordion-item-6900\" >\n\t\t\t\t\t<span class='e-n-accordion-item-title-header'><div class=\"e-n-accordion-item-title-text\"> \u00bfQu\u00e9 es el DVPower RMO-H1 y para qu\u00e9 se utiliza? <\/div><\/span>\n\t\t\t\t\t\t\t<span class='e-n-accordion-item-title-icon'>\n\t\t\t<span class='e-opened' ><i aria-hidden=\"true\" class=\"fas fa-minus\"><\/i><\/span>\n\t\t\t<span class='e-closed'><i aria-hidden=\"true\" class=\"fas fa-plus\"><\/i><\/span>\n\t\t<\/span>\n\n\t\t\t\t\t\t<\/summary>\n\t\t\t\t<div role=\"region\" aria-labelledby=\"e-n-accordion-item-6900\" class=\"elementor-element elementor-element-a93759b e-con-full e-flex cut-corner-no sticky-container-off e-con e-child\" data-id=\"a93759b\" data-element_type=\"container\" data-e-type=\"container\">\n\t\t<div role=\"region\" aria-labelledby=\"e-n-accordion-item-6900\" class=\"elementor-element elementor-element-6bf991a e-flex e-con-boxed cut-corner-no sticky-container-off e-con e-child\" data-id=\"6bf991a\" data-element_type=\"container\" data-e-type=\"container\">\n\t\t\t\t\t<div class=\"e-con-inner\">\n\t\t\t\t<div class=\"elementor-element elementor-element-0d38811 elementor-widget elementor-widget-text-editor\" data-id=\"0d38811\" data-element_type=\"widget\" data-e-type=\"widget\" data-widget_type=\"text-editor.default\">\n\t\t\t\t\t\t\t\t\t<p data-start=\"1416\" data-end=\"1739\">El <strong data-start=\"1419\" data-end=\"1429\">RMO-H1<\/strong> es un <strong data-start=\"1436\" data-end=\"1486\">micro-ohm\u00edmetro de mano alimentado por bater\u00eda<\/strong> dise\u00f1ado para medir la <strong data-start=\"1510\" data-end=\"1562\">resistencia de contacto de objetos no inductivos<\/strong>, como interruptores, seccionadores y empalmes, durante las fases de fabricaci\u00f3n, puesta en servicio y mantenimiento de equipos el\u00e9ctricos.<\/p>\t\t\t\t\t\t\t\t<\/div>\n\t\t\t\t\t<\/div>\n\t\t\t\t<\/div>\n\t\t\t\t<\/div>\n\t\t\t\t\t<\/details>\n\t\t\t\t\t\t<details id=\"e-n-accordion-item-6901\" class=\"e-n-accordion-item\" >\n\t\t\t\t<summary class=\"e-n-accordion-item-title\" data-accordion-index=\"2\" tabindex=\"-1\" aria-expanded=\"false\" aria-controls=\"e-n-accordion-item-6901\" >\n\t\t\t\t\t<span class='e-n-accordion-item-title-header'><div class=\"e-n-accordion-item-title-text\"> \u00bfCu\u00e1l es el rango de corriente de prueba y qu\u00e9 significa esto para la medici\u00f3n? <\/div><\/span>\n\t\t\t\t\t\t\t<span class='e-n-accordion-item-title-icon'>\n\t\t\t<span class='e-opened' ><i aria-hidden=\"true\" class=\"fas fa-minus\"><\/i><\/span>\n\t\t\t<span class='e-closed'><i aria-hidden=\"true\" class=\"fas fa-plus\"><\/i><\/span>\n\t\t<\/span>\n\n\t\t\t\t\t\t<\/summary>\n\t\t\t\t<div role=\"region\" aria-labelledby=\"e-n-accordion-item-6901\" class=\"elementor-element elementor-element-b4e5e50 e-con-full e-flex cut-corner-no sticky-container-off e-con e-child\" data-id=\"b4e5e50\" data-element_type=\"container\" data-e-type=\"container\">\n\t\t\t\t<div class=\"elementor-element elementor-element-e2dff66 elementor-widget elementor-widget-text-editor\" data-id=\"e2dff66\" data-element_type=\"widget\" data-e-type=\"widget\" data-widget_type=\"text-editor.default\">\n\t\t\t\t\t\t\t\t\t<p data-start=\"1839\" data-end=\"2157\">El RMO-H1 genera una corriente de prueba <strong data-start=\"1880\" data-end=\"1915\">ajustable de 1 A hasta 100 A DC<\/strong>, lo que permite obtener mediciones muy precisas dentro del rango de resistencias t\u00edpicas de contactos y uniones de baja resistencia, reduciendo los efectos de transitorios magn\u00e9ticos durante la medici\u00f3n.<\/p>\t\t\t\t\t\t\t\t<\/div>\n\t\t\t\t<\/div>\n\t\t\t\t\t<\/details>\n\t\t\t\t\t\t<details id=\"e-n-accordion-item-6902\" class=\"e-n-accordion-item\" >\n\t\t\t\t<summary class=\"e-n-accordion-item-title\" data-accordion-index=\"3\" tabindex=\"-1\" aria-expanded=\"false\" aria-controls=\"e-n-accordion-item-6902\" >\n\t\t\t\t\t<span class='e-n-accordion-item-title-header'><div class=\"e-n-accordion-item-title-text\"> \u00bfQu\u00e9 rango de medici\u00f3n y resoluci\u00f3n ofrece el RMO-H1? <\/div><\/span>\n\t\t\t\t\t\t\t<span class='e-n-accordion-item-title-icon'>\n\t\t\t<span class='e-opened' ><i aria-hidden=\"true\" class=\"fas fa-minus\"><\/i><\/span>\n\t\t\t<span class='e-closed'><i aria-hidden=\"true\" class=\"fas fa-plus\"><\/i><\/span>\n\t\t<\/span>\n\n\t\t\t\t\t\t<\/summary>\n\t\t\t\t<div role=\"region\" aria-labelledby=\"e-n-accordion-item-6902\" class=\"elementor-element elementor-element-6c46f97 e-con-full e-flex cut-corner-no sticky-container-off e-con e-child\" data-id=\"6c46f97\" data-element_type=\"container\" data-e-type=\"container\">\n\t\t<div role=\"region\" aria-labelledby=\"e-n-accordion-item-6902\" class=\"elementor-element elementor-element-5474768 e-flex e-con-boxed cut-corner-no sticky-container-off e-con e-child\" data-id=\"5474768\" data-element_type=\"container\" data-e-type=\"container\">\n\t\t\t\t\t<div class=\"e-con-inner\">\n\t\t\t\t<div class=\"elementor-element elementor-element-e7d467f elementor-widget elementor-widget-text-editor\" data-id=\"e7d467f\" data-element_type=\"widget\" data-e-type=\"widget\" data-widget_type=\"text-editor.default\">\n\t\t\t\t\t\t\t\t\t<p data-start=\"2231\" data-end=\"2516\">Este micro-ohm\u00edmetro tiene un rango de medici\u00f3n de <strong data-start=\"2282\" data-end=\"2306\">0,1 \u03bc\u03a9 hasta 3000 m\u03a9<\/strong> con una <strong data-start=\"2315\" data-end=\"2346\">resoluci\u00f3n m\u00ednima de 0,1 \u03bc\u03a9<\/strong>, lo que permite detectar variaciones muy peque\u00f1as en resistencia que pueden ser cr\u00edticas para el desempe\u00f1o de contactos el\u00e9ctricos.<\/p>\t\t\t\t\t\t\t\t<\/div>\n\t\t\t\t\t<\/div>\n\t\t\t\t<\/div>\n\t\t\t\t<\/div>\n\t\t\t\t\t<\/details>\n\t\t\t\t\t\t<details id=\"e-n-accordion-item-6903\" class=\"e-n-accordion-item\" >\n\t\t\t\t<summary class=\"e-n-accordion-item-title\" data-accordion-index=\"4\" tabindex=\"-1\" aria-expanded=\"false\" aria-controls=\"e-n-accordion-item-6903\" >\n\t\t\t\t\t<span class='e-n-accordion-item-title-header'><div class=\"e-n-accordion-item-title-text\"> \u00bfC\u00f3mo se manejan y analizan los resultados de las mediciones? <\/div><\/span>\n\t\t\t\t\t\t\t<span class='e-n-accordion-item-title-icon'>\n\t\t\t<span class='e-opened' ><i aria-hidden=\"true\" class=\"fas fa-minus\"><\/i><\/span>\n\t\t\t<span class='e-closed'><i aria-hidden=\"true\" class=\"fas fa-plus\"><\/i><\/span>\n\t\t<\/span>\n\n\t\t\t\t\t\t<\/summary>\n\t\t\t\t<div role=\"region\" aria-labelledby=\"e-n-accordion-item-6903\" class=\"elementor-element elementor-element-767a0fb e-flex e-con-boxed cut-corner-no sticky-container-off e-con e-child\" data-id=\"767a0fb\" data-element_type=\"container\" data-e-type=\"container\">\n\t\t\t\t\t<div class=\"e-con-inner\">\n\t\t\t\t<div class=\"elementor-element elementor-element-50a6527 elementor-widget elementor-widget-text-editor\" data-id=\"50a6527\" data-element_type=\"widget\" data-e-type=\"widget\" data-widget_type=\"text-editor.default\">\n\t\t\t\t\t\t\t\t\t<p>Los resultados se <strong data-start=\"2616\" data-end=\"2642\">almacenan internamente<\/strong> (hasta 1000 mediciones con fecha\/hora) y pueden descargarse a un PC v\u00eda <strong data-start=\"2715\" data-end=\"2728\">Bluetooth<\/strong> usando el software <strong data-start=\"2748\" data-end=\"2758\">DV-Win<\/strong>, que permite analizar los datos, comparar mediciones y generar <strong data-start=\"2822\" data-end=\"2848\">informes configurables<\/strong> para documentaci\u00f3n t\u00e9cnica.<\/p>\t\t\t\t\t\t\t\t<\/div>\n\t\t\t\t\t<\/div>\n\t\t\t\t<\/div>\n\t\t\t\t\t<\/details>\n\t\t\t\t\t\t<details id=\"e-n-accordion-item-6904\" class=\"e-n-accordion-item\" >\n\t\t\t\t<summary class=\"e-n-accordion-item-title\" data-accordion-index=\"5\" tabindex=\"-1\" aria-expanded=\"false\" aria-controls=\"e-n-accordion-item-6904\" >\n\t\t\t\t\t<span class='e-n-accordion-item-title-header'><div class=\"e-n-accordion-item-title-text\"> \u00bfQu\u00e9 aplicaciones t\u00edpicas tiene el RMO-H1 en pruebas el\u00e9ctricas? <\/div><\/span>\n\t\t\t\t\t\t\t<span class='e-n-accordion-item-title-icon'>\n\t\t\t<span class='e-opened' ><i aria-hidden=\"true\" class=\"fas fa-minus\"><\/i><\/span>\n\t\t\t<span class='e-closed'><i aria-hidden=\"true\" class=\"fas fa-plus\"><\/i><\/span>\n\t\t<\/span>\n\n\t\t\t\t\t\t<\/summary>\n\t\t\t\t<div role=\"region\" aria-labelledby=\"e-n-accordion-item-6904\" class=\"elementor-element elementor-element-fe4e363 e-flex e-con-boxed cut-corner-no sticky-container-off e-con e-child\" data-id=\"fe4e363\" data-element_type=\"container\" data-e-type=\"container\">\n\t\t\t\t\t<div class=\"e-con-inner\">\n\t\t\t\t<div class=\"elementor-element elementor-element-02e5396 elementor-widget elementor-widget-text-editor\" data-id=\"02e5396\" data-element_type=\"widget\" data-e-type=\"widget\" data-widget_type=\"text-editor.default\">\n\t\t\t\t\t\t\t\t\t<p data-start=\"3227\" data-end=\"3308\">El RMO-H1 se emplea com\u00fanmente para medir la resistencia de <strong data-start=\"3059\" data-end=\"3197\">contactos de interruptores de media y alta tensi\u00f3n, seccionadores, uniones de barras colectoras de alta corriente y empalmes de cables<\/strong>, tanto en <strong data-start=\"3208\" data-end=\"3247\">entornos de alto campo de inducci\u00f3n<\/strong> (como subestaciones) como en pruebas de f\u00e1brica o mantenimiento de redes el\u00e9ctricas.<\/p>\t\t\t\t\t\t\t\t<\/div>\n\t\t\t\t\t<\/div>\n\t\t\t\t<\/div>\n\t\t\t\t\t<\/details>\n\t\t\t\t\t<\/div>\n\t\t\t\t\t\t<\/div>\n\t\t\t\t\t<\/div>\n\t\t\t\t<\/div>\n\t\t<div class=\"elementor-element elementor-element-ea120c7 e-flex e-con-boxed cut-corner-no sticky-container-off e-con e-parent\" data-id=\"ea120c7\" data-element_type=\"container\" data-e-type=\"container\">\n\t\t\t\t\t<div class=\"e-con-inner\">\n\t\t<div class=\"elementor-element elementor-element-0d85caf e-con-full e-flex cut-corner-no sticky-container-off e-con e-child\" data-id=\"0d85caf\" data-element_type=\"container\" data-e-type=\"container\">\n\t\t\t\t<div class=\"elementor-element elementor-element-f2d6159 elementor-widget-divider--view-line elementor-widget elementor-widget-divider\" data-id=\"f2d6159\" data-element_type=\"widget\" data-e-type=\"widget\" data-widget_type=\"divider.default\">\n\t\t\t\t\t\t\t<div class=\"elementor-divider\">\n\t\t\t<span class=\"elementor-divider-separator\">\n\t\t\t\t\t\t<\/span>\n\t\t<\/div>\n\t\t\t\t\t\t<\/div>\n\t\t\t\t<div class=\"elementor-element elementor-element-3ecd973 elementor-widget elementor-widget-text-editor\" data-id=\"3ecd973\" data-element_type=\"widget\" data-e-type=\"widget\" data-widget_type=\"text-editor.default\">\n\t\t\t\t\t\t\t\t\t<p>Equipo disponible en:<\/p>\t\t\t\t\t\t\t\t<\/div>\n\t\t\t\t<\/div>\n\t\t\t\t\t<\/div>\n\t\t\t\t<\/div>\n\t\t<div class=\"elementor-element elementor-element-f255f73 e-flex e-con-boxed cut-corner-no sticky-container-off e-con e-parent\" data-id=\"f255f73\" data-element_type=\"container\" data-e-type=\"container\">\n\t\t\t\t\t<div class=\"e-con-inner\">\n\t\t<div class=\"elementor-element elementor-element-8ae3c7d e-con-full e-flex cut-corner-no sticky-container-off e-con e-child\" data-id=\"8ae3c7d\" data-element_type=\"container\" data-e-type=\"container\">\n\t\t\t\t<div class=\"elementor-element elementor-element-8738085 elementor-widget elementor-widget-image\" data-id=\"8738085\" data-element_type=\"widget\" data-e-type=\"widget\" data-widget_type=\"image.default\">\n\t\t\t\t\t\t\t\t\t\t\t\t<figure class=\"wp-caption\">\n\t\t\t\t\t\t\t\t\t\t<img decoding=\"async\" width=\"262\" height=\"262\" src=\"https:\/\/tecnomedida.com\/wp-content\/uploads\/2026\/01\/Group-16.png\" class=\"attachment-medium size-medium wp-image-11379\" alt=\"\" srcset=\"https:\/\/tecnomedida.com\/wp-content\/uploads\/2026\/01\/Group-16.png 262w, https:\/\/tecnomedida.com\/wp-content\/uploads\/2026\/01\/Group-16-85x85.png 85w, https:\/\/tecnomedida.com\/wp-content\/uploads\/2026\/01\/Group-16-123x123.png 123w\" sizes=\"(max-width: 262px) 100vw, 262px\" \/>\t\t\t\t\t\t\t\t\t\t\t<figcaption class=\"widget-image-caption wp-caption-text\">Colombia<\/figcaption>\n\t\t\t\t\t\t\t\t\t\t<\/figure>\n\t\t\t\t\t\t\t\t\t<\/div>\n\t\t\t\t<\/div>\n\t\t<div class=\"elementor-element elementor-element-1c8367c e-con-full e-flex cut-corner-no sticky-container-off e-con e-child\" data-id=\"1c8367c\" data-element_type=\"container\" data-e-type=\"container\">\n\t\t\t\t<div class=\"elementor-element elementor-element-c8b8e46 elementor-widget elementor-widget-image\" data-id=\"c8b8e46\" data-element_type=\"widget\" data-e-type=\"widget\" data-widget_type=\"image.default\">\n\t\t\t\t\t\t\t\t\t\t\t\t<figure class=\"wp-caption\">\n\t\t\t\t\t\t\t\t\t\t<img decoding=\"async\" width=\"262\" height=\"262\" src=\"https:\/\/tecnomedida.com\/wp-content\/uploads\/2026\/01\/Group-17.png\" class=\"attachment-medium size-medium wp-image-11378\" alt=\"\" srcset=\"https:\/\/tecnomedida.com\/wp-content\/uploads\/2026\/01\/Group-17.png 262w, https:\/\/tecnomedida.com\/wp-content\/uploads\/2026\/01\/Group-17-85x85.png 85w, https:\/\/tecnomedida.com\/wp-content\/uploads\/2026\/01\/Group-17-123x123.png 123w\" sizes=\"(max-width: 262px) 100vw, 262px\" \/>\t\t\t\t\t\t\t\t\t\t\t<figcaption class=\"widget-image-caption wp-caption-text\">Venezuela<\/figcaption>\n\t\t\t\t\t\t\t\t\t\t<\/figure>\n\t\t\t\t\t\t\t\t\t<\/div>\n\t\t\t\t<\/div>\n\t\t<div class=\"elementor-element elementor-element-176f80c e-con-full e-flex cut-corner-no sticky-container-off e-con e-child\" data-id=\"176f80c\" data-element_type=\"container\" data-e-type=\"container\">\n\t\t\t\t<div class=\"elementor-element elementor-element-f653b38 elementor-widget elementor-widget-image\" data-id=\"f653b38\" data-element_type=\"widget\" data-e-type=\"widget\" data-widget_type=\"image.default\">\n\t\t\t\t\t\t\t\t\t\t\t\t<figure class=\"wp-caption\">\n\t\t\t\t\t\t\t\t\t\t<img loading=\"lazy\" decoding=\"async\" width=\"262\" height=\"262\" src=\"https:\/\/tecnomedida.com\/wp-content\/uploads\/2026\/01\/Group-18.png\" class=\"attachment-medium size-medium wp-image-11377\" alt=\"\" srcset=\"https:\/\/tecnomedida.com\/wp-content\/uploads\/2026\/01\/Group-18.png 262w, https:\/\/tecnomedida.com\/wp-content\/uploads\/2026\/01\/Group-18-85x85.png 85w, https:\/\/tecnomedida.com\/wp-content\/uploads\/2026\/01\/Group-18-123x123.png 123w\" sizes=\"(max-width: 262px) 100vw, 262px\" \/>\t\t\t\t\t\t\t\t\t\t\t<figcaption class=\"widget-image-caption wp-caption-text\">Per\u00fa<\/figcaption>\n\t\t\t\t\t\t\t\t\t\t<\/figure>\n\t\t\t\t\t\t\t\t\t<\/div>\n\t\t\t\t<\/div>\n\t\t\t\t\t<\/div>\n\t\t\t\t<\/div>\n\t\t\t\t<\/div>","protected":false},"excerpt":{"rendered":"<p>Micr\u00f3metro 100A CC \u2013 Medidor de Resistencia de Contactos a Interruptores, Celdas<br \/>\nLas aplicaciones t\u00edpicas son pruebas precisas de:<\/p>\n<ul class=\"wp-block-list\">\n<li>Disyuntores de media y alta tensi\u00f3n.<\/li>\n<li>Interruptores de desconexi\u00f3n.<\/li>\n<li>Empalmes de barra de distribuci\u00f3n de alta corriente.<\/li>\n<li>Empalmes de cables.<\/li>\n<li>Diferentes enlaces de alta corriente.<\/li>\n<\/ul>\n<p>M\u00e1s a\u00fan, mide con precisi\u00f3n en subestaciones y ambientes de campo de alta inducci\u00f3n, as\u00ed como en pruebas de f\u00e1brica.<\/p>","protected":false},"featured_media":11528,"template":"","meta":{"content-type":"","_monsterinsights_skip_tracking":false,"_monsterinsights_sitenote_active":false,"_monsterinsights_sitenote_note":"","_monsterinsights_sitenote_category":0},"product_brand":[75],"product_cat":[90],"product_tag":[],"class_list":{"0":"post-11279","1":"product","2":"type-product","3":"status-publish","4":"has-post-thumbnail","6":"product_brand-dvpower","7":"product_cat-dvpower","9":"first","10":"onbackorder","11":"shipping-taxable","12":"product-type-simple"},"aioseo_notices":[],"_links":{"self":[{"href":"https:\/\/tecnomedida.com\/en\/wp-json\/wp\/v2\/product\/11279","targetHints":{"allow":["GET"]}}],"collection":[{"href":"https:\/\/tecnomedida.com\/en\/wp-json\/wp\/v2\/product"}],"about":[{"href":"https:\/\/tecnomedida.com\/en\/wp-json\/wp\/v2\/types\/product"}],"version-history":[{"count":6,"href":"https:\/\/tecnomedida.com\/en\/wp-json\/wp\/v2\/product\/11279\/revisions"}],"predecessor-version":[{"id":11529,"href":"https:\/\/tecnomedida.com\/en\/wp-json\/wp\/v2\/product\/11279\/revisions\/11529"}],"wp:featuredmedia":[{"embeddable":true,"href":"https:\/\/tecnomedida.com\/en\/wp-json\/wp\/v2\/media\/11528"}],"wp:attachment":[{"href":"https:\/\/tecnomedida.com\/en\/wp-json\/wp\/v2\/media?parent=11279"}],"wp:term":[{"taxonomy":"product_brand","embeddable":true,"href":"https:\/\/tecnomedida.com\/en\/wp-json\/wp\/v2\/product_brand?post=11279"},{"taxonomy":"product_cat","embeddable":true,"href":"https:\/\/tecnomedida.com\/en\/wp-json\/wp\/v2\/product_cat?post=11279"},{"taxonomy":"product_tag","embeddable":true,"href":"https:\/\/tecnomedida.com\/en\/wp-json\/wp\/v2\/product_tag?post=11279"}],"curies":[{"name":"wp","href":"https:\/\/api.w.org\/{rel}","templated":true}]}}