{"id":11277,"date":"2026-01-25T16:29:35","date_gmt":"2026-01-25T16:29:35","guid":{"rendered":"https:\/\/tecnomedida.com\/?post_type=product&#038;p=11277"},"modified":"2026-04-20T17:28:09","modified_gmt":"2026-04-20T17:28:09","slug":"dvpower-cat-h","status":"publish","type":"product","link":"https:\/\/tecnomedida.com\/en\/servicios\/alquiler-de-equipos\/dvpower-cat-h\/","title":{"rendered":"DVPower CAT H"},"content":{"rendered":"<div data-elementor-type=\"wp-post\" data-elementor-id=\"11277\" class=\"elementor elementor-11277\">\n\t\t\t\t<div class=\"elementor-element elementor-element-5b12b6a e-flex e-con-boxed cut-corner-no sticky-container-off e-con e-parent\" data-id=\"5b12b6a\" data-element_type=\"container\" data-e-type=\"container\">\n\t\t\t\t\t<div class=\"e-con-inner\">\n\t\t<div class=\"elementor-element elementor-element-cd9a53e e-con-full e-flex cut-corner-no sticky-container-off e-con e-child\" data-id=\"cd9a53e\" data-element_type=\"container\" data-e-type=\"container\">\n\t\t\t\t<div class=\"elementor-element elementor-element-be953d1 elementor-widget elementor-widget-text-editor\" data-id=\"be953d1\" data-element_type=\"widget\" data-e-type=\"widget\" data-widget_type=\"text-editor.default\">\n\t\t\t\t\t\t\t\t\t<div>Caracter\u00edsticas principales<\/div>\t\t\t\t\t\t\t\t<\/div>\n\t\t\t\t<div class=\"elementor-element elementor-element-797d34f elementor-widget elementor-widget-text-editor\" data-id=\"797d34f\" data-element_type=\"widget\" data-e-type=\"widget\" data-widget_type=\"text-editor.default\">\n\t\t\t\t\t\t\t\t\t<p>El <strong data-start=\"278\" data-end=\"295\">DVPower CAT-H<\/strong> es un <strong data-start=\"302\" data-end=\"357\">analizador y temporizador de interruptores port\u00e1til<\/strong> dise\u00f1ado para evaluar de forma r\u00e1pida y precisa el estado de interruptores autom\u00e1ticos con <strong data-start=\"449\" data-end=\"473\">una ruptura por fase<\/strong> en subestaciones de baja, media y alta tensi\u00f3n, as\u00ed como en entornos industriales. Con un dise\u00f1o <strong data-start=\"571\" data-end=\"596\">compacto y ergon\u00f3mico<\/strong> de aproximadamente 1,6 kg y una <strong data-start=\"629\" data-end=\"672\">pantalla t\u00e1ctil a color de 5,7 pulgadas<\/strong>, este instrumento registra tanto <strong data-start=\"706\" data-end=\"767\">tempos de operaci\u00f3n de contactos principales y auxiliares<\/strong>, como <strong data-start=\"774\" data-end=\"819\">corrientes de bobina de apertura y cierre<\/strong>, <strong data-start=\"821\" data-end=\"869\">resistencia de resistencias de pre-inserci\u00f3n<\/strong> y <strong data-start=\"872\" data-end=\"909\">voltaje de bater\u00eda de subestaci\u00f3n<\/strong>, permitiendo analizar tendencias en sitio con resultados num\u00e9ricos y gr\u00e1ficos superponibles. Gracias a su <strong data-start=\"1016\" data-end=\"1084\">bater\u00eda interna de iones de litio con hasta 8 horas de autonom\u00eda<\/strong> y a su capacidad de control de bobinas integrado, el CAT-H ofrece una soluci\u00f3n eficaz para pruebas de mantenimiento, puesta en servicio y diagn\u00f3stico de interruptores el\u00e9ctricos.<\/p>\t\t\t\t\t\t\t\t<\/div>\n\t\t\t\t<\/div>\n\t\t<div class=\"elementor-element elementor-element-159fc12 e-con-full e-flex cut-corner-no sticky-container-off e-con e-child\" data-id=\"159fc12\" data-element_type=\"container\" data-e-type=\"container\">\n\t\t\t\t<div class=\"elementor-element elementor-element-bbfcc13 elementor-widget elementor-widget-image\" data-id=\"bbfcc13\" data-element_type=\"widget\" data-e-type=\"widget\" data-widget_type=\"image.default\">\n\t\t\t\t\t\t\t\t\t\t\t\t\t\t\t<img fetchpriority=\"high\" decoding=\"async\" width=\"1000\" height=\"1000\" src=\"https:\/\/tecnomedida.com\/wp-content\/uploads\/2026\/01\/CATH.jpg\" class=\"attachment-large size-large wp-image-11517\" alt=\"\" srcset=\"https:\/\/tecnomedida.com\/wp-content\/uploads\/2026\/01\/CATH.jpg 1000w, https:\/\/tecnomedida.com\/wp-content\/uploads\/2026\/01\/CATH-680x680.jpg 680w, https:\/\/tecnomedida.com\/wp-content\/uploads\/2026\/01\/CATH-85x85.jpg 85w, https:\/\/tecnomedida.com\/wp-content\/uploads\/2026\/01\/CATH-480x480.jpg 480w, https:\/\/tecnomedida.com\/wp-content\/uploads\/2026\/01\/CATH-840x840.jpg 840w, https:\/\/tecnomedida.com\/wp-content\/uploads\/2026\/01\/CATH-300x300.jpg 300w, https:\/\/tecnomedida.com\/wp-content\/uploads\/2026\/01\/CATH-600x600.jpg 600w, https:\/\/tecnomedida.com\/wp-content\/uploads\/2026\/01\/CATH-123x123.jpg 123w\" sizes=\"(max-width: 1000px) 100vw, 1000px\" \/>\t\t\t\t\t\t\t\t\t\t\t\t\t\t\t<\/div>\n\t\t\t\t<\/div>\n\t\t\t\t\t<\/div>\n\t\t\t\t<\/div>\n\t\t<div class=\"elementor-element elementor-element-ebba245 e-flex e-con-boxed cut-corner-no sticky-container-off e-con e-parent\" data-id=\"ebba245\" data-element_type=\"container\" data-e-type=\"container\">\n\t\t\t\t\t<div class=\"e-con-inner\">\n\t\t\t\t<div class=\"elementor-element elementor-element-5babdd1 elementor-widget elementor-widget-text-editor\" data-id=\"5babdd1\" data-element_type=\"widget\" data-e-type=\"widget\" data-widget_type=\"text-editor.default\">\n\t\t\t\t\t\t\t\t\t<p>Frequently asked questions<\/p>\t\t\t\t\t\t\t\t<\/div>\n\t\t\t\t\t<\/div>\n\t\t\t\t<\/div>\n\t\t<div class=\"elementor-element elementor-element-4b04cfa e-flex e-con-boxed cut-corner-no sticky-container-off e-con e-parent\" data-id=\"4b04cfa\" data-element_type=\"container\" data-e-type=\"container\">\n\t\t\t\t\t<div class=\"e-con-inner\">\n\t\t\t\t<div class=\"elementor-element elementor-element-64a31b5 elementor-widget elementor-widget-n-accordion\" data-id=\"64a31b5\" data-element_type=\"widget\" data-e-type=\"widget\" data-settings=\"{&quot;default_state&quot;:&quot;expanded&quot;,&quot;max_items_expended&quot;:&quot;one&quot;,&quot;n_accordion_animation_duration&quot;:{&quot;unit&quot;:&quot;ms&quot;,&quot;size&quot;:400,&quot;sizes&quot;:[]}}\" data-widget_type=\"nested-accordion.default\">\n\t\t\t\t\t\t\t<div class=\"e-n-accordion\" aria-label=\"Accordion. Open links with Enter or Space, close with Escape, and navigate with Arrow Keys\">\n\t\t\t\t\t\t<details id=\"e-n-accordion-item-1050\" class=\"e-n-accordion-item\" open>\n\t\t\t\t<summary class=\"e-n-accordion-item-title\" data-accordion-index=\"1\" tabindex=\"0\" aria-expanded=\"true\" aria-controls=\"e-n-accordion-item-1050\" >\n\t\t\t\t\t<span class='e-n-accordion-item-title-header'><div class=\"e-n-accordion-item-title-text\"> \u00bfQu\u00e9 tipo de interruptores puede evaluar el CAT-H? <\/div><\/span>\n\t\t\t\t\t\t\t<span class='e-n-accordion-item-title-icon'>\n\t\t\t<span class='e-opened' ><i aria-hidden=\"true\" class=\"fas fa-minus\"><\/i><\/span>\n\t\t\t<span class='e-closed'><i aria-hidden=\"true\" class=\"fas fa-plus\"><\/i><\/span>\n\t\t<\/span>\n\n\t\t\t\t\t\t<\/summary>\n\t\t\t\t<div role=\"region\" aria-labelledby=\"e-n-accordion-item-1050\" class=\"elementor-element elementor-element-5bee278 e-con-full e-flex cut-corner-no sticky-container-off e-con e-child\" data-id=\"5bee278\" data-element_type=\"container\" data-e-type=\"container\">\n\t\t<div role=\"region\" aria-labelledby=\"e-n-accordion-item-1050\" class=\"elementor-element elementor-element-b2b3c97 e-flex e-con-boxed cut-corner-no sticky-container-off e-con e-child\" data-id=\"b2b3c97\" data-element_type=\"container\" data-e-type=\"container\">\n\t\t\t\t\t<div class=\"e-con-inner\">\n\t\t\t\t<div class=\"elementor-element elementor-element-8cc64d4 elementor-widget elementor-widget-text-editor\" data-id=\"8cc64d4\" data-element_type=\"widget\" data-e-type=\"widget\" data-widget_type=\"text-editor.default\">\n\t\t\t\t\t\t\t\t\t<p>El CAT-H est\u00e1 dise\u00f1ado para probar <strong data-start=\"1456\" data-end=\"1515\">interruptores autom\u00e1ticos con una sola ruptura por fase<\/strong> en sistemas de energ\u00eda el\u00e9ctrica de media y alta tensi\u00f3n, lo que lo hace adecuado para mantenimiento y diagn\u00f3stico de interruptores en subestaciones y entornos industriales.<\/p>\t\t\t\t\t\t\t\t<\/div>\n\t\t\t\t\t<\/div>\n\t\t\t\t<\/div>\n\t\t\t\t<\/div>\n\t\t\t\t\t<\/details>\n\t\t\t\t\t\t<details id=\"e-n-accordion-item-1051\" class=\"e-n-accordion-item\" >\n\t\t\t\t<summary class=\"e-n-accordion-item-title\" data-accordion-index=\"2\" tabindex=\"-1\" aria-expanded=\"false\" aria-controls=\"e-n-accordion-item-1051\" >\n\t\t\t\t\t<span class='e-n-accordion-item-title-header'><div class=\"e-n-accordion-item-title-text\"> \u00bfQu\u00e9 par\u00e1metros y mediciones registra el CAT-H durante las pruebas? <\/div><\/span>\n\t\t\t\t\t\t\t<span class='e-n-accordion-item-title-icon'>\n\t\t\t<span class='e-opened' ><i aria-hidden=\"true\" class=\"fas fa-minus\"><\/i><\/span>\n\t\t\t<span class='e-closed'><i aria-hidden=\"true\" class=\"fas fa-plus\"><\/i><\/span>\n\t\t<\/span>\n\n\t\t\t\t\t\t<\/summary>\n\t\t\t\t<div role=\"region\" aria-labelledby=\"e-n-accordion-item-1051\" class=\"elementor-element elementor-element-749b6d0 e-con-full e-flex cut-corner-no sticky-container-off e-con e-child\" data-id=\"749b6d0\" data-element_type=\"container\" data-e-type=\"container\">\n\t\t\t\t<div class=\"elementor-element elementor-element-899e573 elementor-widget elementor-widget-text-editor\" data-id=\"899e573\" data-element_type=\"widget\" data-e-type=\"widget\" data-widget_type=\"text-editor.default\">\n\t\t\t\t\t\t\t\t\t<p data-start=\"1814\" data-end=\"1842\">El equipo mide y registra:<\/p><ul data-start=\"1843\" data-end=\"2319\"><li data-start=\"1843\" data-end=\"1908\"><p data-start=\"1845\" data-end=\"1908\"><strong data-start=\"1845\" data-end=\"1906\">Tempos de operaci\u00f3n de contactos principales y auxiliares<\/strong><\/p><\/li><li data-start=\"1909\" data-end=\"1967\"><p data-start=\"1911\" data-end=\"1967\"><strong data-start=\"1911\" data-end=\"1965\">Sincronizaci\u00f3n de contactos y tiempos de secuencia<\/strong><\/p><\/li><li data-start=\"1968\" data-end=\"2017\"><p data-start=\"1970\" data-end=\"2017\"><strong data-start=\"1970\" data-end=\"2015\">Corrientes de bobina de apertura y cierre<\/strong><\/p><\/li><li data-start=\"2018\" data-end=\"2091\"><p data-start=\"2020\" data-end=\"2091\"><strong data-start=\"2020\" data-end=\"2089\">Resistencia de resistencias de pre-inserci\u00f3n (si est\u00e1n presentes)<\/strong><\/p><\/li><li data-start=\"2092\" data-end=\"2130\"><p data-start=\"2094\" data-end=\"2130\"><strong data-start=\"2094\" data-end=\"2128\">Tiempos de rebote de contactos<\/strong><\/p><\/li><li data-start=\"2131\" data-end=\"2319\"><p data-start=\"2133\" data-end=\"2319\"><strong data-start=\"2133\" data-end=\"2177\">Voltaje de bater\u00eda en corriente continua<\/strong><br data-start=\"2177\" data-end=\"2180\" \/>Estos datos se presentan tanto en formato <strong data-start=\"2222\" data-end=\"2247\">num\u00e9rico como gr\u00e1fico<\/strong> para facilitar el an\u00e1lisis local.<\/p><\/li><\/ul>\t\t\t\t\t\t\t\t<\/div>\n\t\t\t\t<\/div>\n\t\t\t\t\t<\/details>\n\t\t\t\t\t\t<details id=\"e-n-accordion-item-1052\" class=\"e-n-accordion-item\" >\n\t\t\t\t<summary class=\"e-n-accordion-item-title\" data-accordion-index=\"3\" tabindex=\"-1\" aria-expanded=\"false\" aria-controls=\"e-n-accordion-item-1052\" >\n\t\t\t\t\t<span class='e-n-accordion-item-title-header'><div class=\"e-n-accordion-item-title-text\"> \u00bfC\u00f3mo inicia el CAT-H las pruebas y qu\u00e9 modos operativos soporta? <\/div><\/span>\n\t\t\t\t\t\t\t<span class='e-n-accordion-item-title-icon'>\n\t\t\t<span class='e-opened' ><i aria-hidden=\"true\" class=\"fas fa-minus\"><\/i><\/span>\n\t\t\t<span class='e-closed'><i aria-hidden=\"true\" class=\"fas fa-plus\"><\/i><\/span>\n\t\t<\/span>\n\n\t\t\t\t\t\t<\/summary>\n\t\t\t\t<div role=\"region\" aria-labelledby=\"e-n-accordion-item-1052\" class=\"elementor-element elementor-element-260a89e e-con-full e-flex cut-corner-no sticky-container-off e-con e-child\" data-id=\"260a89e\" data-element_type=\"container\" data-e-type=\"container\">\n\t\t<div role=\"region\" aria-labelledby=\"e-n-accordion-item-1052\" class=\"elementor-element elementor-element-02fdf0a e-flex e-con-boxed cut-corner-no sticky-container-off e-con e-child\" data-id=\"02fdf0a\" data-element_type=\"container\" data-e-type=\"container\">\n\t\t\t\t\t<div class=\"e-con-inner\">\n\t\t\t\t<div class=\"elementor-element elementor-element-98fee68 elementor-widget elementor-widget-text-editor\" data-id=\"98fee68\" data-element_type=\"widget\" data-e-type=\"widget\" data-widget_type=\"text-editor.default\">\n\t\t\t\t\t\t\t\t\t<p data-start=\"2404\" data-end=\"2771\">Las pruebas pueden iniciarse mediante un <strong data-start=\"2445\" data-end=\"2478\">tiempo de retardo predefinido<\/strong> o por se\u00f1al externa desde abrazaderas de corriente conectadas a la bobina del interruptor, y el CAT-H soporta modos de operaci\u00f3n como <strong data-start=\"2613\" data-end=\"2683\">Apertura (O), Cierre (C), y secuencias de Apertura-Cierre-Apertura<\/strong> para evaluar diferentes condiciones de actuaci\u00f3n.<\/p>\t\t\t\t\t\t\t\t<\/div>\n\t\t\t\t\t<\/div>\n\t\t\t\t<\/div>\n\t\t\t\t<\/div>\n\t\t\t\t\t<\/details>\n\t\t\t\t\t\t<details id=\"e-n-accordion-item-1053\" class=\"e-n-accordion-item\" >\n\t\t\t\t<summary class=\"e-n-accordion-item-title\" data-accordion-index=\"4\" tabindex=\"-1\" aria-expanded=\"false\" aria-controls=\"e-n-accordion-item-1053\" >\n\t\t\t\t\t<span class='e-n-accordion-item-title-header'><div class=\"e-n-accordion-item-title-text\"> \u00bfQu\u00e9 ventajas ofrece la pantalla t\u00e1ctil y la presentaci\u00f3n gr\u00e1fica de resultados? <\/div><\/span>\n\t\t\t\t\t\t\t<span class='e-n-accordion-item-title-icon'>\n\t\t\t<span class='e-opened' ><i aria-hidden=\"true\" class=\"fas fa-minus\"><\/i><\/span>\n\t\t\t<span class='e-closed'><i aria-hidden=\"true\" class=\"fas fa-plus\"><\/i><\/span>\n\t\t<\/span>\n\n\t\t\t\t\t\t<\/summary>\n\t\t\t\t<div role=\"region\" aria-labelledby=\"e-n-accordion-item-1053\" class=\"elementor-element elementor-element-8c3211d e-flex e-con-boxed cut-corner-no sticky-container-off e-con e-child\" data-id=\"8c3211d\" data-element_type=\"container\" data-e-type=\"container\">\n\t\t\t\t\t<div class=\"e-con-inner\">\n\t\t\t\t<div class=\"elementor-element elementor-element-47c4f36 elementor-widget elementor-widget-text-editor\" data-id=\"47c4f36\" data-element_type=\"widget\" data-e-type=\"widget\" data-widget_type=\"text-editor.default\">\n\t\t\t\t\t\t\t\t\t<p>La <strong data-start=\"2874\" data-end=\"2917\">pantalla t\u00e1ctil a color de 5,7 pulgadas<\/strong> permite visualizar datos claros incluso a plena luz del d\u00eda, y la capacidad de superponer hasta <strong data-start=\"3014\" data-end=\"3038\">4 registros gr\u00e1ficos<\/strong> facilita el an\u00e1lisis comparativo in situ de m\u00faltiples ciclos de prueba o configuraciones, identificando comportamientos at\u00edpicos de los contactos o bobinas.<\/p>\t\t\t\t\t\t\t\t<\/div>\n\t\t\t\t\t<\/div>\n\t\t\t\t<\/div>\n\t\t\t\t\t<\/details>\n\t\t\t\t\t\t<details id=\"e-n-accordion-item-1054\" class=\"e-n-accordion-item\" >\n\t\t\t\t<summary class=\"e-n-accordion-item-title\" data-accordion-index=\"5\" tabindex=\"-1\" aria-expanded=\"false\" aria-controls=\"e-n-accordion-item-1054\" >\n\t\t\t\t\t<span class='e-n-accordion-item-title-header'><div class=\"e-n-accordion-item-title-text\"> \u00bfC\u00f3mo se exportan y analizan los resultados fuera de campo? <\/div><\/span>\n\t\t\t\t\t\t\t<span class='e-n-accordion-item-title-icon'>\n\t\t\t<span class='e-opened' ><i aria-hidden=\"true\" class=\"fas fa-minus\"><\/i><\/span>\n\t\t\t<span class='e-closed'><i aria-hidden=\"true\" class=\"fas fa-plus\"><\/i><\/span>\n\t\t<\/span>\n\n\t\t\t\t\t\t<\/summary>\n\t\t\t\t<div role=\"region\" aria-labelledby=\"e-n-accordion-item-1054\" class=\"elementor-element elementor-element-d945b0c e-flex e-con-boxed cut-corner-no sticky-container-off e-con e-child\" data-id=\"d945b0c\" data-element_type=\"container\" data-e-type=\"container\">\n\t\t\t\t\t<div class=\"e-con-inner\">\n\t\t\t\t<div class=\"elementor-element elementor-element-9d4d11f elementor-widget elementor-widget-text-editor\" data-id=\"9d4d11f\" data-element_type=\"widget\" data-e-type=\"widget\" data-widget_type=\"text-editor.default\">\n\t\t\t\t\t\t\t\t\t<p data-start=\"3312\" data-end=\"3612\">Los resultados de las pruebas pueden <strong data-start=\"3349\" data-end=\"3386\">descargarse por Bluetooth a un PC<\/strong> para un an\u00e1lisis m\u00e1s detallado utilizando el software <strong data-start=\"3441\" data-end=\"3451\">DV-Win<\/strong>, lo que permite generar informes completos, comparar tendencias y archivar datos de pruebas para mantenimiento predictivo.<\/p>\t\t\t\t\t\t\t\t<\/div>\n\t\t\t\t\t<\/div>\n\t\t\t\t<\/div>\n\t\t\t\t\t<\/details>\n\t\t\t\t\t<\/div>\n\t\t\t\t\t\t<\/div>\n\t\t\t\t\t<\/div>\n\t\t\t\t<\/div>\n\t\t<div class=\"elementor-element elementor-element-5c89774 e-flex e-con-boxed cut-corner-no sticky-container-off e-con e-parent\" data-id=\"5c89774\" data-element_type=\"container\" data-e-type=\"container\">\n\t\t\t\t\t<div class=\"e-con-inner\">\n\t\t<div class=\"elementor-element elementor-element-5d3a001 e-con-full e-flex cut-corner-no sticky-container-off e-con e-child\" data-id=\"5d3a001\" data-element_type=\"container\" data-e-type=\"container\">\n\t\t\t\t<div class=\"elementor-element elementor-element-07c689f elementor-widget-divider--view-line elementor-widget elementor-widget-divider\" data-id=\"07c689f\" data-element_type=\"widget\" data-e-type=\"widget\" data-widget_type=\"divider.default\">\n\t\t\t\t\t\t\t<div class=\"elementor-divider\">\n\t\t\t<span class=\"elementor-divider-separator\">\n\t\t\t\t\t\t<\/span>\n\t\t<\/div>\n\t\t\t\t\t\t<\/div>\n\t\t\t\t<div class=\"elementor-element elementor-element-e522bb6 elementor-widget elementor-widget-text-editor\" data-id=\"e522bb6\" data-element_type=\"widget\" data-e-type=\"widget\" data-widget_type=\"text-editor.default\">\n\t\t\t\t\t\t\t\t\t<p>Equipo disponible en:<\/p>\t\t\t\t\t\t\t\t<\/div>\n\t\t\t\t<\/div>\n\t\t\t\t\t<\/div>\n\t\t\t\t<\/div>\n\t\t<div class=\"elementor-element elementor-element-1226629 e-flex e-con-boxed cut-corner-no sticky-container-off e-con e-parent\" data-id=\"1226629\" data-element_type=\"container\" data-e-type=\"container\">\n\t\t\t\t\t<div class=\"e-con-inner\">\n\t\t<div class=\"elementor-element elementor-element-a178833 e-con-full e-flex cut-corner-no sticky-container-off e-con e-child\" data-id=\"a178833\" data-element_type=\"container\" data-e-type=\"container\">\n\t\t\t\t<div class=\"elementor-element elementor-element-21d5396 elementor-widget elementor-widget-image\" data-id=\"21d5396\" data-element_type=\"widget\" data-e-type=\"widget\" data-widget_type=\"image.default\">\n\t\t\t\t\t\t\t\t\t\t\t\t<figure class=\"wp-caption\">\n\t\t\t\t\t\t\t\t\t\t<img decoding=\"async\" width=\"262\" height=\"262\" src=\"https:\/\/tecnomedida.com\/wp-content\/uploads\/2026\/01\/Group-16.png\" class=\"attachment-medium size-medium wp-image-11379\" alt=\"\" srcset=\"https:\/\/tecnomedida.com\/wp-content\/uploads\/2026\/01\/Group-16.png 262w, https:\/\/tecnomedida.com\/wp-content\/uploads\/2026\/01\/Group-16-85x85.png 85w, https:\/\/tecnomedida.com\/wp-content\/uploads\/2026\/01\/Group-16-123x123.png 123w\" sizes=\"(max-width: 262px) 100vw, 262px\" \/>\t\t\t\t\t\t\t\t\t\t\t<figcaption class=\"widget-image-caption wp-caption-text\">Colombia<\/figcaption>\n\t\t\t\t\t\t\t\t\t\t<\/figure>\n\t\t\t\t\t\t\t\t\t<\/div>\n\t\t\t\t<\/div>\n\t\t<div class=\"elementor-element elementor-element-e82d33b e-con-full e-flex cut-corner-no sticky-container-off e-con e-child\" data-id=\"e82d33b\" data-element_type=\"container\" data-e-type=\"container\">\n\t\t\t\t<div class=\"elementor-element elementor-element-7c8a391 elementor-widget elementor-widget-image\" data-id=\"7c8a391\" data-element_type=\"widget\" data-e-type=\"widget\" data-widget_type=\"image.default\">\n\t\t\t\t\t\t\t\t\t\t\t\t<figure class=\"wp-caption\">\n\t\t\t\t\t\t\t\t\t\t<img decoding=\"async\" width=\"262\" height=\"262\" src=\"https:\/\/tecnomedida.com\/wp-content\/uploads\/2026\/01\/Group-17.png\" class=\"attachment-medium size-medium wp-image-11378\" alt=\"\" srcset=\"https:\/\/tecnomedida.com\/wp-content\/uploads\/2026\/01\/Group-17.png 262w, https:\/\/tecnomedida.com\/wp-content\/uploads\/2026\/01\/Group-17-85x85.png 85w, https:\/\/tecnomedida.com\/wp-content\/uploads\/2026\/01\/Group-17-123x123.png 123w\" sizes=\"(max-width: 262px) 100vw, 262px\" \/>\t\t\t\t\t\t\t\t\t\t\t<figcaption class=\"widget-image-caption wp-caption-text\">Venezuela<\/figcaption>\n\t\t\t\t\t\t\t\t\t\t<\/figure>\n\t\t\t\t\t\t\t\t\t<\/div>\n\t\t\t\t<\/div>\n\t\t<div class=\"elementor-element elementor-element-9e58f60 e-con-full e-flex cut-corner-no sticky-container-off e-con e-child\" data-id=\"9e58f60\" data-element_type=\"container\" data-e-type=\"container\">\n\t\t\t\t<div class=\"elementor-element elementor-element-8a2cf14 elementor-widget elementor-widget-image\" data-id=\"8a2cf14\" data-element_type=\"widget\" data-e-type=\"widget\" data-widget_type=\"image.default\">\n\t\t\t\t\t\t\t\t\t\t\t\t<figure class=\"wp-caption\">\n\t\t\t\t\t\t\t\t\t\t<img loading=\"lazy\" decoding=\"async\" width=\"262\" height=\"262\" src=\"https:\/\/tecnomedida.com\/wp-content\/uploads\/2026\/01\/Group-18.png\" class=\"attachment-medium size-medium wp-image-11377\" alt=\"\" srcset=\"https:\/\/tecnomedida.com\/wp-content\/uploads\/2026\/01\/Group-18.png 262w, https:\/\/tecnomedida.com\/wp-content\/uploads\/2026\/01\/Group-18-85x85.png 85w, https:\/\/tecnomedida.com\/wp-content\/uploads\/2026\/01\/Group-18-123x123.png 123w\" sizes=\"(max-width: 262px) 100vw, 262px\" \/>\t\t\t\t\t\t\t\t\t\t\t<figcaption class=\"widget-image-caption wp-caption-text\">Per\u00fa<\/figcaption>\n\t\t\t\t\t\t\t\t\t\t<\/figure>\n\t\t\t\t\t\t\t\t\t<\/div>\n\t\t\t\t<\/div>\n\t\t\t\t\t<\/div>\n\t\t\t\t<\/div>\n\t\t\t\t<\/div>","protected":false},"excerpt":{"rendered":"<p>Analizador port\u00e1til de interruptores autom\u00e1ticos DVPower CAT H, en subestaciones de baja, media y alta tensi\u00f3n o en entornos industriales.<\/p>\n<ul class=\"wp-block-list\">\n<li>Tiempos de funcionamiento de los contactos principales<\/li>\n<li>Sincronizaci\u00f3n de contactos.<\/li>\n<li>Tiempo de secuencia.<\/li>\n<li>Corriente de bobina abierta y cerrada.<\/li>\n<li>Tiempo de rebote de los contactos principales.<\/li>\n<\/ul>","protected":false},"featured_media":11515,"template":"","meta":{"content-type":"","_monsterinsights_skip_tracking":false,"_monsterinsights_sitenote_active":false,"_monsterinsights_sitenote_note":"","_monsterinsights_sitenote_category":0},"product_brand":[75],"product_cat":[90],"product_tag":[],"class_list":{"0":"post-11277","1":"product","2":"type-product","3":"status-publish","4":"has-post-thumbnail","6":"product_brand-dvpower","7":"product_cat-dvpower","9":"first","10":"onbackorder","11":"shipping-taxable","12":"product-type-simple"},"aioseo_notices":[],"_links":{"self":[{"href":"https:\/\/tecnomedida.com\/en\/wp-json\/wp\/v2\/product\/11277","targetHints":{"allow":["GET"]}}],"collection":[{"href":"https:\/\/tecnomedida.com\/en\/wp-json\/wp\/v2\/product"}],"about":[{"href":"https:\/\/tecnomedida.com\/en\/wp-json\/wp\/v2\/types\/product"}],"version-history":[{"count":5,"href":"https:\/\/tecnomedida.com\/en\/wp-json\/wp\/v2\/product\/11277\/revisions"}],"predecessor-version":[{"id":11521,"href":"https:\/\/tecnomedida.com\/en\/wp-json\/wp\/v2\/product\/11277\/revisions\/11521"}],"wp:featuredmedia":[{"embeddable":true,"href":"https:\/\/tecnomedida.com\/en\/wp-json\/wp\/v2\/media\/11515"}],"wp:attachment":[{"href":"https:\/\/tecnomedida.com\/en\/wp-json\/wp\/v2\/media?parent=11277"}],"wp:term":[{"taxonomy":"product_brand","embeddable":true,"href":"https:\/\/tecnomedida.com\/en\/wp-json\/wp\/v2\/product_brand?post=11277"},{"taxonomy":"product_cat","embeddable":true,"href":"https:\/\/tecnomedida.com\/en\/wp-json\/wp\/v2\/product_cat?post=11277"},{"taxonomy":"product_tag","embeddable":true,"href":"https:\/\/tecnomedida.com\/en\/wp-json\/wp\/v2\/product_tag?post=11277"}],"curies":[{"name":"wp","href":"https:\/\/api.w.org\/{rel}","templated":true}]}}