{"id":11273,"date":"2026-01-25T16:28:29","date_gmt":"2026-01-25T16:28:29","guid":{"rendered":"https:\/\/tecnomedida.com\/?post_type=product&#038;p=11273"},"modified":"2026-04-20T16:57:44","modified_gmt":"2026-04-20T16:57:44","slug":"baur-frida-vlf-td-pruebas-a-cables","status":"publish","type":"product","link":"https:\/\/tecnomedida.com\/en\/servicios\/alquiler-de-equipos\/baur-frida-vlf-td-pruebas-a-cables\/","title":{"rendered":"Baur FRIDA VLF TD Pruebas a Cables"},"content":{"rendered":"<div data-elementor-type=\"wp-post\" data-elementor-id=\"11273\" class=\"elementor elementor-11273\">\n\t\t\t\t<div class=\"elementor-element elementor-element-56318f9 e-flex e-con-boxed cut-corner-no sticky-container-off e-con e-parent\" data-id=\"56318f9\" data-element_type=\"container\" data-e-type=\"container\">\n\t\t\t\t\t<div class=\"e-con-inner\">\n\t\t<div class=\"elementor-element elementor-element-70d9ce7 e-con-full e-flex cut-corner-no sticky-container-off e-con e-child\" data-id=\"70d9ce7\" data-element_type=\"container\" data-e-type=\"container\">\n\t\t\t\t<div class=\"elementor-element elementor-element-6856ffdb elementor-widget elementor-widget-text-editor\" data-id=\"6856ffdb\" data-element_type=\"widget\" data-e-type=\"widget\" data-widget_type=\"text-editor.default\">\n\t\t\t\t\t\t\t\t\t<div>Caracter\u00edsticas principales<\/div>\t\t\t\t\t\t\t\t<\/div>\n\t\t\t\t<div class=\"elementor-element elementor-element-c5a3117 elementor-widget elementor-widget-text-editor\" data-id=\"c5a3117\" data-element_type=\"widget\" data-e-type=\"widget\" data-widget_type=\"text-editor.default\">\n\t\t\t\t\t\t\t\t\t<p>El <strong data-start=\"287\" data-end=\"304\">BAUR Frida TD<\/strong> es un equipo <strong data-start=\"318\" data-end=\"399\">port\u00e1til de alta tensi\u00f3n para ensayo y diagn\u00f3stico de cables de media tensi\u00f3n<\/strong> que combina funciones avanzadas de <strong data-start=\"435\" data-end=\"470\">ensayo VLF (Very Low Frequency)<\/strong> con medici\u00f3n integrada del <strong data-start=\"498\" data-end=\"530\">factor de disipaci\u00f3n (tan \u03b4)<\/strong> y el <strong data-start=\"536\" data-end=\"570\">Monitored Withstand Test (MWT)<\/strong> en una sola secuencia automatizada. Esto permite realizar tanto pruebas de resistencia diel\u00e9ctrica como diagn\u00f3sticos detallados del aislamiento en cables con aislamiento de pl\u00e1stico (PE\/XLPE) o papel impregnado, facilitando una evaluaci\u00f3n precisa del <strong data-start=\"822\" data-end=\"874\">estado del cable y su envejecimiento diel\u00e9ctrico<\/strong> en un solo proceso de medici\u00f3n. El Frida TD est\u00e1 optimizado para pruebas fuera de servicio en redes de media tensi\u00f3n hasta 20 kV, simplificando configuraciones de ensayo y reduciendo tiempos operativos sin sacrificar la calidad de los resultados.<\/p>\t\t\t\t\t\t\t\t<\/div>\n\t\t\t\t<\/div>\n\t\t<div class=\"elementor-element elementor-element-6903b4a e-con-full e-flex cut-corner-no sticky-container-off e-con e-child\" data-id=\"6903b4a\" data-element_type=\"container\" data-e-type=\"container\">\n\t\t\t\t<div class=\"elementor-element elementor-element-2024760 elementor-widget elementor-widget-image\" data-id=\"2024760\" data-element_type=\"widget\" data-e-type=\"widget\" data-widget_type=\"image.default\">\n\t\t\t\t\t\t\t\t\t\t\t\t\t\t\t<img fetchpriority=\"high\" decoding=\"async\" width=\"600\" height=\"799\" src=\"https:\/\/tecnomedida.com\/wp-content\/uploads\/2026\/01\/FridaTD.jpg\" class=\"attachment-large size-large wp-image-11505\" alt=\"\" \/>\t\t\t\t\t\t\t\t\t\t\t\t\t\t\t<\/div>\n\t\t\t\t<\/div>\n\t\t\t\t\t<\/div>\n\t\t\t\t<\/div>\n\t\t<div class=\"elementor-element elementor-element-377ec00e e-flex e-con-boxed cut-corner-no sticky-container-off e-con e-parent\" data-id=\"377ec00e\" data-element_type=\"container\" data-e-type=\"container\">\n\t\t\t\t\t<div class=\"e-con-inner\">\n\t\t\t\t<div class=\"elementor-element elementor-element-aa292fb elementor-widget elementor-widget-text-editor\" data-id=\"aa292fb\" data-element_type=\"widget\" data-e-type=\"widget\" data-widget_type=\"text-editor.default\">\n\t\t\t\t\t\t\t\t\t<p>Frequently asked questions<\/p>\t\t\t\t\t\t\t\t<\/div>\n\t\t\t\t\t<\/div>\n\t\t\t\t<\/div>\n\t\t<div class=\"elementor-element elementor-element-15a3cd2 e-flex e-con-boxed cut-corner-no sticky-container-off e-con e-parent\" data-id=\"15a3cd2\" data-element_type=\"container\" data-e-type=\"container\">\n\t\t\t\t\t<div class=\"e-con-inner\">\n\t\t\t\t<div class=\"elementor-element elementor-element-97338a2 elementor-widget elementor-widget-n-accordion\" data-id=\"97338a2\" data-element_type=\"widget\" data-e-type=\"widget\" data-settings=\"{&quot;default_state&quot;:&quot;expanded&quot;,&quot;max_items_expended&quot;:&quot;one&quot;,&quot;n_accordion_animation_duration&quot;:{&quot;unit&quot;:&quot;ms&quot;,&quot;size&quot;:400,&quot;sizes&quot;:[]}}\" data-widget_type=\"nested-accordion.default\">\n\t\t\t\t\t\t\t<div class=\"e-n-accordion\" aria-label=\"Accordion. Open links with Enter or Space, close with Escape, and navigate with Arrow Keys\">\n\t\t\t\t\t\t<details id=\"e-n-accordion-item-1580\" class=\"e-n-accordion-item\" open>\n\t\t\t\t<summary class=\"e-n-accordion-item-title\" data-accordion-index=\"1\" tabindex=\"0\" aria-expanded=\"true\" aria-controls=\"e-n-accordion-item-1580\" >\n\t\t\t\t\t<span class='e-n-accordion-item-title-header'><div class=\"e-n-accordion-item-title-text\"> \u00bfQu\u00e9 capacidades integra el BAUR Frida TD? <\/div><\/span>\n\t\t\t\t\t\t\t<span class='e-n-accordion-item-title-icon'>\n\t\t\t<span class='e-opened' ><i aria-hidden=\"true\" class=\"fas fa-minus\"><\/i><\/span>\n\t\t\t<span class='e-closed'><i aria-hidden=\"true\" class=\"fas fa-plus\"><\/i><\/span>\n\t\t<\/span>\n\n\t\t\t\t\t\t<\/summary>\n\t\t\t\t<div role=\"region\" aria-labelledby=\"e-n-accordion-item-1580\" class=\"elementor-element elementor-element-b37f61d e-con-full e-flex cut-corner-no sticky-container-off e-con e-child\" data-id=\"b37f61d\" data-element_type=\"container\" data-e-type=\"container\">\n\t\t<div role=\"region\" aria-labelledby=\"e-n-accordion-item-1580\" class=\"elementor-element elementor-element-b849c33 e-flex e-con-boxed cut-corner-no sticky-container-off e-con e-child\" data-id=\"b849c33\" data-element_type=\"container\" data-e-type=\"container\">\n\t\t\t\t\t<div class=\"e-con-inner\">\n\t\t\t\t<div class=\"elementor-element elementor-element-71d74f2 elementor-widget elementor-widget-text-editor\" data-id=\"71d74f2\" data-element_type=\"widget\" data-e-type=\"widget\" data-widget_type=\"text-editor.default\">\n\t\t\t\t\t\t\t\t\t<p data-start=\"1271\" data-end=\"1293\">El Frida TD integra:<\/p><ul data-start=\"1294\" data-end=\"1784\"><li data-start=\"1294\" data-end=\"1411\"><p data-start=\"1296\" data-end=\"1411\"><strong data-start=\"1296\" data-end=\"1310\">Ensayo VLF<\/strong> con tecnolog\u00eda truesinus\u00ae para aplicar tensi\u00f3n de prueba de baja frecuencia con m\u00ednima distorsi\u00f3n.<\/p><\/li><li data-start=\"1412\" data-end=\"1511\"><p data-start=\"1414\" data-end=\"1511\"><strong data-start=\"1414\" data-end=\"1461\">Diagn\u00f3stico de factor de disipaci\u00f3n (tan \u03b4)<\/strong> para evaluar el envejecimiento del aislamiento.<\/p><\/li><li data-start=\"1512\" data-end=\"1784\"><p data-start=\"1514\" data-end=\"1784\"><strong data-start=\"1514\" data-end=\"1548\">Monitored Withstand Test (MWT)<\/strong> que combina ensayo de resistencia diel\u00e9ctrica y medici\u00f3n de tan \u03b4 en un solo proceso automatizado.<br data-start=\"1647\" data-end=\"1650\" \/>Esto permite obtener resultados completos del estado del cable con una sola secuencia de prueba.<\/p><\/li><\/ul>\t\t\t\t\t\t\t\t<\/div>\n\t\t\t\t\t<\/div>\n\t\t\t\t<\/div>\n\t\t\t\t<\/div>\n\t\t\t\t\t<\/details>\n\t\t\t\t\t\t<details id=\"e-n-accordion-item-1581\" class=\"e-n-accordion-item\" >\n\t\t\t\t<summary class=\"e-n-accordion-item-title\" data-accordion-index=\"2\" tabindex=\"-1\" aria-expanded=\"false\" aria-controls=\"e-n-accordion-item-1581\" >\n\t\t\t\t\t<span class='e-n-accordion-item-title-header'><div class=\"e-n-accordion-item-title-text\"> \u00bfQu\u00e9 ventajas ofrece la tecnolog\u00eda VLF truesinus\u00ae en las pruebas? <\/div><\/span>\n\t\t\t\t\t\t\t<span class='e-n-accordion-item-title-icon'>\n\t\t\t<span class='e-opened' ><i aria-hidden=\"true\" class=\"fas fa-minus\"><\/i><\/span>\n\t\t\t<span class='e-closed'><i aria-hidden=\"true\" class=\"fas fa-plus\"><\/i><\/span>\n\t\t<\/span>\n\n\t\t\t\t\t\t<\/summary>\n\t\t\t\t<div role=\"region\" aria-labelledby=\"e-n-accordion-item-1581\" class=\"elementor-element elementor-element-190c433 e-con-full e-flex cut-corner-no sticky-container-off e-con e-child\" data-id=\"190c433\" data-element_type=\"container\" data-e-type=\"container\">\n\t\t\t\t<div class=\"elementor-element elementor-element-983b600 elementor-widget elementor-widget-text-editor\" data-id=\"983b600\" data-element_type=\"widget\" data-e-type=\"widget\" data-widget_type=\"text-editor.default\">\n\t\t\t\t\t\t\t\t\t<p data-start=\"1250\" data-end=\"1279\">La tecnolog\u00eda <strong data-start=\"1883\" data-end=\"1901\">VLF truesinus\u00ae<\/strong> genera una tensi\u00f3n sinusoidal de baja frecuencia con <strong data-start=\"1955\" data-end=\"2019\">baja distorsi\u00f3n y reproducibilidad independiente de la carga<\/strong>, lo que permite detectar fallas de aislamiento sin someter el cable a tensiones extremas que puedan deteriorar el material diel\u00e9ctrico durante la prueba.<\/p>\t\t\t\t\t\t\t\t<\/div>\n\t\t\t\t<\/div>\n\t\t\t\t\t<\/details>\n\t\t\t\t\t\t<details id=\"e-n-accordion-item-1582\" class=\"e-n-accordion-item\" >\n\t\t\t\t<summary class=\"e-n-accordion-item-title\" data-accordion-index=\"3\" tabindex=\"-1\" aria-expanded=\"false\" aria-controls=\"e-n-accordion-item-1582\" >\n\t\t\t\t\t<span class='e-n-accordion-item-title-header'><div class=\"e-n-accordion-item-title-text\"> \u00bfQu\u00e9 tipos de cables se pueden evaluar con el Frida TD? <\/div><\/span>\n\t\t\t\t\t\t\t<span class='e-n-accordion-item-title-icon'>\n\t\t\t<span class='e-opened' ><i aria-hidden=\"true\" class=\"fas fa-minus\"><\/i><\/span>\n\t\t\t<span class='e-closed'><i aria-hidden=\"true\" class=\"fas fa-plus\"><\/i><\/span>\n\t\t<\/span>\n\n\t\t\t\t\t\t<\/summary>\n\t\t\t\t<div role=\"region\" aria-labelledby=\"e-n-accordion-item-1582\" class=\"elementor-element elementor-element-3fa8998 e-con-full e-flex cut-corner-no sticky-container-off e-con e-child\" data-id=\"3fa8998\" data-element_type=\"container\" data-e-type=\"container\">\n\t\t<div role=\"region\" aria-labelledby=\"e-n-accordion-item-1582\" class=\"elementor-element elementor-element-d04a16a e-flex e-con-boxed cut-corner-no sticky-container-off e-con e-child\" data-id=\"d04a16a\" data-element_type=\"container\" data-e-type=\"container\">\n\t\t\t\t\t<div class=\"e-con-inner\">\n\t\t\t\t<div class=\"elementor-element elementor-element-48bdf59 elementor-widget elementor-widget-text-editor\" data-id=\"48bdf59\" data-element_type=\"widget\" data-e-type=\"widget\" data-widget_type=\"text-editor.default\">\n\t\t\t\t\t\t\t\t\t<p data-start=\"1896\" data-end=\"1996\">Este equipo es adecuado para pruebas diagn\u00f3sticas en <strong data-start=\"2339\" data-end=\"2404\">cables de media tensi\u00f3n con aislamiento de pl\u00e1stico (PE\/XLPE)<\/strong> y <strong data-start=\"2407\" data-end=\"2427\">papel impregnado<\/strong>, permitiendo diferenciar entre cables nuevos, da\u00f1ados de forma leve o con da\u00f1os avanzados como los provocados por \u201cwater trees\u201d.<\/p>\t\t\t\t\t\t\t\t<\/div>\n\t\t\t\t\t<\/div>\n\t\t\t\t<\/div>\n\t\t\t\t<\/div>\n\t\t\t\t\t<\/details>\n\t\t\t\t\t\t<details id=\"e-n-accordion-item-1583\" class=\"e-n-accordion-item\" >\n\t\t\t\t<summary class=\"e-n-accordion-item-title\" data-accordion-index=\"4\" tabindex=\"-1\" aria-expanded=\"false\" aria-controls=\"e-n-accordion-item-1583\" >\n\t\t\t\t\t<span class='e-n-accordion-item-title-header'><div class=\"e-n-accordion-item-title-text\"> \u00bfC\u00f3mo mejora el factor de disipaci\u00f3n (tan \u03b4) el diagn\u00f3stico del aislamiento? <\/div><\/span>\n\t\t\t\t\t\t\t<span class='e-n-accordion-item-title-icon'>\n\t\t\t<span class='e-opened' ><i aria-hidden=\"true\" class=\"fas fa-minus\"><\/i><\/span>\n\t\t\t<span class='e-closed'><i aria-hidden=\"true\" class=\"fas fa-plus\"><\/i><\/span>\n\t\t<\/span>\n\n\t\t\t\t\t\t<\/summary>\n\t\t\t\t<div role=\"region\" aria-labelledby=\"e-n-accordion-item-1583\" class=\"elementor-element elementor-element-bc51347 e-flex e-con-boxed cut-corner-no sticky-container-off e-con e-child\" data-id=\"bc51347\" data-element_type=\"container\" data-e-type=\"container\">\n\t\t\t\t\t<div class=\"e-con-inner\">\n\t\t\t\t<div class=\"elementor-element elementor-element-b914065 elementor-widget elementor-widget-text-editor\" data-id=\"b914065\" data-element_type=\"widget\" data-e-type=\"widget\" data-widget_type=\"text-editor.default\">\n\t\t\t\t\t\t\t\t\t<p>La medici\u00f3n del <strong data-start=\"2706\" data-end=\"2738\">factor de disipaci\u00f3n (tan \u03b4)<\/strong> proporciona informaci\u00f3n detallada sobre el deterioro del aislamiento diel\u00e9ctrico que no siempre se evidencia con una simple prueba de tensi\u00f3n. Valores de tan \u03b4 m\u00e1s altos pueden indicar envejecimiento, humedad o degradaci\u00f3n interna, lo que permite priorizar acciones de mantenimiento antes de fallas catastr\u00f3ficas.<\/p>\t\t\t\t\t\t\t\t<\/div>\n\t\t\t\t\t<\/div>\n\t\t\t\t<\/div>\n\t\t\t\t\t<\/details>\n\t\t\t\t\t\t<details id=\"e-n-accordion-item-1584\" class=\"e-n-accordion-item\" >\n\t\t\t\t<summary class=\"e-n-accordion-item-title\" data-accordion-index=\"5\" tabindex=\"-1\" aria-expanded=\"false\" aria-controls=\"e-n-accordion-item-1584\" >\n\t\t\t\t\t<span class='e-n-accordion-item-title-header'><div class=\"e-n-accordion-item-title-text\"> \u00bfQu\u00e9 beneficios ofrece la automatizaci\u00f3n de pruebas y diagn\u00f3sticos? <\/div><\/span>\n\t\t\t\t\t\t\t<span class='e-n-accordion-item-title-icon'>\n\t\t\t<span class='e-opened' ><i aria-hidden=\"true\" class=\"fas fa-minus\"><\/i><\/span>\n\t\t\t<span class='e-closed'><i aria-hidden=\"true\" class=\"fas fa-plus\"><\/i><\/span>\n\t\t<\/span>\n\n\t\t\t\t\t\t<\/summary>\n\t\t\t\t<div role=\"region\" aria-labelledby=\"e-n-accordion-item-1584\" class=\"elementor-element elementor-element-4b92ba5 e-flex e-con-boxed cut-corner-no sticky-container-off e-con e-child\" data-id=\"4b92ba5\" data-element_type=\"container\" data-e-type=\"container\">\n\t\t\t\t\t<div class=\"e-con-inner\">\n\t\t\t\t<div class=\"elementor-element elementor-element-cb37a27 elementor-widget elementor-widget-text-editor\" data-id=\"cb37a27\" data-element_type=\"widget\" data-e-type=\"widget\" data-widget_type=\"text-editor.default\">\n\t\t\t\t\t\t\t\t\t<p data-start=\"3227\" data-end=\"3308\">Las <strong data-start=\"3181\" data-end=\"3231\">secuencias autom\u00e1ticas de prueba y diagn\u00f3stico<\/strong> del Frida TD reducen el error humano y el tiempo de operaci\u00f3n al ejecutar ensayos repetibles y consistentes sin necesidad de intervenci\u00f3n manual entre mediciones. Esto <strong data-start=\"3400\" data-end=\"3486\">optimiza la eficiencia del proceso de medici\u00f3n y an\u00e1lisis del estado de los cables<\/strong> en campo.<\/p>\t\t\t\t\t\t\t\t<\/div>\n\t\t\t\t\t<\/div>\n\t\t\t\t<\/div>\n\t\t\t\t\t<\/details>\n\t\t\t\t\t<\/div>\n\t\t\t\t\t\t<\/div>\n\t\t\t\t\t<\/div>\n\t\t\t\t<\/div>\n\t\t<div class=\"elementor-element elementor-element-8fdf115 e-flex e-con-boxed cut-corner-no sticky-container-off e-con e-parent\" data-id=\"8fdf115\" data-element_type=\"container\" data-e-type=\"container\">\n\t\t\t\t\t<div class=\"e-con-inner\">\n\t\t<div class=\"elementor-element elementor-element-d15d326 e-con-full e-flex cut-corner-no sticky-container-off e-con e-child\" data-id=\"d15d326\" data-element_type=\"container\" data-e-type=\"container\">\n\t\t\t\t<div class=\"elementor-element elementor-element-386d244 elementor-widget-divider--view-line elementor-widget elementor-widget-divider\" data-id=\"386d244\" data-element_type=\"widget\" data-e-type=\"widget\" data-widget_type=\"divider.default\">\n\t\t\t\t\t\t\t<div class=\"elementor-divider\">\n\t\t\t<span class=\"elementor-divider-separator\">\n\t\t\t\t\t\t<\/span>\n\t\t<\/div>\n\t\t\t\t\t\t<\/div>\n\t\t\t\t<div class=\"elementor-element elementor-element-d8efcad elementor-widget elementor-widget-text-editor\" data-id=\"d8efcad\" data-element_type=\"widget\" data-e-type=\"widget\" data-widget_type=\"text-editor.default\">\n\t\t\t\t\t\t\t\t\t<p>Equipo disponible en:<\/p>\t\t\t\t\t\t\t\t<\/div>\n\t\t\t\t<\/div>\n\t\t\t\t\t<\/div>\n\t\t\t\t<\/div>\n\t\t<div class=\"elementor-element elementor-element-c9be3bd e-flex e-con-boxed cut-corner-no sticky-container-off e-con e-parent\" data-id=\"c9be3bd\" data-element_type=\"container\" data-e-type=\"container\">\n\t\t\t\t\t<div class=\"e-con-inner\">\n\t\t<div class=\"elementor-element elementor-element-88d82b7 e-con-full e-flex cut-corner-no sticky-container-off e-con e-child\" data-id=\"88d82b7\" data-element_type=\"container\" data-e-type=\"container\">\n\t\t\t\t<div class=\"elementor-element elementor-element-ccace41 elementor-widget elementor-widget-image\" data-id=\"ccace41\" data-element_type=\"widget\" data-e-type=\"widget\" data-widget_type=\"image.default\">\n\t\t\t\t\t\t\t\t\t\t\t\t<figure class=\"wp-caption\">\n\t\t\t\t\t\t\t\t\t\t<img decoding=\"async\" width=\"262\" height=\"262\" src=\"https:\/\/tecnomedida.com\/wp-content\/uploads\/2026\/01\/Group-16.png\" class=\"attachment-medium size-medium wp-image-11379\" alt=\"\" srcset=\"https:\/\/tecnomedida.com\/wp-content\/uploads\/2026\/01\/Group-16.png 262w, https:\/\/tecnomedida.com\/wp-content\/uploads\/2026\/01\/Group-16-85x85.png 85w, https:\/\/tecnomedida.com\/wp-content\/uploads\/2026\/01\/Group-16-123x123.png 123w\" sizes=\"(max-width: 262px) 100vw, 262px\" \/>\t\t\t\t\t\t\t\t\t\t\t<figcaption class=\"widget-image-caption wp-caption-text\">Colombia<\/figcaption>\n\t\t\t\t\t\t\t\t\t\t<\/figure>\n\t\t\t\t\t\t\t\t\t<\/div>\n\t\t\t\t<\/div>\n\t\t<div class=\"elementor-element elementor-element-fd648e8 e-con-full e-flex cut-corner-no sticky-container-off e-con e-child\" data-id=\"fd648e8\" data-element_type=\"container\" data-e-type=\"container\">\n\t\t\t\t<div class=\"elementor-element elementor-element-71da397 elementor-widget elementor-widget-image\" data-id=\"71da397\" data-element_type=\"widget\" data-e-type=\"widget\" data-widget_type=\"image.default\">\n\t\t\t\t\t\t\t\t\t\t\t\t<figure class=\"wp-caption\">\n\t\t\t\t\t\t\t\t\t\t<img decoding=\"async\" width=\"262\" height=\"262\" src=\"https:\/\/tecnomedida.com\/wp-content\/uploads\/2026\/01\/Group-17.png\" class=\"attachment-medium size-medium wp-image-11378\" alt=\"\" srcset=\"https:\/\/tecnomedida.com\/wp-content\/uploads\/2026\/01\/Group-17.png 262w, https:\/\/tecnomedida.com\/wp-content\/uploads\/2026\/01\/Group-17-85x85.png 85w, https:\/\/tecnomedida.com\/wp-content\/uploads\/2026\/01\/Group-17-123x123.png 123w\" sizes=\"(max-width: 262px) 100vw, 262px\" \/>\t\t\t\t\t\t\t\t\t\t\t<figcaption class=\"widget-image-caption wp-caption-text\">Venezuela<\/figcaption>\n\t\t\t\t\t\t\t\t\t\t<\/figure>\n\t\t\t\t\t\t\t\t\t<\/div>\n\t\t\t\t<\/div>\n\t\t<div class=\"elementor-element elementor-element-7edfec1 e-con-full e-flex cut-corner-no sticky-container-off e-con e-child\" data-id=\"7edfec1\" data-element_type=\"container\" data-e-type=\"container\">\n\t\t\t\t<div class=\"elementor-element elementor-element-164d95e elementor-widget elementor-widget-image\" data-id=\"164d95e\" data-element_type=\"widget\" data-e-type=\"widget\" data-widget_type=\"image.default\">\n\t\t\t\t\t\t\t\t\t\t\t\t<figure class=\"wp-caption\">\n\t\t\t\t\t\t\t\t\t\t<img loading=\"lazy\" decoding=\"async\" width=\"262\" height=\"262\" src=\"https:\/\/tecnomedida.com\/wp-content\/uploads\/2026\/01\/Group-18.png\" class=\"attachment-medium size-medium wp-image-11377\" alt=\"\" srcset=\"https:\/\/tecnomedida.com\/wp-content\/uploads\/2026\/01\/Group-18.png 262w, https:\/\/tecnomedida.com\/wp-content\/uploads\/2026\/01\/Group-18-85x85.png 85w, https:\/\/tecnomedida.com\/wp-content\/uploads\/2026\/01\/Group-18-123x123.png 123w\" sizes=\"(max-width: 262px) 100vw, 262px\" \/>\t\t\t\t\t\t\t\t\t\t\t<figcaption class=\"widget-image-caption wp-caption-text\">Per\u00fa<\/figcaption>\n\t\t\t\t\t\t\t\t\t\t<\/figure>\n\t\t\t\t\t\t\t\t\t<\/div>\n\t\t\t\t<\/div>\n\t\t\t\t\t<\/div>\n\t\t\t\t<\/div>\n\t\t\t\t<\/div>","protected":false},"excerpt":{"rendered":"<p>Ensayos de cables y cubiertas de cables en cables de media tensi\u00f3n de hasta 24 kV y en materiales de servicio el\u00e9ctrico con\u00a0el diagn\u00f3stico de tan delta. Equipo de diagn\u00f3stico VLF + TD (Tangente Delta). Se puede combinar con DP Descargas Parciales.<br \/>\nPermite averiguar el estado del cable de manera precisa y sin deteriorarlo.<\/p>","protected":false},"featured_media":11503,"template":"","meta":{"content-type":"","_monsterinsights_skip_tracking":false,"_monsterinsights_sitenote_active":false,"_monsterinsights_sitenote_note":"","_monsterinsights_sitenote_category":0},"product_brand":[76],"product_cat":[86,84],"product_tag":[],"class_list":{"0":"post-11273","1":"product","2":"type-product","3":"status-publish","4":"has-post-thumbnail","6":"product_brand-baur","7":"product_cat-baur","8":"product_cat-top-rated-products","10":"first","11":"onbackorder","12":"featured","13":"shipping-taxable","14":"product-type-simple"},"aioseo_notices":[],"_links":{"self":[{"href":"https:\/\/tecnomedida.com\/en\/wp-json\/wp\/v2\/product\/11273","targetHints":{"allow":["GET"]}}],"collection":[{"href":"https:\/\/tecnomedida.com\/en\/wp-json\/wp\/v2\/product"}],"about":[{"href":"https:\/\/tecnomedida.com\/en\/wp-json\/wp\/v2\/types\/product"}],"version-history":[{"count":10,"href":"https:\/\/tecnomedida.com\/en\/wp-json\/wp\/v2\/product\/11273\/revisions"}],"predecessor-version":[{"id":12054,"href":"https:\/\/tecnomedida.com\/en\/wp-json\/wp\/v2\/product\/11273\/revisions\/12054"}],"wp:featuredmedia":[{"embeddable":true,"href":"https:\/\/tecnomedida.com\/en\/wp-json\/wp\/v2\/media\/11503"}],"wp:attachment":[{"href":"https:\/\/tecnomedida.com\/en\/wp-json\/wp\/v2\/media?parent=11273"}],"wp:term":[{"taxonomy":"product_brand","embeddable":true,"href":"https:\/\/tecnomedida.com\/en\/wp-json\/wp\/v2\/product_brand?post=11273"},{"taxonomy":"product_cat","embeddable":true,"href":"https:\/\/tecnomedida.com\/en\/wp-json\/wp\/v2\/product_cat?post=11273"},{"taxonomy":"product_tag","embeddable":true,"href":"https:\/\/tecnomedida.com\/en\/wp-json\/wp\/v2\/product_tag?post=11273"}],"curies":[{"name":"wp","href":"https:\/\/api.w.org\/{rel}","templated":true}]}}