{"id":11271,"date":"2026-01-25T16:28:03","date_gmt":"2026-01-25T16:28:03","guid":{"rendered":"https:\/\/tecnomedida.com\/?post_type=product&#038;p=11271"},"modified":"2026-04-20T16:57:52","modified_gmt":"2026-04-20T16:57:52","slug":"baur-viola-vlf-td","status":"publish","type":"product","link":"https:\/\/tecnomedida.com\/en\/servicios\/alquiler-de-equipos\/baur-viola-vlf-td\/","title":{"rendered":"BAUR VIOLA VLF + TD"},"content":{"rendered":"<div data-elementor-type=\"wp-post\" data-elementor-id=\"11271\" class=\"elementor elementor-11271\">\n\t\t\t\t<div class=\"elementor-element elementor-element-56318f9 e-flex e-con-boxed cut-corner-no sticky-container-off e-con e-parent\" data-id=\"56318f9\" data-element_type=\"container\" data-e-type=\"container\">\n\t\t\t\t\t<div class=\"e-con-inner\">\n\t\t<div class=\"elementor-element elementor-element-70d9ce7 e-con-full e-flex cut-corner-no sticky-container-off e-con e-child\" data-id=\"70d9ce7\" data-element_type=\"container\" data-e-type=\"container\">\n\t\t\t\t<div class=\"elementor-element elementor-element-6856ffdb elementor-widget elementor-widget-text-editor\" data-id=\"6856ffdb\" data-element_type=\"widget\" data-e-type=\"widget\" data-widget_type=\"text-editor.default\">\n\t\t\t\t\t\t\t\t\t<div>Caracter\u00edsticas principales<\/div>\t\t\t\t\t\t\t\t<\/div>\n\t\t\t\t<div class=\"elementor-element elementor-element-c5a3117 elementor-widget elementor-widget-text-editor\" data-id=\"c5a3117\" data-element_type=\"widget\" data-e-type=\"widget\" data-widget_type=\"text-editor.default\">\n\t\t\t\t\t\t\t\t\t<p>El <strong data-start=\"398\" data-end=\"415\">BAUR VIOLA TD<\/strong> es un <strong data-start=\"422\" data-end=\"492\">equipo port\u00e1til de ensayo y diagn\u00f3stico de cables de media tensi\u00f3n<\/strong> que combina capacidades de <strong data-start=\"520\" data-end=\"555\">ensayo VLF (Very Low Frequency)<\/strong> con una <strong data-start=\"564\" data-end=\"618\">medici\u00f3n integrada de factor de disipaci\u00f3n (tan \u03b4)<\/strong> y pruebas monitorizadas de tensi\u00f3n soportada (<em data-start=\"665\" data-end=\"697\">Monitored Withstand Test \u2013 MWT<\/em>). Esta combinaci\u00f3n permite realizar de forma <strong data-start=\"743\" data-end=\"774\">autom\u00e1tica y no destructiva<\/strong> tanto el ensayo de aislamiento como el diagn\u00f3stico del estado del material diel\u00e9ctrico en cables y cubiertas hasta 35 kV, proporcionando una evaluaci\u00f3n completa del estado del aislamiento sin necesidad de equipos adicionales. El VIOLA TD utiliza tecnolog\u00eda de tensi\u00f3n VLF truesinus\u00ae para generar altos voltajes de prueba reproducibles con baja distorsi\u00f3n, y secuencias autom\u00e1ticas que simplifican la configuraci\u00f3n de pruebas, reducen el tiempo de ensayo y mejoran la consistencia de resultados.<\/p>\t\t\t\t\t\t\t\t<\/div>\n\t\t\t\t<\/div>\n\t\t<div class=\"elementor-element elementor-element-6903b4a e-con-full e-flex cut-corner-no sticky-container-off e-con e-child\" data-id=\"6903b4a\" data-element_type=\"container\" data-e-type=\"container\">\n\t\t\t\t<div class=\"elementor-element elementor-element-2024760 elementor-widget elementor-widget-image\" data-id=\"2024760\" data-element_type=\"widget\" data-e-type=\"widget\" data-widget_type=\"image.default\">\n\t\t\t\t\t\t\t\t\t\t\t\t\t\t\t<img fetchpriority=\"high\" decoding=\"async\" width=\"1020\" height=\"736\" src=\"https:\/\/tecnomedida.com\/wp-content\/uploads\/2026\/01\/ViolaVLF-1020x736.avif\" class=\"attachment-large size-large wp-image-11493\" alt=\"\" \/>\t\t\t\t\t\t\t\t\t\t\t\t\t\t\t<\/div>\n\t\t\t\t<\/div>\n\t\t\t\t\t<\/div>\n\t\t\t\t<\/div>\n\t\t<div class=\"elementor-element elementor-element-377ec00e e-flex e-con-boxed cut-corner-no sticky-container-off e-con e-parent\" data-id=\"377ec00e\" data-element_type=\"container\" data-e-type=\"container\">\n\t\t\t\t\t<div class=\"e-con-inner\">\n\t\t\t\t<div class=\"elementor-element elementor-element-aa292fb elementor-widget elementor-widget-text-editor\" data-id=\"aa292fb\" data-element_type=\"widget\" data-e-type=\"widget\" data-widget_type=\"text-editor.default\">\n\t\t\t\t\t\t\t\t\t<p>Frequently asked questions<\/p>\t\t\t\t\t\t\t\t<\/div>\n\t\t\t\t\t<\/div>\n\t\t\t\t<\/div>\n\t\t<div class=\"elementor-element elementor-element-bb142b5 e-flex e-con-boxed cut-corner-no sticky-container-off e-con e-parent\" data-id=\"bb142b5\" data-element_type=\"container\" data-e-type=\"container\">\n\t\t\t\t\t<div class=\"e-con-inner\">\n\t\t\t\t<div class=\"elementor-element elementor-element-caaa7fc elementor-widget elementor-widget-n-accordion\" data-id=\"caaa7fc\" data-element_type=\"widget\" data-e-type=\"widget\" data-settings=\"{&quot;default_state&quot;:&quot;expanded&quot;,&quot;max_items_expended&quot;:&quot;one&quot;,&quot;n_accordion_animation_duration&quot;:{&quot;unit&quot;:&quot;ms&quot;,&quot;size&quot;:400,&quot;sizes&quot;:[]}}\" data-widget_type=\"nested-accordion.default\">\n\t\t\t\t\t\t\t<div class=\"e-n-accordion\" aria-label=\"Accordion. Open links with Enter or Space, close with Escape, and navigate with Arrow Keys\">\n\t\t\t\t\t\t<details id=\"e-n-accordion-item-2120\" class=\"e-n-accordion-item\" open>\n\t\t\t\t<summary class=\"e-n-accordion-item-title\" data-accordion-index=\"1\" tabindex=\"0\" aria-expanded=\"true\" aria-controls=\"e-n-accordion-item-2120\" >\n\t\t\t\t\t<span class='e-n-accordion-item-title-header'><div class=\"e-n-accordion-item-title-text\"> \u00bfQu\u00e9 funciones integra el BAUR VIOLA TD? <\/div><\/span>\n\t\t\t\t\t\t\t<span class='e-n-accordion-item-title-icon'>\n\t\t\t<span class='e-opened' ><i aria-hidden=\"true\" class=\"fas fa-minus\"><\/i><\/span>\n\t\t\t<span class='e-closed'><i aria-hidden=\"true\" class=\"fas fa-plus\"><\/i><\/span>\n\t\t<\/span>\n\n\t\t\t\t\t\t<\/summary>\n\t\t\t\t<div role=\"region\" aria-labelledby=\"e-n-accordion-item-2120\" class=\"elementor-element elementor-element-4dd03c8 e-con-full e-flex cut-corner-no sticky-container-off e-con e-child\" data-id=\"4dd03c8\" data-element_type=\"container\" data-e-type=\"container\">\n\t\t<div role=\"region\" aria-labelledby=\"e-n-accordion-item-2120\" class=\"elementor-element elementor-element-d0e094b e-flex e-con-boxed cut-corner-no sticky-container-off e-con e-child\" data-id=\"d0e094b\" data-element_type=\"container\" data-e-type=\"container\">\n\t\t\t\t\t<div class=\"e-con-inner\">\n\t\t\t\t<div class=\"elementor-element elementor-element-ff0a9b0 elementor-widget elementor-widget-text-editor\" data-id=\"ff0a9b0\" data-element_type=\"widget\" data-e-type=\"widget\" data-widget_type=\"text-editor.default\">\n\t\t\t\t\t\t\t\t\t<p>El VIOLA TD combina tres capacidades clave en un solo dispositivo: <strong data-start=\"1484\" data-end=\"1670\">ensayo VLF (Very Low Frequency) de cables aislados de media tensi\u00f3n, diagn\u00f3stico de factor de disipaci\u00f3n (tan \u03b4) y Monitored Withstand Test (prueba de tensi\u00f3n soportada monitorizada)<\/strong>, proporcionando una evaluaci\u00f3n completa del estado del aislamiento del cable.<\/p>\t\t\t\t\t\t\t\t<\/div>\n\t\t\t\t\t<\/div>\n\t\t\t\t<\/div>\n\t\t\t\t<\/div>\n\t\t\t\t\t<\/details>\n\t\t\t\t\t\t<details id=\"e-n-accordion-item-2121\" class=\"e-n-accordion-item\" >\n\t\t\t\t<summary class=\"e-n-accordion-item-title\" data-accordion-index=\"2\" tabindex=\"-1\" aria-expanded=\"false\" aria-controls=\"e-n-accordion-item-2121\" >\n\t\t\t\t\t<span class='e-n-accordion-item-title-header'><div class=\"e-n-accordion-item-title-text\"> \u00bfQu\u00e9 ventajas ofrece la tecnolog\u00eda VLF truesinus\u00ae en las mediciones? <\/div><\/span>\n\t\t\t\t\t\t\t<span class='e-n-accordion-item-title-icon'>\n\t\t\t<span class='e-opened' ><i aria-hidden=\"true\" class=\"fas fa-minus\"><\/i><\/span>\n\t\t\t<span class='e-closed'><i aria-hidden=\"true\" class=\"fas fa-plus\"><\/i><\/span>\n\t\t<\/span>\n\n\t\t\t\t\t\t<\/summary>\n\t\t\t\t<div role=\"region\" aria-labelledby=\"e-n-accordion-item-2121\" class=\"elementor-element elementor-element-a079571 e-con-full e-flex cut-corner-no sticky-container-off e-con e-child\" data-id=\"a079571\" data-element_type=\"container\" data-e-type=\"container\">\n\t\t\t\t<div class=\"elementor-element elementor-element-f63c8e5 elementor-widget elementor-widget-text-editor\" data-id=\"f63c8e5\" data-element_type=\"widget\" data-e-type=\"widget\" data-widget_type=\"text-editor.default\">\n\t\t\t\t\t\t\t\t\t<p data-start=\"1874\" data-end=\"2226\">La tecnolog\u00eda <strong data-start=\"1888\" data-end=\"1906\">VLF truesinus\u00ae<\/strong> genera una <strong data-start=\"1918\" data-end=\"1990\">forma de tensi\u00f3n sinusoidal de baja frecuencia con m\u00ednima distorsi\u00f3n<\/strong> que permite obtener una alta tensi\u00f3n de prueba reproducible e independiente de la carga, ideal para evaluar cables de media tensi\u00f3n sin someterlos a tensiones perturbadoras ni da\u00f1ar el aislamiento.<\/p>\t\t\t\t\t\t\t\t<\/div>\n\t\t\t\t<\/div>\n\t\t\t\t\t<\/details>\n\t\t\t\t\t\t<details id=\"e-n-accordion-item-2122\" class=\"e-n-accordion-item\" >\n\t\t\t\t<summary class=\"e-n-accordion-item-title\" data-accordion-index=\"3\" tabindex=\"-1\" aria-expanded=\"false\" aria-controls=\"e-n-accordion-item-2122\" >\n\t\t\t\t\t<span class='e-n-accordion-item-title-header'><div class=\"e-n-accordion-item-title-text\"> \u00bfQu\u00e9 rango de tensi\u00f3n y cables soporta el VIOLA TD? <\/div><\/span>\n\t\t\t\t\t\t\t<span class='e-n-accordion-item-title-icon'>\n\t\t\t<span class='e-opened' ><i aria-hidden=\"true\" class=\"fas fa-minus\"><\/i><\/span>\n\t\t\t<span class='e-closed'><i aria-hidden=\"true\" class=\"fas fa-plus\"><\/i><\/span>\n\t\t<\/span>\n\n\t\t\t\t\t\t<\/summary>\n\t\t\t\t<div role=\"region\" aria-labelledby=\"e-n-accordion-item-2122\" class=\"elementor-element elementor-element-ebf84cc e-con-full e-flex cut-corner-no sticky-container-off e-con e-child\" data-id=\"ebf84cc\" data-element_type=\"container\" data-e-type=\"container\">\n\t\t<div role=\"region\" aria-labelledby=\"e-n-accordion-item-2122\" class=\"elementor-element elementor-element-ae3ed7f e-flex e-con-boxed cut-corner-no sticky-container-off e-con e-child\" data-id=\"ae3ed7f\" data-element_type=\"container\" data-e-type=\"container\">\n\t\t\t\t\t<div class=\"e-con-inner\">\n\t\t\t\t<div class=\"elementor-element elementor-element-7e45ef8 elementor-widget elementor-widget-text-editor\" data-id=\"7e45ef8\" data-element_type=\"widget\" data-e-type=\"widget\" data-widget_type=\"text-editor.default\">\n\t\t\t\t\t\t\t\t\t<p data-start=\"2297\" data-end=\"2621\">El equipo es adecuado para <strong data-start=\"2324\" data-end=\"2407\">ensayos en cables y cubiertas de cables el\u00e9ctricos de media tensi\u00f3n hasta 35 kV<\/strong>, con una tensi\u00f3n m\u00e1xima de prueba de aproximadamente <strong data-start=\"2461\" data-end=\"2487\">44 kV rms (62 kV pico)<\/strong>, permitiendo evaluar tanto cables como materiales aislantes en una amplia gama de aplicaciones.<\/p>\t\t\t\t\t\t\t\t<\/div>\n\t\t\t\t\t<\/div>\n\t\t\t\t<\/div>\n\t\t\t\t<\/div>\n\t\t\t\t\t<\/details>\n\t\t\t\t\t\t<details id=\"e-n-accordion-item-2123\" class=\"e-n-accordion-item\" >\n\t\t\t\t<summary class=\"e-n-accordion-item-title\" data-accordion-index=\"4\" tabindex=\"-1\" aria-expanded=\"false\" aria-controls=\"e-n-accordion-item-2123\" >\n\t\t\t\t\t<span class='e-n-accordion-item-title-header'><div class=\"e-n-accordion-item-title-text\"> \u00bfC\u00f3mo mejora el diagn\u00f3stico del aislamiento el uso del factor de disipaci\u00f3n? <\/div><\/span>\n\t\t\t\t\t\t\t<span class='e-n-accordion-item-title-icon'>\n\t\t\t<span class='e-opened' ><i aria-hidden=\"true\" class=\"fas fa-minus\"><\/i><\/span>\n\t\t\t<span class='e-closed'><i aria-hidden=\"true\" class=\"fas fa-plus\"><\/i><\/span>\n\t\t<\/span>\n\n\t\t\t\t\t\t<\/summary>\n\t\t\t\t<div role=\"region\" aria-labelledby=\"e-n-accordion-item-2123\" class=\"elementor-element elementor-element-455a970 e-flex e-con-boxed cut-corner-no sticky-container-off e-con e-child\" data-id=\"455a970\" data-element_type=\"container\" data-e-type=\"container\">\n\t\t\t\t\t<div class=\"e-con-inner\">\n\t\t\t\t<div class=\"elementor-element elementor-element-06fa1a7 elementor-widget elementor-widget-text-editor\" data-id=\"06fa1a7\" data-element_type=\"widget\" data-e-type=\"widget\" data-widget_type=\"text-editor.default\">\n\t\t\t\t\t\t\t\t\t<p data-start=\"2717\" data-end=\"3136\">La medici\u00f3n de <strong data-start=\"2732\" data-end=\"2764\">factor de disipaci\u00f3n (tan \u03b4)<\/strong> proporciona informaci\u00f3n sobre el <strong data-start=\"2798\" data-end=\"2860\">estado f\u00edsico y envejecimiento del aislamiento diel\u00e9ctrico<\/strong>, ya que valores m\u00e1s altos indican p\u00e9rdidas diel\u00e9ctricas mayores, humedad u otros defectos. Integrar esta medici\u00f3n con el ensayo de tensi\u00f3n en un solo ciclo de prueba permite una evaluaci\u00f3n m\u00e1s <strong data-start=\"3054\" data-end=\"3076\">precisa y completa<\/strong> del estado del cable.<\/p>\t\t\t\t\t\t\t\t<\/div>\n\t\t\t\t\t<\/div>\n\t\t\t\t<\/div>\n\t\t\t\t\t<\/details>\n\t\t\t\t\t\t<details id=\"e-n-accordion-item-2124\" class=\"e-n-accordion-item\" >\n\t\t\t\t<summary class=\"e-n-accordion-item-title\" data-accordion-index=\"5\" tabindex=\"-1\" aria-expanded=\"false\" aria-controls=\"e-n-accordion-item-2124\" >\n\t\t\t\t\t<span class='e-n-accordion-item-title-header'><div class=\"e-n-accordion-item-title-text\"> \u00bfQu\u00e9 beneficios ofrecen las secuencias autom\u00e1ticas de prueba y diagn\u00f3stico? <\/div><\/span>\n\t\t\t\t\t\t\t<span class='e-n-accordion-item-title-icon'>\n\t\t\t<span class='e-opened' ><i aria-hidden=\"true\" class=\"fas fa-minus\"><\/i><\/span>\n\t\t\t<span class='e-closed'><i aria-hidden=\"true\" class=\"fas fa-plus\"><\/i><\/span>\n\t\t<\/span>\n\n\t\t\t\t\t\t<\/summary>\n\t\t\t\t<div role=\"region\" aria-labelledby=\"e-n-accordion-item-2124\" class=\"elementor-element elementor-element-91d1ba9 e-flex e-con-boxed cut-corner-no sticky-container-off e-con e-child\" data-id=\"91d1ba9\" data-element_type=\"container\" data-e-type=\"container\">\n\t\t\t\t\t<div class=\"e-con-inner\">\n\t\t\t\t<div class=\"elementor-element elementor-element-89a3a60 elementor-widget elementor-widget-text-editor\" data-id=\"89a3a60\" data-element_type=\"widget\" data-e-type=\"widget\" data-widget_type=\"text-editor.default\">\n\t\t\t\t\t\t\t\t\t<p data-start=\"3231\" data-end=\"3604\">Las <strong data-start=\"3235\" data-end=\"3261\">secuencias autom\u00e1ticas<\/strong> del VIOLA TD agilizan la ejecuci\u00f3n de pruebas, <strong data-start=\"3309\" data-end=\"3407\">reducen el riesgo de errores humanos y estandarizan los procedimientos de ensayo y diagn\u00f3stico<\/strong>, lo que simplifica la operaci\u00f3n en campo, mejora la consistencia de los resultados y facilita la comparaci\u00f3n entre mediciones repetidas a lo largo del tiempo.<\/p>\t\t\t\t\t\t\t\t<\/div>\n\t\t\t\t\t<\/div>\n\t\t\t\t<\/div>\n\t\t\t\t\t<\/details>\n\t\t\t\t\t<\/div>\n\t\t\t\t\t\t<\/div>\n\t\t\t\t\t<\/div>\n\t\t\t\t<\/div>\n\t\t<div class=\"elementor-element elementor-element-c9b7dfb e-flex e-con-boxed cut-corner-no sticky-container-off e-con e-parent\" data-id=\"c9b7dfb\" data-element_type=\"container\" data-e-type=\"container\">\n\t\t\t\t\t<div class=\"e-con-inner\">\n\t\t<div class=\"elementor-element elementor-element-11d920e e-con-full e-flex cut-corner-no sticky-container-off e-con e-child\" data-id=\"11d920e\" data-element_type=\"container\" data-e-type=\"container\">\n\t\t\t\t<div class=\"elementor-element elementor-element-064e058 elementor-widget-divider--view-line elementor-widget elementor-widget-divider\" data-id=\"064e058\" data-element_type=\"widget\" data-e-type=\"widget\" data-widget_type=\"divider.default\">\n\t\t\t\t\t\t\t<div class=\"elementor-divider\">\n\t\t\t<span class=\"elementor-divider-separator\">\n\t\t\t\t\t\t<\/span>\n\t\t<\/div>\n\t\t\t\t\t\t<\/div>\n\t\t\t\t<div class=\"elementor-element elementor-element-3024227 elementor-widget elementor-widget-text-editor\" data-id=\"3024227\" data-element_type=\"widget\" data-e-type=\"widget\" data-widget_type=\"text-editor.default\">\n\t\t\t\t\t\t\t\t\t<p>Equipo disponible en:<\/p>\t\t\t\t\t\t\t\t<\/div>\n\t\t\t\t<\/div>\n\t\t\t\t\t<\/div>\n\t\t\t\t<\/div>\n\t\t<div class=\"elementor-element elementor-element-9154cb0 e-flex e-con-boxed cut-corner-no sticky-container-off e-con e-parent\" data-id=\"9154cb0\" data-element_type=\"container\" data-e-type=\"container\">\n\t\t\t\t\t<div class=\"e-con-inner\">\n\t\t<div class=\"elementor-element elementor-element-6b788ea e-con-full e-flex cut-corner-no sticky-container-off e-con e-child\" data-id=\"6b788ea\" data-element_type=\"container\" data-e-type=\"container\">\n\t\t\t\t<div class=\"elementor-element elementor-element-c488f3d elementor-widget elementor-widget-image\" data-id=\"c488f3d\" data-element_type=\"widget\" data-e-type=\"widget\" data-widget_type=\"image.default\">\n\t\t\t\t\t\t\t\t\t\t\t\t<figure class=\"wp-caption\">\n\t\t\t\t\t\t\t\t\t\t<img decoding=\"async\" width=\"262\" height=\"262\" src=\"https:\/\/tecnomedida.com\/wp-content\/uploads\/2026\/01\/Group-16.png\" class=\"attachment-medium size-medium wp-image-11379\" alt=\"\" srcset=\"https:\/\/tecnomedida.com\/wp-content\/uploads\/2026\/01\/Group-16.png 262w, https:\/\/tecnomedida.com\/wp-content\/uploads\/2026\/01\/Group-16-85x85.png 85w, https:\/\/tecnomedida.com\/wp-content\/uploads\/2026\/01\/Group-16-123x123.png 123w\" sizes=\"(max-width: 262px) 100vw, 262px\" \/>\t\t\t\t\t\t\t\t\t\t\t<figcaption class=\"widget-image-caption wp-caption-text\">Colombia<\/figcaption>\n\t\t\t\t\t\t\t\t\t\t<\/figure>\n\t\t\t\t\t\t\t\t\t<\/div>\n\t\t\t\t<\/div>\n\t\t<div class=\"elementor-element elementor-element-34596bb e-con-full e-flex cut-corner-no sticky-container-off e-con e-child\" data-id=\"34596bb\" data-element_type=\"container\" data-e-type=\"container\">\n\t\t\t\t<div class=\"elementor-element elementor-element-21d731a elementor-widget elementor-widget-image\" data-id=\"21d731a\" data-element_type=\"widget\" data-e-type=\"widget\" data-widget_type=\"image.default\">\n\t\t\t\t\t\t\t\t\t\t\t\t<figure class=\"wp-caption\">\n\t\t\t\t\t\t\t\t\t\t<img decoding=\"async\" width=\"262\" height=\"262\" src=\"https:\/\/tecnomedida.com\/wp-content\/uploads\/2026\/01\/Group-17.png\" class=\"attachment-medium size-medium wp-image-11378\" alt=\"\" srcset=\"https:\/\/tecnomedida.com\/wp-content\/uploads\/2026\/01\/Group-17.png 262w, https:\/\/tecnomedida.com\/wp-content\/uploads\/2026\/01\/Group-17-85x85.png 85w, https:\/\/tecnomedida.com\/wp-content\/uploads\/2026\/01\/Group-17-123x123.png 123w\" sizes=\"(max-width: 262px) 100vw, 262px\" \/>\t\t\t\t\t\t\t\t\t\t\t<figcaption class=\"widget-image-caption wp-caption-text\">Venezuela<\/figcaption>\n\t\t\t\t\t\t\t\t\t\t<\/figure>\n\t\t\t\t\t\t\t\t\t<\/div>\n\t\t\t\t<\/div>\n\t\t<div class=\"elementor-element elementor-element-34153ae e-con-full e-flex cut-corner-no sticky-container-off e-con e-child\" data-id=\"34153ae\" data-element_type=\"container\" data-e-type=\"container\">\n\t\t\t\t<div class=\"elementor-element elementor-element-07389c0 elementor-widget elementor-widget-image\" data-id=\"07389c0\" data-element_type=\"widget\" data-e-type=\"widget\" data-widget_type=\"image.default\">\n\t\t\t\t\t\t\t\t\t\t\t\t<figure class=\"wp-caption\">\n\t\t\t\t\t\t\t\t\t\t<img loading=\"lazy\" decoding=\"async\" width=\"262\" height=\"262\" src=\"https:\/\/tecnomedida.com\/wp-content\/uploads\/2026\/01\/Group-18.png\" class=\"attachment-medium size-medium wp-image-11377\" alt=\"\" srcset=\"https:\/\/tecnomedida.com\/wp-content\/uploads\/2026\/01\/Group-18.png 262w, https:\/\/tecnomedida.com\/wp-content\/uploads\/2026\/01\/Group-18-85x85.png 85w, https:\/\/tecnomedida.com\/wp-content\/uploads\/2026\/01\/Group-18-123x123.png 123w\" sizes=\"(max-width: 262px) 100vw, 262px\" \/>\t\t\t\t\t\t\t\t\t\t\t<figcaption class=\"widget-image-caption wp-caption-text\">Per\u00fa<\/figcaption>\n\t\t\t\t\t\t\t\t\t\t<\/figure>\n\t\t\t\t\t\t\t\t\t<\/div>\n\t\t\t\t<\/div>\n\t\t\t\t\t<\/div>\n\t\t\t\t<\/div>\n\t\t\t\t<\/div>","protected":false},"excerpt":{"rendered":"<p>Pruebas de Cables con el equipo de diagn\u00f3stico port\u00e1til BAUR Viola VLF + TD permite realizar ensayos de cables y cubiertas de cables en cables de media tensi\u00f3n de hasta 35 kV y en materiales de servicio el\u00e9ctrico. Como funci\u00f3n adicional, permite efectuar ensayos de aislamiento en materiales de servicio el\u00e9ctrico.<\/p>","protected":false},"featured_media":11494,"template":"","meta":{"content-type":"","_monsterinsights_skip_tracking":false,"_monsterinsights_sitenote_active":false,"_monsterinsights_sitenote_note":"","_monsterinsights_sitenote_category":0},"product_brand":[76],"product_cat":[86],"product_tag":[],"class_list":{"0":"post-11271","1":"product","2":"type-product","3":"status-publish","4":"has-post-thumbnail","6":"product_brand-baur","7":"product_cat-baur","9":"first","10":"onbackorder","11":"shipping-taxable","12":"product-type-simple"},"aioseo_notices":[],"_links":{"self":[{"href":"https:\/\/tecnomedida.com\/en\/wp-json\/wp\/v2\/product\/11271","targetHints":{"allow":["GET"]}}],"collection":[{"href":"https:\/\/tecnomedida.com\/en\/wp-json\/wp\/v2\/product"}],"about":[{"href":"https:\/\/tecnomedida.com\/en\/wp-json\/wp\/v2\/types\/product"}],"version-history":[{"count":5,"href":"https:\/\/tecnomedida.com\/en\/wp-json\/wp\/v2\/product\/11271\/revisions"}],"predecessor-version":[{"id":11498,"href":"https:\/\/tecnomedida.com\/en\/wp-json\/wp\/v2\/product\/11271\/revisions\/11498"}],"wp:featuredmedia":[{"embeddable":true,"href":"https:\/\/tecnomedida.com\/en\/wp-json\/wp\/v2\/media\/11494"}],"wp:attachment":[{"href":"https:\/\/tecnomedida.com\/en\/wp-json\/wp\/v2\/media?parent=11271"}],"wp:term":[{"taxonomy":"product_brand","embeddable":true,"href":"https:\/\/tecnomedida.com\/en\/wp-json\/wp\/v2\/product_brand?post=11271"},{"taxonomy":"product_cat","embeddable":true,"href":"https:\/\/tecnomedida.com\/en\/wp-json\/wp\/v2\/product_cat?post=11271"},{"taxonomy":"product_tag","embeddable":true,"href":"https:\/\/tecnomedida.com\/en\/wp-json\/wp\/v2\/product_tag?post=11271"}],"curies":[{"name":"wp","href":"https:\/\/api.w.org\/{rel}","templated":true}]}}