{"id":11269,"date":"2026-01-25T16:27:46","date_gmt":"2026-01-25T16:27:46","guid":{"rendered":"https:\/\/tecnomedida.com\/?post_type=product&#038;p=11269"},"modified":"2026-04-20T17:12:19","modified_gmt":"2026-04-20T17:12:19","slug":"omicron-testrano-600","status":"publish","type":"product","link":"https:\/\/tecnomedida.com\/en\/servicios\/alquiler-de-equipos\/omicron-testrano-600\/","title":{"rendered":"OMICRON TESTRANO 600"},"content":{"rendered":"<div data-elementor-type=\"wp-post\" data-elementor-id=\"11269\" class=\"elementor elementor-11269\">\n\t\t\t\t<div class=\"elementor-element elementor-element-56318f9 e-flex e-con-boxed cut-corner-no sticky-container-off e-con e-parent\" data-id=\"56318f9\" data-element_type=\"container\" data-e-type=\"container\">\n\t\t\t\t\t<div class=\"e-con-inner\">\n\t\t<div class=\"elementor-element elementor-element-70d9ce7 e-con-full e-flex cut-corner-no sticky-container-off e-con e-child\" data-id=\"70d9ce7\" data-element_type=\"container\" data-e-type=\"container\">\n\t\t\t\t<div class=\"elementor-element elementor-element-6856ffdb elementor-widget elementor-widget-text-editor\" data-id=\"6856ffdb\" data-element_type=\"widget\" data-e-type=\"widget\" data-widget_type=\"text-editor.default\">\n\t\t\t\t\t\t\t\t\t<div>Caracter\u00edsticas principales<\/div>\t\t\t\t\t\t\t\t<\/div>\n\t\t\t\t<div class=\"elementor-element elementor-element-c5a3117 elementor-widget elementor-widget-text-editor\" data-id=\"c5a3117\" data-element_type=\"widget\" data-e-type=\"widget\" data-widget_type=\"text-editor.default\">\n\t\t\t\t\t\t\t\t\t<p data-start=\"377\" data-end=\"1497\">El <strong data-start=\"380\" data-end=\"404\">Omicron TESTRANO 600<\/strong> es un <strong data-start=\"411\" data-end=\"451\">sistema de prueba trif\u00e1sico port\u00e1til<\/strong> dise\u00f1ado para realizar de forma integral las principales pruebas el\u00e9ctricas requeridas en transformadores de potencia y de distribuci\u00f3n tanto <strong data-start=\"594\" data-end=\"625\">monof\u00e1sicos como trif\u00e1sicos<\/strong>. Gracias a su dise\u00f1o con fuentes trif\u00e1sicas integradas y su concepto de <strong data-start=\"698\" data-end=\"742\">una sola conexi\u00f3n para m\u00faltiples pruebas<\/strong>, el TESTRANO 600 elimina la necesidad de reconectar cables entre ensayos, lo que <strong data-start=\"824\" data-end=\"876\">reduce hasta un tercio el tiempo total de prueba<\/strong> comparado con equipos de prueba monof\u00e1sicos tradicionales. El equipo admite pruebas de relaci\u00f3n de transformaci\u00f3n, resistencia de devanado, resistencia din\u00e1mica, impedancia de cortocircuito, respuesta en frecuencia de p\u00e9rdidas de dispersi\u00f3n, verificaci\u00f3n de grupo vectorial y ensayos de enfriamiento, adem\u00e1s de poder extenderse con accesorios como el <strong data-start=\"1228\" data-end=\"1242\">CP TD12\/15<\/strong> para medir factor de potencia\/disipaci\u00f3n y capacitancia. Su dise\u00f1o compacto de <strong data-start=\"1322\" data-end=\"1347\">aproximadamente 20 kg<\/strong> facilita su uso en campo, en pruebas de rutina, diagn\u00f3sticos avanzados o pruebas de aceptaci\u00f3n en f\u00e1brica (FAT).<\/p>\t\t\t\t\t\t\t\t<\/div>\n\t\t\t\t<\/div>\n\t\t<div class=\"elementor-element elementor-element-6903b4a e-con-full e-flex cut-corner-no sticky-container-off e-con e-child\" data-id=\"6903b4a\" data-element_type=\"container\" data-e-type=\"container\">\n\t\t\t\t<div class=\"elementor-element elementor-element-2024760 elementor-widget elementor-widget-image\" data-id=\"2024760\" data-element_type=\"widget\" data-e-type=\"widget\" data-widget_type=\"image.default\">\n\t\t\t\t\t\t\t\t\t\t\t\t\t\t\t<img fetchpriority=\"high\" decoding=\"async\" width=\"1020\" height=\"1020\" src=\"https:\/\/tecnomedida.com\/wp-content\/uploads\/2026\/01\/TESTRANO-600-description-1020x1020.png\" class=\"attachment-large size-large wp-image-11487\" alt=\"\" srcset=\"https:\/\/tecnomedida.com\/wp-content\/uploads\/2026\/01\/TESTRANO-600-description-1020x1020.png 1020w, https:\/\/tecnomedida.com\/wp-content\/uploads\/2026\/01\/TESTRANO-600-description-680x680.png 680w, https:\/\/tecnomedida.com\/wp-content\/uploads\/2026\/01\/TESTRANO-600-description-85x85.png 85w, https:\/\/tecnomedida.com\/wp-content\/uploads\/2026\/01\/TESTRANO-600-description-480x480.png 480w, https:\/\/tecnomedida.com\/wp-content\/uploads\/2026\/01\/TESTRANO-600-description-840x840.png 840w, https:\/\/tecnomedida.com\/wp-content\/uploads\/2026\/01\/TESTRANO-600-description-1200x1200.png 1200w, https:\/\/tecnomedida.com\/wp-content\/uploads\/2026\/01\/TESTRANO-600-description-300x300.png 300w, https:\/\/tecnomedida.com\/wp-content\/uploads\/2026\/01\/TESTRANO-600-description-600x600.png 600w, https:\/\/tecnomedida.com\/wp-content\/uploads\/2026\/01\/TESTRANO-600-description-123x123.png 123w\" sizes=\"(max-width: 1020px) 100vw, 1020px\" \/>\t\t\t\t\t\t\t\t\t\t\t\t\t\t\t<\/div>\n\t\t\t\t<\/div>\n\t\t\t\t\t<\/div>\n\t\t\t\t<\/div>\n\t\t<div class=\"elementor-element elementor-element-377ec00e e-flex e-con-boxed cut-corner-no sticky-container-off e-con e-parent\" data-id=\"377ec00e\" data-element_type=\"container\" data-e-type=\"container\">\n\t\t\t\t\t<div class=\"e-con-inner\">\n\t\t\t\t<div class=\"elementor-element elementor-element-aa292fb elementor-widget elementor-widget-text-editor\" data-id=\"aa292fb\" data-element_type=\"widget\" data-e-type=\"widget\" data-widget_type=\"text-editor.default\">\n\t\t\t\t\t\t\t\t\t<p>Frequently asked questions<\/p>\t\t\t\t\t\t\t\t<\/div>\n\t\t\t\t\t<\/div>\n\t\t\t\t<\/div>\n\t\t<div class=\"elementor-element elementor-element-b653269 e-flex e-con-boxed cut-corner-no sticky-container-off e-con e-parent\" data-id=\"b653269\" data-element_type=\"container\" data-e-type=\"container\">\n\t\t\t\t\t<div class=\"e-con-inner\">\n\t\t\t\t<div class=\"elementor-element elementor-element-1034b92 elementor-widget elementor-widget-n-accordion\" data-id=\"1034b92\" data-element_type=\"widget\" data-e-type=\"widget\" data-settings=\"{&quot;default_state&quot;:&quot;expanded&quot;,&quot;max_items_expended&quot;:&quot;one&quot;,&quot;n_accordion_animation_duration&quot;:{&quot;unit&quot;:&quot;ms&quot;,&quot;size&quot;:400,&quot;sizes&quot;:[]}}\" data-widget_type=\"nested-accordion.default\">\n\t\t\t\t\t\t\t<div class=\"e-n-accordion\" aria-label=\"Accordion. Open links with Enter or Space, close with Escape, and navigate with Arrow Keys\">\n\t\t\t\t\t\t<details id=\"e-n-accordion-item-1690\" class=\"e-n-accordion-item\" open>\n\t\t\t\t<summary class=\"e-n-accordion-item-title\" data-accordion-index=\"1\" tabindex=\"0\" aria-expanded=\"true\" aria-controls=\"e-n-accordion-item-1690\" >\n\t\t\t\t\t<span class='e-n-accordion-item-title-header'><div class=\"e-n-accordion-item-title-text\"> \u00bfQu\u00e9 tipo de pruebas puede realizar el TESTRANO 600? <\/div><\/span>\n\t\t\t\t\t\t\t<span class='e-n-accordion-item-title-icon'>\n\t\t\t<span class='e-opened' ><i aria-hidden=\"true\" class=\"fas fa-minus\"><\/i><\/span>\n\t\t\t<span class='e-closed'><i aria-hidden=\"true\" class=\"fas fa-plus\"><\/i><\/span>\n\t\t<\/span>\n\n\t\t\t\t\t\t<\/summary>\n\t\t\t\t<div role=\"region\" aria-labelledby=\"e-n-accordion-item-1690\" class=\"elementor-element elementor-element-7fb2c12 e-con-full e-flex cut-corner-no sticky-container-off e-con e-child\" data-id=\"7fb2c12\" data-element_type=\"container\" data-e-type=\"container\">\n\t\t<div role=\"region\" aria-labelledby=\"e-n-accordion-item-1690\" class=\"elementor-element elementor-element-3c90ce6 e-flex e-con-boxed cut-corner-no sticky-container-off e-con e-child\" data-id=\"3c90ce6\" data-element_type=\"container\" data-e-type=\"container\">\n\t\t\t\t\t<div class=\"e-con-inner\">\n\t\t\t\t<div class=\"elementor-element elementor-element-078fd87 elementor-widget elementor-widget-text-editor\" data-id=\"078fd87\" data-element_type=\"widget\" data-e-type=\"widget\" data-widget_type=\"text-editor.default\">\n\t\t\t\t\t\t\t\t\t<p>El TESTRANO 600 soporta las <strong data-start=\"1654\" data-end=\"1732\">pruebas el\u00e9ctricas comunes para transformadores de potencia y distribuci\u00f3n<\/strong>, entre ellas: prueba de relaci\u00f3n de transformaci\u00f3n, resistencia de devanado de CC, resistencia din\u00e1mica, impedancia de cortocircuito y reactancia de dispersi\u00f3n, respuesta en frecuencia de p\u00e9rdidas de dispersi\u00f3n, escaneo de cambiador de tomas (OLTC) y verificaci\u00f3n de grupo vectorial, entre otras pruebas diagn\u00f3sticas.<\/p>\t\t\t\t\t\t\t\t<\/div>\n\t\t\t\t\t<\/div>\n\t\t\t\t<\/div>\n\t\t\t\t<\/div>\n\t\t\t\t\t<\/details>\n\t\t\t\t\t\t<details id=\"e-n-accordion-item-1691\" class=\"e-n-accordion-item\" >\n\t\t\t\t<summary class=\"e-n-accordion-item-title\" data-accordion-index=\"2\" tabindex=\"-1\" aria-expanded=\"false\" aria-controls=\"e-n-accordion-item-1691\" >\n\t\t\t\t\t<span class='e-n-accordion-item-title-header'><div class=\"e-n-accordion-item-title-text\"> \u00bfC\u00f3mo reduce el TESTRANO 600 el tiempo de realizaci\u00f3n de ensayos en comparaci\u00f3n con equipos monof\u00e1sicos? <\/div><\/span>\n\t\t\t\t\t\t\t<span class='e-n-accordion-item-title-icon'>\n\t\t\t<span class='e-opened' ><i aria-hidden=\"true\" class=\"fas fa-minus\"><\/i><\/span>\n\t\t\t<span class='e-closed'><i aria-hidden=\"true\" class=\"fas fa-plus\"><\/i><\/span>\n\t\t<\/span>\n\n\t\t\t\t\t\t<\/summary>\n\t\t\t\t<div role=\"region\" aria-labelledby=\"e-n-accordion-item-1691\" class=\"elementor-element elementor-element-a71725c e-con-full e-flex cut-corner-no sticky-container-off e-con e-child\" data-id=\"a71725c\" data-element_type=\"container\" data-e-type=\"container\">\n\t\t\t\t<div class=\"elementor-element elementor-element-21c18af elementor-widget elementor-widget-text-editor\" data-id=\"21c18af\" data-element_type=\"widget\" data-e-type=\"widget\" data-widget_type=\"text-editor.default\">\n\t\t\t\t\t\t\t\t\t<p data-start=\"2211\" data-end=\"2571\">Gracias a su <strong data-start=\"2224\" data-end=\"2254\">dise\u00f1o trif\u00e1sico integrado<\/strong>, solo se requieren <strong data-start=\"2274\" data-end=\"2301\">tres cables de conexi\u00f3n<\/strong> para ejecutar m\u00faltiples pruebas sin necesidad de reconfigurar el cableado entre cada ensayo, lo que permite completar el ciclo de pruebas en aproximadamente <strong data-start=\"2459\" data-end=\"2483\">un tercio del tiempo<\/strong> que tomar\u00eda con equipos monof\u00e1sicos tradicionales.<\/p>\t\t\t\t\t\t\t\t<\/div>\n\t\t\t\t<\/div>\n\t\t\t\t\t<\/details>\n\t\t\t\t\t\t<details id=\"e-n-accordion-item-1692\" class=\"e-n-accordion-item\" >\n\t\t\t\t<summary class=\"e-n-accordion-item-title\" data-accordion-index=\"3\" tabindex=\"-1\" aria-expanded=\"false\" aria-controls=\"e-n-accordion-item-1692\" >\n\t\t\t\t\t<span class='e-n-accordion-item-title-header'><div class=\"e-n-accordion-item-title-text\"> \u00bfQu\u00e9 capacidades de potencia y salida tiene el TESTRANO 600? <\/div><\/span>\n\t\t\t\t\t\t\t<span class='e-n-accordion-item-title-icon'>\n\t\t\t<span class='e-opened' ><i aria-hidden=\"true\" class=\"fas fa-minus\"><\/i><\/span>\n\t\t\t<span class='e-closed'><i aria-hidden=\"true\" class=\"fas fa-plus\"><\/i><\/span>\n\t\t<\/span>\n\n\t\t\t\t\t\t<\/summary>\n\t\t\t\t<div role=\"region\" aria-labelledby=\"e-n-accordion-item-1692\" class=\"elementor-element elementor-element-c19cbaf e-con-full e-flex cut-corner-no sticky-container-off e-con e-child\" data-id=\"c19cbaf\" data-element_type=\"container\" data-e-type=\"container\">\n\t\t<div role=\"region\" aria-labelledby=\"e-n-accordion-item-1692\" class=\"elementor-element elementor-element-21086fb e-flex e-con-boxed cut-corner-no sticky-container-off e-con e-child\" data-id=\"21086fb\" data-element_type=\"container\" data-e-type=\"container\">\n\t\t\t\t\t<div class=\"e-con-inner\">\n\t\t\t\t<div class=\"elementor-element elementor-element-ca95cff elementor-widget elementor-widget-text-editor\" data-id=\"ca95cff\" data-element_type=\"widget\" data-e-type=\"widget\" data-widget_type=\"text-editor.default\">\n\t\t\t\t\t\t\t\t\t<p data-start=\"2651\" data-end=\"2910\">El equipo ofrece <strong data-start=\"2668\" data-end=\"2744\">tres fuentes internas con capacidad de hasta 33 A DC por fase o 400 V AC<\/strong>, proporcionando la potencia necesaria para pruebas completas de transformadores trif\u00e1sicos sin necesidad de equipos adicionales.<\/p>\t\t\t\t\t\t\t\t<\/div>\n\t\t\t\t\t<\/div>\n\t\t\t\t<\/div>\n\t\t\t\t<\/div>\n\t\t\t\t\t<\/details>\n\t\t\t\t\t\t<details id=\"e-n-accordion-item-1693\" class=\"e-n-accordion-item\" >\n\t\t\t\t<summary class=\"e-n-accordion-item-title\" data-accordion-index=\"4\" tabindex=\"-1\" aria-expanded=\"false\" aria-controls=\"e-n-accordion-item-1693\" >\n\t\t\t\t\t<span class='e-n-accordion-item-title-header'><div class=\"e-n-accordion-item-title-text\"> \u00bfQu\u00e9 pruebas adicionales se pueden realizar con accesorios opcionales? <\/div><\/span>\n\t\t\t\t\t\t\t<span class='e-n-accordion-item-title-icon'>\n\t\t\t<span class='e-opened' ><i aria-hidden=\"true\" class=\"fas fa-minus\"><\/i><\/span>\n\t\t\t<span class='e-closed'><i aria-hidden=\"true\" class=\"fas fa-plus\"><\/i><\/span>\n\t\t<\/span>\n\n\t\t\t\t\t\t<\/summary>\n\t\t\t\t<div role=\"region\" aria-labelledby=\"e-n-accordion-item-1693\" class=\"elementor-element elementor-element-fb373a6 e-flex e-con-boxed cut-corner-no sticky-container-off e-con e-child\" data-id=\"fb373a6\" data-element_type=\"container\" data-e-type=\"container\">\n\t\t\t\t\t<div class=\"e-con-inner\">\n\t\t\t\t<div class=\"elementor-element elementor-element-957cf35 elementor-widget elementor-widget-text-editor\" data-id=\"957cf35\" data-element_type=\"widget\" data-e-type=\"widget\" data-widget_type=\"text-editor.default\">\n\t\t\t\t\t\t\t\t\t<p>El TESTRANO 600 puede combinarse con el accesorio <strong data-start=\"3050\" data-end=\"3064\">CP TD12\/15<\/strong> para realizar mediciones adicionales de <strong data-start=\"3105\" data-end=\"3161\">factor de potencia\/disipaci\u00f3n (tan \u03b4) y capacitancia<\/strong>, as\u00ed como mediciones de corriente de excitaci\u00f3n, ampliando las capacidades diagn\u00f3sticas del sistema.<\/p>\t\t\t\t\t\t\t\t<\/div>\n\t\t\t\t\t<\/div>\n\t\t\t\t<\/div>\n\t\t\t\t\t<\/details>\n\t\t\t\t\t\t<details id=\"e-n-accordion-item-1694\" class=\"e-n-accordion-item\" >\n\t\t\t\t<summary class=\"e-n-accordion-item-title\" data-accordion-index=\"5\" tabindex=\"-1\" aria-expanded=\"false\" aria-controls=\"e-n-accordion-item-1694\" >\n\t\t\t\t\t<span class='e-n-accordion-item-title-header'><div class=\"e-n-accordion-item-title-text\"> \u00bfEn qu\u00e9 aplicaciones es m\u00e1s adecuado utilizar el TESTRANO 600? <\/div><\/span>\n\t\t\t\t\t\t\t<span class='e-n-accordion-item-title-icon'>\n\t\t\t<span class='e-opened' ><i aria-hidden=\"true\" class=\"fas fa-minus\"><\/i><\/span>\n\t\t\t<span class='e-closed'><i aria-hidden=\"true\" class=\"fas fa-plus\"><\/i><\/span>\n\t\t<\/span>\n\n\t\t\t\t\t\t<\/summary>\n\t\t\t\t<div role=\"region\" aria-labelledby=\"e-n-accordion-item-1694\" class=\"elementor-element elementor-element-9972080 e-flex e-con-boxed cut-corner-no sticky-container-off e-con e-child\" data-id=\"9972080\" data-element_type=\"container\" data-e-type=\"container\">\n\t\t\t\t\t<div class=\"e-con-inner\">\n\t\t\t\t<div class=\"elementor-element elementor-element-cf79647 elementor-widget elementor-widget-text-editor\" data-id=\"cf79647\" data-element_type=\"widget\" data-e-type=\"widget\" data-widget_type=\"text-editor.default\">\n\t\t\t\t\t\t\t\t\t<p data-start=\"3381\" data-end=\"3748\">Este sistema es ideal para pruebas <strong data-start=\"3416\" data-end=\"3480\">fuera de l\u00ednea en transformadores de potencia y distribuci\u00f3n<\/strong> tanto en pruebas de rutina como en pruebas de diagn\u00f3stico avanzadas en campo, as\u00ed como en <strong data-start=\"3571\" data-end=\"3613\">pruebas de aceptaci\u00f3n en f\u00e1brica (FAT)<\/strong>. Su portabilidad y dise\u00f1o compacto tambi\u00e9n lo hacen adecuado para uso en subestaciones AIS y GIS.<\/p>\t\t\t\t\t\t\t\t<\/div>\n\t\t\t\t\t<\/div>\n\t\t\t\t<\/div>\n\t\t\t\t\t<\/details>\n\t\t\t\t\t<\/div>\n\t\t\t\t\t\t<\/div>\n\t\t\t\t\t<\/div>\n\t\t\t\t<\/div>\n\t\t<div class=\"elementor-element elementor-element-508fbf7 e-flex e-con-boxed cut-corner-no sticky-container-off e-con e-parent\" data-id=\"508fbf7\" data-element_type=\"container\" data-e-type=\"container\">\n\t\t\t\t\t<div class=\"e-con-inner\">\n\t\t<div class=\"elementor-element elementor-element-2a4b102 e-con-full e-flex cut-corner-no sticky-container-off e-con e-child\" data-id=\"2a4b102\" data-element_type=\"container\" data-e-type=\"container\">\n\t\t\t\t<div class=\"elementor-element elementor-element-a8086cd elementor-widget-divider--view-line elementor-widget elementor-widget-divider\" data-id=\"a8086cd\" data-element_type=\"widget\" data-e-type=\"widget\" data-widget_type=\"divider.default\">\n\t\t\t\t\t\t\t<div class=\"elementor-divider\">\n\t\t\t<span class=\"elementor-divider-separator\">\n\t\t\t\t\t\t<\/span>\n\t\t<\/div>\n\t\t\t\t\t\t<\/div>\n\t\t\t\t<div class=\"elementor-element elementor-element-b87081a elementor-widget elementor-widget-text-editor\" data-id=\"b87081a\" data-element_type=\"widget\" data-e-type=\"widget\" data-widget_type=\"text-editor.default\">\n\t\t\t\t\t\t\t\t\t<p>Equipo disponible en:<\/p>\t\t\t\t\t\t\t\t<\/div>\n\t\t\t\t<\/div>\n\t\t\t\t\t<\/div>\n\t\t\t\t<\/div>\n\t\t<div class=\"elementor-element elementor-element-9ebcdb7 e-flex e-con-boxed cut-corner-no sticky-container-off e-con e-parent\" data-id=\"9ebcdb7\" data-element_type=\"container\" data-e-type=\"container\">\n\t\t\t\t\t<div class=\"e-con-inner\">\n\t\t<div class=\"elementor-element elementor-element-b249905 e-con-full e-flex cut-corner-no sticky-container-off e-con e-child\" data-id=\"b249905\" data-element_type=\"container\" data-e-type=\"container\">\n\t\t\t\t<div class=\"elementor-element elementor-element-eda6504 elementor-widget elementor-widget-image\" data-id=\"eda6504\" data-element_type=\"widget\" data-e-type=\"widget\" data-widget_type=\"image.default\">\n\t\t\t\t\t\t\t\t\t\t\t\t<figure class=\"wp-caption\">\n\t\t\t\t\t\t\t\t\t\t<img decoding=\"async\" width=\"262\" height=\"262\" src=\"https:\/\/tecnomedida.com\/wp-content\/uploads\/2026\/01\/Group-16.png\" class=\"attachment-medium size-medium wp-image-11379\" alt=\"\" srcset=\"https:\/\/tecnomedida.com\/wp-content\/uploads\/2026\/01\/Group-16.png 262w, https:\/\/tecnomedida.com\/wp-content\/uploads\/2026\/01\/Group-16-85x85.png 85w, https:\/\/tecnomedida.com\/wp-content\/uploads\/2026\/01\/Group-16-123x123.png 123w\" sizes=\"(max-width: 262px) 100vw, 262px\" \/>\t\t\t\t\t\t\t\t\t\t\t<figcaption class=\"widget-image-caption wp-caption-text\">Colombia<\/figcaption>\n\t\t\t\t\t\t\t\t\t\t<\/figure>\n\t\t\t\t\t\t\t\t\t<\/div>\n\t\t\t\t<\/div>\n\t\t<div class=\"elementor-element elementor-element-64369dd e-con-full e-flex cut-corner-no sticky-container-off e-con e-child\" data-id=\"64369dd\" data-element_type=\"container\" data-e-type=\"container\">\n\t\t\t\t<div class=\"elementor-element elementor-element-d51e89d elementor-widget elementor-widget-image\" data-id=\"d51e89d\" data-element_type=\"widget\" data-e-type=\"widget\" data-widget_type=\"image.default\">\n\t\t\t\t\t\t\t\t\t\t\t\t<figure class=\"wp-caption\">\n\t\t\t\t\t\t\t\t\t\t<img decoding=\"async\" width=\"262\" height=\"262\" src=\"https:\/\/tecnomedida.com\/wp-content\/uploads\/2026\/01\/Group-17.png\" class=\"attachment-medium size-medium wp-image-11378\" alt=\"\" srcset=\"https:\/\/tecnomedida.com\/wp-content\/uploads\/2026\/01\/Group-17.png 262w, https:\/\/tecnomedida.com\/wp-content\/uploads\/2026\/01\/Group-17-85x85.png 85w, https:\/\/tecnomedida.com\/wp-content\/uploads\/2026\/01\/Group-17-123x123.png 123w\" sizes=\"(max-width: 262px) 100vw, 262px\" \/>\t\t\t\t\t\t\t\t\t\t\t<figcaption class=\"widget-image-caption wp-caption-text\">Venezuela<\/figcaption>\n\t\t\t\t\t\t\t\t\t\t<\/figure>\n\t\t\t\t\t\t\t\t\t<\/div>\n\t\t\t\t<\/div>\n\t\t<div class=\"elementor-element elementor-element-ef1624f e-con-full e-flex cut-corner-no sticky-container-off e-con e-child\" data-id=\"ef1624f\" data-element_type=\"container\" data-e-type=\"container\">\n\t\t\t\t<div class=\"elementor-element elementor-element-4c64185 elementor-widget elementor-widget-image\" data-id=\"4c64185\" data-element_type=\"widget\" data-e-type=\"widget\" data-widget_type=\"image.default\">\n\t\t\t\t\t\t\t\t\t\t\t\t<figure class=\"wp-caption\">\n\t\t\t\t\t\t\t\t\t\t<img loading=\"lazy\" decoding=\"async\" width=\"262\" height=\"262\" src=\"https:\/\/tecnomedida.com\/wp-content\/uploads\/2026\/01\/Group-18.png\" class=\"attachment-medium size-medium wp-image-11377\" alt=\"\" srcset=\"https:\/\/tecnomedida.com\/wp-content\/uploads\/2026\/01\/Group-18.png 262w, https:\/\/tecnomedida.com\/wp-content\/uploads\/2026\/01\/Group-18-85x85.png 85w, https:\/\/tecnomedida.com\/wp-content\/uploads\/2026\/01\/Group-18-123x123.png 123w\" sizes=\"(max-width: 262px) 100vw, 262px\" \/>\t\t\t\t\t\t\t\t\t\t\t<figcaption class=\"widget-image-caption wp-caption-text\">Per\u00fa<\/figcaption>\n\t\t\t\t\t\t\t\t\t\t<\/figure>\n\t\t\t\t\t\t\t\t\t<\/div>\n\t\t\t\t<\/div>\n\t\t\t\t\t<\/div>\n\t\t\t\t<\/div>\n\t\t\t\t<\/div>","protected":false},"excerpt":{"rendered":"<p>El Equipo Omicron Testrano 600 para Pruebas de Transformadores, realiza m\u00faltiples pruebas<\/p>\n<ul class=\"wp-block-list\">\n<li>Relaci\u00f3n de transformaci\u00f3n del transformador<\/li>\n<li>Resistencia del devanado de CC<\/li>\n<li>Resistencia din\u00e1mica<\/li>\n<li>Desmagnetizaci\u00f3n<\/li>\n<li>Impedancia de cortocircuito \/ reactancia de dispersi\u00f3n<\/li>\n<li>Respuesta en frecuencia de p\u00e9rdidas de dispersi\u00f3n<\/li>\n<li>Escaneo OLTC \/ resistencia din\u00e1mica (DRM)<\/li>\n<li>Realizar mediciones del factor de potencia\/disipaci\u00f3n, capacitancia y corriente de salida combinando el equipo TESTRANO 600 con el accesorio CP TD12\/15.<\/li>\n<\/ul>","protected":false},"featured_media":11488,"template":"","meta":{"content-type":"","_monsterinsights_skip_tracking":false,"_monsterinsights_sitenote_active":false,"_monsterinsights_sitenote_note":"","_monsterinsights_sitenote_category":0},"product_brand":[72],"product_cat":[85],"product_tag":[],"class_list":{"0":"post-11269","1":"product","2":"type-product","3":"status-publish","4":"has-post-thumbnail","6":"product_brand-omicron","7":"product_cat-omicron","9":"first","10":"onbackorder","11":"shipping-taxable","12":"product-type-simple"},"aioseo_notices":[],"_links":{"self":[{"href":"https:\/\/tecnomedida.com\/en\/wp-json\/wp\/v2\/product\/11269","targetHints":{"allow":["GET"]}}],"collection":[{"href":"https:\/\/tecnomedida.com\/en\/wp-json\/wp\/v2\/product"}],"about":[{"href":"https:\/\/tecnomedida.com\/en\/wp-json\/wp\/v2\/types\/product"}],"version-history":[{"count":5,"href":"https:\/\/tecnomedida.com\/en\/wp-json\/wp\/v2\/product\/11269\/revisions"}],"predecessor-version":[{"id":11492,"href":"https:\/\/tecnomedida.com\/en\/wp-json\/wp\/v2\/product\/11269\/revisions\/11492"}],"wp:featuredmedia":[{"embeddable":true,"href":"https:\/\/tecnomedida.com\/en\/wp-json\/wp\/v2\/media\/11488"}],"wp:attachment":[{"href":"https:\/\/tecnomedida.com\/en\/wp-json\/wp\/v2\/media?parent=11269"}],"wp:term":[{"taxonomy":"product_brand","embeddable":true,"href":"https:\/\/tecnomedida.com\/en\/wp-json\/wp\/v2\/product_brand?post=11269"},{"taxonomy":"product_cat","embeddable":true,"href":"https:\/\/tecnomedida.com\/en\/wp-json\/wp\/v2\/product_cat?post=11269"},{"taxonomy":"product_tag","embeddable":true,"href":"https:\/\/tecnomedida.com\/en\/wp-json\/wp\/v2\/product_tag?post=11269"}],"curies":[{"name":"wp","href":"https:\/\/api.w.org\/{rel}","templated":true}]}}