{"id":11265,"date":"2026-01-25T16:27:07","date_gmt":"2026-01-25T16:27:07","guid":{"rendered":"https:\/\/tecnomedida.com\/?post_type=product&#038;p=11265"},"modified":"2026-02-23T20:35:05","modified_gmt":"2026-02-23T20:35:05","slug":"omicron-cibano500","status":"publish","type":"product","link":"https:\/\/tecnomedida.com\/en\/servicios\/alquiler-de-equipos\/omicron-cibano500\/","title":{"rendered":"Omicron Cibano500"},"content":{"rendered":"<div data-elementor-type=\"wp-post\" data-elementor-id=\"11265\" class=\"elementor elementor-11265\">\n\t\t\t\t<div class=\"elementor-element elementor-element-56318f9 e-flex e-con-boxed cut-corner-no sticky-container-off e-con e-parent\" data-id=\"56318f9\" data-element_type=\"container\" data-e-type=\"container\">\n\t\t\t\t\t<div class=\"e-con-inner\">\n\t\t<div class=\"elementor-element elementor-element-70d9ce7 e-con-full e-flex cut-corner-no sticky-container-off e-con e-child\" data-id=\"70d9ce7\" data-element_type=\"container\" data-e-type=\"container\">\n\t\t\t\t<div class=\"elementor-element elementor-element-6856ffdb elementor-widget elementor-widget-text-editor\" data-id=\"6856ffdb\" data-element_type=\"widget\" data-e-type=\"widget\" data-widget_type=\"text-editor.default\">\n\t\t\t\t\t\t\t\t\t<div>Caracter\u00edsticas principales<\/div>\t\t\t\t\t\t\t\t<\/div>\n\t\t\t\t<div class=\"elementor-element elementor-element-c5a3117 elementor-widget elementor-widget-text-editor\" data-id=\"c5a3117\" data-element_type=\"widget\" data-e-type=\"widget\" data-widget_type=\"text-editor.default\">\n\t\t\t\t\t\t\t\t\t<p>El <strong data-start=\"303\" data-end=\"325\">OMICRON CIBANO 500<\/strong> es un <strong data-start=\"332\" data-end=\"378\">sistema de pruebas multifuncional \u201c3 en 1\u201d<\/strong> dise\u00f1ado para evaluar de forma integral interruptores de potencia de <strong data-start=\"448\" data-end=\"472\">media y alta tensi\u00f3n<\/strong>, combinando un <strong data-start=\"488\" data-end=\"533\">micro-ohm\u00edmetro digital de alta precisi\u00f3n<\/strong>, un <strong data-start=\"538\" data-end=\"589\">analizador de sincronismo y tiempo de operaci\u00f3n<\/strong>, y una <strong data-start=\"597\" data-end=\"656\">fuente de alimentaci\u00f3n integrada para bobinas y motores<\/strong>. Esta \u00fanica plataforma permite ejecutar todas las pruebas esenciales de interruptores de potencia, incluso cuando las bater\u00edas de subestaci\u00f3n no est\u00e1n disponibles, reduciendo el esfuerzo de cableado y el tiempo de configuraci\u00f3n hasta en un <strong data-start=\"897\" data-end=\"905\">50 %<\/strong> en comparaci\u00f3n con m\u00e9todos tradicionales. El CIBANO 500 se utiliza para pruebas fuera de servicio en <strong data-start=\"1007\" data-end=\"1034\">subestaciones AIS y GIS<\/strong>, proporcionando informes combinados y claros de todas las mediciones mediante el software <strong data-start=\"1125\" data-end=\"1156\">Primary Test Manager\u2122 (PTM)<\/strong> y la biblioteca de pruebas CBTL incluida.<\/p>\t\t\t\t\t\t\t\t<\/div>\n\t\t\t\t<\/div>\n\t\t<div class=\"elementor-element elementor-element-6903b4a e-con-full e-flex cut-corner-no sticky-container-off e-con e-child\" data-id=\"6903b4a\" data-element_type=\"container\" data-e-type=\"container\">\n\t\t\t\t<div class=\"elementor-element elementor-element-2024760 elementor-widget elementor-widget-image\" data-id=\"2024760\" data-element_type=\"widget\" data-e-type=\"widget\" data-widget_type=\"image.default\">\n\t\t\t\t\t\t\t\t\t\t\t\t\t\t\t<img fetchpriority=\"high\" decoding=\"async\" width=\"1020\" height=\"900\" src=\"https:\/\/tecnomedida.com\/wp-content\/uploads\/2026\/01\/Cibano-500-1020x900.png\" class=\"attachment-large size-large wp-image-11474\" alt=\"\" \/>\t\t\t\t\t\t\t\t\t\t\t\t\t\t\t<\/div>\n\t\t\t\t<\/div>\n\t\t\t\t\t<\/div>\n\t\t\t\t<\/div>\n\t\t<div class=\"elementor-element elementor-element-377ec00e e-flex e-con-boxed cut-corner-no sticky-container-off e-con e-parent\" data-id=\"377ec00e\" data-element_type=\"container\" data-e-type=\"container\">\n\t\t\t\t\t<div class=\"e-con-inner\">\n\t\t\t\t<div class=\"elementor-element elementor-element-aa292fb elementor-widget elementor-widget-text-editor\" data-id=\"aa292fb\" data-element_type=\"widget\" data-e-type=\"widget\" data-widget_type=\"text-editor.default\">\n\t\t\t\t\t\t\t\t\t<p>Frequently asked questions<\/p>\t\t\t\t\t\t\t\t<\/div>\n\t\t\t\t\t<\/div>\n\t\t\t\t<\/div>\n\t\t<div class=\"elementor-element elementor-element-7dc9f44 e-flex e-con-boxed cut-corner-no sticky-container-off e-con e-parent\" data-id=\"7dc9f44\" data-element_type=\"container\" data-e-type=\"container\">\n\t\t\t\t\t<div class=\"e-con-inner\">\n\t\t\t\t<div class=\"elementor-element elementor-element-c270c39 elementor-widget elementor-widget-n-accordion\" data-id=\"c270c39\" data-element_type=\"widget\" data-e-type=\"widget\" data-settings=\"{&quot;default_state&quot;:&quot;expanded&quot;,&quot;max_items_expended&quot;:&quot;one&quot;,&quot;n_accordion_animation_duration&quot;:{&quot;unit&quot;:&quot;ms&quot;,&quot;size&quot;:400,&quot;sizes&quot;:[]}}\" data-widget_type=\"nested-accordion.default\">\n\t\t\t\t\t\t\t<div class=\"e-n-accordion\" aria-label=\"Accordion. Open links with Enter or Space, close with Escape, and navigate with Arrow Keys\">\n\t\t\t\t\t\t<details id=\"e-n-accordion-item-2030\" class=\"e-n-accordion-item\" open>\n\t\t\t\t<summary class=\"e-n-accordion-item-title\" data-accordion-index=\"1\" tabindex=\"0\" aria-expanded=\"true\" aria-controls=\"e-n-accordion-item-2030\" >\n\t\t\t\t\t<span class='e-n-accordion-item-title-header'><div class=\"e-n-accordion-item-title-text\"> \u00bfQu\u00e9 funciones integra el CIBANO 500 en un solo equipo? <\/div><\/span>\n\t\t\t\t\t\t\t<span class='e-n-accordion-item-title-icon'>\n\t\t\t<span class='e-opened' ><i aria-hidden=\"true\" class=\"fas fa-minus\"><\/i><\/span>\n\t\t\t<span class='e-closed'><i aria-hidden=\"true\" class=\"fas fa-plus\"><\/i><\/span>\n\t\t<\/span>\n\n\t\t\t\t\t\t<\/summary>\n\t\t\t\t<div role=\"region\" aria-labelledby=\"e-n-accordion-item-2030\" class=\"elementor-element elementor-element-73a2629 e-con-full e-flex cut-corner-no sticky-container-off e-con e-child\" data-id=\"73a2629\" data-element_type=\"container\" data-e-type=\"container\">\n\t\t<div role=\"region\" aria-labelledby=\"e-n-accordion-item-2030\" class=\"elementor-element elementor-element-3545810 e-flex e-con-boxed cut-corner-no sticky-container-off e-con e-child\" data-id=\"3545810\" data-element_type=\"container\" data-e-type=\"container\">\n\t\t\t\t\t<div class=\"e-con-inner\">\n\t\t\t\t<div class=\"elementor-element elementor-element-e081b44 elementor-widget elementor-widget-text-editor\" data-id=\"e081b44\" data-element_type=\"widget\" data-e-type=\"widget\" data-widget_type=\"text-editor.default\">\n\t\t\t\t\t\t\t\t\t<p data-start=\"1366\" data-end=\"1458\">El CIBANO 500 combina tres funciones esenciales para pruebas de interruptores de potencia:<\/p><ul data-start=\"1459\" data-end=\"1781\"><li data-start=\"1459\" data-end=\"1538\"><p data-start=\"1461\" data-end=\"1538\"><strong data-start=\"1461\" data-end=\"1480\">Micro-ohm\u00edmetro<\/strong> para medir resistencia de contacto est\u00e1tica y din\u00e1mica,<\/p><\/li><li data-start=\"1539\" data-end=\"1595\"><p data-start=\"1541\" data-end=\"1595\"><strong data-start=\"1541\" data-end=\"1592\">Analizador de sincronismo y tiempo de operaci\u00f3n<\/strong>,<\/p><\/li><li data-start=\"1596\" data-end=\"1781\"><p data-start=\"1598\" data-end=\"1781\"><strong data-start=\"1598\" data-end=\"1640\">Fuente de alimentaci\u00f3n integrada CA\/CC<\/strong> para bobinas y motores, permitiendo ejecutar la mayor\u00eda de pruebas incluso sin bater\u00eda de subestaci\u00f3n.<\/p><\/li><\/ul>\t\t\t\t\t\t\t\t<\/div>\n\t\t\t\t\t<\/div>\n\t\t\t\t<\/div>\n\t\t\t\t<\/div>\n\t\t\t\t\t<\/details>\n\t\t\t\t\t\t<details id=\"e-n-accordion-item-2031\" class=\"e-n-accordion-item\" >\n\t\t\t\t<summary class=\"e-n-accordion-item-title\" data-accordion-index=\"2\" tabindex=\"-1\" aria-expanded=\"false\" aria-controls=\"e-n-accordion-item-2031\" >\n\t\t\t\t\t<span class='e-n-accordion-item-title-header'><div class=\"e-n-accordion-item-title-text\"> \u00bfPara qu\u00e9 tipos de interruptores es adecuado el CIBANO 500? <\/div><\/span>\n\t\t\t\t\t\t\t<span class='e-n-accordion-item-title-icon'>\n\t\t\t<span class='e-opened' ><i aria-hidden=\"true\" class=\"fas fa-minus\"><\/i><\/span>\n\t\t\t<span class='e-closed'><i aria-hidden=\"true\" class=\"fas fa-plus\"><\/i><\/span>\n\t\t<\/span>\n\n\t\t\t\t\t\t<\/summary>\n\t\t\t\t<div role=\"region\" aria-labelledby=\"e-n-accordion-item-2031\" class=\"elementor-element elementor-element-36590ce e-con-full e-flex cut-corner-no sticky-container-off e-con e-child\" data-id=\"36590ce\" data-element_type=\"container\" data-e-type=\"container\">\n\t\t\t\t<div class=\"elementor-element elementor-element-7cc552d elementor-widget elementor-widget-text-editor\" data-id=\"7cc552d\" data-element_type=\"widget\" data-e-type=\"widget\" data-widget_type=\"text-editor.default\">\n\t\t\t\t\t\t\t\t\t<p data-start=\"1860\" data-end=\"2167\">Este sistema es compatible con <strong data-start=\"1891\" data-end=\"1952\">interruptores de potencia de media tensi\u00f3n y alta tensi\u00f3n<\/strong>, incluyendo configuraciones de <strong data-start=\"1984\" data-end=\"2020\">tanque vivo, tanque muerto y GIS<\/strong>, lo que lo hace vers\u00e1til para pruebas fuera de servicio en una amplia gama de aplicaciones de subestaciones.<\/p>\t\t\t\t\t\t\t\t<\/div>\n\t\t\t\t<\/div>\n\t\t\t\t\t<\/details>\n\t\t\t\t\t\t<details id=\"e-n-accordion-item-2032\" class=\"e-n-accordion-item\" >\n\t\t\t\t<summary class=\"e-n-accordion-item-title\" data-accordion-index=\"3\" tabindex=\"-1\" aria-expanded=\"false\" aria-controls=\"e-n-accordion-item-2032\" >\n\t\t\t\t\t<span class='e-n-accordion-item-title-header'><div class=\"e-n-accordion-item-title-text\"> \u00bfQu\u00e9 ventajas ofrece su tecnolog\u00eda de conexi\u00f3n frente a m\u00e9todos convencionales? <\/div><\/span>\n\t\t\t\t\t\t\t<span class='e-n-accordion-item-title-icon'>\n\t\t\t<span class='e-opened' ><i aria-hidden=\"true\" class=\"fas fa-minus\"><\/i><\/span>\n\t\t\t<span class='e-closed'><i aria-hidden=\"true\" class=\"fas fa-plus\"><\/i><\/span>\n\t\t<\/span>\n\n\t\t\t\t\t\t<\/summary>\n\t\t\t\t<div role=\"region\" aria-labelledby=\"e-n-accordion-item-2032\" class=\"elementor-element elementor-element-14ea025 e-con-full e-flex cut-corner-no sticky-container-off e-con e-child\" data-id=\"14ea025\" data-element_type=\"container\" data-e-type=\"container\">\n\t\t<div role=\"region\" aria-labelledby=\"e-n-accordion-item-2032\" class=\"elementor-element elementor-element-4097754 e-flex e-con-boxed cut-corner-no sticky-container-off e-con e-child\" data-id=\"4097754\" data-element_type=\"container\" data-e-type=\"container\">\n\t\t\t\t\t<div class=\"e-con-inner\">\n\t\t\t\t<div class=\"elementor-element elementor-element-dfad939 elementor-widget elementor-widget-text-editor\" data-id=\"dfad939\" data-element_type=\"widget\" data-e-type=\"widget\" data-widget_type=\"text-editor.default\">\n\t\t\t\t\t\t\t\t\t<p data-start=\"2266\" data-end=\"2590\">La <strong data-start=\"2269\" data-end=\"2301\">tecnolog\u00eda de conexi\u00f3n \u00fanica<\/strong> del CIBANO 500 reduce considerablemente el esfuerzo de cableado y el tiempo requerido para configurar la prueba \u2014hasta un <strong data-start=\"2424\" data-end=\"2463\">50 % menos de tiempo de preparaci\u00f3n<\/strong> en muchos casos\u2014 permitiendo realizar pruebas completas de forma m\u00e1s eficiente y segura.<\/p>\t\t\t\t\t\t\t\t<\/div>\n\t\t\t\t\t<\/div>\n\t\t\t\t<\/div>\n\t\t\t\t<\/div>\n\t\t\t\t\t<\/details>\n\t\t\t\t\t\t<details id=\"e-n-accordion-item-2033\" class=\"e-n-accordion-item\" >\n\t\t\t\t<summary class=\"e-n-accordion-item-title\" data-accordion-index=\"4\" tabindex=\"-1\" aria-expanded=\"false\" aria-controls=\"e-n-accordion-item-2033\" >\n\t\t\t\t\t<span class='e-n-accordion-item-title-header'><div class=\"e-n-accordion-item-title-text\"> \u00bfC\u00f3mo facilita el software Primary Test Manager\u2122 (PTM) las pruebas con CIBANO 500? <\/div><\/span>\n\t\t\t\t\t\t\t<span class='e-n-accordion-item-title-icon'>\n\t\t\t<span class='e-opened' ><i aria-hidden=\"true\" class=\"fas fa-minus\"><\/i><\/span>\n\t\t\t<span class='e-closed'><i aria-hidden=\"true\" class=\"fas fa-plus\"><\/i><\/span>\n\t\t<\/span>\n\n\t\t\t\t\t\t<\/summary>\n\t\t\t\t<div role=\"region\" aria-labelledby=\"e-n-accordion-item-2033\" class=\"elementor-element elementor-element-ac72386 e-flex e-con-boxed cut-corner-no sticky-container-off e-con e-child\" data-id=\"ac72386\" data-element_type=\"container\" data-e-type=\"container\">\n\t\t\t\t\t<div class=\"e-con-inner\">\n\t\t\t\t<div class=\"elementor-element elementor-element-7f1f86e elementor-widget elementor-widget-text-editor\" data-id=\"7f1f86e\" data-element_type=\"widget\" data-e-type=\"widget\" data-widget_type=\"text-editor.default\">\n\t\t\t\t\t\t\t\t\t<p data-start=\"2692\" data-end=\"3078\">El software <strong data-start=\"2704\" data-end=\"2735\">Primary Test Manager\u2122 (PTM)<\/strong> integrado con el CIBANO 500 permite gestionar c\u00f3modamente todas las pruebas desde una interfaz unificada, ejecutar rutinas automatizadas y generar <strong data-start=\"2883\" data-end=\"2915\">informes combinados y claros<\/strong> que consolidan los resultados de resistencia, sincronismo y otros par\u00e1metros, mejorando la trazabilidad y an\u00e1lisis de datos.<\/p>\t\t\t\t\t\t\t\t<\/div>\n\t\t\t\t\t<\/div>\n\t\t\t\t<\/div>\n\t\t\t\t\t<\/details>\n\t\t\t\t\t\t<details id=\"e-n-accordion-item-2034\" class=\"e-n-accordion-item\" >\n\t\t\t\t<summary class=\"e-n-accordion-item-title\" data-accordion-index=\"5\" tabindex=\"-1\" aria-expanded=\"false\" aria-controls=\"e-n-accordion-item-2034\" >\n\t\t\t\t\t<span class='e-n-accordion-item-title-header'><div class=\"e-n-accordion-item-title-text\"> \u00bfQu\u00e9 mediciones t\u00edpicas se pueden realizar con el CIBANO 500 durante pruebas de interruptores? <\/div><\/span>\n\t\t\t\t\t\t\t<span class='e-n-accordion-item-title-icon'>\n\t\t\t<span class='e-opened' ><i aria-hidden=\"true\" class=\"fas fa-minus\"><\/i><\/span>\n\t\t\t<span class='e-closed'><i aria-hidden=\"true\" class=\"fas fa-plus\"><\/i><\/span>\n\t\t<\/span>\n\n\t\t\t\t\t\t<\/summary>\n\t\t\t\t<div role=\"region\" aria-labelledby=\"e-n-accordion-item-2034\" class=\"elementor-element elementor-element-1ef2a56 e-flex e-con-boxed cut-corner-no sticky-container-off e-con e-child\" data-id=\"1ef2a56\" data-element_type=\"container\" data-e-type=\"container\">\n\t\t\t\t\t<div class=\"e-con-inner\">\n\t\t\t\t<div class=\"elementor-element elementor-element-8ef2521 elementor-widget elementor-widget-text-editor\" data-id=\"8ef2521\" data-element_type=\"widget\" data-e-type=\"widget\" data-widget_type=\"text-editor.default\">\n\t\t\t\t\t\t\t\t\t<p data-start=\"3192\" data-end=\"3244\">Con el CIBANO 500 se pueden realizar, entre otras:<\/p><ul data-start=\"3245\" data-end=\"3598\"><li data-start=\"3245\" data-end=\"3310\"><p data-start=\"3247\" data-end=\"3310\"><strong data-start=\"3247\" data-end=\"3307\">Medici\u00f3n de resistencia est\u00e1tica y din\u00e1mica de contactos<\/strong>,<\/p><\/li><li data-start=\"3311\" data-end=\"3373\"><p data-start=\"3313\" data-end=\"3373\"><strong data-start=\"3313\" data-end=\"3370\">An\u00e1lisis de tiempos de disparo y cierre sincronizados<\/strong>,<\/p><\/li><li data-start=\"3374\" data-end=\"3424\"><p data-start=\"3376\" data-end=\"3424\"><strong data-start=\"3376\" data-end=\"3421\">Mediciones de corriente de bobina y motor<\/strong>,<\/p><\/li><li data-start=\"3425\" data-end=\"3490\"><p data-start=\"3427\" data-end=\"3490\"><strong data-start=\"3427\" data-end=\"3487\">Ensayos de condiciones como subtensi\u00f3n o arranque m\u00ednimo<\/strong>,<\/p><\/li><li data-start=\"3491\" data-end=\"3598\"><p data-start=\"3493\" data-end=\"3598\"><strong data-start=\"3493\" data-end=\"3559\">Sincronismo con ambos lados del interruptor conectado a tierra<\/strong>.<\/p><\/li><\/ul>\t\t\t\t\t\t\t\t<\/div>\n\t\t\t\t\t<\/div>\n\t\t\t\t<\/div>\n\t\t\t\t\t<\/details>\n\t\t\t\t\t<\/div>\n\t\t\t\t\t\t<\/div>\n\t\t\t\t\t<\/div>\n\t\t\t\t<\/div>\n\t\t<div class=\"elementor-element elementor-element-85fbdcf e-flex e-con-boxed cut-corner-no sticky-container-off e-con e-parent\" data-id=\"85fbdcf\" data-element_type=\"container\" data-e-type=\"container\">\n\t\t\t\t\t<div class=\"e-con-inner\">\n\t\t<div class=\"elementor-element elementor-element-f3477cb e-con-full e-flex cut-corner-no sticky-container-off e-con e-child\" data-id=\"f3477cb\" data-element_type=\"container\" data-e-type=\"container\">\n\t\t\t\t<div class=\"elementor-element elementor-element-3802a09 elementor-widget-divider--view-line elementor-widget elementor-widget-divider\" data-id=\"3802a09\" data-element_type=\"widget\" data-e-type=\"widget\" data-widget_type=\"divider.default\">\n\t\t\t\t\t\t\t<div class=\"elementor-divider\">\n\t\t\t<span class=\"elementor-divider-separator\">\n\t\t\t\t\t\t<\/span>\n\t\t<\/div>\n\t\t\t\t\t\t<\/div>\n\t\t\t\t<div class=\"elementor-element elementor-element-3f7f7de elementor-widget elementor-widget-text-editor\" data-id=\"3f7f7de\" data-element_type=\"widget\" data-e-type=\"widget\" data-widget_type=\"text-editor.default\">\n\t\t\t\t\t\t\t\t\t<p>Equipo disponible en:<\/p>\t\t\t\t\t\t\t\t<\/div>\n\t\t\t\t<\/div>\n\t\t\t\t\t<\/div>\n\t\t\t\t<\/div>\n\t\t<div class=\"elementor-element elementor-element-d3e5c83 e-flex e-con-boxed cut-corner-no sticky-container-off e-con e-parent\" data-id=\"d3e5c83\" data-element_type=\"container\" data-e-type=\"container\">\n\t\t\t\t\t<div class=\"e-con-inner\">\n\t\t<div class=\"elementor-element elementor-element-2dd102a e-con-full e-flex cut-corner-no sticky-container-off e-con e-child\" data-id=\"2dd102a\" data-element_type=\"container\" data-e-type=\"container\">\n\t\t\t\t<div class=\"elementor-element elementor-element-bc4cb34 elementor-widget elementor-widget-image\" data-id=\"bc4cb34\" data-element_type=\"widget\" data-e-type=\"widget\" data-widget_type=\"image.default\">\n\t\t\t\t\t\t\t\t\t\t\t\t<figure class=\"wp-caption\">\n\t\t\t\t\t\t\t\t\t\t<img decoding=\"async\" width=\"262\" height=\"262\" src=\"https:\/\/tecnomedida.com\/wp-content\/uploads\/2026\/01\/Group-16.png\" class=\"attachment-medium size-medium wp-image-11379\" alt=\"\" srcset=\"https:\/\/tecnomedida.com\/wp-content\/uploads\/2026\/01\/Group-16.png 262w, https:\/\/tecnomedida.com\/wp-content\/uploads\/2026\/01\/Group-16-85x85.png 85w, https:\/\/tecnomedida.com\/wp-content\/uploads\/2026\/01\/Group-16-123x123.png 123w\" sizes=\"(max-width: 262px) 100vw, 262px\" \/>\t\t\t\t\t\t\t\t\t\t\t<figcaption class=\"widget-image-caption wp-caption-text\">Colombia<\/figcaption>\n\t\t\t\t\t\t\t\t\t\t<\/figure>\n\t\t\t\t\t\t\t\t\t<\/div>\n\t\t\t\t<\/div>\n\t\t<div class=\"elementor-element elementor-element-3313c14 e-con-full e-flex cut-corner-no sticky-container-off e-con e-child\" data-id=\"3313c14\" data-element_type=\"container\" data-e-type=\"container\">\n\t\t\t\t<div class=\"elementor-element elementor-element-96bf6bc elementor-widget elementor-widget-image\" data-id=\"96bf6bc\" data-element_type=\"widget\" data-e-type=\"widget\" data-widget_type=\"image.default\">\n\t\t\t\t\t\t\t\t\t\t\t\t<figure class=\"wp-caption\">\n\t\t\t\t\t\t\t\t\t\t<img decoding=\"async\" width=\"262\" height=\"262\" src=\"https:\/\/tecnomedida.com\/wp-content\/uploads\/2026\/01\/Group-17.png\" class=\"attachment-medium size-medium wp-image-11378\" alt=\"\" srcset=\"https:\/\/tecnomedida.com\/wp-content\/uploads\/2026\/01\/Group-17.png 262w, https:\/\/tecnomedida.com\/wp-content\/uploads\/2026\/01\/Group-17-85x85.png 85w, https:\/\/tecnomedida.com\/wp-content\/uploads\/2026\/01\/Group-17-123x123.png 123w\" sizes=\"(max-width: 262px) 100vw, 262px\" \/>\t\t\t\t\t\t\t\t\t\t\t<figcaption class=\"widget-image-caption wp-caption-text\">Venezuela<\/figcaption>\n\t\t\t\t\t\t\t\t\t\t<\/figure>\n\t\t\t\t\t\t\t\t\t<\/div>\n\t\t\t\t<\/div>\n\t\t<div class=\"elementor-element elementor-element-0d8c785 e-con-full e-flex cut-corner-no sticky-container-off e-con e-child\" data-id=\"0d8c785\" data-element_type=\"container\" data-e-type=\"container\">\n\t\t\t\t<div class=\"elementor-element elementor-element-41531e2 elementor-widget elementor-widget-image\" data-id=\"41531e2\" data-element_type=\"widget\" data-e-type=\"widget\" data-widget_type=\"image.default\">\n\t\t\t\t\t\t\t\t\t\t\t\t<figure class=\"wp-caption\">\n\t\t\t\t\t\t\t\t\t\t<img loading=\"lazy\" decoding=\"async\" width=\"262\" height=\"262\" src=\"https:\/\/tecnomedida.com\/wp-content\/uploads\/2026\/01\/Group-18.png\" class=\"attachment-medium size-medium wp-image-11377\" alt=\"\" srcset=\"https:\/\/tecnomedida.com\/wp-content\/uploads\/2026\/01\/Group-18.png 262w, https:\/\/tecnomedida.com\/wp-content\/uploads\/2026\/01\/Group-18-85x85.png 85w, https:\/\/tecnomedida.com\/wp-content\/uploads\/2026\/01\/Group-18-123x123.png 123w\" sizes=\"(max-width: 262px) 100vw, 262px\" \/>\t\t\t\t\t\t\t\t\t\t\t<figcaption class=\"widget-image-caption wp-caption-text\">Per\u00fa<\/figcaption>\n\t\t\t\t\t\t\t\t\t\t<\/figure>\n\t\t\t\t\t\t\t\t\t<\/div>\n\t\t\t\t<\/div>\n\t\t\t\t\t<\/div>\n\t\t\t\t<\/div>\n\t\t\t\t<\/div>","protected":false},"excerpt":{"rendered":"<p>Omicron Cibano500 Sistema de Pruebas 3 en 1 para Interruptores de Potencia de Media y Alta Tensi\u00f3n.<\/p>\n<ul class=\"wp-block-list\">\n<li>Resistencia est\u00e1tica de contactos en \u00b5\u1ffc.<\/li>\n<li>Tiempos de Operaci\u00f3n<\/li>\n<li>Prueba de arranque m\u00ednimo.<\/li>\n<li>Pruebas de sincronismo.<\/li>\n<li>An\u00e1lisis de corriente de bobina y motor.<\/li>\n<li>Pruebas Din\u00e1micas de Movimiento.<\/li>\n<\/ul>","protected":false},"featured_media":11472,"comment_status":"closed","ping_status":"closed","template":"","meta":{"content-type":"","_monsterinsights_skip_tracking":false,"_monsterinsights_sitenote_active":false,"_monsterinsights_sitenote_note":"","_monsterinsights_sitenote_category":0},"product_brand":[72],"product_cat":[18],"product_tag":[],"class_list":{"0":"post-11265","1":"product","2":"type-product","3":"status-publish","4":"has-post-thumbnail","6":"product_brand-omicron","7":"product_cat-tecnomedida","9":"first","10":"onbackorder","11":"shipping-taxable","12":"product-type-simple"},"aioseo_notices":[],"_links":{"self":[{"href":"https:\/\/tecnomedida.com\/en\/wp-json\/wp\/v2\/product\/11265","targetHints":{"allow":["GET"]}}],"collection":[{"href":"https:\/\/tecnomedida.com\/en\/wp-json\/wp\/v2\/product"}],"about":[{"href":"https:\/\/tecnomedida.com\/en\/wp-json\/wp\/v2\/types\/product"}],"replies":[{"embeddable":true,"href":"https:\/\/tecnomedida.com\/en\/wp-json\/wp\/v2\/comments?post=11265"}],"version-history":[{"count":6,"href":"https:\/\/tecnomedida.com\/en\/wp-json\/wp\/v2\/product\/11265\/revisions"}],"predecessor-version":[{"id":13428,"href":"https:\/\/tecnomedida.com\/en\/wp-json\/wp\/v2\/product\/11265\/revisions\/13428"}],"wp:featuredmedia":[{"embeddable":true,"href":"https:\/\/tecnomedida.com\/en\/wp-json\/wp\/v2\/media\/11472"}],"wp:attachment":[{"href":"https:\/\/tecnomedida.com\/en\/wp-json\/wp\/v2\/media?parent=11265"}],"wp:term":[{"taxonomy":"product_brand","embeddable":true,"href":"https:\/\/tecnomedida.com\/en\/wp-json\/wp\/v2\/product_brand?post=11265"},{"taxonomy":"product_cat","embeddable":true,"href":"https:\/\/tecnomedida.com\/en\/wp-json\/wp\/v2\/product_cat?post=11265"},{"taxonomy":"product_tag","embeddable":true,"href":"https:\/\/tecnomedida.com\/en\/wp-json\/wp\/v2\/product_tag?post=11265"}],"curies":[{"name":"wp","href":"https:\/\/api.w.org\/{rel}","templated":true}]}}