{"id":11261,"date":"2026-01-25T16:26:38","date_gmt":"2026-01-25T16:26:38","guid":{"rendered":"https:\/\/tecnomedida.com\/?post_type=product&#038;p=11261"},"modified":"2026-04-20T17:15:16","modified_gmt":"2026-04-20T17:15:16","slug":"omicron-cmc500","status":"publish","type":"product","link":"https:\/\/tecnomedida.com\/en\/servicios\/alquiler-de-equipos\/omicron-cmc500\/","title":{"rendered":"Omicron CMC500"},"content":{"rendered":"<div data-elementor-type=\"wp-post\" data-elementor-id=\"11261\" class=\"elementor elementor-11261\">\n\t\t\t\t<div class=\"elementor-element elementor-element-56318f9 e-flex e-con-boxed cut-corner-no sticky-container-off e-con e-parent\" data-id=\"56318f9\" data-element_type=\"container\" data-e-type=\"container\">\n\t\t\t\t\t<div class=\"e-con-inner\">\n\t\t<div class=\"elementor-element elementor-element-70d9ce7 e-con-full e-flex cut-corner-no sticky-container-off e-con e-child\" data-id=\"70d9ce7\" data-element_type=\"container\" data-e-type=\"container\">\n\t\t\t\t<div class=\"elementor-element elementor-element-6856ffdb elementor-widget elementor-widget-text-editor\" data-id=\"6856ffdb\" data-element_type=\"widget\" data-e-type=\"widget\" data-widget_type=\"text-editor.default\">\n\t\t\t\t\t\t\t\t\t<div>Caracter\u00edsticas principales<\/div>\t\t\t\t\t\t\t\t<\/div>\n\t\t\t\t<div class=\"elementor-element elementor-element-c5a3117 elementor-widget elementor-widget-text-editor\" data-id=\"c5a3117\" data-element_type=\"widget\" data-e-type=\"widget\" data-widget_type=\"text-editor.default\">\n\t\t\t\t\t\t\t\t\t<ul role=\"list\"><li>El <strong data-start=\"282\" data-end=\"301\">OMICRON CMC 500<\/strong> es un conjunto de prueba <strong data-start=\"327\" data-end=\"412\">modular y multif\u00e1sico para rel\u00e9s de protecci\u00f3n y sistemas de protecci\u00f3n completos<\/strong>, dise\u00f1ado para cubrir los retos actuales en validaci\u00f3n y puesta en servicio de sistemas el\u00e9ctricos. Con su arquitectura adaptable, el CMC 500 combina <strong data-start=\"563\" data-end=\"668\">pruebas automatizadas basadas en par\u00e1metros con pruebas basadas en simulaciones completas del sistema<\/strong> para revelar fallas ocultas y mejorar la calidad del sistema de protecci\u00f3n hasta en un 80 % en comparaci\u00f3n con m\u00e9todos manuales. Su tecnolog\u00eda soporta pruebas en entornos h\u00edbridos y totalmente digitales IEC 61850, incluyendo protocolos como GOOSE, R-GOOSE, MMS y Sampled Values con datasets configurables, garantizando compatibilidad con m\u00faltiples generaciones de rel\u00e9s y dispositivos. Adem\u00e1s, incorpora funciones avanzadas de <strong data-start=\"1096\" data-end=\"1127\">ciberseguridad \u201cpor dise\u00f1o\u201d<\/strong> y caracter\u00edsticas de <strong data-start=\"1149\" data-end=\"1171\">seguridad personal<\/strong> que reducen los riesgos el\u00e9ctricos durante las pruebas, cumpliendo con normas funcionales internacionales. El equipo ofrece flexibilidad mediante variantes con m\u00faltiples salidas de corriente y tensi\u00f3n, soporta inyecci\u00f3n primaria de hasta 450 A y dispone de una amplia gama de accesorios y opciones de software para pruebas completas y resoluci\u00f3n de problemas en campo o laboratorio.<\/li><\/ul>\t\t\t\t\t\t\t\t<\/div>\n\t\t\t\t<\/div>\n\t\t<div class=\"elementor-element elementor-element-6903b4a e-con-full e-flex cut-corner-no sticky-container-off e-con e-child\" data-id=\"6903b4a\" data-element_type=\"container\" data-e-type=\"container\">\n\t\t\t\t<div class=\"elementor-element elementor-element-2024760 elementor-widget elementor-widget-image\" data-id=\"2024760\" data-element_type=\"widget\" data-e-type=\"widget\" data-widget_type=\"image.default\">\n\t\t\t\t\t\t\t\t\t\t\t\t\t\t\t<img fetchpriority=\"high\" decoding=\"async\" width=\"600\" height=\"430\" src=\"https:\/\/tecnomedida.com\/wp-content\/uploads\/2026\/01\/CMC500.png\" class=\"attachment-large size-large wp-image-11462\" alt=\"\" \/>\t\t\t\t\t\t\t\t\t\t\t\t\t\t\t<\/div>\n\t\t\t\t<\/div>\n\t\t\t\t\t<\/div>\n\t\t\t\t<\/div>\n\t\t<div class=\"elementor-element elementor-element-377ec00e e-flex e-con-boxed cut-corner-no sticky-container-off e-con e-parent\" data-id=\"377ec00e\" data-element_type=\"container\" data-e-type=\"container\">\n\t\t\t\t\t<div class=\"e-con-inner\">\n\t\t\t\t<div class=\"elementor-element elementor-element-aa292fb elementor-widget elementor-widget-text-editor\" data-id=\"aa292fb\" data-element_type=\"widget\" data-e-type=\"widget\" data-widget_type=\"text-editor.default\">\n\t\t\t\t\t\t\t\t\t<p>Frequently asked questions<\/p>\t\t\t\t\t\t\t\t<\/div>\n\t\t\t\t\t<\/div>\n\t\t\t\t<\/div>\n\t\t<div class=\"elementor-element elementor-element-9c7600c e-flex e-con-boxed cut-corner-no sticky-container-off e-con e-parent\" data-id=\"9c7600c\" data-element_type=\"container\" data-e-type=\"container\">\n\t\t\t\t\t<div class=\"e-con-inner\">\n\t\t\t\t<div class=\"elementor-element elementor-element-3160ea8 elementor-widget elementor-widget-n-accordion\" data-id=\"3160ea8\" data-element_type=\"widget\" data-e-type=\"widget\" data-settings=\"{&quot;default_state&quot;:&quot;expanded&quot;,&quot;max_items_expended&quot;:&quot;one&quot;,&quot;n_accordion_animation_duration&quot;:{&quot;unit&quot;:&quot;ms&quot;,&quot;size&quot;:400,&quot;sizes&quot;:[]}}\" data-widget_type=\"nested-accordion.default\">\n\t\t\t\t\t\t\t<div class=\"e-n-accordion\" aria-label=\"Accordion. Open links with Enter or Space, close with Escape, and navigate with Arrow Keys\">\n\t\t\t\t\t\t<details id=\"e-n-accordion-item-5170\" class=\"e-n-accordion-item\" open>\n\t\t\t\t<summary class=\"e-n-accordion-item-title\" data-accordion-index=\"1\" tabindex=\"0\" aria-expanded=\"true\" aria-controls=\"e-n-accordion-item-5170\" >\n\t\t\t\t\t<span class='e-n-accordion-item-title-header'><div class=\"e-n-accordion-item-title-text\"> \u00bfQu\u00e9 tipo de pruebas puede realizar el CMC 500? <\/div><\/span>\n\t\t\t\t\t\t\t<span class='e-n-accordion-item-title-icon'>\n\t\t\t<span class='e-opened' ><i aria-hidden=\"true\" class=\"fas fa-minus\"><\/i><\/span>\n\t\t\t<span class='e-closed'><i aria-hidden=\"true\" class=\"fas fa-plus\"><\/i><\/span>\n\t\t<\/span>\n\n\t\t\t\t\t\t<\/summary>\n\t\t\t\t<div role=\"region\" aria-labelledby=\"e-n-accordion-item-5170\" class=\"elementor-element elementor-element-e60f46a e-con-full e-flex cut-corner-no sticky-container-off e-con e-child\" data-id=\"e60f46a\" data-element_type=\"container\" data-e-type=\"container\">\n\t\t<div role=\"region\" aria-labelledby=\"e-n-accordion-item-5170\" class=\"elementor-element elementor-element-fc92a94 e-flex e-con-boxed cut-corner-no sticky-container-off e-con e-child\" data-id=\"fc92a94\" data-element_type=\"container\" data-e-type=\"container\">\n\t\t\t\t\t<div class=\"e-con-inner\">\n\t\t\t\t<div class=\"elementor-element elementor-element-8422bf2 elementor-widget elementor-widget-text-editor\" data-id=\"8422bf2\" data-element_type=\"widget\" data-e-type=\"widget\" data-widget_type=\"text-editor.default\">\n\t\t\t\t\t\t\t\t\t<p>El CMC 500 permite ejecutar <strong data-start=\"1739\" data-end=\"1783\">pruebas completas de rel\u00e9s de protecci\u00f3n<\/strong>, combinando pruebas <strong data-start=\"1804\" data-end=\"1829\">basadas en par\u00e1metros<\/strong> (verificaci\u00f3n de caracter\u00edsticas individuales) y <strong data-start=\"1879\" data-end=\"1912\">pruebas basadas en el sistema<\/strong> (simulaci\u00f3n realista de eventos y fallas), lo que ofrece una evaluaci\u00f3n profunda del comportamiento del sistema de protecci\u00f3n.<\/p>\t\t\t\t\t\t\t\t<\/div>\n\t\t\t\t\t<\/div>\n\t\t\t\t<\/div>\n\t\t\t\t<\/div>\n\t\t\t\t\t<\/details>\n\t\t\t\t\t\t<details id=\"e-n-accordion-item-5171\" class=\"e-n-accordion-item\" >\n\t\t\t\t<summary class=\"e-n-accordion-item-title\" data-accordion-index=\"2\" tabindex=\"-1\" aria-expanded=\"false\" aria-controls=\"e-n-accordion-item-5171\" >\n\t\t\t\t\t<span class='e-n-accordion-item-title-header'><div class=\"e-n-accordion-item-title-text\"> \u00bfC\u00f3mo mejora la eficiencia de las pruebas en comparaci\u00f3n con equipos tradicionales? <\/div><\/span>\n\t\t\t\t\t\t\t<span class='e-n-accordion-item-title-icon'>\n\t\t\t<span class='e-opened' ><i aria-hidden=\"true\" class=\"fas fa-minus\"><\/i><\/span>\n\t\t\t<span class='e-closed'><i aria-hidden=\"true\" class=\"fas fa-plus\"><\/i><\/span>\n\t\t<\/span>\n\n\t\t\t\t\t\t<\/summary>\n\t\t\t\t<div role=\"region\" aria-labelledby=\"e-n-accordion-item-5171\" class=\"elementor-element elementor-element-756843e e-con-full e-flex cut-corner-no sticky-container-off e-con e-child\" data-id=\"756843e\" data-element_type=\"container\" data-e-type=\"container\">\n\t\t\t\t<div class=\"elementor-element elementor-element-6fd51d0 elementor-widget elementor-widget-text-editor\" data-id=\"6fd51d0\" data-element_type=\"widget\" data-e-type=\"widget\" data-widget_type=\"text-editor.default\">\n\t\t\t\t\t\t\t\t\t<p data-start=\"1250\" data-end=\"1279\">Mediante la <strong data-start=\"2192\" data-end=\"2239\">automatizaci\u00f3n de procedimientos de pruebas<\/strong>, uso de plantillas predefinidas y generaci\u00f3n autom\u00e1tica de documentaci\u00f3n de resultados, el CMC 500 puede <strong data-start=\"2345\" data-end=\"2396\">reducir el esfuerzo de pruebas hasta en un 80 %<\/strong> frente a m\u00e9todos manuales, estandarizando procesos y mejorando la reproducibilidad de los ensayos.<\/p>\t\t\t\t\t\t\t\t<\/div>\n\t\t\t\t<\/div>\n\t\t\t\t\t<\/details>\n\t\t\t\t\t\t<details id=\"e-n-accordion-item-5172\" class=\"e-n-accordion-item\" >\n\t\t\t\t<summary class=\"e-n-accordion-item-title\" data-accordion-index=\"3\" tabindex=\"-1\" aria-expanded=\"false\" aria-controls=\"e-n-accordion-item-5172\" >\n\t\t\t\t\t<span class='e-n-accordion-item-title-header'><div class=\"e-n-accordion-item-title-text\"> \u00bfQu\u00e9 capacidades de comunicaci\u00f3n y protocolos soporta el CMC 500? <\/div><\/span>\n\t\t\t\t\t\t\t<span class='e-n-accordion-item-title-icon'>\n\t\t\t<span class='e-opened' ><i aria-hidden=\"true\" class=\"fas fa-minus\"><\/i><\/span>\n\t\t\t<span class='e-closed'><i aria-hidden=\"true\" class=\"fas fa-plus\"><\/i><\/span>\n\t\t<\/span>\n\n\t\t\t\t\t\t<\/summary>\n\t\t\t\t<div role=\"region\" aria-labelledby=\"e-n-accordion-item-5172\" class=\"elementor-element elementor-element-050c1c2 e-con-full e-flex cut-corner-no sticky-container-off e-con e-child\" data-id=\"050c1c2\" data-element_type=\"container\" data-e-type=\"container\">\n\t\t<div role=\"region\" aria-labelledby=\"e-n-accordion-item-5172\" class=\"elementor-element elementor-element-4d617a6 e-flex e-con-boxed cut-corner-no sticky-container-off e-con e-child\" data-id=\"4d617a6\" data-element_type=\"container\" data-e-type=\"container\">\n\t\t\t\t\t<div class=\"e-con-inner\">\n\t\t\t\t<div class=\"elementor-element elementor-element-f965456 elementor-widget elementor-widget-text-editor\" data-id=\"f965456\" data-element_type=\"widget\" data-e-type=\"widget\" data-widget_type=\"text-editor.default\">\n\t\t\t\t\t\t\t\t\t<p data-start=\"1896\" data-end=\"1996\">El equipo soporta <strong data-start=\"2636\" data-end=\"2704\">protocolos de comunicaci\u00f3n modernos para subestaciones digitales<\/strong>, incluyendo <strong data-start=\"2717\" data-end=\"2757\">GOOSE, R-GOOSE, MMS y Sampled Values<\/strong>, lo que lo hace adecuado para pruebas en entornos IEC 61850 h\u00edbridos y completamente digitales, con opciones de datasets configurables.<\/p>\t\t\t\t\t\t\t\t<\/div>\n\t\t\t\t\t<\/div>\n\t\t\t\t<\/div>\n\t\t\t\t<\/div>\n\t\t\t\t\t<\/details>\n\t\t\t\t\t\t<details id=\"e-n-accordion-item-5173\" class=\"e-n-accordion-item\" >\n\t\t\t\t<summary class=\"e-n-accordion-item-title\" data-accordion-index=\"4\" tabindex=\"-1\" aria-expanded=\"false\" aria-controls=\"e-n-accordion-item-5173\" >\n\t\t\t\t\t<span class='e-n-accordion-item-title-header'><div class=\"e-n-accordion-item-title-text\"> \u00bfQu\u00e9 funciones de seguridad incorpora el CMC 500? <\/div><\/span>\n\t\t\t\t\t\t\t<span class='e-n-accordion-item-title-icon'>\n\t\t\t<span class='e-opened' ><i aria-hidden=\"true\" class=\"fas fa-minus\"><\/i><\/span>\n\t\t\t<span class='e-closed'><i aria-hidden=\"true\" class=\"fas fa-plus\"><\/i><\/span>\n\t\t<\/span>\n\n\t\t\t\t\t\t<\/summary>\n\t\t\t\t<div role=\"region\" aria-labelledby=\"e-n-accordion-item-5173\" class=\"elementor-element elementor-element-f0bb039 e-flex e-con-boxed cut-corner-no sticky-container-off e-con e-child\" data-id=\"f0bb039\" data-element_type=\"container\" data-e-type=\"container\">\n\t\t\t\t\t<div class=\"e-con-inner\">\n\t\t\t\t<div class=\"elementor-element elementor-element-b439548 elementor-widget elementor-widget-text-editor\" data-id=\"b439548\" data-element_type=\"widget\" data-e-type=\"widget\" data-widget_type=\"text-editor.default\">\n\t\t\t\t\t\t\t\t\t<p data-start=\"3000\" data-end=\"3398\">El CMC 500 incorpora <strong data-start=\"3021\" data-end=\"3063\">caracter\u00edsticas de seguridad avanzadas<\/strong>, como visualizaci\u00f3n del estado de salida, opci\u00f3n de bot\u00f3n de emergencia, interfaz segura y dise\u00f1o conforme a normas de seguridad funcional (tales como <strong data-start=\"3215\" data-end=\"3241\">EN 50191 e ISO 13849-1<\/strong>), reduciendo los riesgos el\u00e9ctricos para el personal durante pruebas en subestaciones o instalaciones de alta tensi\u00f3n.<\/p>\t\t\t\t\t\t\t\t<\/div>\n\t\t\t\t\t<\/div>\n\t\t\t\t<\/div>\n\t\t\t\t\t<\/details>\n\t\t\t\t\t\t<details id=\"e-n-accordion-item-5174\" class=\"e-n-accordion-item\" >\n\t\t\t\t<summary class=\"e-n-accordion-item-title\" data-accordion-index=\"5\" tabindex=\"-1\" aria-expanded=\"false\" aria-controls=\"e-n-accordion-item-5174\" >\n\t\t\t\t\t<span class='e-n-accordion-item-title-header'><div class=\"e-n-accordion-item-title-text\"> \u00bfQu\u00e9 otras aplicaciones puede cubrir adem\u00e1s de pruebas de rel\u00e9s de protecci\u00f3n? <\/div><\/span>\n\t\t\t\t\t\t\t<span class='e-n-accordion-item-title-icon'>\n\t\t\t<span class='e-opened' ><i aria-hidden=\"true\" class=\"fas fa-minus\"><\/i><\/span>\n\t\t\t<span class='e-closed'><i aria-hidden=\"true\" class=\"fas fa-plus\"><\/i><\/span>\n\t\t<\/span>\n\n\t\t\t\t\t\t<\/summary>\n\t\t\t\t<div role=\"region\" aria-labelledby=\"e-n-accordion-item-5174\" class=\"elementor-element elementor-element-f99e127 e-flex e-con-boxed cut-corner-no sticky-container-off e-con e-child\" data-id=\"f99e127\" data-element_type=\"container\" data-e-type=\"container\">\n\t\t\t\t\t<div class=\"e-con-inner\">\n\t\t\t\t<div class=\"elementor-element elementor-element-dcc848d elementor-widget elementor-widget-text-editor\" data-id=\"dcc848d\" data-element_type=\"widget\" data-e-type=\"widget\" data-widget_type=\"text-editor.default\">\n\t\t\t\t\t\t\t\t\t<p data-start=\"3227\" data-end=\"3308\">Adem\u00e1s de rel\u00e9s, el CMC 500 es apto para <strong data-start=\"3537\" data-end=\"3588\">pruebas funcionales de otros activos el\u00e9ctricos<\/strong>, como transformadores de corriente, interruptores de potencia y dispositivos con entradas anal\u00f3gicas, y puede emplearse como herramienta de <strong data-start=\"3729\" data-end=\"3778\">an\u00e1lisis y registro de se\u00f1ales en tiempo real<\/strong> para tareas de diagn\u00f3stico y resoluci\u00f3n de problemas.<\/p>\t\t\t\t\t\t\t\t<\/div>\n\t\t\t\t\t<\/div>\n\t\t\t\t<\/div>\n\t\t\t\t\t<\/details>\n\t\t\t\t\t<\/div>\n\t\t\t\t\t\t<\/div>\n\t\t\t\t\t<\/div>\n\t\t\t\t<\/div>\n\t\t<div class=\"elementor-element elementor-element-365ff97 e-flex e-con-boxed cut-corner-no sticky-container-off e-con e-parent\" data-id=\"365ff97\" data-element_type=\"container\" data-e-type=\"container\">\n\t\t\t\t\t<div class=\"e-con-inner\">\n\t\t<div class=\"elementor-element elementor-element-e83dd1d e-con-full e-flex cut-corner-no sticky-container-off e-con e-child\" data-id=\"e83dd1d\" data-element_type=\"container\" data-e-type=\"container\">\n\t\t\t\t<div class=\"elementor-element elementor-element-a44a3a3 elementor-widget-divider--view-line elementor-widget elementor-widget-divider\" data-id=\"a44a3a3\" data-element_type=\"widget\" data-e-type=\"widget\" data-widget_type=\"divider.default\">\n\t\t\t\t\t\t\t<div class=\"elementor-divider\">\n\t\t\t<span class=\"elementor-divider-separator\">\n\t\t\t\t\t\t<\/span>\n\t\t<\/div>\n\t\t\t\t\t\t<\/div>\n\t\t\t\t<div class=\"elementor-element elementor-element-0a9974e elementor-widget elementor-widget-text-editor\" data-id=\"0a9974e\" data-element_type=\"widget\" data-e-type=\"widget\" data-widget_type=\"text-editor.default\">\n\t\t\t\t\t\t\t\t\t<p>Equipo disponible en:<\/p>\t\t\t\t\t\t\t\t<\/div>\n\t\t\t\t<\/div>\n\t\t\t\t\t<\/div>\n\t\t\t\t<\/div>\n\t\t<div class=\"elementor-element elementor-element-a101291 e-flex e-con-boxed cut-corner-no sticky-container-off e-con e-parent\" data-id=\"a101291\" data-element_type=\"container\" data-e-type=\"container\">\n\t\t\t\t\t<div class=\"e-con-inner\">\n\t\t<div class=\"elementor-element elementor-element-104ac4b e-con-full e-flex cut-corner-no sticky-container-off e-con e-child\" data-id=\"104ac4b\" data-element_type=\"container\" data-e-type=\"container\">\n\t\t\t\t<div class=\"elementor-element elementor-element-bc095ba elementor-widget elementor-widget-image\" data-id=\"bc095ba\" data-element_type=\"widget\" data-e-type=\"widget\" data-widget_type=\"image.default\">\n\t\t\t\t\t\t\t\t\t\t\t\t<figure class=\"wp-caption\">\n\t\t\t\t\t\t\t\t\t\t<img decoding=\"async\" width=\"262\" height=\"262\" src=\"https:\/\/tecnomedida.com\/wp-content\/uploads\/2026\/01\/Group-16.png\" class=\"attachment-medium size-medium wp-image-11379\" alt=\"\" srcset=\"https:\/\/tecnomedida.com\/wp-content\/uploads\/2026\/01\/Group-16.png 262w, https:\/\/tecnomedida.com\/wp-content\/uploads\/2026\/01\/Group-16-85x85.png 85w, https:\/\/tecnomedida.com\/wp-content\/uploads\/2026\/01\/Group-16-123x123.png 123w\" sizes=\"(max-width: 262px) 100vw, 262px\" \/>\t\t\t\t\t\t\t\t\t\t\t<figcaption class=\"widget-image-caption wp-caption-text\">Colombia<\/figcaption>\n\t\t\t\t\t\t\t\t\t\t<\/figure>\n\t\t\t\t\t\t\t\t\t<\/div>\n\t\t\t\t<\/div>\n\t\t<div class=\"elementor-element elementor-element-0d44463 e-con-full e-flex cut-corner-no sticky-container-off e-con e-child\" data-id=\"0d44463\" data-element_type=\"container\" data-e-type=\"container\">\n\t\t\t\t<div class=\"elementor-element elementor-element-824b7f6 elementor-widget elementor-widget-image\" data-id=\"824b7f6\" data-element_type=\"widget\" data-e-type=\"widget\" data-widget_type=\"image.default\">\n\t\t\t\t\t\t\t\t\t\t\t\t<figure class=\"wp-caption\">\n\t\t\t\t\t\t\t\t\t\t<img decoding=\"async\" width=\"262\" height=\"262\" src=\"https:\/\/tecnomedida.com\/wp-content\/uploads\/2026\/01\/Group-17.png\" class=\"attachment-medium size-medium wp-image-11378\" alt=\"\" srcset=\"https:\/\/tecnomedida.com\/wp-content\/uploads\/2026\/01\/Group-17.png 262w, https:\/\/tecnomedida.com\/wp-content\/uploads\/2026\/01\/Group-17-85x85.png 85w, https:\/\/tecnomedida.com\/wp-content\/uploads\/2026\/01\/Group-17-123x123.png 123w\" sizes=\"(max-width: 262px) 100vw, 262px\" \/>\t\t\t\t\t\t\t\t\t\t\t<figcaption class=\"widget-image-caption wp-caption-text\">Venezuela<\/figcaption>\n\t\t\t\t\t\t\t\t\t\t<\/figure>\n\t\t\t\t\t\t\t\t\t<\/div>\n\t\t\t\t<\/div>\n\t\t<div class=\"elementor-element elementor-element-1373b2c e-con-full e-flex cut-corner-no sticky-container-off e-con e-child\" data-id=\"1373b2c\" data-element_type=\"container\" data-e-type=\"container\">\n\t\t\t\t<div class=\"elementor-element elementor-element-9c29782 elementor-widget elementor-widget-image\" data-id=\"9c29782\" data-element_type=\"widget\" data-e-type=\"widget\" data-widget_type=\"image.default\">\n\t\t\t\t\t\t\t\t\t\t\t\t<figure class=\"wp-caption\">\n\t\t\t\t\t\t\t\t\t\t<img loading=\"lazy\" decoding=\"async\" width=\"262\" height=\"262\" src=\"https:\/\/tecnomedida.com\/wp-content\/uploads\/2026\/01\/Group-18.png\" class=\"attachment-medium size-medium wp-image-11377\" alt=\"\" srcset=\"https:\/\/tecnomedida.com\/wp-content\/uploads\/2026\/01\/Group-18.png 262w, https:\/\/tecnomedida.com\/wp-content\/uploads\/2026\/01\/Group-18-85x85.png 85w, https:\/\/tecnomedida.com\/wp-content\/uploads\/2026\/01\/Group-18-123x123.png 123w\" sizes=\"(max-width: 262px) 100vw, 262px\" \/>\t\t\t\t\t\t\t\t\t\t\t<figcaption class=\"widget-image-caption wp-caption-text\">Per\u00fa<\/figcaption>\n\t\t\t\t\t\t\t\t\t\t<\/figure>\n\t\t\t\t\t\t\t\t\t<\/div>\n\t\t\t\t<\/div>\n\t\t\t\t\t<\/div>\n\t\t\t\t<\/div>\n\t\t\t\t<\/div>","protected":false},"excerpt":{"rendered":"<p>Equipo de pruebas para rel\u00e9s de protecci\u00f3n multif\u00e1sico y modular, dise\u00f1ado para abordar los desaf\u00edos actuales en la verificaci\u00f3n de sistemas de protecci\u00f3n el\u00e9ctrica. Combina precisi\u00f3n, seguridad y versatilidad, siendo ideal para aplicaciones en generaci\u00f3n, transmisi\u00f3n y distribuci\u00f3n de energ\u00eda.<\/p>","protected":false},"featured_media":11460,"template":"","meta":{"content-type":"","_monsterinsights_skip_tracking":false,"_monsterinsights_sitenote_active":false,"_monsterinsights_sitenote_note":"","_monsterinsights_sitenote_category":0},"product_brand":[72],"product_cat":[85],"product_tag":[],"class_list":{"0":"post-11261","1":"product","2":"type-product","3":"status-publish","4":"has-post-thumbnail","6":"product_brand-omicron","7":"product_cat-omicron","9":"first","10":"onbackorder","11":"featured","12":"shipping-taxable","13":"product-type-simple"},"aioseo_notices":[],"_links":{"self":[{"href":"https:\/\/tecnomedida.com\/en\/wp-json\/wp\/v2\/product\/11261","targetHints":{"allow":["GET"]}}],"collection":[{"href":"https:\/\/tecnomedida.com\/en\/wp-json\/wp\/v2\/product"}],"about":[{"href":"https:\/\/tecnomedida.com\/en\/wp-json\/wp\/v2\/types\/product"}],"version-history":[{"count":6,"href":"https:\/\/tecnomedida.com\/en\/wp-json\/wp\/v2\/product\/11261\/revisions"}],"predecessor-version":[{"id":13426,"href":"https:\/\/tecnomedida.com\/en\/wp-json\/wp\/v2\/product\/11261\/revisions\/13426"}],"wp:featuredmedia":[{"embeddable":true,"href":"https:\/\/tecnomedida.com\/en\/wp-json\/wp\/v2\/media\/11460"}],"wp:attachment":[{"href":"https:\/\/tecnomedida.com\/en\/wp-json\/wp\/v2\/media?parent=11261"}],"wp:term":[{"taxonomy":"product_brand","embeddable":true,"href":"https:\/\/tecnomedida.com\/en\/wp-json\/wp\/v2\/product_brand?post=11261"},{"taxonomy":"product_cat","embeddable":true,"href":"https:\/\/tecnomedida.com\/en\/wp-json\/wp\/v2\/product_cat?post=11261"},{"taxonomy":"product_tag","embeddable":true,"href":"https:\/\/tecnomedida.com\/en\/wp-json\/wp\/v2\/product_tag?post=11261"}],"curies":[{"name":"wp","href":"https:\/\/api.w.org\/{rel}","templated":true}]}}