{"id":11257,"date":"2026-01-25T16:26:10","date_gmt":"2026-01-25T16:26:10","guid":{"rendered":"https:\/\/tecnomedida.com\/?post_type=product&#038;p=11257"},"modified":"2026-04-20T17:20:20","modified_gmt":"2026-04-20T17:20:20","slug":"omicron-cp-cu1","status":"publish","type":"product","link":"https:\/\/tecnomedida.com\/en\/servicios\/alquiler-de-equipos\/omicron-cp-cu1\/","title":{"rendered":"Omicron CP CU1"},"content":{"rendered":"<div data-elementor-type=\"wp-post\" data-elementor-id=\"11257\" class=\"elementor elementor-11257\">\n\t\t\t\t<div class=\"elementor-element elementor-element-56318f9 e-flex e-con-boxed cut-corner-no sticky-container-off e-con e-parent\" data-id=\"56318f9\" data-element_type=\"container\" data-e-type=\"container\">\n\t\t\t\t\t<div class=\"e-con-inner\">\n\t\t<div class=\"elementor-element elementor-element-70d9ce7 e-con-full e-flex cut-corner-no sticky-container-off e-con e-child\" data-id=\"70d9ce7\" data-element_type=\"container\" data-e-type=\"container\">\n\t\t\t\t<div class=\"elementor-element elementor-element-6856ffdb elementor-widget elementor-widget-text-editor\" data-id=\"6856ffdb\" data-element_type=\"widget\" data-e-type=\"widget\" data-widget_type=\"text-editor.default\">\n\t\t\t\t\t\t\t\t\t<div>Caracter\u00edsticas principales<\/div>\t\t\t\t\t\t\t\t<\/div>\n\t\t\t\t<div class=\"elementor-element elementor-element-c5a3117 elementor-widget elementor-widget-text-editor\" data-id=\"c5a3117\" data-element_type=\"widget\" data-e-type=\"widget\" data-widget_type=\"text-editor.default\">\n\t\t\t\t\t\t\t\t\t<ul role=\"list\"><li>El <strong data-start=\"417\" data-end=\"435\">OMICRON CP CU1<\/strong> es una <strong data-start=\"443\" data-end=\"484\">unidad de acoplamiento multifuncional<\/strong> que, junto con el sistema de prueba <strong data-start=\"521\" data-end=\"532\">CPC 100<\/strong>, permite realizar mediciones de <strong data-start=\"565\" data-end=\"600\">impedancias de l\u00ednea y factor K<\/strong> en l\u00edneas a\u00e9reas y cables de alta tensi\u00f3n con alta precisi\u00f3n. Gracias al uso de <strong data-start=\"681\" data-end=\"716\">frecuencias de salida variables<\/strong>, las mediciones no se ven afectadas por interferencias de la red el\u00e9ctrica, ofreciendo resultados extremadamente reproducibles incluso en entornos con ruido. El CP CU1 incluye un transformador de adaptaci\u00f3n de impedancias que optimiza la transferencia de potencia desde el CPC 100 hacia el activo bajo prueba y, para aumentar la seguridad del t\u00e9cnico, se suministra con una unidad de <strong data-start=\"1101\" data-end=\"1127\">puesta a tierra CP GB1<\/strong> capaz de desviar corrientes de hasta <strong data-start=\"1165\" data-end=\"1174\">30 kA<\/strong> cuando se exceden valores l\u00edmite de tensi\u00f3n. Esta combinaci\u00f3n facilita pruebas en <strong data-start=\"1257\" data-end=\"1349\">impedancia de tierra, tensiones de paso y contacto, acoplamientos mutuos de l\u00edneas y m\u00e1s<\/strong>, con registro autom\u00e1tico de resultados mediante el software de control.<\/li><\/ul>\t\t\t\t\t\t\t\t<\/div>\n\t\t\t\t<\/div>\n\t\t<div class=\"elementor-element elementor-element-6903b4a e-con-full e-flex cut-corner-no sticky-container-off e-con e-child\" data-id=\"6903b4a\" data-element_type=\"container\" data-e-type=\"container\">\n\t\t\t\t<div class=\"elementor-element elementor-element-2024760 elementor-widget elementor-widget-image\" data-id=\"2024760\" data-element_type=\"widget\" data-e-type=\"widget\" data-widget_type=\"image.default\">\n\t\t\t\t\t\t\t\t\t\t\t\t\t\t\t<img fetchpriority=\"high\" decoding=\"async\" width=\"1020\" height=\"904\" src=\"https:\/\/tecnomedida.com\/wp-content\/uploads\/2026\/01\/csm_CP_CU1-description-2_e5670ed3a4-1020x904.png\" class=\"attachment-large size-large wp-image-11448\" alt=\"\" \/>\t\t\t\t\t\t\t\t\t\t\t\t\t\t\t<\/div>\n\t\t\t\t<\/div>\n\t\t\t\t\t<\/div>\n\t\t\t\t<\/div>\n\t\t<div class=\"elementor-element elementor-element-377ec00e e-flex e-con-boxed cut-corner-no sticky-container-off e-con e-parent\" data-id=\"377ec00e\" data-element_type=\"container\" data-e-type=\"container\">\n\t\t\t\t\t<div class=\"e-con-inner\">\n\t\t\t\t<div class=\"elementor-element elementor-element-aa292fb elementor-widget elementor-widget-text-editor\" data-id=\"aa292fb\" data-element_type=\"widget\" data-e-type=\"widget\" data-widget_type=\"text-editor.default\">\n\t\t\t\t\t\t\t\t\t<p>Frequently asked questions<\/p>\t\t\t\t\t\t\t\t<\/div>\n\t\t\t\t\t<\/div>\n\t\t\t\t<\/div>\n\t\t<div class=\"elementor-element elementor-element-2095d29 e-flex e-con-boxed cut-corner-no sticky-container-off e-con e-parent\" data-id=\"2095d29\" data-element_type=\"container\" data-e-type=\"container\">\n\t\t\t\t\t<div class=\"e-con-inner\">\n\t\t\t\t<div class=\"elementor-element elementor-element-acf733b elementor-widget elementor-widget-n-accordion\" data-id=\"acf733b\" data-element_type=\"widget\" data-e-type=\"widget\" data-settings=\"{&quot;default_state&quot;:&quot;expanded&quot;,&quot;max_items_expended&quot;:&quot;one&quot;,&quot;n_accordion_animation_duration&quot;:{&quot;unit&quot;:&quot;ms&quot;,&quot;size&quot;:400,&quot;sizes&quot;:[]}}\" data-widget_type=\"nested-accordion.default\">\n\t\t\t\t\t\t\t<div class=\"e-n-accordion\" aria-label=\"Accordion. Open links with Enter or Space, close with Escape, and navigate with Arrow Keys\">\n\t\t\t\t\t\t<details id=\"e-n-accordion-item-1810\" class=\"e-n-accordion-item\" open>\n\t\t\t\t<summary class=\"e-n-accordion-item-title\" data-accordion-index=\"1\" tabindex=\"0\" aria-expanded=\"true\" aria-controls=\"e-n-accordion-item-1810\" >\n\t\t\t\t\t<span class='e-n-accordion-item-title-header'><div class=\"e-n-accordion-item-title-text\"> \u00bfCu\u00e1l es la funci\u00f3n principal del CP CU1 en conjunto con el CPC 100? <\/div><\/span>\n\t\t\t\t\t\t\t<span class='e-n-accordion-item-title-icon'>\n\t\t\t<span class='e-opened' ><i aria-hidden=\"true\" class=\"fas fa-minus\"><\/i><\/span>\n\t\t\t<span class='e-closed'><i aria-hidden=\"true\" class=\"fas fa-plus\"><\/i><\/span>\n\t\t<\/span>\n\n\t\t\t\t\t\t<\/summary>\n\t\t\t\t<div role=\"region\" aria-labelledby=\"e-n-accordion-item-1810\" class=\"elementor-element elementor-element-083af8a e-con-full e-flex cut-corner-no sticky-container-off e-con e-child\" data-id=\"083af8a\" data-element_type=\"container\" data-e-type=\"container\">\n\t\t<div role=\"region\" aria-labelledby=\"e-n-accordion-item-1810\" class=\"elementor-element elementor-element-d87eb8e e-flex e-con-boxed cut-corner-no sticky-container-off e-con e-child\" data-id=\"d87eb8e\" data-element_type=\"container\" data-e-type=\"container\">\n\t\t\t\t\t<div class=\"e-con-inner\">\n\t\t\t\t<div class=\"elementor-element elementor-element-68c6349 elementor-widget elementor-widget-text-editor\" data-id=\"68c6349\" data-element_type=\"widget\" data-e-type=\"widget\" data-widget_type=\"text-editor.default\">\n\t\t\t\t\t\t\t\t\t<p>El <strong data-start=\"1602\" data-end=\"1612\">CP CU1<\/strong> act\u00faa como una <strong data-start=\"1628\" data-end=\"1654\">unidad de acoplamiento<\/strong> que permite conectar de forma segura el <strong data-start=\"1695\" data-end=\"1706\">CPC 100<\/strong> a l\u00edneas a\u00e9reas y cables de alta tensi\u00f3n para medir <strong data-start=\"1759\" data-end=\"1846\">impedancias de l\u00ednea, factor K, impedancias de tierra, tensiones de paso y contacto<\/strong>, ampliando significativamente las capacidades de diagn\u00f3stico del sistema de pruebas.<\/p>\t\t\t\t\t\t\t\t<\/div>\n\t\t\t\t\t<\/div>\n\t\t\t\t<\/div>\n\t\t\t\t<\/div>\n\t\t\t\t\t<\/details>\n\t\t\t\t\t\t<details id=\"e-n-accordion-item-1811\" class=\"e-n-accordion-item\" >\n\t\t\t\t<summary class=\"e-n-accordion-item-title\" data-accordion-index=\"2\" tabindex=\"-1\" aria-expanded=\"false\" aria-controls=\"e-n-accordion-item-1811\" >\n\t\t\t\t\t<span class='e-n-accordion-item-title-header'><div class=\"e-n-accordion-item-title-text\"> \u00bfPor qu\u00e9 las mediciones con el CP CU1 no se ven afectadas por interferencias de la frecuencia de la red? <\/div><\/span>\n\t\t\t\t\t\t\t<span class='e-n-accordion-item-title-icon'>\n\t\t\t<span class='e-opened' ><i aria-hidden=\"true\" class=\"fas fa-minus\"><\/i><\/span>\n\t\t\t<span class='e-closed'><i aria-hidden=\"true\" class=\"fas fa-plus\"><\/i><\/span>\n\t\t<\/span>\n\n\t\t\t\t\t\t<\/summary>\n\t\t\t\t<div role=\"region\" aria-labelledby=\"e-n-accordion-item-1811\" class=\"elementor-element elementor-element-cbdfc75 e-con-full e-flex cut-corner-no sticky-container-off e-con e-child\" data-id=\"cbdfc75\" data-element_type=\"container\" data-e-type=\"container\">\n\t\t\t\t<div class=\"elementor-element elementor-element-e4db0b1 elementor-widget elementor-widget-text-editor\" data-id=\"e4db0b1\" data-element_type=\"widget\" data-e-type=\"widget\" data-widget_type=\"text-editor.default\">\n\t\t\t\t\t\t\t\t\t<p data-start=\"2094\" data-end=\"2467\">El sistema CPC 100 + CP CU1 emplea <strong data-start=\"2129\" data-end=\"2164\">frecuencias de salida variables<\/strong> para las mediciones, lo que hace que las interferencias de la frecuencia de la red (por ejemplo 50\/60 Hz) no influyan en los resultados, permitiendo obtener <strong data-start=\"2322\" data-end=\"2376\">mediciones extremadamente precisas y reproducibles<\/strong> incluso en ambientes electromagn\u00e9ticamente ruidosos.<\/p>\t\t\t\t\t\t\t\t<\/div>\n\t\t\t\t<\/div>\n\t\t\t\t\t<\/details>\n\t\t\t\t\t\t<details id=\"e-n-accordion-item-1812\" class=\"e-n-accordion-item\" >\n\t\t\t\t<summary class=\"e-n-accordion-item-title\" data-accordion-index=\"3\" tabindex=\"-1\" aria-expanded=\"false\" aria-controls=\"e-n-accordion-item-1812\" >\n\t\t\t\t\t<span class='e-n-accordion-item-title-header'><div class=\"e-n-accordion-item-title-text\"> \u00bfQu\u00e9 tipo de seguridad adicional ofrece el CP CU1 durante las pruebas? <\/div><\/span>\n\t\t\t\t\t\t\t<span class='e-n-accordion-item-title-icon'>\n\t\t\t<span class='e-opened' ><i aria-hidden=\"true\" class=\"fas fa-minus\"><\/i><\/span>\n\t\t\t<span class='e-closed'><i aria-hidden=\"true\" class=\"fas fa-plus\"><\/i><\/span>\n\t\t<\/span>\n\n\t\t\t\t\t\t<\/summary>\n\t\t\t\t<div role=\"region\" aria-labelledby=\"e-n-accordion-item-1812\" class=\"elementor-element elementor-element-1611af2 e-con-full e-flex cut-corner-no sticky-container-off e-con e-child\" data-id=\"1611af2\" data-element_type=\"container\" data-e-type=\"container\">\n\t\t\t\t<div class=\"elementor-element elementor-element-2c5a8d7 elementor-widget elementor-widget-text-editor\" data-id=\"2c5a8d7\" data-element_type=\"widget\" data-e-type=\"widget\" data-widget_type=\"text-editor.default\">\n\t\t\t\t\t\t\t\t\t<p data-start=\"2558\" data-end=\"2917\">Para aumentar la seguridad del personal de pruebas, el CP CU1 se suministra con una <strong data-start=\"2642\" data-end=\"2678\">unidad de puesta a tierra CP GB1<\/strong>, que puede <strong data-start=\"2690\" data-end=\"2727\">desviar corrientes de hasta 30 kA<\/strong> si se excede un valor l\u00edmite de tensi\u00f3n, garantizando protecci\u00f3n en situaciones de falla o condiciones inesperadas durante la conexi\u00f3n a l\u00ednea o cable.<\/p>\t\t\t\t\t\t\t\t<\/div>\n\t\t\t\t<\/div>\n\t\t\t\t\t<\/details>\n\t\t\t\t\t\t<details id=\"e-n-accordion-item-1813\" class=\"e-n-accordion-item\" >\n\t\t\t\t<summary class=\"e-n-accordion-item-title\" data-accordion-index=\"4\" tabindex=\"-1\" aria-expanded=\"false\" aria-controls=\"e-n-accordion-item-1813\" >\n\t\t\t\t\t<span class='e-n-accordion-item-title-header'><div class=\"e-n-accordion-item-title-text\"> \u00bfQu\u00e9 par\u00e1metros el\u00e9ctricos se pueden determinar al usar CP CU1? <\/div><\/span>\n\t\t\t\t\t\t\t<span class='e-n-accordion-item-title-icon'>\n\t\t\t<span class='e-opened' ><i aria-hidden=\"true\" class=\"fas fa-minus\"><\/i><\/span>\n\t\t\t<span class='e-closed'><i aria-hidden=\"true\" class=\"fas fa-plus\"><\/i><\/span>\n\t\t<\/span>\n\n\t\t\t\t\t\t<\/summary>\n\t\t\t\t<div role=\"region\" aria-labelledby=\"e-n-accordion-item-1813\" class=\"elementor-element elementor-element-12c7d71 e-flex e-con-boxed cut-corner-no sticky-container-off e-con e-child\" data-id=\"12c7d71\" data-element_type=\"container\" data-e-type=\"container\">\n\t\t\t\t\t<div class=\"e-con-inner\">\n\t\t\t\t<div class=\"elementor-element elementor-element-f6781c1 elementor-widget elementor-widget-text-editor\" data-id=\"f6781c1\" data-element_type=\"widget\" data-e-type=\"widget\" data-widget_type=\"text-editor.default\">\n\t\t\t\t\t\t\t\t\t<p data-start=\"3001\" data-end=\"3073\">Con la combinaci\u00f3n CPC 100 + CP CU1 es posible medir de forma precisa:<\/p><ul data-start=\"3074\" data-end=\"3385\"><li data-start=\"3074\" data-end=\"3142\"><p data-start=\"3076\" data-end=\"3142\">Impedancias de l\u00ednea y <strong data-start=\"3099\" data-end=\"3111\">factor K<\/strong> en l\u00edneas a\u00e9reas o cables HV<\/p><\/li><li data-start=\"3143\" data-end=\"3199\"><p data-start=\"3145\" data-end=\"3199\"><strong data-start=\"3145\" data-end=\"3170\">Impedancias de tierra<\/strong> en sistemas de gran escala<\/p><\/li><li data-start=\"3200\" data-end=\"3268\"><p data-start=\"3202\" data-end=\"3268\"><strong data-start=\"3202\" data-end=\"3237\">Tensiones de paso y de contacto<\/strong> para evaluaci\u00f3n de seguridad<\/p><\/li><li data-start=\"3269\" data-end=\"3385\"><p data-start=\"3271\" data-end=\"3385\"><strong data-start=\"3271\" data-end=\"3295\">Acoplamientos mutuos<\/strong> entre l\u00edneas paralelas o con cables de se\u00f1alizaci\u00f3n<\/p><\/li><\/ul>\t\t\t\t\t\t\t\t<\/div>\n\t\t\t\t\t<\/div>\n\t\t\t\t<\/div>\n\t\t\t\t\t<\/details>\n\t\t\t\t\t\t<details id=\"e-n-accordion-item-1814\" class=\"e-n-accordion-item\" >\n\t\t\t\t<summary class=\"e-n-accordion-item-title\" data-accordion-index=\"5\" tabindex=\"-1\" aria-expanded=\"false\" aria-controls=\"e-n-accordion-item-1814\" >\n\t\t\t\t\t<span class='e-n-accordion-item-title-header'><div class=\"e-n-accordion-item-title-text\"> \u00bfQu\u00e9 aplicaciones t\u00edpicas tiene el CP CU1 en pruebas de sistemas el\u00e9ctricos? <\/div><\/span>\n\t\t\t\t\t\t\t<span class='e-n-accordion-item-title-icon'>\n\t\t\t<span class='e-opened' ><i aria-hidden=\"true\" class=\"fas fa-minus\"><\/i><\/span>\n\t\t\t<span class='e-closed'><i aria-hidden=\"true\" class=\"fas fa-plus\"><\/i><\/span>\n\t\t<\/span>\n\n\t\t\t\t\t\t<\/summary>\n\t\t\t\t<div role=\"region\" aria-labelledby=\"e-n-accordion-item-1814\" class=\"elementor-element elementor-element-562fee0 e-flex e-con-boxed cut-corner-no sticky-container-off e-con e-child\" data-id=\"562fee0\" data-element_type=\"container\" data-e-type=\"container\">\n\t\t\t\t\t<div class=\"e-con-inner\">\n\t\t\t\t<div class=\"elementor-element elementor-element-d58f846 elementor-widget elementor-widget-text-editor\" data-id=\"d58f846\" data-element_type=\"widget\" data-e-type=\"widget\" data-widget_type=\"text-editor.default\">\n\t\t\t\t\t\t\t\t\t<p data-start=\"3482\" data-end=\"3841\">El CP CU1 se utiliza para ensayos en <strong data-start=\"3519\" data-end=\"3567\">sistemas de puesta a tierra de subestaciones<\/strong>, <strong data-start=\"3569\" data-end=\"3614\">pruebas offline de cables de alta tensi\u00f3n<\/strong>, evaluaci\u00f3n de <strong data-start=\"3630\" data-end=\"3655\">l\u00edneas de transmisi\u00f3n<\/strong>, medici\u00f3n de condiciones de acoplamiento entre l\u00edneas y cables auxiliares, y an\u00e1lisis de par\u00e1metros cr\u00edticos para protecci\u00f3n y modelamiento de red.<\/p>\t\t\t\t\t\t\t\t<\/div>\n\t\t\t\t\t<\/div>\n\t\t\t\t<\/div>\n\t\t\t\t\t<\/details>\n\t\t\t\t\t<\/div>\n\t\t\t\t\t\t<\/div>\n\t\t\t\t\t<\/div>\n\t\t\t\t<\/div>\n\t\t<div class=\"elementor-element elementor-element-47ba680 e-flex e-con-boxed cut-corner-no sticky-container-off e-con e-parent\" data-id=\"47ba680\" data-element_type=\"container\" data-e-type=\"container\">\n\t\t\t\t\t<div class=\"e-con-inner\">\n\t\t<div class=\"elementor-element elementor-element-eaef20e e-con-full e-flex cut-corner-no sticky-container-off e-con e-child\" data-id=\"eaef20e\" data-element_type=\"container\" data-e-type=\"container\">\n\t\t\t\t<div class=\"elementor-element elementor-element-5177a06 elementor-widget-divider--view-line elementor-widget elementor-widget-divider\" data-id=\"5177a06\" data-element_type=\"widget\" data-e-type=\"widget\" data-widget_type=\"divider.default\">\n\t\t\t\t\t\t\t<div class=\"elementor-divider\">\n\t\t\t<span class=\"elementor-divider-separator\">\n\t\t\t\t\t\t<\/span>\n\t\t<\/div>\n\t\t\t\t\t\t<\/div>\n\t\t\t\t<div class=\"elementor-element elementor-element-474f3fc elementor-widget elementor-widget-text-editor\" data-id=\"474f3fc\" data-element_type=\"widget\" data-e-type=\"widget\" data-widget_type=\"text-editor.default\">\n\t\t\t\t\t\t\t\t\t<p>Equipo disponible en:<\/p>\t\t\t\t\t\t\t\t<\/div>\n\t\t\t\t<\/div>\n\t\t\t\t\t<\/div>\n\t\t\t\t<\/div>\n\t\t<div class=\"elementor-element elementor-element-3a2ceb9 e-flex e-con-boxed cut-corner-no sticky-container-off e-con e-parent\" data-id=\"3a2ceb9\" data-element_type=\"container\" data-e-type=\"container\">\n\t\t\t\t\t<div class=\"e-con-inner\">\n\t\t<div class=\"elementor-element elementor-element-e444a24 e-con-full e-flex cut-corner-no sticky-container-off e-con e-child\" data-id=\"e444a24\" data-element_type=\"container\" data-e-type=\"container\">\n\t\t\t\t<div class=\"elementor-element elementor-element-22c9471 elementor-widget elementor-widget-image\" data-id=\"22c9471\" data-element_type=\"widget\" data-e-type=\"widget\" data-widget_type=\"image.default\">\n\t\t\t\t\t\t\t\t\t\t\t\t<figure class=\"wp-caption\">\n\t\t\t\t\t\t\t\t\t\t<img decoding=\"async\" width=\"262\" height=\"262\" src=\"https:\/\/tecnomedida.com\/wp-content\/uploads\/2026\/01\/Group-16.png\" class=\"attachment-medium size-medium wp-image-11379\" alt=\"\" srcset=\"https:\/\/tecnomedida.com\/wp-content\/uploads\/2026\/01\/Group-16.png 262w, https:\/\/tecnomedida.com\/wp-content\/uploads\/2026\/01\/Group-16-85x85.png 85w, https:\/\/tecnomedida.com\/wp-content\/uploads\/2026\/01\/Group-16-123x123.png 123w\" sizes=\"(max-width: 262px) 100vw, 262px\" \/>\t\t\t\t\t\t\t\t\t\t\t<figcaption class=\"widget-image-caption wp-caption-text\">Colombia<\/figcaption>\n\t\t\t\t\t\t\t\t\t\t<\/figure>\n\t\t\t\t\t\t\t\t\t<\/div>\n\t\t\t\t<\/div>\n\t\t<div class=\"elementor-element elementor-element-6c907aa e-con-full e-flex cut-corner-no sticky-container-off e-con e-child\" data-id=\"6c907aa\" data-element_type=\"container\" data-e-type=\"container\">\n\t\t\t\t<div class=\"elementor-element elementor-element-3a6f386 elementor-widget elementor-widget-image\" data-id=\"3a6f386\" data-element_type=\"widget\" data-e-type=\"widget\" data-widget_type=\"image.default\">\n\t\t\t\t\t\t\t\t\t\t\t\t<figure class=\"wp-caption\">\n\t\t\t\t\t\t\t\t\t\t<img decoding=\"async\" width=\"262\" height=\"262\" src=\"https:\/\/tecnomedida.com\/wp-content\/uploads\/2026\/01\/Group-17.png\" class=\"attachment-medium size-medium wp-image-11378\" alt=\"\" srcset=\"https:\/\/tecnomedida.com\/wp-content\/uploads\/2026\/01\/Group-17.png 262w, https:\/\/tecnomedida.com\/wp-content\/uploads\/2026\/01\/Group-17-85x85.png 85w, https:\/\/tecnomedida.com\/wp-content\/uploads\/2026\/01\/Group-17-123x123.png 123w\" sizes=\"(max-width: 262px) 100vw, 262px\" \/>\t\t\t\t\t\t\t\t\t\t\t<figcaption class=\"widget-image-caption wp-caption-text\">Venezuela<\/figcaption>\n\t\t\t\t\t\t\t\t\t\t<\/figure>\n\t\t\t\t\t\t\t\t\t<\/div>\n\t\t\t\t<\/div>\n\t\t<div class=\"elementor-element elementor-element-c088902 e-con-full e-flex cut-corner-no sticky-container-off e-con e-child\" data-id=\"c088902\" data-element_type=\"container\" data-e-type=\"container\">\n\t\t\t\t<div class=\"elementor-element elementor-element-6d456f3 elementor-widget elementor-widget-image\" data-id=\"6d456f3\" data-element_type=\"widget\" data-e-type=\"widget\" data-widget_type=\"image.default\">\n\t\t\t\t\t\t\t\t\t\t\t\t<figure class=\"wp-caption\">\n\t\t\t\t\t\t\t\t\t\t<img loading=\"lazy\" decoding=\"async\" width=\"262\" height=\"262\" src=\"https:\/\/tecnomedida.com\/wp-content\/uploads\/2026\/01\/Group-18.png\" class=\"attachment-medium size-medium wp-image-11377\" alt=\"\" srcset=\"https:\/\/tecnomedida.com\/wp-content\/uploads\/2026\/01\/Group-18.png 262w, https:\/\/tecnomedida.com\/wp-content\/uploads\/2026\/01\/Group-18-85x85.png 85w, https:\/\/tecnomedida.com\/wp-content\/uploads\/2026\/01\/Group-18-123x123.png 123w\" sizes=\"(max-width: 262px) 100vw, 262px\" \/>\t\t\t\t\t\t\t\t\t\t\t<figcaption class=\"widget-image-caption wp-caption-text\">Per\u00fa<\/figcaption>\n\t\t\t\t\t\t\t\t\t\t<\/figure>\n\t\t\t\t\t\t\t\t\t<\/div>\n\t\t\t\t<\/div>\n\t\t\t\t\t<\/div>\n\t\t\t\t<\/div>\n\t\t\t\t<\/div>","protected":false},"excerpt":{"rendered":"<p>Accesorio que en combinaci\u00f3n con el CPC 100, podr\u00e1 efectuar mediciones de impedancia y factor K de l\u00edneas a\u00e9reas o cables de alta tensi\u00f3n. As\u00ed como tambi\u00e9n la impedancia de tierra de grandes sistemas, tensiones de paso y contacto.<\/p>","protected":false},"featured_media":11446,"template":"","meta":{"content-type":"","_monsterinsights_skip_tracking":false,"_monsterinsights_sitenote_active":false,"_monsterinsights_sitenote_note":"","_monsterinsights_sitenote_category":0},"product_brand":[72],"product_cat":[85],"product_tag":[],"class_list":{"0":"post-11257","1":"product","2":"type-product","3":"status-publish","4":"has-post-thumbnail","6":"product_brand-omicron","7":"product_cat-omicron","9":"first","10":"onbackorder","11":"shipping-taxable","12":"product-type-simple"},"aioseo_notices":[],"_links":{"self":[{"href":"https:\/\/tecnomedida.com\/en\/wp-json\/wp\/v2\/product\/11257","targetHints":{"allow":["GET"]}}],"collection":[{"href":"https:\/\/tecnomedida.com\/en\/wp-json\/wp\/v2\/product"}],"about":[{"href":"https:\/\/tecnomedida.com\/en\/wp-json\/wp\/v2\/types\/product"}],"version-history":[{"count":5,"href":"https:\/\/tecnomedida.com\/en\/wp-json\/wp\/v2\/product\/11257\/revisions"}],"predecessor-version":[{"id":11452,"href":"https:\/\/tecnomedida.com\/en\/wp-json\/wp\/v2\/product\/11257\/revisions\/11452"}],"wp:featuredmedia":[{"embeddable":true,"href":"https:\/\/tecnomedida.com\/en\/wp-json\/wp\/v2\/media\/11446"}],"wp:attachment":[{"href":"https:\/\/tecnomedida.com\/en\/wp-json\/wp\/v2\/media?parent=11257"}],"wp:term":[{"taxonomy":"product_brand","embeddable":true,"href":"https:\/\/tecnomedida.com\/en\/wp-json\/wp\/v2\/product_brand?post=11257"},{"taxonomy":"product_cat","embeddable":true,"href":"https:\/\/tecnomedida.com\/en\/wp-json\/wp\/v2\/product_cat?post=11257"},{"taxonomy":"product_tag","embeddable":true,"href":"https:\/\/tecnomedida.com\/en\/wp-json\/wp\/v2\/product_tag?post=11257"}],"curies":[{"name":"wp","href":"https:\/\/api.w.org\/{rel}","templated":true}]}}