{"id":11253,"date":"2026-01-25T16:25:38","date_gmt":"2026-01-25T16:25:38","guid":{"rendered":"https:\/\/tecnomedida.com\/?post_type=product&#038;p=11253"},"modified":"2026-04-20T17:29:06","modified_gmt":"2026-04-20T17:29:06","slug":"omicron-franeo-800","status":"publish","type":"product","link":"https:\/\/tecnomedida.com\/en\/servicios\/alquiler-de-equipos\/omicron-franeo-800\/","title":{"rendered":"Omicron Franeo 800"},"content":{"rendered":"<div data-elementor-type=\"wp-post\" data-elementor-id=\"11253\" class=\"elementor elementor-11253\">\n\t\t\t\t<div class=\"elementor-element elementor-element-56318f9 e-flex e-con-boxed cut-corner-no sticky-container-off e-con e-parent\" data-id=\"56318f9\" data-element_type=\"container\" data-e-type=\"container\">\n\t\t\t\t\t<div class=\"e-con-inner\">\n\t\t<div class=\"elementor-element elementor-element-70d9ce7 e-con-full e-flex cut-corner-no sticky-container-off e-con e-child\" data-id=\"70d9ce7\" data-element_type=\"container\" data-e-type=\"container\">\n\t\t\t\t<div class=\"elementor-element elementor-element-6856ffdb elementor-widget elementor-widget-text-editor\" data-id=\"6856ffdb\" data-element_type=\"widget\" data-e-type=\"widget\" data-widget_type=\"text-editor.default\">\n\t\t\t\t\t\t\t\t\t<div>Caracter\u00edsticas principales<\/div>\t\t\t\t\t\t\t\t<\/div>\n\t\t\t\t<div class=\"elementor-element elementor-element-c5a3117 elementor-widget elementor-widget-text-editor\" data-id=\"c5a3117\" data-element_type=\"widget\" data-e-type=\"widget\" data-widget_type=\"text-editor.default\">\n\t\t\t\t\t\t\t\t\t<ul role=\"list\"><li>El <strong data-start=\"379\" data-end=\"401\">OMICRON FRANEO 800<\/strong> es un <strong data-start=\"408\" data-end=\"467\">analizador de respuesta en frecuencia de barrido (SFRA)<\/strong> desarrollado para evaluar de forma precisa tanto la integridad <strong data-start=\"531\" data-end=\"558\">mec\u00e1nica como el\u00e9ctrica<\/strong> de transformadores de potencia. Utilizando el principio de barrido de frecuencia, el FRANEO 800 mide la <strong data-start=\"663\" data-end=\"735\">funci\u00f3n de transferencia el\u00e9ctrica en un amplio rango de frecuencias<\/strong>, permitiendo detectar desviaciones en el comportamiento de los devanados y el n\u00facleo que pueden indicar da\u00f1os internos, efectos de transporte, cortocircuitos o eventos transitorios severos. Su dise\u00f1o compacto, t\u00e9cnica de conexi\u00f3n avanzada y el uso del software <strong data-start=\"997\" data-end=\"1028\">Primary Test Manager\u2122 (PTM)<\/strong> facilitan pruebas reproducibles, evaluaciones automatizadas seg\u00fan normas internacionales y una gesti\u00f3n de datos eficiente para mantenimiento predictivo y diagn\u00f3stico avanzado.<\/li><\/ul>\t\t\t\t\t\t\t\t<\/div>\n\t\t\t\t<\/div>\n\t\t<div class=\"elementor-element elementor-element-6903b4a e-con-full e-flex cut-corner-no sticky-container-off e-con e-child\" data-id=\"6903b4a\" data-element_type=\"container\" data-e-type=\"container\">\n\t\t\t\t<div class=\"elementor-element elementor-element-2024760 elementor-widget elementor-widget-image\" data-id=\"2024760\" data-element_type=\"widget\" data-e-type=\"widget\" data-widget_type=\"image.default\">\n\t\t\t\t\t\t\t\t\t\t\t\t\t\t\t<img fetchpriority=\"high\" decoding=\"async\" width=\"1020\" height=\"1020\" src=\"https:\/\/tecnomedida.com\/wp-content\/uploads\/2026\/01\/FRANEO-800-description-1020x1020.png\" class=\"attachment-large size-large wp-image-11429\" alt=\"\" srcset=\"https:\/\/tecnomedida.com\/wp-content\/uploads\/2026\/01\/FRANEO-800-description-1020x1020.png 1020w, https:\/\/tecnomedida.com\/wp-content\/uploads\/2026\/01\/FRANEO-800-description-680x680.png 680w, https:\/\/tecnomedida.com\/wp-content\/uploads\/2026\/01\/FRANEO-800-description-85x85.png 85w, https:\/\/tecnomedida.com\/wp-content\/uploads\/2026\/01\/FRANEO-800-description-480x480.png 480w, https:\/\/tecnomedida.com\/wp-content\/uploads\/2026\/01\/FRANEO-800-description-840x840.png 840w, https:\/\/tecnomedida.com\/wp-content\/uploads\/2026\/01\/FRANEO-800-description-1200x1200.png 1200w, https:\/\/tecnomedida.com\/wp-content\/uploads\/2026\/01\/FRANEO-800-description-300x300.png 300w, https:\/\/tecnomedida.com\/wp-content\/uploads\/2026\/01\/FRANEO-800-description-600x600.png 600w, https:\/\/tecnomedida.com\/wp-content\/uploads\/2026\/01\/FRANEO-800-description-123x123.png 123w\" sizes=\"(max-width: 1020px) 100vw, 1020px\" \/>\t\t\t\t\t\t\t\t\t\t\t\t\t\t\t<\/div>\n\t\t\t\t<\/div>\n\t\t\t\t\t<\/div>\n\t\t\t\t<\/div>\n\t\t<div class=\"elementor-element elementor-element-377ec00e e-flex e-con-boxed cut-corner-no sticky-container-off e-con e-parent\" data-id=\"377ec00e\" data-element_type=\"container\" data-e-type=\"container\">\n\t\t\t\t\t<div class=\"e-con-inner\">\n\t\t\t\t<div class=\"elementor-element elementor-element-aa292fb elementor-widget elementor-widget-text-editor\" data-id=\"aa292fb\" data-element_type=\"widget\" data-e-type=\"widget\" data-widget_type=\"text-editor.default\">\n\t\t\t\t\t\t\t\t\t<p>Frequently asked questions<\/p>\t\t\t\t\t\t\t\t<\/div>\n\t\t\t\t\t<\/div>\n\t\t\t\t<\/div>\n\t\t<div class=\"elementor-element elementor-element-2095d29 e-flex e-con-boxed cut-corner-no sticky-container-off e-con e-parent\" data-id=\"2095d29\" data-element_type=\"container\" data-e-type=\"container\">\n\t\t\t\t\t<div class=\"e-con-inner\">\n\t\t\t\t<div class=\"elementor-element elementor-element-acf733b elementor-widget elementor-widget-n-accordion\" data-id=\"acf733b\" data-element_type=\"widget\" data-e-type=\"widget\" data-settings=\"{&quot;default_state&quot;:&quot;expanded&quot;,&quot;max_items_expended&quot;:&quot;one&quot;,&quot;n_accordion_animation_duration&quot;:{&quot;unit&quot;:&quot;ms&quot;,&quot;size&quot;:400,&quot;sizes&quot;:[]}}\" data-widget_type=\"nested-accordion.default\">\n\t\t\t\t\t\t\t<div class=\"e-n-accordion\" aria-label=\"Accordion. Open links with Enter or Space, close with Escape, and navigate with Arrow Keys\">\n\t\t\t\t\t\t<details id=\"e-n-accordion-item-1810\" class=\"e-n-accordion-item\" open>\n\t\t\t\t<summary class=\"e-n-accordion-item-title\" data-accordion-index=\"1\" tabindex=\"0\" aria-expanded=\"true\" aria-controls=\"e-n-accordion-item-1810\" >\n\t\t\t\t\t<span class='e-n-accordion-item-title-header'><div class=\"e-n-accordion-item-title-text\"> \u00bfQu\u00e9 mide exactamente el FRANEO 800 y por qu\u00e9 es importante? <\/div><\/span>\n\t\t\t\t\t\t\t<span class='e-n-accordion-item-title-icon'>\n\t\t\t<span class='e-opened' ><i aria-hidden=\"true\" class=\"fas fa-minus\"><\/i><\/span>\n\t\t\t<span class='e-closed'><i aria-hidden=\"true\" class=\"fas fa-plus\"><\/i><\/span>\n\t\t<\/span>\n\n\t\t\t\t\t\t<\/summary>\n\t\t\t\t<div role=\"region\" aria-labelledby=\"e-n-accordion-item-1810\" class=\"elementor-element elementor-element-083af8a e-con-full e-flex cut-corner-no sticky-container-off e-con e-child\" data-id=\"083af8a\" data-element_type=\"container\" data-e-type=\"container\">\n\t\t<div role=\"region\" aria-labelledby=\"e-n-accordion-item-1810\" class=\"elementor-element elementor-element-093b15a e-flex e-con-boxed cut-corner-no sticky-container-off e-con e-child\" data-id=\"093b15a\" data-element_type=\"container\" data-e-type=\"container\">\n\t\t\t\t\t<div class=\"e-con-inner\">\n\t\t\t\t<div class=\"elementor-element elementor-element-dd2d84b elementor-widget elementor-widget-text-editor\" data-id=\"dd2d84b\" data-element_type=\"widget\" data-e-type=\"widget\" data-widget_type=\"text-editor.default\">\n\t\t\t\t\t\t\t\t\t<p>El FRANEO 800 realiza an\u00e1lisis de <strong data-start=\"1412\" data-end=\"1457\">Respuesta en Barrido de Frecuencia (SFRA)<\/strong> midiendo la <strong data-start=\"1470\" data-end=\"1508\">funci\u00f3n de transferencia el\u00e9ctrica<\/strong> de un transformador en un amplio espectro de frecuencias. Esa medici\u00f3n revela <strong data-start=\"1587\" data-end=\"1639\">desviaciones respecto a una huella de referencia<\/strong> que pueden indicar cambios internos en el devanado o en el n\u00facleo causados por transporte, eventos de cortocircuito o envejecimiento, lo que es crucial para verificar la integridad del activo.<\/p>\t\t\t\t\t\t\t\t<\/div>\n\t\t\t\t\t<\/div>\n\t\t\t\t<\/div>\n\t\t\t\t<\/div>\n\t\t\t\t\t<\/details>\n\t\t\t\t\t\t<details id=\"e-n-accordion-item-1811\" class=\"e-n-accordion-item\" >\n\t\t\t\t<summary class=\"e-n-accordion-item-title\" data-accordion-index=\"2\" tabindex=\"-1\" aria-expanded=\"false\" aria-controls=\"e-n-accordion-item-1811\" >\n\t\t\t\t\t<span class='e-n-accordion-item-title-header'><div class=\"e-n-accordion-item-title-text\"> \u00bfEn qu\u00e9 situaciones se utiliza principalmente el FRANEO 800? <\/div><\/span>\n\t\t\t\t\t\t\t<span class='e-n-accordion-item-title-icon'>\n\t\t\t<span class='e-opened' ><i aria-hidden=\"true\" class=\"fas fa-minus\"><\/i><\/span>\n\t\t\t<span class='e-closed'><i aria-hidden=\"true\" class=\"fas fa-plus\"><\/i><\/span>\n\t\t<\/span>\n\n\t\t\t\t\t\t<\/summary>\n\t\t\t\t<div role=\"region\" aria-labelledby=\"e-n-accordion-item-1811\" class=\"elementor-element elementor-element-cbdfc75 e-con-full e-flex cut-corner-no sticky-container-off e-con e-child\" data-id=\"cbdfc75\" data-element_type=\"container\" data-e-type=\"container\">\n\t\t\t\t<div class=\"elementor-element elementor-element-f850f8f elementor-widget elementor-widget-text-editor\" data-id=\"f850f8f\" data-element_type=\"widget\" data-e-type=\"widget\" data-widget_type=\"text-editor.default\">\n\t\t\t\t\t\t\t\t\t<p data-start=\"1951\" data-end=\"2020\">Este equipo es ideal para pruebas de transformadores en casos como:<\/p><ul data-start=\"2021\" data-end=\"2432\"><li data-start=\"2021\" data-end=\"2068\"><p data-start=\"2023\" data-end=\"2068\">Despu\u00e9s de transporte o manipulaci\u00f3n pesada<\/p><\/li><li data-start=\"2069\" data-end=\"2123\"><p data-start=\"2071\" data-end=\"2123\">Tras la exposici\u00f3n a <strong data-start=\"2092\" data-end=\"2121\">altas corrientes de falla<\/strong><\/p><\/li><li data-start=\"2124\" data-end=\"2169\"><p data-start=\"2126\" data-end=\"2169\">Antes y despu\u00e9s de una puesta en servicio<\/p><\/li><li data-start=\"2170\" data-end=\"2432\"><p data-start=\"2172\" data-end=\"2432\">Tras la ocurrencia de eventos an\u00f3malos detectados en pruebas rutinarias<br data-start=\"2243\" data-end=\"2246\" \/>Adem\u00e1s, puede emplearse para pruebas de rutina de condici\u00f3n y verificaci\u00f3n de acontecimientos inusuales en el comportamiento diel\u00e9ctrico o mec\u00e1nico.<\/p><\/li><\/ul>\t\t\t\t\t\t\t\t<\/div>\n\t\t\t\t<\/div>\n\t\t\t\t\t<\/details>\n\t\t\t\t\t\t<details id=\"e-n-accordion-item-1812\" class=\"e-n-accordion-item\" >\n\t\t\t\t<summary class=\"e-n-accordion-item-title\" data-accordion-index=\"3\" tabindex=\"-1\" aria-expanded=\"false\" aria-controls=\"e-n-accordion-item-1812\" >\n\t\t\t\t\t<span class='e-n-accordion-item-title-header'><div class=\"e-n-accordion-item-title-text\"> \u00bfC\u00f3mo asegura el FRANEO 800 la reproducibilidad de las mediciones? <\/div><\/span>\n\t\t\t\t\t\t\t<span class='e-n-accordion-item-title-icon'>\n\t\t\t<span class='e-opened' ><i aria-hidden=\"true\" class=\"fas fa-minus\"><\/i><\/span>\n\t\t\t<span class='e-closed'><i aria-hidden=\"true\" class=\"fas fa-plus\"><\/i><\/span>\n\t\t<\/span>\n\n\t\t\t\t\t\t<\/summary>\n\t\t\t\t<div role=\"region\" aria-labelledby=\"e-n-accordion-item-1812\" class=\"elementor-element elementor-element-1611af2 e-con-full e-flex cut-corner-no sticky-container-off e-con e-child\" data-id=\"1611af2\" data-element_type=\"container\" data-e-type=\"container\">\n\t\t\t\t<div class=\"elementor-element elementor-element-fc15c11 elementor-widget elementor-widget-text-editor\" data-id=\"fc15c11\" data-element_type=\"widget\" data-e-type=\"widget\" data-widget_type=\"text-editor.default\">\n\t\t\t\t\t\t\t\t\t<p data-start=\"2519\" data-end=\"2876\">La reproducibilidad se logra mediante <strong data-start=\"2557\" data-end=\"2610\">pinzas y trenzados planos especialmente dise\u00f1ados<\/strong>, que proporcionan conexiones estables y consistentes al objeto de prueba, reduciendo la sensibilidad a interferencias del entorno y garantizando que las mediciones comparativas (referencia vs. actual) sean fiables y repetibles.<\/p>\t\t\t\t\t\t\t\t<\/div>\n\t\t\t\t<\/div>\n\t\t\t\t\t<\/details>\n\t\t\t\t\t\t<details id=\"e-n-accordion-item-1813\" class=\"e-n-accordion-item\" >\n\t\t\t\t<summary class=\"e-n-accordion-item-title\" data-accordion-index=\"4\" tabindex=\"-1\" aria-expanded=\"false\" aria-controls=\"e-n-accordion-item-1813\" >\n\t\t\t\t\t<span class='e-n-accordion-item-title-header'><div class=\"e-n-accordion-item-title-text\"> \u00bfQu\u00e9 papel juega el software Primary Test Manager (PTM)? <\/div><\/span>\n\t\t\t\t\t\t\t<span class='e-n-accordion-item-title-icon'>\n\t\t\t<span class='e-opened' ><i aria-hidden=\"true\" class=\"fas fa-minus\"><\/i><\/span>\n\t\t\t<span class='e-closed'><i aria-hidden=\"true\" class=\"fas fa-plus\"><\/i><\/span>\n\t\t<\/span>\n\n\t\t\t\t\t\t<\/summary>\n\t\t\t\t<div role=\"region\" aria-labelledby=\"e-n-accordion-item-1813\" class=\"elementor-element elementor-element-12c7d71 e-flex e-con-boxed cut-corner-no sticky-container-off e-con e-child\" data-id=\"12c7d71\" data-element_type=\"container\" data-e-type=\"container\">\n\t\t\t\t\t<div class=\"e-con-inner\">\n\t\t\t\t<div class=\"elementor-element elementor-element-d3dfead elementor-widget elementor-widget-text-editor\" data-id=\"d3dfead\" data-element_type=\"widget\" data-e-type=\"widget\" data-widget_type=\"text-editor.default\">\n\t\t\t\t\t\t\t\t\t<p>El FRANEO 800 se opera con el software <strong data-start=\"2992\" data-end=\"2999\">PTM<\/strong>, que genera planes de prueba automatizados basados en datos del transformador y normas internacionales, <strong data-start=\"3104\" data-end=\"3240\">eval\u00faa resultados autom\u00e1ticamente, exporta informes completos y permite comparar mediciones hist\u00f3ricas o importadas de otros equipos<\/strong>, todo dentro de una interfaz unificada de gesti\u00f3n de datos.<\/p>\t\t\t\t\t\t\t\t<\/div>\n\t\t\t\t\t<\/div>\n\t\t\t\t<\/div>\n\t\t\t\t\t<\/details>\n\t\t\t\t\t\t<details id=\"e-n-accordion-item-1814\" class=\"e-n-accordion-item\" >\n\t\t\t\t<summary class=\"e-n-accordion-item-title\" data-accordion-index=\"5\" tabindex=\"-1\" aria-expanded=\"false\" aria-controls=\"e-n-accordion-item-1814\" >\n\t\t\t\t\t<span class='e-n-accordion-item-title-header'><div class=\"e-n-accordion-item-title-text\"> \u00bfCon qu\u00e9 normas internacionales cumple el FRANEO 800? <\/div><\/span>\n\t\t\t\t\t\t\t<span class='e-n-accordion-item-title-icon'>\n\t\t\t<span class='e-opened' ><i aria-hidden=\"true\" class=\"fas fa-minus\"><\/i><\/span>\n\t\t\t<span class='e-closed'><i aria-hidden=\"true\" class=\"fas fa-plus\"><\/i><\/span>\n\t\t<\/span>\n\n\t\t\t\t\t\t<\/summary>\n\t\t\t\t<div role=\"region\" aria-labelledby=\"e-n-accordion-item-1814\" class=\"elementor-element elementor-element-562fee0 e-flex e-con-boxed cut-corner-no sticky-container-off e-con e-child\" data-id=\"562fee0\" data-element_type=\"container\" data-e-type=\"container\">\n\t\t\t\t\t<div class=\"e-con-inner\">\n\t\t\t\t<div class=\"elementor-element elementor-element-41c28b4 elementor-widget elementor-widget-text-editor\" data-id=\"41c28b4\" data-element_type=\"widget\" data-e-type=\"widget\" data-widget_type=\"text-editor.default\">\n\t\t\t\t\t\t\t\t\t<p>El equipo est\u00e1 <strong data-start=\"3427\" data-end=\"3493\">totalmente conforme con las normas IEC 60076-18 e IEEE C57.149<\/strong>, lo que respalda su uso en pruebas de aceptaci\u00f3n, puesta en servicio y diagn\u00f3stico de transformadores siguiendo los criterios de certificaci\u00f3n y mejores pr\u00e1cticas del sector de pruebas el\u00e9ctricas.<\/p>\t\t\t\t\t\t\t\t<\/div>\n\t\t\t\t\t<\/div>\n\t\t\t\t<\/div>\n\t\t\t\t\t<\/details>\n\t\t\t\t\t<\/div>\n\t\t\t\t\t\t<\/div>\n\t\t\t\t\t<\/div>\n\t\t\t\t<\/div>\n\t\t<div class=\"elementor-element elementor-element-8c740cf e-flex e-con-boxed cut-corner-no sticky-container-off e-con e-parent\" data-id=\"8c740cf\" data-element_type=\"container\" data-e-type=\"container\">\n\t\t\t\t\t<div class=\"e-con-inner\">\n\t\t<div class=\"elementor-element elementor-element-35ab67a e-con-full e-flex cut-corner-no sticky-container-off e-con e-child\" data-id=\"35ab67a\" data-element_type=\"container\" data-e-type=\"container\">\n\t\t\t\t<div class=\"elementor-element elementor-element-3d9c812 elementor-widget-divider--view-line elementor-widget elementor-widget-divider\" data-id=\"3d9c812\" data-element_type=\"widget\" data-e-type=\"widget\" data-widget_type=\"divider.default\">\n\t\t\t\t\t\t\t<div class=\"elementor-divider\">\n\t\t\t<span class=\"elementor-divider-separator\">\n\t\t\t\t\t\t<\/span>\n\t\t<\/div>\n\t\t\t\t\t\t<\/div>\n\t\t\t\t<div class=\"elementor-element elementor-element-e578c1b elementor-widget elementor-widget-text-editor\" data-id=\"e578c1b\" data-element_type=\"widget\" data-e-type=\"widget\" data-widget_type=\"text-editor.default\">\n\t\t\t\t\t\t\t\t\t<p>Equipos disponible en:<\/p>\t\t\t\t\t\t\t\t<\/div>\n\t\t\t\t<\/div>\n\t\t\t\t\t<\/div>\n\t\t\t\t<\/div>\n\t\t<div class=\"elementor-element elementor-element-b9a88db e-flex e-con-boxed cut-corner-no sticky-container-off e-con e-parent\" data-id=\"b9a88db\" data-element_type=\"container\" data-e-type=\"container\">\n\t\t\t\t\t<div class=\"e-con-inner\">\n\t\t<div class=\"elementor-element elementor-element-e19d467 e-con-full e-flex cut-corner-no sticky-container-off e-con e-child\" data-id=\"e19d467\" data-element_type=\"container\" data-e-type=\"container\">\n\t\t\t\t<div class=\"elementor-element elementor-element-eae5f6c elementor-widget elementor-widget-image\" data-id=\"eae5f6c\" data-element_type=\"widget\" data-e-type=\"widget\" data-widget_type=\"image.default\">\n\t\t\t\t\t\t\t\t\t\t\t\t<figure class=\"wp-caption\">\n\t\t\t\t\t\t\t\t\t\t<img decoding=\"async\" width=\"262\" height=\"262\" src=\"https:\/\/tecnomedida.com\/wp-content\/uploads\/2026\/01\/Group-16.png\" class=\"attachment-medium size-medium wp-image-11379\" alt=\"\" srcset=\"https:\/\/tecnomedida.com\/wp-content\/uploads\/2026\/01\/Group-16.png 262w, https:\/\/tecnomedida.com\/wp-content\/uploads\/2026\/01\/Group-16-85x85.png 85w, https:\/\/tecnomedida.com\/wp-content\/uploads\/2026\/01\/Group-16-123x123.png 123w\" sizes=\"(max-width: 262px) 100vw, 262px\" \/>\t\t\t\t\t\t\t\t\t\t\t<figcaption class=\"widget-image-caption wp-caption-text\">Colombia<\/figcaption>\n\t\t\t\t\t\t\t\t\t\t<\/figure>\n\t\t\t\t\t\t\t\t\t<\/div>\n\t\t\t\t<\/div>\n\t\t<div class=\"elementor-element elementor-element-7e65574 e-con-full e-flex cut-corner-no sticky-container-off e-con e-child\" data-id=\"7e65574\" data-element_type=\"container\" data-e-type=\"container\">\n\t\t\t\t<div class=\"elementor-element elementor-element-61a47c5 elementor-widget elementor-widget-image\" data-id=\"61a47c5\" data-element_type=\"widget\" data-e-type=\"widget\" data-widget_type=\"image.default\">\n\t\t\t\t\t\t\t\t\t\t\t\t<figure class=\"wp-caption\">\n\t\t\t\t\t\t\t\t\t\t<img decoding=\"async\" width=\"262\" height=\"262\" src=\"https:\/\/tecnomedida.com\/wp-content\/uploads\/2026\/01\/Group-17.png\" class=\"attachment-medium size-medium wp-image-11378\" alt=\"\" srcset=\"https:\/\/tecnomedida.com\/wp-content\/uploads\/2026\/01\/Group-17.png 262w, https:\/\/tecnomedida.com\/wp-content\/uploads\/2026\/01\/Group-17-85x85.png 85w, https:\/\/tecnomedida.com\/wp-content\/uploads\/2026\/01\/Group-17-123x123.png 123w\" sizes=\"(max-width: 262px) 100vw, 262px\" \/>\t\t\t\t\t\t\t\t\t\t\t<figcaption class=\"widget-image-caption wp-caption-text\">Venezuela<\/figcaption>\n\t\t\t\t\t\t\t\t\t\t<\/figure>\n\t\t\t\t\t\t\t\t\t<\/div>\n\t\t\t\t<\/div>\n\t\t<div class=\"elementor-element elementor-element-85cc22a e-con-full e-flex cut-corner-no sticky-container-off e-con e-child\" data-id=\"85cc22a\" data-element_type=\"container\" data-e-type=\"container\">\n\t\t\t\t<div class=\"elementor-element elementor-element-35ea4a1 elementor-widget elementor-widget-image\" data-id=\"35ea4a1\" data-element_type=\"widget\" data-e-type=\"widget\" data-widget_type=\"image.default\">\n\t\t\t\t\t\t\t\t\t\t\t\t<figure class=\"wp-caption\">\n\t\t\t\t\t\t\t\t\t\t<img loading=\"lazy\" decoding=\"async\" width=\"262\" height=\"262\" src=\"https:\/\/tecnomedida.com\/wp-content\/uploads\/2026\/01\/Group-18.png\" class=\"attachment-medium size-medium wp-image-11377\" alt=\"\" srcset=\"https:\/\/tecnomedida.com\/wp-content\/uploads\/2026\/01\/Group-18.png 262w, https:\/\/tecnomedida.com\/wp-content\/uploads\/2026\/01\/Group-18-85x85.png 85w, https:\/\/tecnomedida.com\/wp-content\/uploads\/2026\/01\/Group-18-123x123.png 123w\" sizes=\"(max-width: 262px) 100vw, 262px\" \/>\t\t\t\t\t\t\t\t\t\t\t<figcaption class=\"widget-image-caption wp-caption-text\">Per\u00fa<\/figcaption>\n\t\t\t\t\t\t\t\t\t\t<\/figure>\n\t\t\t\t\t\t\t\t\t<\/div>\n\t\t\t\t<\/div>\n\t\t\t\t\t<\/div>\n\t\t\t\t<\/div>\n\t\t\t\t<\/div>","protected":false},"excerpt":{"rendered":"<p>Omicron Franeo800, es un equipo para Pruebas El\u00e9ctricas a\u00a0<strong>Power Transformers<\/strong>: An\u00e1lisis de Respuesta en Frecuencia de Barrido (SFRA).<\/p>\n<p>Prueba la integridad mec\u00e1nica y el\u00e9ctrica de los transformadores de potencia despu\u00e9s del transporte o de la exposici\u00f3n a altas corrientes de falla.<\/p>","protected":false},"featured_media":11427,"template":"","meta":{"content-type":"","_monsterinsights_skip_tracking":false,"_monsterinsights_sitenote_active":false,"_monsterinsights_sitenote_note":"","_monsterinsights_sitenote_category":0},"product_brand":[72],"product_cat":[85],"product_tag":[],"class_list":{"0":"post-11253","1":"product","2":"type-product","3":"status-publish","4":"has-post-thumbnail","6":"product_brand-omicron","7":"product_cat-omicron","9":"first","10":"onbackorder","11":"shipping-taxable","12":"product-type-simple"},"aioseo_notices":[],"_links":{"self":[{"href":"https:\/\/tecnomedida.com\/en\/wp-json\/wp\/v2\/product\/11253","targetHints":{"allow":["GET"]}}],"collection":[{"href":"https:\/\/tecnomedida.com\/en\/wp-json\/wp\/v2\/product"}],"about":[{"href":"https:\/\/tecnomedida.com\/en\/wp-json\/wp\/v2\/types\/product"}],"version-history":[{"count":5,"href":"https:\/\/tecnomedida.com\/en\/wp-json\/wp\/v2\/product\/11253\/revisions"}],"predecessor-version":[{"id":11432,"href":"https:\/\/tecnomedida.com\/en\/wp-json\/wp\/v2\/product\/11253\/revisions\/11432"}],"wp:featuredmedia":[{"embeddable":true,"href":"https:\/\/tecnomedida.com\/en\/wp-json\/wp\/v2\/media\/11427"}],"wp:attachment":[{"href":"https:\/\/tecnomedida.com\/en\/wp-json\/wp\/v2\/media?parent=11253"}],"wp:term":[{"taxonomy":"product_brand","embeddable":true,"href":"https:\/\/tecnomedida.com\/en\/wp-json\/wp\/v2\/product_brand?post=11253"},{"taxonomy":"product_cat","embeddable":true,"href":"https:\/\/tecnomedida.com\/en\/wp-json\/wp\/v2\/product_cat?post=11253"},{"taxonomy":"product_tag","embeddable":true,"href":"https:\/\/tecnomedida.com\/en\/wp-json\/wp\/v2\/product_tag?post=11253"}],"curies":[{"name":"wp","href":"https:\/\/api.w.org\/{rel}","templated":true}]}}