{"id":11249,"date":"2026-01-25T16:25:00","date_gmt":"2026-01-25T16:25:00","guid":{"rendered":"https:\/\/tecnomedida.com\/?post_type=product&#038;p=11249"},"modified":"2026-04-20T17:31:42","modified_gmt":"2026-04-20T17:31:42","slug":"dvpower-rmo-h2","status":"publish","type":"product","link":"https:\/\/tecnomedida.com\/en\/servicios\/alquiler-de-equipos\/dvpower-rmo-h2\/","title":{"rendered":"DVPower RMO-H2"},"content":{"rendered":"<div data-elementor-type=\"wp-post\" data-elementor-id=\"11249\" class=\"elementor elementor-11249\">\n\t\t\t\t<div class=\"elementor-element elementor-element-56318f9 e-flex e-con-boxed cut-corner-no sticky-container-off e-con e-parent\" data-id=\"56318f9\" data-element_type=\"container\" data-e-type=\"container\">\n\t\t\t\t\t<div class=\"e-con-inner\">\n\t\t<div class=\"elementor-element elementor-element-70d9ce7 e-con-full e-flex cut-corner-no sticky-container-off e-con e-child\" data-id=\"70d9ce7\" data-element_type=\"container\" data-e-type=\"container\">\n\t\t\t\t<div class=\"elementor-element elementor-element-6856ffdb elementor-widget elementor-widget-text-editor\" data-id=\"6856ffdb\" data-element_type=\"widget\" data-e-type=\"widget\" data-widget_type=\"text-editor.default\">\n\t\t\t\t\t\t\t\t\t<div>Caracter\u00edsticas principales<\/div>\t\t\t\t\t\t\t\t<\/div>\n\t\t\t\t<div class=\"elementor-element elementor-element-c5a3117 elementor-widget elementor-widget-text-editor\" data-id=\"c5a3117\" data-element_type=\"widget\" data-e-type=\"widget\" data-widget_type=\"text-editor.default\">\n\t\t\t\t\t\t\t\t\t<ul role=\"list\"><li>El <strong data-start=\"306\" data-end=\"324\">DVPower RMO-H2<\/strong> es un micro-ohm\u00edmetro port\u00e1til operado por bater\u00eda dise\u00f1ado para realizar <strong data-start=\"399\" data-end=\"465\">mediciones de resistencia de contacto en objetos no inductivos<\/strong> con alta precisi\u00f3n y eficiencia en campo o en taller. Este equipo port\u00e1til genera una corriente de prueba continua regulada de hasta <strong data-start=\"599\" data-end=\"611\">220 A DC<\/strong>, con una rampa de corriente autom\u00e1tica sin ondulaciones, lo que permite obtener medidas estables incluso en entornos con alta inducci\u00f3n electromagn\u00e9tica. Su dise\u00f1o liviano (aproximadamente 0,95 kg) y su interfaz sencilla de un solo clic facilitan la realizaci\u00f3n de pruebas r\u00e1pidas en <strong data-start=\"896\" data-end=\"1012\">interruptores, seccionadores, uniones de barras colectoras, empalmes de cables y otros enlaces de alta corriente<\/strong>, cumpliendo con los principios de medici\u00f3n Kelvin de 4 puntos para garantizar precisi\u00f3n y repetibilidad. El RMO-H2 tambi\u00e9n ofrece capacidad de almacenamiento interno, comunicaci\u00f3n Bluetooth con software DV-Win y generaci\u00f3n de reportes t\u00e9cnicos exportables.<\/li><\/ul>\t\t\t\t\t\t\t\t<\/div>\n\t\t\t\t<\/div>\n\t\t<div class=\"elementor-element elementor-element-6903b4a e-con-full e-flex cut-corner-no sticky-container-off e-con e-child\" data-id=\"6903b4a\" data-element_type=\"container\" data-e-type=\"container\">\n\t\t\t\t<div class=\"elementor-element elementor-element-2024760 elementor-widget elementor-widget-image\" data-id=\"2024760\" data-element_type=\"widget\" data-e-type=\"widget\" data-widget_type=\"image.default\">\n\t\t\t\t\t\t\t\t\t\t\t\t\t\t\t<img fetchpriority=\"high\" decoding=\"async\" width=\"753\" height=\"600\" src=\"https:\/\/tecnomedida.com\/wp-content\/uploads\/2026\/01\/RMO-H-Isometric-View-753x600-1.jpg\" class=\"attachment-large size-large wp-image-11408\" alt=\"\" \/>\t\t\t\t\t\t\t\t\t\t\t\t\t\t\t<\/div>\n\t\t\t\t<\/div>\n\t\t\t\t\t<\/div>\n\t\t\t\t<\/div>\n\t\t<div class=\"elementor-element elementor-element-377ec00e e-flex e-con-boxed cut-corner-no sticky-container-off e-con e-parent\" data-id=\"377ec00e\" data-element_type=\"container\" data-e-type=\"container\">\n\t\t\t\t\t<div class=\"e-con-inner\">\n\t\t\t\t<div class=\"elementor-element elementor-element-aa292fb elementor-widget elementor-widget-text-editor\" data-id=\"aa292fb\" data-element_type=\"widget\" data-e-type=\"widget\" data-widget_type=\"text-editor.default\">\n\t\t\t\t\t\t\t\t\t<p>Frequently asked questions<\/p>\t\t\t\t\t\t\t\t<\/div>\n\t\t\t\t\t<\/div>\n\t\t\t\t<\/div>\n\t\t<div class=\"elementor-element elementor-element-2095d29 e-flex e-con-boxed cut-corner-no sticky-container-off e-con e-parent\" data-id=\"2095d29\" data-element_type=\"container\" data-e-type=\"container\">\n\t\t\t\t\t<div class=\"e-con-inner\">\n\t\t\t\t<div class=\"elementor-element elementor-element-acf733b elementor-widget elementor-widget-n-accordion\" data-id=\"acf733b\" data-element_type=\"widget\" data-e-type=\"widget\" data-settings=\"{&quot;default_state&quot;:&quot;expanded&quot;,&quot;max_items_expended&quot;:&quot;one&quot;,&quot;n_accordion_animation_duration&quot;:{&quot;unit&quot;:&quot;ms&quot;,&quot;size&quot;:400,&quot;sizes&quot;:[]}}\" data-widget_type=\"nested-accordion.default\">\n\t\t\t\t\t\t\t<div class=\"e-n-accordion\" aria-label=\"Accordion. Open links with Enter or Space, close with Escape, and navigate with Arrow Keys\">\n\t\t\t\t\t\t<details id=\"e-n-accordion-item-1810\" class=\"e-n-accordion-item\" open>\n\t\t\t\t<summary class=\"e-n-accordion-item-title\" data-accordion-index=\"1\" tabindex=\"0\" aria-expanded=\"true\" aria-controls=\"e-n-accordion-item-1810\" >\n\t\t\t\t\t<span class='e-n-accordion-item-title-header'><div class=\"e-n-accordion-item-title-text\"> \u00bfQu\u00e9 tipo de mediciones realiza el RMO-H2 y en qu\u00e9 aplicaciones se emplea? <\/div><\/span>\n\t\t\t\t\t\t\t<span class='e-n-accordion-item-title-icon'>\n\t\t\t<span class='e-opened' ><i aria-hidden=\"true\" class=\"fas fa-minus\"><\/i><\/span>\n\t\t\t<span class='e-closed'><i aria-hidden=\"true\" class=\"fas fa-plus\"><\/i><\/span>\n\t\t<\/span>\n\n\t\t\t\t\t\t<\/summary>\n\t\t\t\t<div role=\"region\" aria-labelledby=\"e-n-accordion-item-1810\" class=\"elementor-element elementor-element-083af8a e-con-full e-flex cut-corner-no sticky-container-off e-con e-child\" data-id=\"083af8a\" data-element_type=\"container\" data-e-type=\"container\">\n\t\t<div role=\"region\" aria-labelledby=\"e-n-accordion-item-1810\" class=\"elementor-element elementor-element-dd52fc6 e-flex e-con-boxed cut-corner-no sticky-container-off e-con e-child\" data-id=\"dd52fc6\" data-element_type=\"container\" data-e-type=\"container\">\n\t\t\t\t\t<div class=\"e-con-inner\">\n\t\t\t\t<div class=\"elementor-element elementor-element-55075df elementor-widget elementor-widget-text-editor\" data-id=\"55075df\" data-element_type=\"widget\" data-e-type=\"widget\" data-widget_type=\"text-editor.default\">\n\t\t\t\t\t\t\t\t\t<p>El RMO-H2 realiza <strong data-start=\"1470\" data-end=\"1528\">mediciones de resistencia de contacto de baja magnitud<\/strong> utilizando el principio de medici\u00f3n Kelvin de 4 puntos, ideal para evaluar interruptores de media y alta tensi\u00f3n, seccionadores, uniones de barras colectoras de alta corriente, empalmes de cable y otros enlaces de alta corriente durante fabricaci\u00f3n, puesta en servicio o mantenimiento.<\/p>\t\t\t\t\t\t\t\t<\/div>\n\t\t\t\t\t<\/div>\n\t\t\t\t<\/div>\n\t\t\t\t<\/div>\n\t\t\t\t\t<\/details>\n\t\t\t\t\t\t<details id=\"e-n-accordion-item-1811\" class=\"e-n-accordion-item\" >\n\t\t\t\t<summary class=\"e-n-accordion-item-title\" data-accordion-index=\"2\" tabindex=\"-1\" aria-expanded=\"false\" aria-controls=\"e-n-accordion-item-1811\" >\n\t\t\t\t\t<span class='e-n-accordion-item-title-header'><div class=\"e-n-accordion-item-title-text\"> \u00bfCu\u00e1l es la capacidad de corriente de prueba y el rango de medici\u00f3n del RMO-H2? <\/div><\/span>\n\t\t\t\t\t\t\t<span class='e-n-accordion-item-title-icon'>\n\t\t\t<span class='e-opened' ><i aria-hidden=\"true\" class=\"fas fa-minus\"><\/i><\/span>\n\t\t\t<span class='e-closed'><i aria-hidden=\"true\" class=\"fas fa-plus\"><\/i><\/span>\n\t\t<\/span>\n\n\t\t\t\t\t\t<\/summary>\n\t\t\t\t<div role=\"region\" aria-labelledby=\"e-n-accordion-item-1811\" class=\"elementor-element elementor-element-cbdfc75 e-con-full e-flex cut-corner-no sticky-container-off e-con e-child\" data-id=\"cbdfc75\" data-element_type=\"container\" data-e-type=\"container\">\n\t\t\t\t<div class=\"elementor-element elementor-element-e6888e7 elementor-widget elementor-widget-text-editor\" data-id=\"e6888e7\" data-element_type=\"widget\" data-e-type=\"widget\" data-widget_type=\"text-editor.default\">\n\t\t\t\t\t\t\t\t\t<p>Este modelo genera una <strong data-start=\"1974\" data-end=\"2024\">corriente de prueba regulada de hasta 220 A DC<\/strong>, con un rango de medici\u00f3n desde <strong data-start=\"2057\" data-end=\"2116\">0,1 \u03bc\u03a9 hasta varios m\u03a9 (t\u00edpicamente hasta 2000-3000 m\u03a9)<\/strong> y una resoluci\u00f3n m\u00ednima de <strong data-start=\"2144\" data-end=\"2154\">0,1 \u03bc\u03a9<\/strong>, lo que permite medir resistencias de contacto extremadamente bajas con alta precisi\u00f3n.<\/p>\t\t\t\t\t\t\t\t<\/div>\n\t\t\t\t<\/div>\n\t\t\t\t\t<\/details>\n\t\t\t\t\t\t<details id=\"e-n-accordion-item-1812\" class=\"e-n-accordion-item\" >\n\t\t\t\t<summary class=\"e-n-accordion-item-title\" data-accordion-index=\"3\" tabindex=\"-1\" aria-expanded=\"false\" aria-controls=\"e-n-accordion-item-1812\" >\n\t\t\t\t\t<span class='e-n-accordion-item-title-header'><div class=\"e-n-accordion-item-title-text\"> \u00bfC\u00f3mo asegura el RMO-H2 la estabilidad y precisi\u00f3n de las mediciones? <\/div><\/span>\n\t\t\t\t\t\t\t<span class='e-n-accordion-item-title-icon'>\n\t\t\t<span class='e-opened' ><i aria-hidden=\"true\" class=\"fas fa-minus\"><\/i><\/span>\n\t\t\t<span class='e-closed'><i aria-hidden=\"true\" class=\"fas fa-plus\"><\/i><\/span>\n\t\t<\/span>\n\n\t\t\t\t\t\t<\/summary>\n\t\t\t\t<div role=\"region\" aria-labelledby=\"e-n-accordion-item-1812\" class=\"elementor-element elementor-element-1611af2 e-con-full e-flex cut-corner-no sticky-container-off e-con e-child\" data-id=\"1611af2\" data-element_type=\"container\" data-e-type=\"container\">\n\t\t\t\t<div class=\"elementor-element elementor-element-cb1a78e elementor-widget elementor-widget-text-editor\" data-id=\"cb1a78e\" data-element_type=\"widget\" data-e-type=\"widget\" data-widget_type=\"text-editor.default\">\n\t\t\t\t\t\t\t\t\t<p data-start=\"2369\" data-end=\"2746\">El RMO-H2 utiliza una <strong data-start=\"2391\" data-end=\"2434\">rampa de corriente de prueba autom\u00e1tica<\/strong>, donde la corriente se incrementa progresivamente antes de la medici\u00f3n y se reduce despu\u00e9s, disminuyendo los efectos de transitorios magn\u00e9ticos y garantizando una corriente continua estable y sin ondulaciones durante la medici\u00f3n, lo que mejora la precisi\u00f3n y repetibilidad.<\/p>\t\t\t\t\t\t\t\t<\/div>\n\t\t\t\t<\/div>\n\t\t\t\t\t<\/details>\n\t\t\t\t\t\t<details id=\"e-n-accordion-item-1813\" class=\"e-n-accordion-item\" >\n\t\t\t\t<summary class=\"e-n-accordion-item-title\" data-accordion-index=\"4\" tabindex=\"-1\" aria-expanded=\"false\" aria-controls=\"e-n-accordion-item-1813\" >\n\t\t\t\t\t<span class='e-n-accordion-item-title-header'><div class=\"e-n-accordion-item-title-text\"> \u00bfQu\u00e9 capacidades de almacenamiento y software ofrece el equipo? <\/div><\/span>\n\t\t\t\t\t\t\t<span class='e-n-accordion-item-title-icon'>\n\t\t\t<span class='e-opened' ><i aria-hidden=\"true\" class=\"fas fa-minus\"><\/i><\/span>\n\t\t\t<span class='e-closed'><i aria-hidden=\"true\" class=\"fas fa-plus\"><\/i><\/span>\n\t\t<\/span>\n\n\t\t\t\t\t\t<\/summary>\n\t\t\t\t<div role=\"region\" aria-labelledby=\"e-n-accordion-item-1813\" class=\"elementor-element elementor-element-12c7d71 e-flex e-con-boxed cut-corner-no sticky-container-off e-con e-child\" data-id=\"12c7d71\" data-element_type=\"container\" data-e-type=\"container\">\n\t\t\t\t\t<div class=\"e-con-inner\">\n\t\t\t\t<div class=\"elementor-element elementor-element-737a213 elementor-widget elementor-widget-text-editor\" data-id=\"737a213\" data-element_type=\"widget\" data-e-type=\"widget\" data-widget_type=\"text-editor.default\">\n\t\t\t\t\t\t\t\t\t<p>El RMO-H2 puede <strong data-start=\"2845\" data-end=\"2893\">almacenar internamente hasta 1000 mediciones<\/strong>, incluyendo fecha y hora, en una tarjeta micro-SD interna. Mediante la <strong data-start=\"2965\" data-end=\"3010\">conexi\u00f3n Bluetooth con el software DV-Win<\/strong>, es posible descargar los datos al PC para su an\u00e1lisis, generaci\u00f3n de informes configurables y gesti\u00f3n de resultados de prueba.<\/p>\t\t\t\t\t\t\t\t<\/div>\n\t\t\t\t\t<\/div>\n\t\t\t\t<\/div>\n\t\t\t\t\t<\/details>\n\t\t\t\t\t\t<details id=\"e-n-accordion-item-1814\" class=\"e-n-accordion-item\" >\n\t\t\t\t<summary class=\"e-n-accordion-item-title\" data-accordion-index=\"5\" tabindex=\"-1\" aria-expanded=\"false\" aria-controls=\"e-n-accordion-item-1814\" >\n\t\t\t\t\t<span class='e-n-accordion-item-title-header'><div class=\"e-n-accordion-item-title-text\"> \u00bfQu\u00e9 ventajas aporta la portabilidad y la alimentaci\u00f3n por bater\u00eda en el RMO-H2? <\/div><\/span>\n\t\t\t\t\t\t\t<span class='e-n-accordion-item-title-icon'>\n\t\t\t<span class='e-opened' ><i aria-hidden=\"true\" class=\"fas fa-minus\"><\/i><\/span>\n\t\t\t<span class='e-closed'><i aria-hidden=\"true\" class=\"fas fa-plus\"><\/i><\/span>\n\t\t<\/span>\n\n\t\t\t\t\t\t<\/summary>\n\t\t\t\t<div role=\"region\" aria-labelledby=\"e-n-accordion-item-1814\" class=\"elementor-element elementor-element-562fee0 e-flex e-con-boxed cut-corner-no sticky-container-off e-con e-child\" data-id=\"562fee0\" data-element_type=\"container\" data-e-type=\"container\">\n\t\t\t\t\t<div class=\"e-con-inner\">\n\t\t\t\t<div class=\"elementor-element elementor-element-cb2646a elementor-widget elementor-widget-text-editor\" data-id=\"cb2646a\" data-element_type=\"widget\" data-e-type=\"widget\" data-widget_type=\"text-editor.default\">\n\t\t\t\t\t\t\t\t\t<p data-start=\"3276\" data-end=\"3721\">Gracias a su <strong data-start=\"3289\" data-end=\"3324\">bater\u00eda de alta capacidad Li-Po<\/strong>, el RMO-H2 ofrece <strong data-start=\"3343\" data-end=\"3377\">operaci\u00f3n inal\u00e1mbrica en campo<\/strong> sin necesidad de conexi\u00f3n a red el\u00e9ctrica, facilitando pruebas en subestaciones, l\u00edneas de transmisi\u00f3n y ambientes industriales con alta inducci\u00f3n. Su peso liviano (aprox. 0,95 kg) y dise\u00f1o ergon\u00f3mico permiten realizar m\u00faltiples mediciones durante una jornada sin fatiga ni necesidad de recarga frecuente.<\/p>\t\t\t\t\t\t\t\t<\/div>\n\t\t\t\t\t<\/div>\n\t\t\t\t<\/div>\n\t\t\t\t\t<\/details>\n\t\t\t\t\t<\/div>\n\t\t\t\t\t\t<\/div>\n\t\t\t\t\t<\/div>\n\t\t\t\t<\/div>\n\t\t<div class=\"elementor-element elementor-element-eb5d185 e-flex e-con-boxed cut-corner-no sticky-container-off e-con e-parent\" data-id=\"eb5d185\" data-element_type=\"container\" data-e-type=\"container\">\n\t\t\t\t\t<div class=\"e-con-inner\">\n\t\t<div class=\"elementor-element elementor-element-7b2822f e-con-full e-flex cut-corner-no sticky-container-off e-con e-child\" data-id=\"7b2822f\" data-element_type=\"container\" data-e-type=\"container\">\n\t\t\t\t<div class=\"elementor-element elementor-element-f0b2513 elementor-widget-divider--view-line elementor-widget elementor-widget-divider\" data-id=\"f0b2513\" data-element_type=\"widget\" data-e-type=\"widget\" data-widget_type=\"divider.default\">\n\t\t\t\t\t\t\t<div class=\"elementor-divider\">\n\t\t\t<span class=\"elementor-divider-separator\">\n\t\t\t\t\t\t<\/span>\n\t\t<\/div>\n\t\t\t\t\t\t<\/div>\n\t\t\t\t<div class=\"elementor-element elementor-element-f5f65b0 elementor-widget elementor-widget-text-editor\" data-id=\"f5f65b0\" data-element_type=\"widget\" data-e-type=\"widget\" data-widget_type=\"text-editor.default\">\n\t\t\t\t\t\t\t\t\t<p>Equipos disponible en:<\/p>\t\t\t\t\t\t\t\t<\/div>\n\t\t\t\t<\/div>\n\t\t\t\t\t<\/div>\n\t\t\t\t<\/div>\n\t\t<div class=\"elementor-element elementor-element-30ce478 e-flex e-con-boxed cut-corner-no sticky-container-off e-con e-parent\" data-id=\"30ce478\" data-element_type=\"container\" data-e-type=\"container\">\n\t\t\t\t\t<div class=\"e-con-inner\">\n\t\t<div class=\"elementor-element elementor-element-dfda1be e-con-full e-flex cut-corner-no sticky-container-off e-con e-child\" data-id=\"dfda1be\" data-element_type=\"container\" data-e-type=\"container\">\n\t\t\t\t<div class=\"elementor-element elementor-element-4791194 elementor-widget elementor-widget-image\" data-id=\"4791194\" data-element_type=\"widget\" data-e-type=\"widget\" data-widget_type=\"image.default\">\n\t\t\t\t\t\t\t\t\t\t\t\t<figure class=\"wp-caption\">\n\t\t\t\t\t\t\t\t\t\t<img decoding=\"async\" width=\"262\" height=\"262\" src=\"https:\/\/tecnomedida.com\/wp-content\/uploads\/2026\/01\/Group-16.png\" class=\"attachment-medium size-medium wp-image-11379\" alt=\"\" srcset=\"https:\/\/tecnomedida.com\/wp-content\/uploads\/2026\/01\/Group-16.png 262w, https:\/\/tecnomedida.com\/wp-content\/uploads\/2026\/01\/Group-16-85x85.png 85w, https:\/\/tecnomedida.com\/wp-content\/uploads\/2026\/01\/Group-16-123x123.png 123w\" sizes=\"(max-width: 262px) 100vw, 262px\" \/>\t\t\t\t\t\t\t\t\t\t\t<figcaption class=\"widget-image-caption wp-caption-text\">Colombia<\/figcaption>\n\t\t\t\t\t\t\t\t\t\t<\/figure>\n\t\t\t\t\t\t\t\t\t<\/div>\n\t\t\t\t<\/div>\n\t\t<div class=\"elementor-element elementor-element-6b4b29f e-con-full e-flex cut-corner-no sticky-container-off e-con e-child\" data-id=\"6b4b29f\" data-element_type=\"container\" data-e-type=\"container\">\n\t\t\t\t<div class=\"elementor-element elementor-element-9117d5d elementor-widget elementor-widget-image\" data-id=\"9117d5d\" data-element_type=\"widget\" data-e-type=\"widget\" data-widget_type=\"image.default\">\n\t\t\t\t\t\t\t\t\t\t\t\t<figure class=\"wp-caption\">\n\t\t\t\t\t\t\t\t\t\t<img decoding=\"async\" width=\"262\" height=\"262\" src=\"https:\/\/tecnomedida.com\/wp-content\/uploads\/2026\/01\/Group-17.png\" class=\"attachment-medium size-medium wp-image-11378\" alt=\"\" srcset=\"https:\/\/tecnomedida.com\/wp-content\/uploads\/2026\/01\/Group-17.png 262w, https:\/\/tecnomedida.com\/wp-content\/uploads\/2026\/01\/Group-17-85x85.png 85w, https:\/\/tecnomedida.com\/wp-content\/uploads\/2026\/01\/Group-17-123x123.png 123w\" sizes=\"(max-width: 262px) 100vw, 262px\" \/>\t\t\t\t\t\t\t\t\t\t\t<figcaption class=\"widget-image-caption wp-caption-text\">Venezuela<\/figcaption>\n\t\t\t\t\t\t\t\t\t\t<\/figure>\n\t\t\t\t\t\t\t\t\t<\/div>\n\t\t\t\t<\/div>\n\t\t<div class=\"elementor-element elementor-element-5d8d839 e-con-full e-flex cut-corner-no sticky-container-off e-con e-child\" data-id=\"5d8d839\" data-element_type=\"container\" data-e-type=\"container\">\n\t\t\t\t<div class=\"elementor-element elementor-element-a3037bd elementor-widget elementor-widget-image\" data-id=\"a3037bd\" data-element_type=\"widget\" data-e-type=\"widget\" data-widget_type=\"image.default\">\n\t\t\t\t\t\t\t\t\t\t\t\t<figure class=\"wp-caption\">\n\t\t\t\t\t\t\t\t\t\t<img loading=\"lazy\" decoding=\"async\" width=\"262\" height=\"262\" src=\"https:\/\/tecnomedida.com\/wp-content\/uploads\/2026\/01\/Group-18.png\" class=\"attachment-medium size-medium wp-image-11377\" alt=\"\" srcset=\"https:\/\/tecnomedida.com\/wp-content\/uploads\/2026\/01\/Group-18.png 262w, https:\/\/tecnomedida.com\/wp-content\/uploads\/2026\/01\/Group-18-85x85.png 85w, https:\/\/tecnomedida.com\/wp-content\/uploads\/2026\/01\/Group-18-123x123.png 123w\" sizes=\"(max-width: 262px) 100vw, 262px\" \/>\t\t\t\t\t\t\t\t\t\t\t<figcaption class=\"widget-image-caption wp-caption-text\">Per\u00fa<\/figcaption>\n\t\t\t\t\t\t\t\t\t\t<\/figure>\n\t\t\t\t\t\t\t\t\t<\/div>\n\t\t\t\t<\/div>\n\t\t\t\t\t<\/div>\n\t\t\t\t<\/div>\n\t\t\t\t<\/div>","protected":false},"excerpt":{"rendered":"<p>Micr\u00f3metro 100A CC \u2013 Medidor de Resistencia de Contactos a Interruptores, Celdas<br \/>\nLas aplicaciones t\u00edpicas son pruebas precisas de:<\/p>\n<ul class=\"wp-block-list\">\n<li>Disyuntores de media y alta tensi\u00f3n.<\/li>\n<li>Interruptores de desconexi\u00f3n.<\/li>\n<li>Empalmes de barra de distribuci\u00f3n de alta corriente.<\/li>\n<li>Empalmes de cables.<\/li>\n<li>Diferentes enlaces de alta corriente.<\/li>\n<\/ul>\n<p>M\u00e1s a\u00fan, mide con precisi\u00f3n en subestaciones y ambientes de campo de alta inducci\u00f3n, as\u00ed como en pruebas de f\u00e1brica.<\/p>","protected":false},"featured_media":11407,"template":"","meta":{"content-type":"","_monsterinsights_skip_tracking":false,"_monsterinsights_sitenote_active":false,"_monsterinsights_sitenote_note":"","_monsterinsights_sitenote_category":0},"product_brand":[75],"product_cat":[90],"product_tag":[],"class_list":{"0":"post-11249","1":"product","2":"type-product","3":"status-publish","4":"has-post-thumbnail","6":"product_brand-dvpower","7":"product_cat-dvpower","9":"first","10":"onbackorder","11":"shipping-taxable","12":"product-type-simple"},"aioseo_notices":[],"_links":{"self":[{"href":"https:\/\/tecnomedida.com\/en\/wp-json\/wp\/v2\/product\/11249","targetHints":{"allow":["GET"]}}],"collection":[{"href":"https:\/\/tecnomedida.com\/en\/wp-json\/wp\/v2\/product"}],"about":[{"href":"https:\/\/tecnomedida.com\/en\/wp-json\/wp\/v2\/types\/product"}],"version-history":[{"count":14,"href":"https:\/\/tecnomedida.com\/en\/wp-json\/wp\/v2\/product\/11249\/revisions"}],"predecessor-version":[{"id":11418,"href":"https:\/\/tecnomedida.com\/en\/wp-json\/wp\/v2\/product\/11249\/revisions\/11418"}],"wp:featuredmedia":[{"embeddable":true,"href":"https:\/\/tecnomedida.com\/en\/wp-json\/wp\/v2\/media\/11407"}],"wp:attachment":[{"href":"https:\/\/tecnomedida.com\/en\/wp-json\/wp\/v2\/media?parent=11249"}],"wp:term":[{"taxonomy":"product_brand","embeddable":true,"href":"https:\/\/tecnomedida.com\/en\/wp-json\/wp\/v2\/product_brand?post=11249"},{"taxonomy":"product_cat","embeddable":true,"href":"https:\/\/tecnomedida.com\/en\/wp-json\/wp\/v2\/product_cat?post=11249"},{"taxonomy":"product_tag","embeddable":true,"href":"https:\/\/tecnomedida.com\/en\/wp-json\/wp\/v2\/product_tag?post=11249"}],"curies":[{"name":"wp","href":"https:\/\/api.w.org\/{rel}","templated":true}]}}