{"id":11244,"date":"2026-01-25T16:23:13","date_gmt":"2026-01-25T16:23:13","guid":{"rendered":"https:\/\/tecnomedida.com\/?post_type=product&#038;p=11244"},"modified":"2026-04-20T17:21:07","modified_gmt":"2026-04-20T17:21:07","slug":"idax-300-analizador-de-aislamiento-espectroscopia-dielectrica","status":"publish","type":"product","link":"https:\/\/tecnomedida.com\/en\/servicios\/alquiler-de-equipos\/idax-300-analizador-de-aislamiento-espectroscopia-dielectrica\/","title":{"rendered":"IDAX-300 Insulation Analyzer Dielectric Spectroscopy"},"content":{"rendered":"<div data-elementor-type=\"wp-post\" data-elementor-id=\"11244\" class=\"elementor elementor-11244\">\n\t\t\t\t<div class=\"elementor-element elementor-element-56318f9 e-flex e-con-boxed cut-corner-no sticky-container-off e-con e-parent\" data-id=\"56318f9\" data-element_type=\"container\" data-e-type=\"container\">\n\t\t\t\t\t<div class=\"e-con-inner\">\n\t\t<div class=\"elementor-element elementor-element-70d9ce7 e-con-full e-flex cut-corner-no sticky-container-off e-con e-child\" data-id=\"70d9ce7\" data-element_type=\"container\" data-e-type=\"container\">\n\t\t\t\t<div class=\"elementor-element elementor-element-6856ffdb elementor-widget elementor-widget-text-editor\" data-id=\"6856ffdb\" data-element_type=\"widget\" data-e-type=\"widget\" data-widget_type=\"text-editor.default\">\n\t\t\t\t\t\t\t\t\t<div>Caracter\u00edsticas principales<\/div>\t\t\t\t\t\t\t\t<\/div>\n\t\t\t\t<div class=\"elementor-element elementor-element-c5a3117 elementor-widget elementor-widget-text-editor\" data-id=\"c5a3117\" data-element_type=\"widget\" data-e-type=\"widget\" data-widget_type=\"text-editor.default\">\n\t\t\t\t\t\t\t\t\t<ul role=\"list\"><li>El <strong data-start=\"267\" data-end=\"279\">IDAX 300<\/strong> es un analizador avanzado de diagn\u00f3stico de aislamiento que utiliza la t\u00e9cnica de <strong data-start=\"362\" data-end=\"401\">Dielectric Frequency Response (DFR)<\/strong> para evaluar de forma precisa el estado diel\u00e9ctrico de activos el\u00e9ctricos cr\u00edticos. Mediante la medici\u00f3n de capacitancia y factor de disipaci\u00f3n en un amplio rango de frecuencias, el IDAX 300 permite identificar la presencia de humedad en el aislamiento s\u00f3lido, el envejecimiento de materiales y la conductividad del aceite diel\u00e9ctrico. Su alta sensibilidad y capacidad de correcci\u00f3n por temperatura proporcionan resultados confiables y repetibles, facilitando diagn\u00f3sticos comparables y decisiones informadas para mantenimiento, puesta en servicio y gesti\u00f3n del ciclo de vida de transformadores, bornas y otros equipos de alta tensi\u00f3n.<\/li><\/ul>\t\t\t\t\t\t\t\t<\/div>\n\t\t\t\t<\/div>\n\t\t<div class=\"elementor-element elementor-element-6903b4a e-con-full e-flex cut-corner-no sticky-container-off e-con e-child\" data-id=\"6903b4a\" data-element_type=\"container\" data-e-type=\"container\">\n\t\t\t\t<div class=\"elementor-element elementor-element-2024760 elementor-widget elementor-widget-image\" data-id=\"2024760\" data-element_type=\"widget\" data-e-type=\"widget\" data-widget_type=\"image.default\">\n\t\t\t\t\t\t\t\t\t\t\t\t\t\t\t<img fetchpriority=\"high\" decoding=\"async\" width=\"1020\" height=\"800\" src=\"https:\/\/tecnomedida.com\/wp-content\/uploads\/2026\/01\/M-IDAX-300-Front-1020x800.jpg\" class=\"attachment-large size-large wp-image-11380\" alt=\"\" \/>\t\t\t\t\t\t\t\t\t\t\t\t\t\t\t<\/div>\n\t\t\t\t<\/div>\n\t\t\t\t\t<\/div>\n\t\t\t\t<\/div>\n\t\t<div class=\"elementor-element elementor-element-377ec00e e-flex e-con-boxed cut-corner-no sticky-container-off e-con e-parent\" data-id=\"377ec00e\" data-element_type=\"container\" data-e-type=\"container\">\n\t\t\t\t\t<div class=\"e-con-inner\">\n\t\t\t\t<div class=\"elementor-element elementor-element-aa292fb elementor-widget elementor-widget-text-editor\" data-id=\"aa292fb\" data-element_type=\"widget\" data-e-type=\"widget\" data-widget_type=\"text-editor.default\">\n\t\t\t\t\t\t\t\t\t<p>Frequently asked questions<\/p>\t\t\t\t\t\t\t\t<\/div>\n\t\t\t\t\t<\/div>\n\t\t\t\t<\/div>\n\t\t<div class=\"elementor-element elementor-element-2095d29 e-flex e-con-boxed cut-corner-no sticky-container-off e-con e-parent\" data-id=\"2095d29\" data-element_type=\"container\" data-e-type=\"container\">\n\t\t\t\t\t<div class=\"e-con-inner\">\n\t\t\t\t<div class=\"elementor-element elementor-element-acf733b elementor-widget elementor-widget-n-accordion\" data-id=\"acf733b\" data-element_type=\"widget\" data-e-type=\"widget\" data-settings=\"{&quot;default_state&quot;:&quot;expanded&quot;,&quot;max_items_expended&quot;:&quot;one&quot;,&quot;n_accordion_animation_duration&quot;:{&quot;unit&quot;:&quot;ms&quot;,&quot;size&quot;:400,&quot;sizes&quot;:[]}}\" data-widget_type=\"nested-accordion.default\">\n\t\t\t\t\t\t\t<div class=\"e-n-accordion\" aria-label=\"Accordion. Open links with Enter or Space, close with Escape, and navigate with Arrow Keys\">\n\t\t\t\t\t\t<details id=\"e-n-accordion-item-1810\" class=\"e-n-accordion-item\" open>\n\t\t\t\t<summary class=\"e-n-accordion-item-title\" data-accordion-index=\"1\" tabindex=\"0\" aria-expanded=\"true\" aria-controls=\"e-n-accordion-item-1810\" >\n\t\t\t\t\t<span class='e-n-accordion-item-title-header'><div class=\"e-n-accordion-item-title-text\"> \u00bfQu\u00e9 es la medici\u00f3n DFR y por qu\u00e9 es importante para el diagn\u00f3stico de aislamiento? <\/div><\/span>\n\t\t\t\t\t\t\t<span class='e-n-accordion-item-title-icon'>\n\t\t\t<span class='e-opened' ><i aria-hidden=\"true\" class=\"fas fa-minus\"><\/i><\/span>\n\t\t\t<span class='e-closed'><i aria-hidden=\"true\" class=\"fas fa-plus\"><\/i><\/span>\n\t\t<\/span>\n\n\t\t\t\t\t\t<\/summary>\n\t\t\t\t<div role=\"region\" aria-labelledby=\"e-n-accordion-item-1810\" class=\"elementor-element elementor-element-083af8a e-con-full e-flex cut-corner-no sticky-container-off e-con e-child\" data-id=\"083af8a\" data-element_type=\"container\" data-e-type=\"container\">\n\t\t<div role=\"region\" aria-labelledby=\"e-n-accordion-item-1810\" class=\"elementor-element elementor-element-d8612a1 e-flex e-con-boxed cut-corner-no sticky-container-off e-con e-child\" data-id=\"d8612a1\" data-element_type=\"container\" data-e-type=\"container\">\n\t\t\t\t\t<div class=\"e-con-inner\">\n\t\t\t\t<div class=\"elementor-element elementor-element-625e6b3 elementor-widget elementor-widget-text-editor\" data-id=\"625e6b3\" data-element_type=\"widget\" data-e-type=\"widget\" data-widget_type=\"text-editor.default\">\n\t\t\t\t\t\t\t\t\t<p>La <strong data-start=\"591\" data-end=\"630\">DFR (Dielectric Frequency Response)<\/strong>, tambi\u00e9n llamada FDS (Frequency Domain Spectroscopy), es una t\u00e9cnica de medici\u00f3n que eval\u00faa <strong data-start=\"723\" data-end=\"824\">capacitancia y p\u00e9rdidas (tangente delta \/ factor de potencia) a trav\u00e9s de un rango de frecuencias<\/strong> para caracterizar el estado del aislamiento. A diferencia de las pruebas en una sola frecuencia, la DFR revela efectos de <strong data-start=\"947\" data-end=\"1015\">humedad, envejecimiento de materiales y conductividad del aceite<\/strong> dentro del aislamiento, lo que ofrece un diagn\u00f3stico m\u00e1s completo y sensible del estado diel\u00e9ctrico.<\/p>\t\t\t\t\t\t\t\t<\/div>\n\t\t\t\t\t<\/div>\n\t\t\t\t<\/div>\n\t\t\t\t<\/div>\n\t\t\t\t\t<\/details>\n\t\t\t\t\t\t<details id=\"e-n-accordion-item-1811\" class=\"e-n-accordion-item\" >\n\t\t\t\t<summary class=\"e-n-accordion-item-title\" data-accordion-index=\"2\" tabindex=\"-1\" aria-expanded=\"false\" aria-controls=\"e-n-accordion-item-1811\" >\n\t\t\t\t\t<span class='e-n-accordion-item-title-header'><div class=\"e-n-accordion-item-title-text\"> \u00bfQu\u00e9 informaci\u00f3n se obtiene de una medici\u00f3n DFR con un analizador como IDAX? <\/div><\/span>\n\t\t\t\t\t\t\t<span class='e-n-accordion-item-title-icon'>\n\t\t\t<span class='e-opened' ><i aria-hidden=\"true\" class=\"fas fa-minus\"><\/i><\/span>\n\t\t\t<span class='e-closed'><i aria-hidden=\"true\" class=\"fas fa-plus\"><\/i><\/span>\n\t\t<\/span>\n\n\t\t\t\t\t\t<\/summary>\n\t\t\t\t<div role=\"region\" aria-labelledby=\"e-n-accordion-item-1811\" class=\"elementor-element elementor-element-cbdfc75 e-con-full e-flex cut-corner-no sticky-container-off e-con e-child\" data-id=\"cbdfc75\" data-element_type=\"container\" data-e-type=\"container\">\n\t\t\t\t<div class=\"elementor-element elementor-element-838677c elementor-widget elementor-widget-text-editor\" data-id=\"838677c\" data-element_type=\"widget\" data-e-type=\"widget\" data-widget_type=\"text-editor.default\">\n\t\t\t\t\t\t\t\t\t<p data-start=\"1250\" data-end=\"1279\">Una medici\u00f3n DFR proporciona:<\/p><ul data-start=\"1281\" data-end=\"1597\"><li data-start=\"1281\" data-end=\"1385\"><p data-start=\"1283\" data-end=\"1385\"><strong data-start=\"1283\" data-end=\"1310\">Curvas de respuesta DFR<\/strong> (capacitancia y factor de disipaci\u00f3n) sobre amplio rango de frecuencias.<\/p><\/li><li data-start=\"1386\" data-end=\"1446\"><p data-start=\"1388\" data-end=\"1446\"><strong data-start=\"1388\" data-end=\"1443\">Contenido estimado de humedad en aislamiento s\u00f3lido<\/strong>.<\/p><\/li><li data-start=\"1447\" data-end=\"1520\"><p data-start=\"1449\" data-end=\"1520\"><strong data-start=\"1449\" data-end=\"1517\">Conductividad del aceite diel\u00e9ctrico a temperatura de referencia<\/strong>.<\/p><\/li><li data-start=\"1521\" data-end=\"1597\"><p data-start=\"1523\" data-end=\"1597\"><strong data-start=\"1523\" data-end=\"1596\">Factor de potencia \/ tangente delta a frecuencia de l\u00ednea normalizada<\/strong>.<\/p><\/li><\/ul><p data-start=\"1599\" data-end=\"1816\">Estos datos permiten evaluar con precisi\u00f3n el estado del aislamiento de transformadores, bornas y otros componentes, superando las limitaciones de pruebas est\u00e1ticas tradicionales.<\/p>\t\t\t\t\t\t\t\t<\/div>\n\t\t\t\t<\/div>\n\t\t\t\t\t<\/details>\n\t\t\t\t\t\t<details id=\"e-n-accordion-item-1812\" class=\"e-n-accordion-item\" >\n\t\t\t\t<summary class=\"e-n-accordion-item-title\" data-accordion-index=\"3\" tabindex=\"-1\" aria-expanded=\"false\" aria-controls=\"e-n-accordion-item-1812\" >\n\t\t\t\t\t<span class='e-n-accordion-item-title-header'><div class=\"e-n-accordion-item-title-text\"> \u00bfEn qu\u00e9 se diferencia una medici\u00f3n DFR de una medici\u00f3n SFRA? <\/div><\/span>\n\t\t\t\t\t\t\t<span class='e-n-accordion-item-title-icon'>\n\t\t\t<span class='e-opened' ><i aria-hidden=\"true\" class=\"fas fa-minus\"><\/i><\/span>\n\t\t\t<span class='e-closed'><i aria-hidden=\"true\" class=\"fas fa-plus\"><\/i><\/span>\n\t\t<\/span>\n\n\t\t\t\t\t\t<\/summary>\n\t\t\t\t<div role=\"region\" aria-labelledby=\"e-n-accordion-item-1812\" class=\"elementor-element elementor-element-1611af2 e-con-full e-flex cut-corner-no sticky-container-off e-con e-child\" data-id=\"1611af2\" data-element_type=\"container\" data-e-type=\"container\">\n\t\t<div role=\"region\" aria-labelledby=\"e-n-accordion-item-1812\" class=\"elementor-element elementor-element-9efc824 e-flex e-con-boxed cut-corner-no sticky-container-off e-con e-child\" data-id=\"9efc824\" data-element_type=\"container\" data-e-type=\"container\">\n\t\t\t\t\t<div class=\"e-con-inner\">\n\t\t\t\t<div class=\"elementor-element elementor-element-b85047b elementor-widget elementor-widget-text-editor\" data-id=\"b85047b\" data-element_type=\"widget\" data-e-type=\"widget\" data-widget_type=\"text-editor.default\">\n\t\t\t\t\t\t\t\t\t<p data-start=\"1896\" data-end=\"1996\">Aunque ambas t\u00e9cnicas trabajan con m\u00faltiples frecuencias, <strong data-start=\"1954\" data-end=\"1995\">DFR y SFRA tienen objetivos distintos<\/strong>:<\/p><ul data-start=\"1998\" data-end=\"2364\"><li data-start=\"1998\" data-end=\"2173\"><p data-start=\"2000\" data-end=\"2173\"><strong data-start=\"2000\" data-end=\"2007\">DFR<\/strong> analiza c\u00f3mo var\u00edan las p\u00e9rdidas y la capacitancia del aislamiento ante diferentes frecuencias para obtener informaci\u00f3n sobre el estado higrosc\u00f3pico y diel\u00e9ctrico.<\/p><\/li><li data-start=\"2174\" data-end=\"2364\"><p data-start=\"2176\" data-end=\"2364\"><strong data-start=\"2176\" data-end=\"2184\">SFRA<\/strong> eval\u00faa la respuesta de transferencia de un devanado a trav\u00e9s de un barrido de frecuencias, proporcionando un diagn\u00f3stico de <strong data-start=\"2309\" data-end=\"2363\">cambios mec\u00e1nicos o deformaciones en los bobinados<\/strong>.<\/p><\/li><\/ul><p data-start=\"2366\" data-end=\"2550\">En resumen, <strong data-start=\"2378\" data-end=\"2439\">DFR se orienta al diagn\u00f3stico del material de aislamiento<\/strong>, mientras que <strong data-start=\"2454\" data-end=\"2511\">SFRA se orienta a la integridad mec\u00e1nica del devanado<\/strong>.<\/p>\t\t\t\t\t\t\t\t<\/div>\n\t\t\t\t\t<\/div>\n\t\t\t\t<\/div>\n\t\t\t\t<\/div>\n\t\t\t\t\t<\/details>\n\t\t\t\t\t\t<details id=\"e-n-accordion-item-1813\" class=\"e-n-accordion-item\" >\n\t\t\t\t<summary class=\"e-n-accordion-item-title\" data-accordion-index=\"4\" tabindex=\"-1\" aria-expanded=\"false\" aria-controls=\"e-n-accordion-item-1813\" >\n\t\t\t\t\t<span class='e-n-accordion-item-title-header'><div class=\"e-n-accordion-item-title-text\"> \u00bfPor qu\u00e9 es necesaria la temperatura de aislamiento en las pruebas DFR? <\/div><\/span>\n\t\t\t\t\t\t\t<span class='e-n-accordion-item-title-icon'>\n\t\t\t<span class='e-opened' ><i aria-hidden=\"true\" class=\"fas fa-minus\"><\/i><\/span>\n\t\t\t<span class='e-closed'><i aria-hidden=\"true\" class=\"fas fa-plus\"><\/i><\/span>\n\t\t<\/span>\n\n\t\t\t\t\t\t<\/summary>\n\t\t\t\t<div role=\"region\" aria-labelledby=\"e-n-accordion-item-1813\" class=\"elementor-element elementor-element-12c7d71 e-flex e-con-boxed cut-corner-no sticky-container-off e-con e-child\" data-id=\"12c7d71\" data-element_type=\"container\" data-e-type=\"container\">\n\t\t\t\t\t<div class=\"e-con-inner\">\n\t\t\t\t<div class=\"elementor-element elementor-element-d031ab5 elementor-widget elementor-widget-text-editor\" data-id=\"d031ab5\" data-element_type=\"widget\" data-e-type=\"widget\" data-widget_type=\"text-editor.default\">\n\t\t\t\t\t\t\t\t\t<p>Los par\u00e1metros diel\u00e9ctricos \u2014como la conductividad del aceite y la respuesta de p\u00e9rdidas\u2014 <strong data-start=\"2731\" data-end=\"2773\">dependen fuertemente de la temperatura<\/strong>. Para comparar mediciones con valores de referencia o entre diferentes condiciones, se utiliza la <strong data-start=\"2872\" data-end=\"2918\">correcci\u00f3n de temperatura individual (ITC)<\/strong> para normalizar los resultados a temperaturas de referencia, garantizando que los valores sean comparables y significativos, independientemente de la temperatura real del activo.<\/p>\t\t\t\t\t\t\t\t<\/div>\n\t\t\t\t\t<\/div>\n\t\t\t\t<\/div>\n\t\t\t\t\t<\/details>\n\t\t\t\t\t\t<details id=\"e-n-accordion-item-1814\" class=\"e-n-accordion-item\" >\n\t\t\t\t<summary class=\"e-n-accordion-item-title\" data-accordion-index=\"5\" tabindex=\"-1\" aria-expanded=\"false\" aria-controls=\"e-n-accordion-item-1814\" >\n\t\t\t\t\t<span class='e-n-accordion-item-title-header'><div class=\"e-n-accordion-item-title-text\"> \u00bfCu\u00e1nto tiempo suele tardar una medici\u00f3n DFR con un equipo como el IDAX? <\/div><\/span>\n\t\t\t\t\t\t\t<span class='e-n-accordion-item-title-icon'>\n\t\t\t<span class='e-opened' ><i aria-hidden=\"true\" class=\"fas fa-minus\"><\/i><\/span>\n\t\t\t<span class='e-closed'><i aria-hidden=\"true\" class=\"fas fa-plus\"><\/i><\/span>\n\t\t<\/span>\n\n\t\t\t\t\t\t<\/summary>\n\t\t\t\t<div role=\"region\" aria-labelledby=\"e-n-accordion-item-1814\" class=\"elementor-element elementor-element-562fee0 e-flex e-con-boxed cut-corner-no sticky-container-off e-con e-child\" data-id=\"562fee0\" data-element_type=\"container\" data-e-type=\"container\">\n\t\t\t\t\t<div class=\"e-con-inner\">\n\t\t\t\t<div class=\"elementor-element elementor-element-dd0262a elementor-widget elementor-widget-text-editor\" data-id=\"dd0262a\" data-element_type=\"widget\" data-e-type=\"widget\" data-widget_type=\"text-editor.default\">\n\t\t\t\t\t\t\t\t\t<p data-start=\"3227\" data-end=\"3308\">El tiempo de medici\u00f3n depende del activo a evaluar y su estado, pero t\u00edpicamente:<\/p><ul data-start=\"3310\" data-end=\"3455\"><li data-start=\"3310\" data-end=\"3384\"><p data-start=\"3312\" data-end=\"3384\">Para <strong data-start=\"3317\" data-end=\"3336\">transformadores<\/strong>: menos de 20 minutos en condiciones normales.<\/p><\/li><li data-start=\"3385\" data-end=\"3455\"><p data-start=\"3387\" data-end=\"3455\">Para <strong data-start=\"3392\" data-end=\"3434\">bornas u otros objetos de menor tama\u00f1o<\/strong>: menos de 5 minutos.<\/p><\/li><\/ul><p data-start=\"3457\" data-end=\"3615\">El uso de se\u00f1ales multifrecuencia simult\u00e1neas reduce el tiempo total de medici\u00f3n sin sacrificar la calidad de los datos.<\/p>\t\t\t\t\t\t\t\t<\/div>\n\t\t\t\t\t<\/div>\n\t\t\t\t<\/div>\n\t\t\t\t\t<\/details>\n\t\t\t\t\t<\/div>\n\t\t\t\t\t\t<\/div>\n\t\t\t\t\t<\/div>\n\t\t\t\t<\/div>\n\t\t<div class=\"elementor-element elementor-element-68696d9 e-flex e-con-boxed cut-corner-no sticky-container-off e-con e-parent\" data-id=\"68696d9\" data-element_type=\"container\" data-e-type=\"container\">\n\t\t\t\t\t<div class=\"e-con-inner\">\n\t\t<div class=\"elementor-element elementor-element-6869c94 e-con-full e-flex cut-corner-no sticky-container-off e-con e-child\" data-id=\"6869c94\" data-element_type=\"container\" data-e-type=\"container\">\n\t\t\t\t<div class=\"elementor-element elementor-element-78eb6ce elementor-widget-divider--view-line elementor-widget elementor-widget-divider\" data-id=\"78eb6ce\" data-element_type=\"widget\" data-e-type=\"widget\" data-widget_type=\"divider.default\">\n\t\t\t\t\t\t\t<div class=\"elementor-divider\">\n\t\t\t<span class=\"elementor-divider-separator\">\n\t\t\t\t\t\t<\/span>\n\t\t<\/div>\n\t\t\t\t\t\t<\/div>\n\t\t\t\t<div class=\"elementor-element elementor-element-6bcc1ff elementor-widget elementor-widget-text-editor\" data-id=\"6bcc1ff\" data-element_type=\"widget\" data-e-type=\"widget\" data-widget_type=\"text-editor.default\">\n\t\t\t\t\t\t\t\t\t<p>Equipos disponible en:<\/p>\t\t\t\t\t\t\t\t<\/div>\n\t\t\t\t<\/div>\n\t\t\t\t\t<\/div>\n\t\t\t\t<\/div>\n\t\t<div class=\"elementor-element elementor-element-9c24822 e-flex e-con-boxed cut-corner-no sticky-container-off e-con e-parent\" data-id=\"9c24822\" data-element_type=\"container\" data-e-type=\"container\">\n\t\t\t\t\t<div class=\"e-con-inner\">\n\t\t<div class=\"elementor-element elementor-element-3c15948 e-con-full e-flex cut-corner-no sticky-container-off e-con e-child\" data-id=\"3c15948\" data-element_type=\"container\" data-e-type=\"container\">\n\t\t\t\t<div class=\"elementor-element elementor-element-bbbde96 elementor-widget elementor-widget-image\" data-id=\"bbbde96\" data-element_type=\"widget\" data-e-type=\"widget\" data-widget_type=\"image.default\">\n\t\t\t\t\t\t\t\t\t\t\t\t<figure class=\"wp-caption\">\n\t\t\t\t\t\t\t\t\t\t<img decoding=\"async\" width=\"262\" height=\"262\" src=\"https:\/\/tecnomedida.com\/wp-content\/uploads\/2026\/01\/Group-16.png\" class=\"attachment-medium size-medium wp-image-11379\" alt=\"\" srcset=\"https:\/\/tecnomedida.com\/wp-content\/uploads\/2026\/01\/Group-16.png 262w, https:\/\/tecnomedida.com\/wp-content\/uploads\/2026\/01\/Group-16-85x85.png 85w, https:\/\/tecnomedida.com\/wp-content\/uploads\/2026\/01\/Group-16-123x123.png 123w\" sizes=\"(max-width: 262px) 100vw, 262px\" \/>\t\t\t\t\t\t\t\t\t\t\t<figcaption class=\"widget-image-caption wp-caption-text\">Colombia<\/figcaption>\n\t\t\t\t\t\t\t\t\t\t<\/figure>\n\t\t\t\t\t\t\t\t\t<\/div>\n\t\t\t\t<\/div>\n\t\t<div class=\"elementor-element elementor-element-d469aa8 e-con-full e-flex cut-corner-no sticky-container-off e-con e-child\" data-id=\"d469aa8\" data-element_type=\"container\" data-e-type=\"container\">\n\t\t\t\t<div class=\"elementor-element elementor-element-5d29602 elementor-widget elementor-widget-image\" data-id=\"5d29602\" data-element_type=\"widget\" data-e-type=\"widget\" data-widget_type=\"image.default\">\n\t\t\t\t\t\t\t\t\t\t\t\t<figure class=\"wp-caption\">\n\t\t\t\t\t\t\t\t\t\t<img decoding=\"async\" width=\"262\" height=\"262\" src=\"https:\/\/tecnomedida.com\/wp-content\/uploads\/2026\/01\/Group-17.png\" class=\"attachment-medium size-medium wp-image-11378\" alt=\"\" srcset=\"https:\/\/tecnomedida.com\/wp-content\/uploads\/2026\/01\/Group-17.png 262w, https:\/\/tecnomedida.com\/wp-content\/uploads\/2026\/01\/Group-17-85x85.png 85w, https:\/\/tecnomedida.com\/wp-content\/uploads\/2026\/01\/Group-17-123x123.png 123w\" sizes=\"(max-width: 262px) 100vw, 262px\" \/>\t\t\t\t\t\t\t\t\t\t\t<figcaption class=\"widget-image-caption wp-caption-text\">Venezuela<\/figcaption>\n\t\t\t\t\t\t\t\t\t\t<\/figure>\n\t\t\t\t\t\t\t\t\t<\/div>\n\t\t\t\t<\/div>\n\t\t<div class=\"elementor-element elementor-element-e4e8a29 e-con-full e-flex cut-corner-no sticky-container-off e-con e-child\" data-id=\"e4e8a29\" data-element_type=\"container\" data-e-type=\"container\">\n\t\t\t\t<div class=\"elementor-element elementor-element-0204d4c elementor-widget elementor-widget-image\" data-id=\"0204d4c\" data-element_type=\"widget\" data-e-type=\"widget\" data-widget_type=\"image.default\">\n\t\t\t\t\t\t\t\t\t\t\t\t<figure class=\"wp-caption\">\n\t\t\t\t\t\t\t\t\t\t<img loading=\"lazy\" decoding=\"async\" width=\"262\" height=\"262\" src=\"https:\/\/tecnomedida.com\/wp-content\/uploads\/2026\/01\/Group-18.png\" class=\"attachment-medium size-medium wp-image-11377\" alt=\"\" srcset=\"https:\/\/tecnomedida.com\/wp-content\/uploads\/2026\/01\/Group-18.png 262w, https:\/\/tecnomedida.com\/wp-content\/uploads\/2026\/01\/Group-18-85x85.png 85w, https:\/\/tecnomedida.com\/wp-content\/uploads\/2026\/01\/Group-18-123x123.png 123w\" sizes=\"(max-width: 262px) 100vw, 262px\" \/>\t\t\t\t\t\t\t\t\t\t\t<figcaption class=\"widget-image-caption wp-caption-text\">Per\u00fa<\/figcaption>\n\t\t\t\t\t\t\t\t\t\t<\/figure>\n\t\t\t\t\t\t\t\t\t<\/div>\n\t\t\t\t<\/div>\n\t\t\t\t\t<\/div>\n\t\t\t\t<\/div>\n\t\t\t\t<\/div>","protected":false},"excerpt":{"rendered":"<p>El\u00a0<strong>IDAX-300 Analizador de aislamiento<\/strong> es un analizador de diagn\u00f3stico de aislamiento basado en DFR (respuesta de frecuencia diel\u00e9ctrica), que es la medici\u00f3n de capacitancia y p\u00e9rdidas (tangente delta o factor de potencia) en varias frecuencias. La curva de DFR medida depende de la geometr\u00eda del aislamiento, la humedad, la conductividad del aceite y la temperatura.<\/p>","protected":false},"featured_media":11371,"template":"","meta":{"content-type":"","_monsterinsights_skip_tracking":false,"_monsterinsights_sitenote_active":false,"_monsterinsights_sitenote_note":"","_monsterinsights_sitenote_category":0},"product_brand":[74],"product_cat":[87],"product_tag":[],"class_list":{"0":"post-11244","1":"product","2":"type-product","3":"status-publish","4":"has-post-thumbnail","6":"product_brand-megger","7":"product_cat-megger","9":"first","10":"onbackorder","11":"shipping-taxable","12":"product-type-simple"},"aioseo_notices":[],"_links":{"self":[{"href":"https:\/\/tecnomedida.com\/en\/wp-json\/wp\/v2\/product\/11244","targetHints":{"allow":["GET"]}}],"collection":[{"href":"https:\/\/tecnomedida.com\/en\/wp-json\/wp\/v2\/product"}],"about":[{"href":"https:\/\/tecnomedida.com\/en\/wp-json\/wp\/v2\/types\/product"}],"version-history":[{"count":19,"href":"https:\/\/tecnomedida.com\/en\/wp-json\/wp\/v2\/product\/11244\/revisions"}],"predecessor-version":[{"id":13028,"href":"https:\/\/tecnomedida.com\/en\/wp-json\/wp\/v2\/product\/11244\/revisions\/13028"}],"wp:featuredmedia":[{"embeddable":true,"href":"https:\/\/tecnomedida.com\/en\/wp-json\/wp\/v2\/media\/11371"}],"wp:attachment":[{"href":"https:\/\/tecnomedida.com\/en\/wp-json\/wp\/v2\/media?parent=11244"}],"wp:term":[{"taxonomy":"product_brand","embeddable":true,"href":"https:\/\/tecnomedida.com\/en\/wp-json\/wp\/v2\/product_brand?post=11244"},{"taxonomy":"product_cat","embeddable":true,"href":"https:\/\/tecnomedida.com\/en\/wp-json\/wp\/v2\/product_cat?post=11244"},{"taxonomy":"product_tag","embeddable":true,"href":"https:\/\/tecnomedida.com\/en\/wp-json\/wp\/v2\/product_tag?post=11244"}],"curies":[{"name":"wp","href":"https:\/\/api.w.org\/{rel}","templated":true}]}}