{"id":94,"date":"2024-02-28T00:35:19","date_gmt":"2024-02-28T00:35:19","guid":{"rendered":"https:\/\/demo.artureanec.com\/themes\/logico-rounded\/?page_id=94"},"modified":"2026-02-21T19:51:35","modified_gmt":"2026-02-21T19:51:35","slug":"galeria","status":"publish","type":"page","link":"https:\/\/tecnomedida.com\/en\/galeria\/","title":{"rendered":"Gallery"},"content":{"rendered":"<div data-elementor-type=\"wp-page\" data-elementor-id=\"94\" class=\"elementor elementor-94\">\n\t\t\t\t<div class=\"elementor-element elementor-element-4f7119b e-flex e-con-boxed cut-corner-no sticky-container-off e-con e-parent\" data-id=\"4f7119b\" data-element_type=\"container\" data-e-type=\"container\">\n\t\t\t\t\t<div class=\"e-con-inner\">\n\t\t\t\t<div class=\"elementor-element elementor-element-c039ce4 elementor-widget elementor-widget-logico_heading\" data-id=\"c039ce4\" data-element_type=\"widget\" data-e-type=\"widget\" data-widget_type=\"logico_heading.default\">\n\t\t\t\t<div class=\"elementor-widget-container\">\n\t\t\t\t\t<h2 class=\"logico-title\">Gallery of Projects and Field Operations\n<\/h2>\t\t\t\t<\/div>\n\t\t\t\t<\/div>\n\t\t\t\t<div class=\"elementor-element elementor-element-77a54b0 elementor-widget elementor-widget-text-editor\" data-id=\"77a54b0\" data-element_type=\"widget\" data-e-type=\"widget\" data-widget_type=\"text-editor.default\">\n\t\t\t\t\t\t\t\t\t<p>In this gallery, you will find a selection of images that reflect the technical and operational work we carry out in different regions of the country. From specialized electrical tests to interventions in stations, generation containers, and photovoltaic systems, each photograph shows our commitment to safety, precision, and excellence.<\/p><p>Explore how Tecnomedida brings reliable solutions to the heart of electrical systems.<\/p>\t\t\t\t\t\t\t\t<\/div>\n\t\t\t\t\t<\/div>\n\t\t\t\t<\/div>\n\t\t<div class=\"elementor-element elementor-element-42f2d9b e-flex e-con-boxed cut-corner-no sticky-container-off e-con e-parent\" data-id=\"42f2d9b\" data-element_type=\"container\" data-e-type=\"container\">\n\t\t\t\t\t<div class=\"e-con-inner\">\n\t\t\t\t<div class=\"elementor-element elementor-element-96e49e7 elementor-widget__width-initial elementor-widget elementor-widget-image-gallery\" data-id=\"96e49e7\" data-element_type=\"widget\" data-e-type=\"widget\" data-widget_type=\"image-gallery.default\">\n\t\t\t\t\t\t\t<div class=\"elementor-image-gallery\">\n\t\t\t<div id='gallery-1' class='gallery galleryid-94 gallery-columns-4 gallery-size-full'><figure class='gallery-item'><div class='gallery-item-box'>\n\t\t\t<div class='gallery-icon landscape'>\n\t\t\t\t<img fetchpriority=\"high\" decoding=\"async\" width=\"500\" height=\"500\" src=\"https:\/\/tecnomedida.com\/wp-content\/uploads\/2024\/08\/Frame-10.webp\" class=\"attachment-full size-full\" alt=\"\" aria-describedby=\"gallery-1-11780\" srcset=\"https:\/\/tecnomedida.com\/wp-content\/uploads\/2024\/08\/Frame-10.webp 500w, https:\/\/tecnomedida.com\/wp-content\/uploads\/2024\/08\/Frame-10-85x85.webp 85w, https:\/\/tecnomedida.com\/wp-content\/uploads\/2024\/08\/Frame-10-12x12.webp 12w, https:\/\/tecnomedida.com\/wp-content\/uploads\/2024\/08\/Frame-10-480x480.webp 480w, https:\/\/tecnomedida.com\/wp-content\/uploads\/2024\/08\/Frame-10-300x300.webp 300w, https:\/\/tecnomedida.com\/wp-content\/uploads\/2024\/08\/Frame-10-123x123.webp 123w\" sizes=\"(max-width: 500px) 100vw, 500px\" \/>\n\t\t\t<\/div>\n\t\t\t\t<figcaption class='wp-caption-text gallery-caption' id='gallery-1-11780'>\n\t\t\t\tProtection Testing, Centaur Station\n\t\t\t\t<\/figcaption><\/div><\/figure><figure class='gallery-item'><div class='gallery-item-box'>\n\t\t\t<div class='gallery-icon landscape'>\n\t\t\t\t<img decoding=\"async\" width=\"500\" height=\"500\" src=\"https:\/\/tecnomedida.com\/wp-content\/uploads\/2024\/08\/Frame-2.webp\" class=\"attachment-full size-full\" alt=\"\" aria-describedby=\"gallery-1-11779\" srcset=\"https:\/\/tecnomedida.com\/wp-content\/uploads\/2024\/08\/Frame-2.webp 500w, https:\/\/tecnomedida.com\/wp-content\/uploads\/2024\/08\/Frame-2-85x85.webp 85w, https:\/\/tecnomedida.com\/wp-content\/uploads\/2024\/08\/Frame-2-12x12.webp 12w, https:\/\/tecnomedida.com\/wp-content\/uploads\/2024\/08\/Frame-2-480x480.webp 480w, https:\/\/tecnomedida.com\/wp-content\/uploads\/2024\/08\/Frame-2-300x300.webp 300w, https:\/\/tecnomedida.com\/wp-content\/uploads\/2024\/08\/Frame-2-123x123.webp 123w\" sizes=\"(max-width: 500px) 100vw, 500px\" \/>\n\t\t\t<\/div>\n\t\t\t\t<figcaption class='wp-caption-text gallery-caption' id='gallery-1-11779'>\n\t\t\t\tPartial Ultrasound Testing, Palmira\n\t\t\t\t<\/figcaption><\/div><\/figure><figure class='gallery-item'><div class='gallery-item-box'>\n\t\t\t<div class='gallery-icon landscape'>\n\t\t\t\t<img decoding=\"async\" width=\"2040\" height=\"1530\" src=\"https:\/\/tecnomedida.com\/wp-content\/uploads\/2026\/02\/P.E-Reconectadores-Omicron-Arco.jpg\" class=\"attachment-full size-full\" alt=\"\" aria-describedby=\"gallery-1-12973\" srcset=\"https:\/\/tecnomedida.com\/wp-content\/uploads\/2026\/02\/P.E-Reconectadores-Omicron-Arco.jpg 2040w, https:\/\/tecnomedida.com\/wp-content\/uploads\/2026\/02\/P.E-Reconectadores-Omicron-Arco-16x12.jpg 16w\" sizes=\"(max-width: 2040px) 100vw, 2040px\" \/>\n\t\t\t<\/div>\n\t\t\t\t<figcaption class='wp-caption-text gallery-caption' id='gallery-1-12973'>\n\t\t\t\tP.E Reconectadores Omicron Arco\n\t\t\t\t<\/figcaption><\/div><\/figure><figure class='gallery-item'><div class='gallery-item-box'>\n\t\t\t<div class='gallery-icon landscape'>\n\t\t\t\t<img loading=\"lazy\" decoding=\"async\" width=\"1770\" height=\"1328\" src=\"https:\/\/tecnomedida.com\/wp-content\/uploads\/2026\/02\/P.E.-Cables-MT-BAUR-Viola.jpg\" class=\"attachment-full size-full\" alt=\"\" aria-describedby=\"gallery-1-12976\" srcset=\"https:\/\/tecnomedida.com\/wp-content\/uploads\/2026\/02\/P.E.-Cables-MT-BAUR-Viola.jpg 1770w, https:\/\/tecnomedida.com\/wp-content\/uploads\/2026\/02\/P.E.-Cables-MT-BAUR-Viola-16x12.jpg 16w\" sizes=\"(max-width: 1770px) 100vw, 1770px\" \/>\n\t\t\t<\/div>\n\t\t\t\t<figcaption class='wp-caption-text gallery-caption' id='gallery-1-12976'>\n\t\t\t\tP.E. Cables MT BAUR Viola\n\t\t\t\t<\/figcaption><\/div><\/figure><figure class='gallery-item'><div class='gallery-item-box'>\n\t\t\t<div class='gallery-icon landscape'>\n\t\t\t\t<img loading=\"lazy\" decoding=\"async\" width=\"816\" height=\"612\" src=\"https:\/\/tecnomedida.com\/wp-content\/uploads\/2026\/02\/P.E-Cables-b2-HVA60.jpg\" class=\"attachment-full size-full\" alt=\"\" aria-describedby=\"gallery-1-12977\" srcset=\"https:\/\/tecnomedida.com\/wp-content\/uploads\/2026\/02\/P.E-Cables-b2-HVA60.jpg 816w, https:\/\/tecnomedida.com\/wp-content\/uploads\/2026\/02\/P.E-Cables-b2-HVA60-16x12.jpg 16w\" sizes=\"(max-width: 816px) 100vw, 816px\" \/>\n\t\t\t<\/div>\n\t\t\t\t<figcaption class='wp-caption-text gallery-caption' id='gallery-1-12977'>\n\t\t\t\tP.E Cables b2 HVA60\n\t\t\t\t<\/figcaption><\/div><\/figure><figure class='gallery-item'><div class='gallery-item-box'>\n\t\t\t<div class='gallery-icon landscape'>\n\t\t\t\t<img loading=\"lazy\" decoding=\"async\" width=\"816\" height=\"612\" src=\"https:\/\/tecnomedida.com\/wp-content\/uploads\/2026\/02\/P.E.-Cables-b2-HVA28kv.jpg\" class=\"attachment-full size-full\" alt=\"\" aria-describedby=\"gallery-1-12979\" srcset=\"https:\/\/tecnomedida.com\/wp-content\/uploads\/2026\/02\/P.E.-Cables-b2-HVA28kv.jpg 816w, https:\/\/tecnomedida.com\/wp-content\/uploads\/2026\/02\/P.E.-Cables-b2-HVA28kv-16x12.jpg 16w\" sizes=\"(max-width: 816px) 100vw, 816px\" \/>\n\t\t\t<\/div>\n\t\t\t\t<figcaption class='wp-caption-text gallery-caption' id='gallery-1-12979'>\n\t\t\t\tP.E. Cables b2 HVA28kv\n\t\t\t\t<\/figcaption><\/div><\/figure><figure class='gallery-item'><div class='gallery-item-box'>\n\t\t\t<div class='gallery-icon landscape'>\n\t\t\t\t<img loading=\"lazy\" decoding=\"async\" width=\"2560\" height=\"1920\" src=\"https:\/\/tecnomedida.com\/wp-content\/uploads\/2026\/02\/Ultrasonido-y-Termografia-scaled.jpg\" class=\"attachment-full size-full\" alt=\"\" aria-describedby=\"gallery-1-12980\" srcset=\"https:\/\/tecnomedida.com\/wp-content\/uploads\/2026\/02\/Ultrasonido-y-Termografia-scaled.jpg 2560w, https:\/\/tecnomedida.com\/wp-content\/uploads\/2026\/02\/Ultrasonido-y-Termografia-2048x1536.jpg 2048w, https:\/\/tecnomedida.com\/wp-content\/uploads\/2026\/02\/Ultrasonido-y-Termografia-16x12.jpg 16w\" sizes=\"(max-width: 2560px) 100vw, 2560px\" \/>\n\t\t\t<\/div>\n\t\t\t\t<figcaption class='wp-caption-text gallery-caption' id='gallery-1-12980'>\n\t\t\t\tUltrasonido y Termografia\n\t\t\t\t<\/figcaption><\/div><\/figure><figure class='gallery-item'><div class='gallery-item-box'>\n\t\t\t<div class='gallery-icon landscape'>\n\t\t\t\t<img loading=\"lazy\" decoding=\"async\" width=\"255\" height=\"195\" src=\"https:\/\/tecnomedida.com\/wp-content\/uploads\/2026\/02\/Frame-7.png\" class=\"attachment-full size-full\" alt=\"\" aria-describedby=\"gallery-1-13228\" srcset=\"https:\/\/tecnomedida.com\/wp-content\/uploads\/2026\/02\/Frame-7.png 255w, https:\/\/tecnomedida.com\/wp-content\/uploads\/2026\/02\/Frame-7-16x12.png 16w\" sizes=\"(max-width: 255px) 100vw, 255px\" \/>\n\t\t\t<\/div>\n\t\t\t\t<figcaption class='wp-caption-text gallery-caption' id='gallery-1-13228'>\n\t\t\t\tPrueba de Equipotencialidad en Sistemas Fotovoltaicos\n\t\t\t\t<\/figcaption><\/div><\/figure><figure class='gallery-item'><div class='gallery-item-box'>\n\t\t\t<div class='gallery-icon landscape'>\n\t\t\t\t<img loading=\"lazy\" decoding=\"async\" width=\"255\" height=\"195\" src=\"https:\/\/tecnomedida.com\/wp-content\/uploads\/2026\/02\/Frame-6.png\" class=\"attachment-full size-full\" alt=\"\" aria-describedby=\"gallery-1-13229\" srcset=\"https:\/\/tecnomedida.com\/wp-content\/uploads\/2026\/02\/Frame-6.png 255w, https:\/\/tecnomedida.com\/wp-content\/uploads\/2026\/02\/Frame-6-16x12.png 16w\" sizes=\"(max-width: 255px) 100vw, 255px\" \/>\n\t\t\t<\/div>\n\t\t\t\t<figcaption class='wp-caption-text gallery-caption' id='gallery-1-13229'>\n\t\t\t\tPruebas a Transformador de Potencia OMICRON Testrano600\n\t\t\t\t<\/figcaption><\/div><\/figure><figure class='gallery-item'><div class='gallery-item-box'>\n\t\t\t<div class='gallery-icon landscape'>\n\t\t\t\t<img loading=\"lazy\" decoding=\"async\" width=\"255\" height=\"195\" src=\"https:\/\/tecnomedida.com\/wp-content\/uploads\/2026\/02\/Frame-5.png\" class=\"attachment-full size-full\" alt=\"\" aria-describedby=\"gallery-1-13230\" srcset=\"https:\/\/tecnomedida.com\/wp-content\/uploads\/2026\/02\/Frame-5.png 255w, https:\/\/tecnomedida.com\/wp-content\/uploads\/2026\/02\/Frame-5-16x12.png 16w\" sizes=\"(max-width: 255px) 100vw, 255px\" \/>\n\t\t\t<\/div>\n\t\t\t\t<figcaption class='wp-caption-text gallery-caption' id='gallery-1-13230'>\n\t\t\t\tPruebas a Transformadores de Corriente\n\t\t\t\t<\/figcaption><\/div><\/figure><figure class='gallery-item'><div class='gallery-item-box'>\n\t\t\t<div class='gallery-icon landscape'>\n\t\t\t\t<img loading=\"lazy\" decoding=\"async\" width=\"255\" height=\"195\" src=\"https:\/\/tecnomedida.com\/wp-content\/uploads\/2026\/02\/Frame-8.png\" class=\"attachment-full size-full\" alt=\"\" aria-describedby=\"gallery-1-13234\" srcset=\"https:\/\/tecnomedida.com\/wp-content\/uploads\/2026\/02\/Frame-8.png 255w, https:\/\/tecnomedida.com\/wp-content\/uploads\/2026\/02\/Frame-8-16x12.png 16w\" sizes=\"(max-width: 255px) 100vw, 255px\" \/>\n\t\t\t<\/div>\n\t\t\t\t<figcaption class='wp-caption-text gallery-caption' id='gallery-1-13234'>\n\t\t\t\tPruebas Descargas Parciales DP a Cables Potencia \n\t\t\t\t<\/figcaption><\/div><\/figure><figure class='gallery-item'><div class='gallery-item-box'>\n\t\t\t<div class='gallery-icon landscape'>\n\t\t\t\t<img loading=\"lazy\" decoding=\"async\" width=\"255\" height=\"195\" src=\"https:\/\/tecnomedida.com\/wp-content\/uploads\/2026\/02\/Pruebas-a-Reconectadores-Omicron-Arco.png\" class=\"attachment-full size-full\" alt=\"\" aria-describedby=\"gallery-1-13311\" srcset=\"https:\/\/tecnomedida.com\/wp-content\/uploads\/2026\/02\/Pruebas-a-Reconectadores-Omicron-Arco.png 255w, https:\/\/tecnomedida.com\/wp-content\/uploads\/2026\/02\/Pruebas-a-Reconectadores-Omicron-Arco-16x12.png 16w\" sizes=\"(max-width: 255px) 100vw, 255px\" \/>\n\t\t\t<\/div>\n\t\t\t\t<figcaption class='wp-caption-text gallery-caption' id='gallery-1-13311'>\n\t\t\t\tPruebas a Reconectadores Omicron Arco\n\t\t\t\t<\/figcaption><\/div><\/figure>\n\t\t<\/div>\n\t\t<\/div>\n\t\t\t\t\t\t<\/div>\n\t\t\t\t\t<\/div>\n\t\t\t\t<\/div>\n\t\t<div class=\"elementor-element elementor-element-93f0558 e-flex e-con-boxed cut-corner-no sticky-container-off e-con e-parent\" data-id=\"93f0558\" data-element_type=\"container\" data-e-type=\"container\">\n\t\t\t\t\t<div class=\"e-con-inner\">\n\t\t\t\t<div class=\"elementor-element elementor-element-a2797ba elementor-widget elementor-widget-logico_heading\" data-id=\"a2797ba\" data-element_type=\"widget\" data-e-type=\"widget\" data-widget_type=\"logico_heading.default\">\n\t\t\t\t<div class=\"elementor-widget-container\">\n\t\t\t\t\t<h2 class=\"logico-title\">Follow us on YouTube!\n<\/h2>\t\t\t\t<\/div>\n\t\t\t\t<\/div>\n\t\t\t\t\t<\/div>\n\t\t\t\t<\/div>\n\t\t<div class=\"elementor-element elementor-element-e94d288 e-flex e-con-boxed cut-corner-no sticky-container-off e-con e-parent\" data-id=\"e94d288\" data-element_type=\"container\" data-e-type=\"container\">\n\t\t\t\t\t<div class=\"e-con-inner\">\n\t\t<div class=\"elementor-element elementor-element-cf8c888 e-con-full e-flex cut-corner-no sticky-container-off e-con e-child\" data-id=\"cf8c888\" data-element_type=\"container\" data-e-type=\"container\">\n\t\t\t\t<div class=\"elementor-element elementor-element-780487a elementor-widget elementor-widget-video\" data-id=\"780487a\" data-element_type=\"widget\" data-e-type=\"widget\" data-settings=\"{&quot;youtube_url&quot;:&quot;https:\\\/\\\/youtu.be\\\/ISaheH5MpuI&quot;,&quot;video_type&quot;:&quot;youtube&quot;,&quot;controls&quot;:&quot;yes&quot;}\" data-widget_type=\"video.default\">\n\t\t\t\t\t\t\t<div class=\"elementor-wrapper elementor-open-inline\">\n\t\t\t<div class=\"elementor-video\"><\/div>\t\t<\/div>\n\t\t\t\t\t\t<\/div>\n\t\t\t\t<\/div>\n\t\t<div class=\"elementor-element elementor-element-de2fcbd e-con-full e-flex cut-corner-no sticky-container-off e-con e-child\" data-id=\"de2fcbd\" data-element_type=\"container\" data-e-type=\"container\">\n\t\t\t\t<div class=\"elementor-element elementor-element-aac9d15 elementor-widget elementor-widget-video\" data-id=\"aac9d15\" data-element_type=\"widget\" data-e-type=\"widget\" data-settings=\"{&quot;youtube_url&quot;:&quot;https:\\\/\\\/youtu.be\\\/I30aUY4BdLU&quot;,&quot;video_type&quot;:&quot;youtube&quot;,&quot;controls&quot;:&quot;yes&quot;}\" data-widget_type=\"video.default\">\n\t\t\t\t\t\t\t<div class=\"elementor-wrapper elementor-open-inline\">\n\t\t\t<div class=\"elementor-video\"><\/div>\t\t<\/div>\n\t\t\t\t\t\t<\/div>\n\t\t\t\t<\/div>\n\t\t\t\t\t<\/div>\n\t\t\t\t<\/div>\n\t\t\t\t<\/div>","protected":false},"excerpt":{"rendered":"<p>En esta galer\u00eda encontrar\u00e1s una selecci\u00f3n de im\u00e1genes que reflejan el trabajo t\u00e9cnico y operativo que desarrollamos en distintas regiones del pa\u00eds. Desde pruebas el\u00e9ctricas especializadas hasta intervenciones en estaciones, contenedores de generaci\u00f3n y sistemas fotovoltaicos, cada fotograf\u00eda muestra nuestro compromiso&#8230;<\/p>","protected":false},"author":2,"featured_media":0,"parent":0,"menu_order":0,"comment_status":"closed","ping_status":"closed","template":"","meta":{"content-type":"","_monsterinsights_skip_tracking":false,"_monsterinsights_sitenote_active":false,"_monsterinsights_sitenote_note":"","_monsterinsights_sitenote_category":0,"footnotes":""},"class_list":["post-94","page","type-page","status-publish","hentry"],"aioseo_notices":[],"_hostinger_reach_plugin_has_subscription_block":false,"_hostinger_reach_plugin_is_elementor":false,"_links":{"self":[{"href":"https:\/\/tecnomedida.com\/en\/wp-json\/wp\/v2\/pages\/94","targetHints":{"allow":["GET"]}}],"collection":[{"href":"https:\/\/tecnomedida.com\/en\/wp-json\/wp\/v2\/pages"}],"about":[{"href":"https:\/\/tecnomedida.com\/en\/wp-json\/wp\/v2\/types\/page"}],"author":[{"embeddable":true,"href":"https:\/\/tecnomedida.com\/en\/wp-json\/wp\/v2\/users\/2"}],"replies":[{"embeddable":true,"href":"https:\/\/tecnomedida.com\/en\/wp-json\/wp\/v2\/comments?post=94"}],"version-history":[{"count":41,"href":"https:\/\/tecnomedida.com\/en\/wp-json\/wp\/v2\/pages\/94\/revisions"}],"predecessor-version":[{"id":13314,"href":"https:\/\/tecnomedida.com\/en\/wp-json\/wp\/v2\/pages\/94\/revisions\/13314"}],"wp:attachment":[{"href":"https:\/\/tecnomedida.com\/en\/wp-json\/wp\/v2\/media?parent=94"}],"curies":[{"name":"wp","href":"https:\/\/api.w.org\/{rel}","templated":true}]}}