{"id":24,"date":"2026-01-27T18:24:36","date_gmt":"2026-01-27T18:24:36","guid":{"rendered":"https:\/\/tecnomedida.com\/?page_id=24"},"modified":"2026-01-27T18:30:33","modified_gmt":"2026-01-27T18:30:33","slug":"politica-sistema-integrado-de-gestion","status":"publish","type":"page","link":"https:\/\/tecnomedida.com\/en\/politica-sistema-integrado-de-gestion\/","title":{"rendered":"Integrated Management System Policy"},"content":{"rendered":"<p><b><strong>Bogot\u00e1, 26 de marzo de 2024\u00a0<\/strong><\/b><\/p>\n\n\n<div class=\"wp-block-title\">\n<h2 class=\"wp-block-heading\">Integrated Management System Policy<\/h2>\n<\/div>\n\n\n<p>TECNOMEDIDA S.A.S. es una empresa que presta servicios de pruebas el\u00e9ctricas de aceptaci\u00f3n y pruebas el\u00e9ctricas de mantenimiento a elementos, accesorios y equipos utilizados para el suministro de energ\u00eda el\u00e9ctrica tanto p\u00fablica como privada con el objetivo de identificar y satisfacer las necesidades de empresas e instituciones de una manera innovadora y brindando calidad en nuestro servicio.<\/p>\n\n\n\n<p>Contamos con personal multidisciplinario debidamente calificado y capacitado para las labores propiamente dichas, que con eficiencia, calidez, empat\u00eda, disciplina y honradez, colman las expectativas de nuestros clientes, integr\u00e1ndose con convicci\u00f3n y lealtad al grupo de la organizaci\u00f3n a la cual prestamos servicio<\/p>\n\n\n\n<p>Contamos con la infraestructura y tecnolog\u00eda adecuada para cumplir con nuestro compromiso de satisfacer las exigencias y requerimientos de nuestros clientes, brindando un servicio personalizado con altos est\u00e1ndares de calidad.<\/p>\n\n\n\n<p>TECNOMEDIDA est\u00e1 comprometida en alcanzar objetivos, y elabora planes que est\u00e9n orientados a la mejora continua de nuestros procesos, cuidado del medio ambiente e integra a sus proveedores en este prop\u00f3sito para mejorar la calidad del servicio, satisfacer a nuestros clientes, cumplir con todos los requisitos aplicables y elevar nuestro desempe\u00f1o para ser los mejores socios estrat\u00e9gicos de nuestros clientes.<\/p>\n\n\n\n<p>TECNOMEDIDA est\u00e1 comprometida con la seguridad y salud de todos sus colaboradores y contratistas a trav\u00e9s de la identificaci\u00f3n de peligros, valoraci\u00f3n de los riesgos y determinaci\u00f3n de los controles para evitar accidentes y enfermedades laborales, fomentando en nuestros colaboradores el desarrollo de una cultura preventiva basada en la capacitaci\u00f3n, comunicaci\u00f3n, la consulta y su participaci\u00f3n en el desarrollo de iniciativas orientadas al mejoramiento de un ambiente de trabajo seguro y saludable, asegurando as\u00ed la implementaci\u00f3n del SG-SST en todos los niveles de la empresa.<\/p>\n\n\n\n<p>Contamos con el compromiso de nuestros colaboradores para que se cumplan las normas y procedimientos de seguridad con el fin de realizar un trabajo seguro y productivo, y ante cualquier eventualidad, comunicar oportunamente todas aquellas condiciones que puedan generar consecuencias y contingencias para los colaboradores y la empresa.<\/p>\n\n\n\n<p>En Tecnomedida sabemos que nuestro planeta es el principal recurso que tenemos, por esta raz\u00f3n estamos comprometidos con el cuidado,&nbsp; conservaci\u00f3n y protecci\u00f3n del medio ambiente, buscando de esta manera la prevenci\u00f3n de la contaminaci\u00f3n, gestionando los aspectos ambientales y mitigando los impactos generados por nuestras actividades, tales como el consumo de energ\u00eda y generaci\u00f3n de residuos, a trav\u00e9s de la implementaci\u00f3n de pr\u00e1cticas ambientales adecuadas, programas de mitigaci\u00f3n de impactos y aprovechamiento de recursos.<\/p>\n\n\n\n<p><\/p>\n\n\n\n<figure class=\"wp-block-image size-full is-resized\"><img fetchpriority=\"high\" decoding=\"async\" width=\"318\" height=\"219\" src=\"https:\/\/tecnomedida.com\/wp-content\/uploads\/2026\/01\/unnamed-1.png\" alt=\"\" class=\"wp-image-11681\" style=\"width:254px;height:auto\" srcset=\"https:\/\/tecnomedida.com\/wp-content\/uploads\/2026\/01\/unnamed-1.png 318w, https:\/\/tecnomedida.com\/wp-content\/uploads\/2026\/01\/unnamed-1-18x12.png 18w\" sizes=\"(max-width: 318px) 100vw, 318px\" \/><\/figure>\n\n\n\n<p><strong>Marco Bonilla<\/strong><\/p>\n\n\n\n<p>Gerente General<\/p>\n\n\n\n<p>TECNOMEDIDA S.A.S.<\/p>","protected":false},"excerpt":{"rendered":"<p>Bogot\u00e1, 26 de marzo de 2024\u00a0 Pol\u00edtica Sistema Integrado de Gesti\u00f3n TECNOMEDIDA S.A.S. es una empresa que presta servicios de pruebas el\u00e9ctricas de aceptaci\u00f3n y pruebas el\u00e9ctricas de mantenimiento a elementos, accesorios y equipos utilizados para el suministro de energ\u00eda el\u00e9ctrica&#8230;<\/p>","protected":false},"author":1,"featured_media":0,"parent":0,"menu_order":0,"comment_status":"closed","ping_status":"closed","template":"","meta":{"content-type":"","_monsterinsights_skip_tracking":false,"_monsterinsights_sitenote_active":false,"_monsterinsights_sitenote_note":"","_monsterinsights_sitenote_category":0,"footnotes":""},"class_list":["post-24","page","type-page","status-publish","hentry"],"aioseo_notices":[],"_hostinger_reach_plugin_has_subscription_block":false,"_hostinger_reach_plugin_is_elementor":false,"_links":{"self":[{"href":"https:\/\/tecnomedida.com\/en\/wp-json\/wp\/v2\/pages\/24","targetHints":{"allow":["GET"]}}],"collection":[{"href":"https:\/\/tecnomedida.com\/en\/wp-json\/wp\/v2\/pages"}],"about":[{"href":"https:\/\/tecnomedida.com\/en\/wp-json\/wp\/v2\/types\/page"}],"author":[{"embeddable":true,"href":"https:\/\/tecnomedida.com\/en\/wp-json\/wp\/v2\/users\/1"}],"replies":[{"embeddable":true,"href":"https:\/\/tecnomedida.com\/en\/wp-json\/wp\/v2\/comments?post=24"}],"version-history":[{"count":3,"href":"https:\/\/tecnomedida.com\/en\/wp-json\/wp\/v2\/pages\/24\/revisions"}],"predecessor-version":[{"id":11682,"href":"https:\/\/tecnomedida.com\/en\/wp-json\/wp\/v2\/pages\/24\/revisions\/11682"}],"wp:attachment":[{"href":"https:\/\/tecnomedida.com\/en\/wp-json\/wp\/v2\/media?parent=24"}],"curies":[{"name":"wp","href":"https:\/\/api.w.org\/{rel}","templated":true}]}}