{"id":12779,"date":"2026-02-12T04:56:20","date_gmt":"2026-02-12T04:56:20","guid":{"rendered":"https:\/\/tecnomedida.com\/?page_id=12779"},"modified":"2026-02-21T19:23:47","modified_gmt":"2026-02-21T19:23:47","slug":"blog-tecnomedida","status":"publish","type":"page","link":"https:\/\/tecnomedida.com\/en\/servicios\/blog-tecnomedida\/","title":{"rendered":"Blog Tecnomedida"},"content":{"rendered":"<div data-elementor-type=\"wp-page\" data-elementor-id=\"12779\" class=\"elementor elementor-12779\">\n\t\t\t\t<div class=\"elementor-element elementor-element-8c866bc e-flex e-con-boxed cut-corner-no sticky-container-off e-con e-parent\" data-id=\"8c866bc\" data-element_type=\"container\" data-e-type=\"container\">\n\t\t\t\t\t<div class=\"e-con-inner\">\n\t\t<div class=\"elementor-element elementor-element-47a7122 e-con-full e-flex cut-corner-no sticky-container-off e-con e-child\" data-id=\"47a7122\" data-element_type=\"container\" data-e-type=\"container\">\n\t\t\t\t<div class=\"elementor-element elementor-element-391c512 elementor-widget elementor-widget-sidebar\" data-id=\"391c512\" data-element_type=\"widget\" data-e-type=\"widget\" data-widget_type=\"sidebar.default\">\n\t\t\t\t\t<aside class=\"elementor-sidebar\"><div id=\"block-45\" class=\"widget widget_block widget_search\"><div class=\"widget-wrapper\"><form role=\"search\" method=\"get\" action=\"https:\/\/tecnomedida.com\/en\/\" class=\"wp-block-search__button-inside wp-block-search__icon-button wp-block-search wp-block-search__with-title\" data-trp-original-action=\"https:\/\/tecnomedida.com\/en\/\"    ><div class=\"wp-block-search__inside-wrapper\"  style=\"border-radius: calc(10px + 4px)\"><span class=\"logico-label-wrapper\"><span class=\"logico-label-placeholder\"><span class=\"logico-label-placeholder-text\">Buscar...<\/span><\/span><label class=\"wp-block-search__label\" for=\"wp-block-search__input-1\">Buscar...<\/label><\/span><div class=\"logico-form-field\"><input class=\"\" id=\"wp-block-search__input-1\" placeholder=\"\" value=\"\" type=\"search\" name=\"s\" required style=\"border-radius: 10px\"\/><button aria-label=\"Search\" class=\"wp-block-search__button has-icon wp-element-button\" type=\"submit\"  style=\"border-radius: 10px\"><\/button><\/div><\/div><input type=\"hidden\" name=\"trp-form-language\" value=\"en\"\/><\/form><\/div><\/div><div id=\"block-47\" class=\"widget widget_block\"><div class=\"widget-wrapper\">\n<div class=\"wp-block-group is-content-justification-center is-layout-constrained wp-block-group-is-layout-constrained\">\n<div class=\"wp-block-cover has-custom-content-position is-position-center-left cut-corner\" style=\"border-radius:25px\"><img fetchpriority=\"high\" decoding=\"async\" width=\"1280\" height=\"1280\" class=\"wp-block-cover__image-background wp-image-2297\" alt=\"\" src=\"https:\/\/demo.artureanec.com\/themes\/logico-rounded\/wp-content\/uploads\/2024\/07\/blog-post-pic-8.jpg\" style=\"object-position:50% 50%\" data-object-fit=\"cover\" data-object-position=\"50% 50%\" srcset=\"https:\/\/tecnomedida.com\/wp-content\/uploads\/2024\/07\/blog-post-pic-8.jpg 1280w, https:\/\/tecnomedida.com\/wp-content\/uploads\/2024\/07\/blog-post-pic-8-300x300.jpg 300w, https:\/\/tecnomedida.com\/wp-content\/uploads\/2024\/07\/blog-post-pic-8-123x123.jpg 123w, https:\/\/tecnomedida.com\/wp-content\/uploads\/2024\/07\/blog-post-pic-8-600x600.jpg 600w, https:\/\/tecnomedida.com\/wp-content\/uploads\/2024\/07\/blog-post-pic-8-1024x1024.jpg 1024w, https:\/\/tecnomedida.com\/wp-content\/uploads\/2024\/07\/blog-post-pic-8-150x150.jpg 150w, https:\/\/tecnomedida.com\/wp-content\/uploads\/2024\/07\/blog-post-pic-8-480x480.jpg 480w, https:\/\/tecnomedida.com\/wp-content\/uploads\/2024\/07\/blog-post-pic-8-840x840.jpg 840w, https:\/\/tecnomedida.com\/wp-content\/uploads\/2024\/07\/blog-post-pic-8-1200x1200.jpg 1200w\" sizes=\"(max-width: 1280px) 100vw, 1280px\" \/><span aria-hidden=\"true\" class=\"wp-block-cover__background has-background-dim\" style=\"background-color:#111111\"><\/span><div class=\"wp-block-cover__inner-container is-layout-flow wp-block-cover-is-layout-flow\"><div class=\"wp-block-title\">\n<h5 class=\"wp-block-heading has-text-align-left has-white-color has-text-color has-link-color wp-elements-cd83832843292307dbab1c2ac521efcb\">\u00bfQuieres trabajar con nosotros?<\/h5>\n<\/div>\n\n\n<p><\/p>\n\n\n\n<div class=\"wp-block-buttons is-layout-flex wp-block-buttons-is-layout-flex\">\n<div class=\"wp-block-button is-style-outline is-style-outline--2\"><a class=\"wp-block-button__link wp-element-button\" href=\"https:\/\/tecnomedida.com\/en\/contacts\/\" style=\"border-radius:10px\">Cont\u00e1ctanos<\/a><\/div>\n<\/div>\n<\/div><\/div>\n<\/div>\n<\/div><\/div><\/aside>\t\t\t\t<\/div>\n\t\t\t\t<\/div>\n\t\t<div class=\"elementor-element elementor-element-4bdea92 e-con-full e-flex cut-corner-no sticky-container-off e-con e-child\" data-id=\"4bdea92\" data-element_type=\"container\" data-e-type=\"container\">\n\t\t\t\t<div class=\"elementor-element elementor-element-425e490 elementor-widget elementor-widget-logico_blog_listing\" data-id=\"425e490\" data-element_type=\"widget\" data-e-type=\"widget\" data-widget_type=\"logico_blog_listing.default\">\n\t\t\t\t<div class=\"elementor-widget-container\">\n\t\t\t\t\t\n        <div class=\"archive-listing\" data-ajax='{&quot;post_type&quot;:&quot;post&quot;,&quot;post_status&quot;:&quot;publish&quot;,&quot;posts_per_page&quot;:4,&quot;orderby&quot;:&quot;date&quot;,&quot;order&quot;:&quot;desc&quot;,&quot;paged&quot;:1,&quot;category_name&quot;:&quot;&quot;,&quot;tag&quot;:&quot;&quot;,&quot;post__in&quot;:&quot;&quot;,&quot;ignore_sticky_posts&quot;:false,&quot;link_base&quot;:&quot;https:\\\/\\\/tecnomedida.com\\\/en\\\/wp-json\\\/wp\\\/v2\\\/pages\\\/12779&quot;}' data-widget='{&quot;listing_type&quot;:&quot;classic&quot;,&quot;excerpt_length&quot;:408,&quot;show_cat&quot;:&quot;yes&quot;,&quot;show_media&quot;:&quot;yes&quot;,&quot;show_author&quot;:&quot;&quot;,&quot;show_date&quot;:&quot;&quot;,&quot;show_title&quot;:&quot;yes&quot;,&quot;show_tags&quot;:&quot;yes&quot;,&quot;show_excerpt&quot;:&quot;yes&quot;,&quot;show_read_more&quot;:&quot;yes&quot;,&quot;read_more_text&quot;:&quot;Leer m\\u00e1s&quot;,&quot;item_class&quot;:&quot;post classic-item classic-blog-item-wrapper&quot;,&quot;columns_number&quot;:1,&quot;show_pagination&quot;:&quot;yes&quot;}'>\n            <div class=\"archive-listing-wrapper classic-listing\">\n                \r\n<div class=\"standard-blog-item-wrapper post classic-item classic-blog-item-wrapper post-2325 type-post status-publish format-standard has-post-thumbnail hentry category-pruebas-y-diagnostico-electrico tag-mantenimiento-electrico-preventivo tag-pruebas-de-media-tension tag-pruebas-electricas-especializadas tag-pruebas-termograficas\">\r\n    <div class=\"blog-item\">\r\n        <div class=\"post-labels\"><div class=\"post-categories\"><a class=\"post-category-item\" href=\"https:\/\/tecnomedida.com\/en\/category\/pruebas-y-diagnostico-electrico\/\">Pruebas y Diagn\u00f3stico El\u00e9ctrico<\/a><\/div><\/div><div class=\"post-media-wrapper\"><div class=\"post-media\"><a href=\"https:\/\/tecnomedida.com\/en\/pruebas-y-diagnostico-electrico\/diagnostico-electrico-casos-deexito\/\"><picture><source media=\"(max-width: 480px)\" sizes=\"(max-width: 480px) 480px\" srcset=\"https:\/\/tecnomedida.com\/wp-content\/uploads\/2024\/07\/Parametrizacion-de-RelEs-de-Proteccion-480x480.webp 480w\"><source media=\"(max-width: 660px)\" sizes=\"(max-width: 660px) 660px\" srcset=\"https:\/\/tecnomedida.com\/wp-content\/uploads\/2024\/07\/Parametrizacion-de-RelEs-de-Proteccion-680x680.webp 660w\"><source media=\"(max-width: 840px)\" sizes=\"(max-width: 840px) 840px\" srcset=\"https:\/\/tecnomedida.com\/wp-content\/uploads\/2024\/07\/Parametrizacion-de-RelEs-de-Proteccion-840x701.webp 840w\"><img decoding=\"async\" alt=\"Parametrizacion-de-RelEs-de-Proteccion\" title=\"Parametrizacion-de-RelEs-de-Proteccion\" src=\"https:\/\/tecnomedida.com\/wp-content\/uploads\/2024\/07\/Parametrizacion-de-RelEs-de-Proteccion-995x467.webp\" class=\"attachment-post-thumbnail size-post-thumbnail wp-post-image\" \/><\/picture><\/a><\/div><\/div><h5 class=\"post-title\"><a href=\"https:\/\/tecnomedida.com\/en\/pruebas-y-diagnostico-electrico\/diagnostico-electrico-casos-deexito\/\">Diagn\u00f3stico El\u00e9ctrico de Alto Nivel: Casos de \u00c9xito en Colombia<\/a><\/h5><div class=\"post-content\">En Tecnomedida, seguimos consolidando nuestro compromiso con la excelencia t\u00e9cnica y la sostenibilidad energ\u00e9tica a trav\u00e9s de intervenciones especializadas que elevan la confiabilidad de los sistemas el\u00e9ctricos en todo el pa\u00eds. A continuaci\u00f3n, te compartimos algunos de nuestros proyectos m\u00e1s recientes,...<\/div><div class=\"post-meta-footer\"><div class=\"post-meta-item post-meta-item-tags\"><span class=\"post-tags-label\">Tags:<\/span><a href=\"https:\/\/tecnomedida.com\/en\/tag\/mantenimiento-electrico-preventivo\/\" rel=\"tag\">mantenimiento el\u00e9ctrico preventivo<\/a><a href=\"https:\/\/tecnomedida.com\/en\/tag\/pruebas-de-media-tension\/\" rel=\"tag\">pruebas de media tensi\u00f3n<\/a><a href=\"https:\/\/tecnomedida.com\/en\/tag\/pruebas-electricas-especializadas\/\" rel=\"tag\">pruebas el\u00e9ctricas especializadas<\/a><a href=\"https:\/\/tecnomedida.com\/en\/tag\/pruebas-termograficas\/\" rel=\"tag\">pruebas termogr\u00e1ficas<\/a><\/div><\/div><div class=\"post-more-button\"><a href=\"https:\/\/tecnomedida.com\/en\/pruebas-y-diagnostico-electrico\/diagnostico-electrico-casos-deexito\/\" class=\"logico-alter-button\">Leer m\u00e1s<\/a><\/div>    <\/div>\r\n<\/div>\r\n<div class=\"standard-blog-item-wrapper post classic-item classic-blog-item-wrapper post-2328 type-post status-publish format-standard has-post-thumbnail hentry category-estudios-y-mediciones tag-mantenimiento-electrico-preventivo tag-pruebas-electricas-especializadas tag-pruebas-en-media-tension tag-pruebas-ultrasonido tag-ultrasonido\">\r\n    <div class=\"blog-item\">\r\n        <div class=\"post-labels\"><div class=\"post-categories\"><a class=\"post-category-item\" href=\"https:\/\/tecnomedida.com\/en\/category\/estudios-y-mediciones\/\">Estudios y mediciones<\/a><\/div><\/div><div class=\"post-media-wrapper\"><div class=\"post-media\"><a href=\"https:\/\/tecnomedida.com\/en\/estudios-y-mediciones\/analisis-de-ultrasonido-en-mantenimiento-electrico\/\"><picture><source media=\"(max-width: 480px)\" sizes=\"(max-width: 480px) 480px\" srcset=\"https:\/\/tecnomedida.com\/wp-content\/uploads\/2024\/07\/WhatsApp-Image-2024-05-24-at-9.38.33-AM-480x480.webp 480w\"><source media=\"(max-width: 660px)\" sizes=\"(max-width: 660px) 660px\" srcset=\"https:\/\/tecnomedida.com\/wp-content\/uploads\/2024\/07\/WhatsApp-Image-2024-05-24-at-9.38.33-AM-680x680.webp 660w\"><source media=\"(max-width: 840px)\" sizes=\"(max-width: 840px) 840px\" srcset=\"https:\/\/tecnomedida.com\/wp-content\/uploads\/2024\/07\/WhatsApp-Image-2024-05-24-at-9.38.33-AM-840x840.webp 840w\"><img decoding=\"async\" alt=\"WhatsApp-Image-2024-05-24-at-9.38.33-AM\" title=\"WhatsApp-Image-2024-05-24-at-9.38.33-AM\" src=\"https:\/\/tecnomedida.com\/wp-content\/uploads\/2024\/07\/WhatsApp-Image-2024-05-24-at-9.38.33-AM-995x467.webp\" class=\"attachment-post-thumbnail size-post-thumbnail wp-post-image\" \/><\/picture><\/a><\/div><\/div><h5 class=\"post-title\"><a href=\"https:\/\/tecnomedida.com\/en\/estudios-y-mediciones\/analisis-de-ultrasonido-en-mantenimiento-electrico\/\">An\u00e1lisis de ultrasonido en mantenimiento el\u00e9ctrico<\/a><\/h5><div class=\"post-content\">En Tecnomedida, seguimos consolidando nuestro compromiso con la excelencia t\u00e9cnica y la sostenibilidad energ\u00e9tica a trav\u00e9s de intervenciones especializadas que elevan la confiabilidad de los sistemas el\u00e9ctricos en todo el pa\u00eds. A continuaci\u00f3n, te compartimos algunos de nuestros proyectos m\u00e1s recientes,...<\/div><div class=\"post-meta-footer\"><div class=\"post-meta-item post-meta-item-tags\"><span class=\"post-tags-label\">Tags:<\/span><a href=\"https:\/\/tecnomedida.com\/en\/tag\/mantenimiento-electrico-preventivo\/\" rel=\"tag\">mantenimiento el\u00e9ctrico preventivo<\/a><a href=\"https:\/\/tecnomedida.com\/en\/tag\/pruebas-electricas-especializadas\/\" rel=\"tag\">pruebas el\u00e9ctricas especializadas<\/a><a href=\"https:\/\/tecnomedida.com\/en\/tag\/pruebas-en-media-tension\/\" rel=\"tag\">pruebas en media tensi\u00f3n<\/a><a href=\"https:\/\/tecnomedida.com\/en\/tag\/pruebas-ultrasonido\/\" rel=\"tag\">pruebas ultrasonido<\/a><a href=\"https:\/\/tecnomedida.com\/en\/tag\/ultrasonido\/\" rel=\"tag\">ultrasonido<\/a><\/div><\/div><div class=\"post-more-button\"><a href=\"https:\/\/tecnomedida.com\/en\/estudios-y-mediciones\/analisis-de-ultrasonido-en-mantenimiento-electrico\/\" class=\"logico-alter-button\">Leer m\u00e1s<\/a><\/div>    <\/div>\r\n<\/div>            <\/div>\n\n            <div class=\"content-pagination\"><\/div>        <\/div>\n        \t\t\t\t<\/div>\n\t\t\t\t<\/div>\n\t\t\t\t<\/div>\n\t\t\t\t\t<\/div>\n\t\t\t\t<\/div>\n\t\t<div class=\"elementor-element elementor-element-1a31610 e-flex e-con-boxed cut-corner-no sticky-container-off e-con e-parent\" data-id=\"1a31610\" data-element_type=\"container\" data-e-type=\"container\">\n\t\t\t\t\t<div class=\"e-con-inner\">\n\t\t\t\t<div class=\"elementor-element elementor-element-6ec64fe elementor-widget elementor-widget-spacer\" data-id=\"6ec64fe\" data-element_type=\"widget\" data-e-type=\"widget\" data-widget_type=\"spacer.default\">\n\t\t\t\t\t\t\t<div class=\"elementor-spacer\">\n\t\t\t<div class=\"elementor-spacer-inner\"><\/div>\n\t\t<\/div>\n\t\t\t\t\t\t<\/div>\n\t\t\t\t\t<\/div>\n\t\t\t\t<\/div>\n\t\t\t\t<\/div>","protected":false},"excerpt":{"rendered":"","protected":false},"author":2,"featured_media":0,"parent":84,"menu_order":0,"comment_status":"closed","ping_status":"closed","template":"","meta":{"content-type":"","_monsterinsights_skip_tracking":false,"_monsterinsights_sitenote_active":false,"_monsterinsights_sitenote_note":"","_monsterinsights_sitenote_category":0,"footnotes":""},"class_list":["post-12779","page","type-page","status-publish","hentry"],"aioseo_notices":[],"_hostinger_reach_plugin_has_subscription_block":false,"_hostinger_reach_plugin_is_elementor":false,"_links":{"self":[{"href":"https:\/\/tecnomedida.com\/en\/wp-json\/wp\/v2\/pages\/12779","targetHints":{"allow":["GET"]}}],"collection":[{"href":"https:\/\/tecnomedida.com\/en\/wp-json\/wp\/v2\/pages"}],"about":[{"href":"https:\/\/tecnomedida.com\/en\/wp-json\/wp\/v2\/types\/page"}],"author":[{"embeddable":true,"href":"https:\/\/tecnomedida.com\/en\/wp-json\/wp\/v2\/users\/2"}],"replies":[{"embeddable":true,"href":"https:\/\/tecnomedida.com\/en\/wp-json\/wp\/v2\/comments?post=12779"}],"version-history":[{"count":19,"href":"https:\/\/tecnomedida.com\/en\/wp-json\/wp\/v2\/pages\/12779\/revisions"}],"predecessor-version":[{"id":13298,"href":"https:\/\/tecnomedida.com\/en\/wp-json\/wp\/v2\/pages\/12779\/revisions\/13298"}],"up":[{"embeddable":true,"href":"https:\/\/tecnomedida.com\/en\/wp-json\/wp\/v2\/pages\/84"}],"wp:attachment":[{"href":"https:\/\/tecnomedida.com\/en\/wp-json\/wp\/v2\/media?parent=12779"}],"curies":[{"name":"wp","href":"https:\/\/api.w.org\/{rel}","templated":true}]}}