{"id":12613,"date":"2026-02-12T01:07:04","date_gmt":"2026-02-12T01:07:04","guid":{"rendered":"https:\/\/tecnomedida.com\/?page_id=12613"},"modified":"2026-02-23T16:59:08","modified_gmt":"2026-02-23T16:59:08","slug":"pruebas-automatizacion-y-control","status":"publish","type":"page","link":"https:\/\/tecnomedida.com\/en\/servicios\/pruebas-electricas\/pruebas-automatizacion-y-control\/","title":{"rendered":"Automation and Control Testing"},"content":{"rendered":"<div data-elementor-type=\"wp-page\" data-elementor-id=\"12613\" class=\"elementor elementor-12613\">\n\t\t\t\t<div class=\"elementor-element elementor-element-34ec45f e-flex e-con-boxed cut-corner-no sticky-container-off e-con e-parent\" data-id=\"34ec45f\" data-element_type=\"container\" data-e-type=\"container\">\n\t\t\t\t\t<div class=\"e-con-inner\">\n\t\t<div class=\"elementor-element elementor-element-bb19727 e-con-full e-grid cut-corner-no sticky-container-off e-con e-child\" data-id=\"bb19727\" data-element_type=\"container\" data-e-type=\"container\">\n\t\t<div class=\"elementor-element elementor-element-f7b156f e-con-full e-flex cut-corner-no sticky-container-off e-con e-child\" data-id=\"f7b156f\" data-element_type=\"container\" data-e-type=\"container\">\n\t\t\t\t<div class=\"elementor-element elementor-element-4305f3d elementor-invisible elementor-widget elementor-widget-logico_heading\" data-id=\"4305f3d\" data-element_type=\"widget\" data-e-type=\"widget\" data-settings=\"{&quot;_animation&quot;:&quot;logico_heading_animation&quot;}\" data-widget_type=\"logico_heading.default\">\n\t\t\t\t<div class=\"elementor-widget-container\">\n\t\t\t\t\t<h3 class=\"logico-title\">Automation and Control Testing \u2014 Ensures Efficient Operation of Your Smart Systems\n<\/h3>\t\t\t\t<\/div>\n\t\t\t\t<\/div>\n\t\t\t\t<\/div>\n\t\t<div class=\"elementor-element elementor-element-4b23a00 e-con-full e-flex cut-corner-no sticky-container-off e-con e-child\" data-id=\"4b23a00\" data-element_type=\"container\" data-e-type=\"container\">\n\t\t\t\t<div class=\"elementor-element elementor-element-c7b1277 elementor-widget__width-initial elementor-widget elementor-widget-text-editor\" data-id=\"c7b1277\" data-element_type=\"widget\" data-e-type=\"widget\" data-widget_type=\"text-editor.default\">\n\t\t\t\t\t\t\t\t\t<p data-start=\"324\" data-end=\"717\">In industrial and critical infrastructure environments, automation and control systems are essential to ensuring that your processes operate safely, accurately, and efficiently. These systems coordinate everything from sensors and actuators to PLCs, SCADA, and communication networks, and their proper performance directly impacts productivity, safety, and operational continuity.<\/p><p data-start=\"719\" data-end=\"954\">Our Automation and Control Testing service is designed to comprehensively evaluate these systems, verifying their reliability, robustness, and functional compliance before, during, and after commissioning.<\/p>\t\t\t\t\t\t\t\t<\/div>\n\t\t\t\t<\/div>\n\t\t\t\t<\/div>\n\t\t\t\t\t<\/div>\n\t\t\t\t<\/div>\n\t\t<div class=\"elementor-element elementor-element-9a160fa e-flex e-con-boxed cut-corner-no sticky-container-off e-con e-parent\" data-id=\"9a160fa\" data-element_type=\"container\" data-e-type=\"container\">\n\t\t\t\t\t<div class=\"e-con-inner\">\n\t\t\t\t<div class=\"elementor-element elementor-element-383cf1a elementor-widget elementor-widget-logico_heading\" data-id=\"383cf1a\" data-element_type=\"widget\" data-e-type=\"widget\" data-widget_type=\"logico_heading.default\">\n\t\t\t\t<div class=\"elementor-widget-container\">\n\t\t\t\t\t<h2 class=\"logico-title\">PORTFOLIO Testing AUTOMATION AND CONTROL\n<\/h2>\t\t\t\t<\/div>\n\t\t\t\t<\/div>\n\t\t\t\t\t<\/div>\n\t\t\t\t<\/div>\n\t\t<div class=\"elementor-element elementor-element-e43e89d e-flex e-con-boxed cut-corner-no sticky-container-off e-con e-parent\" data-id=\"e43e89d\" data-element_type=\"container\" data-e-type=\"container\">\n\t\t\t\t\t<div class=\"e-con-inner\">\n\t\t<div class=\"elementor-element elementor-element-521dd71 e-con-full e-flex cut-corner-no sticky-container-off e-con e-child\" data-id=\"521dd71\" data-element_type=\"container\" data-e-type=\"container\">\n\t\t<div class=\"elementor-element elementor-element-8b2c563 e-con-full cut-corner-yes e-flex sticky-container-off e-con e-child\" data-id=\"8b2c563\" data-element_type=\"container\" data-e-type=\"container\" data-settings=\"{&quot;background_background&quot;:&quot;classic&quot;}\">\n\t\t\t\t<div class=\"elementor-element elementor-element-6810b59 elementor-widget elementor-widget-text-editor\" data-id=\"6810b59\" data-element_type=\"widget\" data-e-type=\"widget\" data-widget_type=\"text-editor.default\">\n\t\t\t\t\t\t\t\t\t<p>Configuration and Parameterization of Protection Relays<\/p>\t\t\t\t\t\t\t\t<\/div>\n\t\t\t\t<div class=\"elementor-element elementor-element-ff953a3 elementor-widget elementor-widget-text-editor\" data-id=\"ff953a3\" data-element_type=\"widget\" data-e-type=\"widget\" data-widget_type=\"text-editor.default\">\n\t\t\t\t\t\t\t\t\t<p>Ajustamos y configuramos rel\u00e9s de protecci\u00f3n para garantizar respuestas precisas ante fallas seg\u00fan criterios de sistema y normas aplicables.<\/p>\t\t\t\t\t\t\t\t<\/div>\n\t\t\t\t<\/div>\n\t\t\t\t<\/div>\n\t\t<div class=\"elementor-element elementor-element-d705206 e-con-full e-flex cut-corner-no sticky-container-off e-con e-child\" data-id=\"d705206\" data-element_type=\"container\" data-e-type=\"container\">\n\t\t<div class=\"elementor-element elementor-element-356893d e-con-full cut-corner-yes e-flex sticky-container-off e-con e-child\" data-id=\"356893d\" data-element_type=\"container\" data-e-type=\"container\" data-settings=\"{&quot;background_background&quot;:&quot;classic&quot;}\">\n\t\t\t\t<div class=\"elementor-element elementor-element-0fa8d75 elementor-widget elementor-widget-text-editor\" data-id=\"0fa8d75\" data-element_type=\"widget\" data-e-type=\"widget\" data-widget_type=\"text-editor.default\">\n\t\t\t\t\t\t\t\t\t<p>Verification of protection functions.<\/p>\t\t\t\t\t\t\t\t<\/div>\n\t\t\t\t<div class=\"elementor-element elementor-element-c26a83a elementor-widget elementor-widget-text-editor\" data-id=\"c26a83a\" data-element_type=\"widget\" data-e-type=\"widget\" data-widget_type=\"text-editor.default\">\n\t\t\t\t\t\t\t\t\t<p>Evaluamos que las funciones de disparo y l\u00f3gica de protecci\u00f3n operen correctamente ante eventos reales y simulados.<\/p>\t\t\t\t\t\t\t\t<\/div>\n\t\t\t\t<\/div>\n\t\t\t\t<\/div>\n\t\t<div class=\"elementor-element elementor-element-3f0ecfb e-con-full e-flex cut-corner-no sticky-container-off e-con e-child\" data-id=\"3f0ecfb\" data-element_type=\"container\" data-e-type=\"container\">\n\t\t<div class=\"elementor-element elementor-element-1b1aa60 e-con-full cut-corner-yes e-flex sticky-container-off e-con e-child\" data-id=\"1b1aa60\" data-element_type=\"container\" data-e-type=\"container\" data-settings=\"{&quot;background_background&quot;:&quot;classic&quot;}\">\n\t\t\t\t<div class=\"elementor-element elementor-element-7825ce5 elementor-widget elementor-widget-text-editor\" data-id=\"7825ce5\" data-element_type=\"widget\" data-e-type=\"widget\" data-widget_type=\"text-editor.default\">\n\t\t\t\t\t\t\t\t\t<p>SAT tests<\/p>\t\t\t\t\t\t\t\t<\/div>\n\t\t\t\t<div class=\"elementor-element elementor-element-01f5fcd elementor-widget elementor-widget-text-editor\" data-id=\"01f5fcd\" data-element_type=\"widget\" data-e-type=\"widget\" data-widget_type=\"text-editor.default\">\n\t\t\t\t\t\t\t\t\t<p>Realizamos pruebas en sitio para confirmar que los sistemas de control y protecci\u00f3n cumplen especificaciones antes de la entrega final.<\/p>\t\t\t\t\t\t\t\t<\/div>\n\t\t\t\t<\/div>\n\t\t\t\t<\/div>\n\t\t<div class=\"elementor-element elementor-element-42caf63 e-con-full e-flex cut-corner-no sticky-container-off e-con e-child\" data-id=\"42caf63\" data-element_type=\"container\" data-e-type=\"container\">\n\t\t<div class=\"elementor-element elementor-element-fab1c42 e-con-full cut-corner-yes e-flex sticky-container-off e-con e-child\" data-id=\"fab1c42\" data-element_type=\"container\" data-e-type=\"container\" data-settings=\"{&quot;background_background&quot;:&quot;classic&quot;}\">\n\t\t\t\t<div class=\"elementor-element elementor-element-6004bca elementor-widget elementor-widget-text-editor\" data-id=\"6004bca\" data-element_type=\"widget\" data-e-type=\"widget\" data-widget_type=\"text-editor.default\">\n\t\t\t\t\t\t\t\t\t<p>Commissioning and start-up tests<\/p>\t\t\t\t\t\t\t\t<\/div>\n\t\t\t\t<div class=\"elementor-element elementor-element-0354494 elementor-widget elementor-widget-text-editor\" data-id=\"0354494\" data-element_type=\"widget\" data-e-type=\"widget\" data-widget_type=\"text-editor.default\">\n\t\t\t\t\t\t\t\t\t<p>Verificamos integraci\u00f3n y funcionamiento de sistemas completos antes de iniciar operaci\u00f3n productiva, asegurando estabilidad y conformidad.<\/p>\t\t\t\t\t\t\t\t<\/div>\n\t\t\t\t<\/div>\n\t\t\t\t<\/div>\n\t\t\t\t\t<\/div>\n\t\t\t\t<\/div>\n\t\t<div class=\"elementor-element elementor-element-f224749 e-flex e-con-boxed cut-corner-no sticky-container-off e-con e-parent\" data-id=\"f224749\" data-element_type=\"container\" data-e-type=\"container\">\n\t\t\t\t\t<div class=\"e-con-inner\">\n\t\t<div class=\"elementor-element elementor-element-b63a41f e-con-full e-flex cut-corner-no sticky-container-off e-con e-child\" data-id=\"b63a41f\" data-element_type=\"container\" data-e-type=\"container\">\n\t\t<div class=\"elementor-element elementor-element-bbe33de e-con-full cut-corner-yes e-flex sticky-container-off e-con e-child\" data-id=\"bbe33de\" data-element_type=\"container\" data-e-type=\"container\" data-settings=\"{&quot;background_background&quot;:&quot;classic&quot;}\">\n\t\t\t\t<div class=\"elementor-element elementor-element-03e5f80 elementor-widget elementor-widget-text-editor\" data-id=\"03e5f80\" data-element_type=\"widget\" data-e-type=\"widget\" data-widget_type=\"text-editor.default\">\n\t\t\t\t\t\t\t\t\t<p>IED device testing according to IEC-61850<\/p>\t\t\t\t\t\t\t\t<\/div>\n\t\t\t\t<div class=\"elementor-element elementor-element-51fddaa elementor-widget elementor-widget-spacer\" data-id=\"51fddaa\" data-element_type=\"widget\" data-e-type=\"widget\" data-widget_type=\"spacer.default\">\n\t\t\t\t\t\t\t<div class=\"elementor-spacer\">\n\t\t\t<div class=\"elementor-spacer-inner\"><\/div>\n\t\t<\/div>\n\t\t\t\t\t\t<\/div>\n\t\t\t\t<div class=\"elementor-element elementor-element-8cbbc38 elementor-widget elementor-widget-text-editor\" data-id=\"8cbbc38\" data-element_type=\"widget\" data-e-type=\"widget\" data-widget_type=\"text-editor.default\">\n\t\t\t\t\t\t\t\t\t<p>Evaluamos comunicaci\u00f3n e interoperabilidad de IEDs conforme a la norma IEC-61850 para redes de automatizaci\u00f3n subestaciones en redes inteligentes.<\/p>\t\t\t\t\t\t\t\t<\/div>\n\t\t\t\t<\/div>\n\t\t\t\t<\/div>\n\t\t<div class=\"elementor-element elementor-element-15a159f e-con-full e-flex cut-corner-no sticky-container-off e-con e-child\" data-id=\"15a159f\" data-element_type=\"container\" data-e-type=\"container\">\n\t\t<div class=\"elementor-element elementor-element-be11409 e-con-full cut-corner-yes e-flex sticky-container-off e-con e-child\" data-id=\"be11409\" data-element_type=\"container\" data-e-type=\"container\" data-settings=\"{&quot;background_background&quot;:&quot;classic&quot;}\">\n\t\t\t\t<div class=\"elementor-element elementor-element-b4fb49d elementor-widget elementor-widget-text-editor\" data-id=\"b4fb49d\" data-element_type=\"widget\" data-e-type=\"widget\" data-widget_type=\"text-editor.default\">\n\t\t\t\t\t\t\t\t\t<p>End-to-end testing<\/p>\t\t\t\t\t\t\t\t<\/div>\n\t\t\t\t<div class=\"elementor-element elementor-element-701146e elementor-widget elementor-widget-spacer\" data-id=\"701146e\" data-element_type=\"widget\" data-e-type=\"widget\" data-widget_type=\"spacer.default\">\n\t\t\t\t\t\t\t<div class=\"elementor-spacer\">\n\t\t\t<div class=\"elementor-spacer-inner\"><\/div>\n\t\t<\/div>\n\t\t\t\t\t\t<\/div>\n\t\t\t\t<div class=\"elementor-element elementor-element-cdf4c1a elementor-widget elementor-widget-text-editor\" data-id=\"cdf4c1a\" data-element_type=\"widget\" data-e-type=\"widget\" data-widget_type=\"text-editor.default\">\n\t\t\t\t\t\t\t\t\t<p>Validamos los esquemas de protecci\u00f3n independientemente de los ajustes y el tipo de rel\u00e9s de protecci\u00f3n.<\/p>\t\t\t\t\t\t\t\t<\/div>\n\t\t\t\t<\/div>\n\t\t\t\t<\/div>\n\t\t<div class=\"elementor-element elementor-element-98c8164 e-con-full e-flex cut-corner-no sticky-container-off e-con e-child\" data-id=\"98c8164\" data-element_type=\"container\" data-e-type=\"container\">\n\t\t<div class=\"elementor-element elementor-element-01cd53a e-con-full cut-corner-yes e-flex sticky-container-off e-con e-child\" data-id=\"01cd53a\" data-element_type=\"container\" data-e-type=\"container\" data-settings=\"{&quot;background_background&quot;:&quot;classic&quot;}\">\n\t\t\t\t<div class=\"elementor-element elementor-element-db1ba70 elementor-widget elementor-widget-text-editor\" data-id=\"db1ba70\" data-element_type=\"widget\" data-e-type=\"widget\" data-widget_type=\"text-editor.default\">\n\t\t\t\t\t\t\t\t\t<p>Communications protocol<\/p>\t\t\t\t\t\t\t\t<\/div>\n\t\t\t\t<div class=\"elementor-element elementor-element-014e011 elementor-widget elementor-widget-spacer\" data-id=\"014e011\" data-element_type=\"widget\" data-e-type=\"widget\" data-widget_type=\"spacer.default\">\n\t\t\t\t\t\t\t<div class=\"elementor-spacer\">\n\t\t\t<div class=\"elementor-spacer-inner\"><\/div>\n\t\t<\/div>\n\t\t\t\t\t\t<\/div>\n\t\t\t\t<div class=\"elementor-element elementor-element-91f910c elementor-widget elementor-widget-text-editor\" data-id=\"91f910c\" data-element_type=\"widget\" data-e-type=\"widget\" data-widget_type=\"text-editor.default\">\n\t\t\t\t\t\t\t\t\t<p>Comprobamos integridad y desempe\u00f1o de protocolos industriales (Modbus, DNP3, IEC-61850, etc.) en redes de automatizaci\u00f3n y control con mensajer\u00eda goose.<\/p>\t\t\t\t\t\t\t\t<\/div>\n\t\t\t\t<\/div>\n\t\t\t\t<\/div>\n\t\t<div class=\"elementor-element elementor-element-2e30fdc e-con-full e-flex cut-corner-no sticky-container-off e-con e-child\" data-id=\"2e30fdc\" data-element_type=\"container\" data-e-type=\"container\">\n\t\t<div class=\"elementor-element elementor-element-c57e645 e-con-full cut-corner-yes e-flex sticky-container-off e-con e-child\" data-id=\"c57e645\" data-element_type=\"container\" data-e-type=\"container\" data-settings=\"{&quot;background_background&quot;:&quot;classic&quot;}\">\n\t\t\t\t<div class=\"elementor-element elementor-element-fd91f44 elementor-widget elementor-widget-text-editor\" data-id=\"fd91f44\" data-element_type=\"widget\" data-e-type=\"widget\" data-widget_type=\"text-editor.default\">\n\t\t\t\t\t\t\t\t\t<p>Verificaci\u00f3n de sistemas de protecci\u00f3n y comunicaciones bajo simulaci\u00f3n de Relay Simtest<\/p>\t\t\t\t\t\t\t\t<\/div>\n\t\t\t\t<div class=\"elementor-element elementor-element-7d3858e elementor-widget elementor-widget-text-editor\" data-id=\"7d3858e\" data-element_type=\"widget\" data-e-type=\"widget\" data-widget_type=\"text-editor.default\">\n\t\t\t\t\t\t\t\t\t<p>Simulamos fallas con Relay Simtest para validar coordinaci\u00f3n de protecciones y comunicaciones en condiciones reales de operaci\u00f3n.<\/p>\t\t\t\t\t\t\t\t<\/div>\n\t\t\t\t<\/div>\n\t\t\t\t<\/div>\n\t\t\t\t\t<\/div>\n\t\t\t\t<\/div>\n\t\t<div class=\"elementor-element elementor-element-ab5ee6b e-flex e-con-boxed cut-corner-no sticky-container-off e-con e-parent\" data-id=\"ab5ee6b\" data-element_type=\"container\" data-e-type=\"container\">\n\t\t\t\t\t<div class=\"e-con-inner\">\n\t\t<div class=\"elementor-element elementor-element-9846f5f e-con-full e-flex cut-corner-no sticky-container-off e-con e-child\" data-id=\"9846f5f\" data-element_type=\"container\" data-e-type=\"container\">\n\t\t<div class=\"elementor-element elementor-element-da4f6c6 e-con-full e-flex cut-corner-no sticky-container-off e-con e-child\" data-id=\"da4f6c6\" data-element_type=\"container\" data-e-type=\"container\" data-settings=\"{&quot;background_background&quot;:&quot;classic&quot;}\">\n\t\t\t\t<div class=\"elementor-element elementor-element-8630be8 elementor-widget-divider--view-line elementor-widget elementor-widget-divider\" data-id=\"8630be8\" data-element_type=\"widget\" data-e-type=\"widget\" data-widget_type=\"divider.default\">\n\t\t\t\t\t\t\t<div class=\"elementor-divider\">\n\t\t\t<span class=\"elementor-divider-separator\">\n\t\t\t\t\t\t<\/span>\n\t\t<\/div>\n\t\t\t\t\t\t<\/div>\n\t\t\t\t<div class=\"elementor-element elementor-element-f3f3839 elementor-widget__width-initial elementor-widget elementor-widget-logico_heading\" data-id=\"f3f3839\" data-element_type=\"widget\" data-e-type=\"widget\" data-widget_type=\"logico_heading.default\">\n\t\t\t\t<div class=\"elementor-widget-container\">\n\t\t\t\t\t<h5 class=\"logico-title\">Do you require a special service that is not listed here?\n<\/h5>\t\t\t\t<\/div>\n\t\t\t\t<\/div>\n\t\t\t\t<div class=\"elementor-element elementor-element-5d38366 elementor-widget elementor-widget-logico_button\" data-id=\"5d38366\" data-element_type=\"widget\" data-e-type=\"widget\" data-widget_type=\"logico_button.default\">\n\t\t\t\t<div class=\"elementor-widget-container\">\n\t\t\t\t\t\n        <div class=\"button-widget\">\n            <div class=\"button-container\">\n                <a href=\"https:\/\/tecnomedida.com\/en\/contacts\/\" target=\"_blank\" class=\"logico-small-button\">\n                    Contact us<svg viewbox=\"0 0 13 20\"><polyline points=\"0.5 19.5 3 19.5 12.5 10 3 0.5\"><\/polyline><\/svg>                <\/a>\n            <\/div>\n        <\/div>\n        \t\t\t\t<\/div>\n\t\t\t\t<\/div>\n\t\t\t\t<\/div>\n\t\t\t\t<\/div>\n\t\t\t\t\t<\/div>\n\t\t\t\t<\/div>\n\t\t<div class=\"elementor-element elementor-element-a3299ac e-flex e-con-boxed cut-corner-no sticky-container-off e-con e-parent\" data-id=\"a3299ac\" data-element_type=\"container\" data-e-type=\"container\">\n\t\t\t\t\t<div class=\"e-con-inner\">\n\t\t\t\t\t<\/div>\n\t\t\t\t<\/div>\n\t\t\t\t<\/div>","protected":false},"excerpt":{"rendered":"<p>En entornos industriales y de infraestructura cr\u00edtica, los sistemas de automatizaci\u00f3n y control son fundamentales para asegurar que tus procesos operen de forma segura, precisa y eficiente. Estos sistemas coordinan desde sensores y actuadores hasta PLC, SCADA y redes de comunicaci\u00f3n,&#8230;<\/p>","protected":false},"author":2,"featured_media":0,"parent":11117,"menu_order":0,"comment_status":"closed","ping_status":"closed","template":"","meta":{"content-type":"","_monsterinsights_skip_tracking":false,"_monsterinsights_sitenote_active":false,"_monsterinsights_sitenote_note":"","_monsterinsights_sitenote_category":0,"footnotes":""},"class_list":["post-12613","page","type-page","status-publish","hentry"],"aioseo_notices":[],"_hostinger_reach_plugin_has_subscription_block":false,"_hostinger_reach_plugin_is_elementor":false,"_links":{"self":[{"href":"https:\/\/tecnomedida.com\/en\/wp-json\/wp\/v2\/pages\/12613","targetHints":{"allow":["GET"]}}],"collection":[{"href":"https:\/\/tecnomedida.com\/en\/wp-json\/wp\/v2\/pages"}],"about":[{"href":"https:\/\/tecnomedida.com\/en\/wp-json\/wp\/v2\/types\/page"}],"author":[{"embeddable":true,"href":"https:\/\/tecnomedida.com\/en\/wp-json\/wp\/v2\/users\/2"}],"replies":[{"embeddable":true,"href":"https:\/\/tecnomedida.com\/en\/wp-json\/wp\/v2\/comments?post=12613"}],"version-history":[{"count":79,"href":"https:\/\/tecnomedida.com\/en\/wp-json\/wp\/v2\/pages\/12613\/revisions"}],"predecessor-version":[{"id":13418,"href":"https:\/\/tecnomedida.com\/en\/wp-json\/wp\/v2\/pages\/12613\/revisions\/13418"}],"up":[{"embeddable":true,"href":"https:\/\/tecnomedida.com\/en\/wp-json\/wp\/v2\/pages\/11117"}],"wp:attachment":[{"href":"https:\/\/tecnomedida.com\/en\/wp-json\/wp\/v2\/media?parent=12613"}],"curies":[{"name":"wp","href":"https:\/\/api.w.org\/{rel}","templated":true}]}}