{"id":12612,"date":"2026-02-12T01:06:51","date_gmt":"2026-02-12T01:06:51","guid":{"rendered":"https:\/\/tecnomedida.com\/?page_id=12612"},"modified":"2026-02-17T15:19:36","modified_gmt":"2026-02-17T15:19:36","slug":"pruebas-cables-de-potencia","status":"publish","type":"page","link":"https:\/\/tecnomedida.com\/en\/servicios\/pruebas-electricas\/pruebas-cables-de-potencia\/","title":{"rendered":"Pruebas Cables de media y alta tensi\u00f3n"},"content":{"rendered":"<div data-elementor-type=\"wp-page\" data-elementor-id=\"12612\" class=\"elementor elementor-12612\">\n\t\t\t\t<div class=\"elementor-element elementor-element-34ec45f e-flex e-con-boxed cut-corner-no sticky-container-off e-con e-parent\" data-id=\"34ec45f\" data-element_type=\"container\" data-e-type=\"container\">\n\t\t\t\t\t<div class=\"e-con-inner\">\n\t\t<div class=\"elementor-element elementor-element-bb19727 e-con-full e-grid cut-corner-no sticky-container-off e-con e-child\" data-id=\"bb19727\" data-element_type=\"container\" data-e-type=\"container\">\n\t\t<div class=\"elementor-element elementor-element-f7b156f e-con-full e-flex cut-corner-no sticky-container-off e-con e-child\" data-id=\"f7b156f\" data-element_type=\"container\" data-e-type=\"container\">\n\t\t\t\t<div class=\"elementor-element elementor-element-4305f3d elementor-invisible elementor-widget elementor-widget-logico_heading\" data-id=\"4305f3d\" data-element_type=\"widget\" data-e-type=\"widget\" data-settings=\"{&quot;_animation&quot;:&quot;logico_heading_animation&quot;}\" data-widget_type=\"logico_heading.default\">\n\t\t\t\t<div class=\"elementor-widget-container\">\n\t\t\t\t\t<h3 class=\"logico-title\">Electrical Testing of Power Cables \u2014 Reliability and Safety in Energy Transmission\n<\/h3>\t\t\t\t<\/div>\n\t\t\t\t<\/div>\n\t\t\t\t<\/div>\n\t\t<div class=\"elementor-element elementor-element-4b23a00 e-con-full e-flex cut-corner-no sticky-container-off e-con e-child\" data-id=\"4b23a00\" data-element_type=\"container\" data-e-type=\"container\">\n\t\t\t\t<div class=\"elementor-element elementor-element-c7b1277 elementor-widget__width-initial elementor-widget elementor-widget-text-editor\" data-id=\"c7b1277\" data-element_type=\"widget\" data-e-type=\"widget\" data-widget_type=\"text-editor.default\">\n\t\t\t\t\t\t\t\t\t<p data-start=\"287\" data-end=\"665\">Power cables are critical components in any electrical system. Their function is to transport energy from substations, generators, or main panels to loads or distribution centers. When a cable fails, the consequences can include service interruptions, equipment damage, safety risks, and high operating costs.<\/p><p data-start=\"667\" data-end=\"938\">Nuestro servicio de Pruebas El\u00e9ctricas\u00a0 est\u00e1 dise\u00f1ado para evaluar la integridad, rendimiento y seguridad de los cables, identificando fallas ocultas, defectos de instalaci\u00f3n y degradaci\u00f3n del aislamiento antes de que causen problemas mayores.<\/p>\t\t\t\t\t\t\t\t<\/div>\n\t\t\t\t<\/div>\n\t\t\t\t<\/div>\n\t\t\t\t\t<\/div>\n\t\t\t\t<\/div>\n\t\t<div class=\"elementor-element elementor-element-3d26f1f e-flex e-con-boxed cut-corner-no sticky-container-off e-con e-parent\" data-id=\"3d26f1f\" data-element_type=\"container\" data-e-type=\"container\">\n\t\t\t\t\t<div class=\"e-con-inner\">\n\t\t\t\t<div class=\"elementor-element elementor-element-aa0c975 elementor-widget elementor-widget-logico_heading\" data-id=\"aa0c975\" data-element_type=\"widget\" data-e-type=\"widget\" data-widget_type=\"logico_heading.default\">\n\t\t\t\t<div class=\"elementor-widget-container\">\n\t\t\t\t\t<h2 class=\"logico-title\">Power cable testing\n<\/h2>\t\t\t\t<\/div>\n\t\t\t\t<\/div>\n\t\t\t\t\t<\/div>\n\t\t\t\t<\/div>\n\t\t<div class=\"elementor-element elementor-element-d88d4f2 e-flex e-con-boxed cut-corner-no sticky-container-off e-con e-parent\" data-id=\"d88d4f2\" data-element_type=\"container\" data-e-type=\"container\">\n\t\t\t\t\t<div class=\"e-con-inner\">\n\t\t<div class=\"elementor-element elementor-element-26687c9 e-con-full e-flex cut-corner-no sticky-container-off e-con e-child\" data-id=\"26687c9\" data-element_type=\"container\" data-e-type=\"container\">\n\t\t<div class=\"elementor-element elementor-element-baf007c e-con-full cut-corner-yes e-flex sticky-container-off e-con e-child\" data-id=\"baf007c\" data-element_type=\"container\" data-e-type=\"container\" data-settings=\"{&quot;background_background&quot;:&quot;classic&quot;}\">\n\t\t\t\t<div class=\"elementor-element elementor-element-67c714a elementor-widget elementor-widget-text-editor\" data-id=\"67c714a\" data-element_type=\"widget\" data-e-type=\"widget\" data-widget_type=\"text-editor.default\">\n\t\t\t\t\t\t\t\t\t<p>Pruebas VLF. Estandar IEEE 400.2<\/p>\t\t\t\t\t\t\t\t<\/div>\n\t\t\t\t<div class=\"elementor-element elementor-element-1a98869 elementor-widget elementor-widget-text-editor\" data-id=\"1a98869\" data-element_type=\"widget\" data-e-type=\"widget\" data-widget_type=\"text-editor.default\">\n\t\t\t\t\t\t\t\t\t<p>Realizamos pruebas de Very Low Frequency (VLF) para evaluar la condici\u00f3n de los cables de potencia.<\/p>\t\t\t\t\t\t\t\t<\/div>\n\t\t\t\t<\/div>\n\t\t\t\t<\/div>\n\t\t<div class=\"elementor-element elementor-element-3c780bf e-con-full e-flex cut-corner-no sticky-container-off e-con e-child\" data-id=\"3c780bf\" data-element_type=\"container\" data-e-type=\"container\">\n\t\t<div class=\"elementor-element elementor-element-8ff5d34 e-con-full cut-corner-yes e-flex sticky-container-off e-con e-child\" data-id=\"8ff5d34\" data-element_type=\"container\" data-e-type=\"container\" data-settings=\"{&quot;background_background&quot;:&quot;classic&quot;}\">\n\t\t\t\t<div class=\"elementor-element elementor-element-4677525 elementor-widget elementor-widget-text-editor\" data-id=\"4677525\" data-element_type=\"widget\" data-e-type=\"widget\" data-widget_type=\"text-editor.default\">\n\t\t\t\t\t\t\t\t\t<p>Delta tangent tests<\/p>\t\t\t\t\t\t\t\t<\/div>\n\t\t\t\t<div class=\"elementor-element elementor-element-b819960 elementor-widget elementor-widget-text-editor\" data-id=\"b819960\" data-element_type=\"widget\" data-e-type=\"widget\" data-widget_type=\"text-editor.default\">\n\t\t\t\t\t\t\t\t\t<p>Eval\u00faa p\u00e9rdidas diel\u00e9ctricas del aislamiento del cable para identificar degradaci\u00f3n, humedad o envejecimiento prematuro del medio aislante.<\/p>\t\t\t\t\t\t\t\t<\/div>\n\t\t\t\t<\/div>\n\t\t\t\t<\/div>\n\t\t<div class=\"elementor-element elementor-element-ae713e2 e-con-full e-flex cut-corner-no sticky-container-off e-con e-child\" data-id=\"ae713e2\" data-element_type=\"container\" data-e-type=\"container\">\n\t\t<div class=\"elementor-element elementor-element-6c61607 e-con-full cut-corner-yes e-flex sticky-container-off e-con e-child\" data-id=\"6c61607\" data-element_type=\"container\" data-e-type=\"container\" data-settings=\"{&quot;background_background&quot;:&quot;classic&quot;}\">\n\t\t\t\t<div class=\"elementor-element elementor-element-d6b8d60 elementor-widget elementor-widget-text-editor\" data-id=\"d6b8d60\" data-element_type=\"widget\" data-e-type=\"widget\" data-widget_type=\"text-editor.default\">\n\t\t\t\t\t\t\t\t\t<p>Partial discharge (PD) testing<\/p>\t\t\t\t\t\t\t\t<\/div>\n\t\t\t\t<div class=\"elementor-element elementor-element-31d71f8 elementor-widget elementor-widget-text-editor\" data-id=\"31d71f8\" data-element_type=\"widget\" data-e-type=\"widget\" data-widget_type=\"text-editor.default\">\n\t\t\t\t\t\t\t\t\t<p>Permite detectar defectos internos en el aislamiento de cables de media y alta tensi\u00f3n antes de que se conviertan en fallas cr\u00edticas.<\/p>\t\t\t\t\t\t\t\t<\/div>\n\t\t\t\t<\/div>\n\t\t\t\t<\/div>\n\t\t<div class=\"elementor-element elementor-element-9a3fbd2 e-con-full e-flex cut-corner-no sticky-container-off e-con e-child\" data-id=\"9a3fbd2\" data-element_type=\"container\" data-e-type=\"container\">\n\t\t<div class=\"elementor-element elementor-element-05234f2 e-con-full cut-corner-yes e-flex sticky-container-off e-con e-child\" data-id=\"05234f2\" data-element_type=\"container\" data-e-type=\"container\" data-settings=\"{&quot;background_background&quot;:&quot;classic&quot;}\">\n\t\t\t\t<div class=\"elementor-element elementor-element-89bda5b elementor-widget elementor-widget-text-editor\" data-id=\"89bda5b\" data-element_type=\"widget\" data-e-type=\"widget\" data-widget_type=\"text-editor.default\">\n\t\t\t\t\t\t\t\t\t<p>Reflectometry<\/p>\t\t\t\t\t\t\t\t<\/div>\n\t\t\t\t<div class=\"elementor-element elementor-element-5bf01c1 elementor-widget elementor-widget-text-editor\" data-id=\"5bf01c1\" data-element_type=\"widget\" data-e-type=\"widget\" data-widget_type=\"text-editor.default\">\n\t\t\t\t\t\t\t\t\t<p>Detecta y ubica discontinuidades, fallas y da\u00f1os en cables mediante se\u00f1ales reflectivas para diagn\u00f3stico preciso de fallas en tramos de potencia.<\/p>\t\t\t\t\t\t\t\t<\/div>\n\t\t\t\t<\/div>\n\t\t\t\t<\/div>\n\t\t\t\t\t<\/div>\n\t\t\t\t<\/div>\n\t\t<div class=\"elementor-element elementor-element-ab5ee6b e-flex e-con-boxed cut-corner-no sticky-container-off e-con e-parent\" data-id=\"ab5ee6b\" data-element_type=\"container\" data-e-type=\"container\">\n\t\t\t\t\t<div class=\"e-con-inner\">\n\t\t<div class=\"elementor-element elementor-element-9846f5f e-con-full e-flex cut-corner-no sticky-container-off e-con e-child\" data-id=\"9846f5f\" data-element_type=\"container\" data-e-type=\"container\">\n\t\t<div class=\"elementor-element elementor-element-da4f6c6 e-con-full e-flex cut-corner-no sticky-container-off e-con e-child\" data-id=\"da4f6c6\" data-element_type=\"container\" data-e-type=\"container\" data-settings=\"{&quot;background_background&quot;:&quot;classic&quot;}\">\n\t\t\t\t<div class=\"elementor-element elementor-element-8630be8 elementor-widget-divider--view-line elementor-widget elementor-widget-divider\" data-id=\"8630be8\" data-element_type=\"widget\" data-e-type=\"widget\" data-widget_type=\"divider.default\">\n\t\t\t\t\t\t\t<div class=\"elementor-divider\">\n\t\t\t<span class=\"elementor-divider-separator\">\n\t\t\t\t\t\t<\/span>\n\t\t<\/div>\n\t\t\t\t\t\t<\/div>\n\t\t\t\t<div class=\"elementor-element elementor-element-f3f3839 elementor-widget__width-initial elementor-widget elementor-widget-logico_heading\" data-id=\"f3f3839\" data-element_type=\"widget\" data-e-type=\"widget\" data-widget_type=\"logico_heading.default\">\n\t\t\t\t<div class=\"elementor-widget-container\">\n\t\t\t\t\t<h5 class=\"logico-title\">Do you require a special service that is not listed here?\n<\/h5>\t\t\t\t<\/div>\n\t\t\t\t<\/div>\n\t\t\t\t<div class=\"elementor-element elementor-element-5d38366 elementor-widget elementor-widget-logico_button\" data-id=\"5d38366\" data-element_type=\"widget\" data-e-type=\"widget\" data-widget_type=\"logico_button.default\">\n\t\t\t\t<div class=\"elementor-widget-container\">\n\t\t\t\t\t\n        <div class=\"button-widget\">\n            <div class=\"button-container\">\n                <a href=\"https:\/\/tecnomedida.com\/en\/contacts\/\" target=\"_blank\" class=\"logico-small-button\">\n                    Contact us<svg viewbox=\"0 0 13 20\"><polyline points=\"0.5 19.5 3 19.5 12.5 10 3 0.5\"><\/polyline><\/svg>                <\/a>\n            <\/div>\n        <\/div>\n        \t\t\t\t<\/div>\n\t\t\t\t<\/div>\n\t\t\t\t<\/div>\n\t\t\t\t<\/div>\n\t\t\t\t\t<\/div>\n\t\t\t\t<\/div>\n\t\t\t\t<\/div>","protected":false},"excerpt":{"rendered":"<p>Los cables de potencia son componentes cr\u00edticos en cualquier sistema el\u00e9ctrico. Su funci\u00f3n es transportar energ\u00eda desde subestaciones, generadores o tableros principales hasta las cargas o centros de distribuci\u00f3n. Cuando un cable falla, las consecuencias pueden ser interrupciones de servicio, da\u00f1os&#8230;<\/p>","protected":false},"author":2,"featured_media":0,"parent":11117,"menu_order":0,"comment_status":"closed","ping_status":"closed","template":"","meta":{"content-type":"","_monsterinsights_skip_tracking":false,"_monsterinsights_sitenote_active":false,"_monsterinsights_sitenote_note":"","_monsterinsights_sitenote_category":0,"footnotes":""},"class_list":["post-12612","page","type-page","status-publish","hentry"],"aioseo_notices":[],"_hostinger_reach_plugin_has_subscription_block":false,"_hostinger_reach_plugin_is_elementor":false,"_links":{"self":[{"href":"https:\/\/tecnomedida.com\/en\/wp-json\/wp\/v2\/pages\/12612","targetHints":{"allow":["GET"]}}],"collection":[{"href":"https:\/\/tecnomedida.com\/en\/wp-json\/wp\/v2\/pages"}],"about":[{"href":"https:\/\/tecnomedida.com\/en\/wp-json\/wp\/v2\/types\/page"}],"author":[{"embeddable":true,"href":"https:\/\/tecnomedida.com\/en\/wp-json\/wp\/v2\/users\/2"}],"replies":[{"embeddable":true,"href":"https:\/\/tecnomedida.com\/en\/wp-json\/wp\/v2\/comments?post=12612"}],"version-history":[{"count":29,"href":"https:\/\/tecnomedida.com\/en\/wp-json\/wp\/v2\/pages\/12612\/revisions"}],"predecessor-version":[{"id":13038,"href":"https:\/\/tecnomedida.com\/en\/wp-json\/wp\/v2\/pages\/12612\/revisions\/13038"}],"up":[{"embeddable":true,"href":"https:\/\/tecnomedida.com\/en\/wp-json\/wp\/v2\/pages\/11117"}],"wp:attachment":[{"href":"https:\/\/tecnomedida.com\/en\/wp-json\/wp\/v2\/media?parent=12612"}],"curies":[{"name":"wp","href":"https:\/\/api.w.org\/{rel}","templated":true}]}}