{"id":12611,"date":"2026-02-12T00:57:05","date_gmt":"2026-02-12T00:57:05","guid":{"rendered":"https:\/\/tecnomedida.com\/?page_id=12611"},"modified":"2026-02-23T14:57:23","modified_gmt":"2026-02-23T14:57:23","slug":"pruebas-equipos-primarios","status":"publish","type":"page","link":"https:\/\/tecnomedida.com\/en\/servicios\/pruebas-electricas\/pruebas-equipos-primarios\/","title":{"rendered":"Primary Equipment Testing"},"content":{"rendered":"<div data-elementor-type=\"wp-page\" data-elementor-id=\"12611\" class=\"elementor elementor-12611\">\n\t\t\t\t<div class=\"elementor-element elementor-element-9afab66 e-flex e-con-boxed cut-corner-no sticky-container-off e-con e-parent\" data-id=\"9afab66\" data-element_type=\"container\" data-e-type=\"container\">\n\t\t\t\t\t<div class=\"e-con-inner\">\n\t\t<div class=\"elementor-element elementor-element-ca4a9a2 e-con-full e-flex cut-corner-no sticky-container-off e-con e-child\" data-id=\"ca4a9a2\" data-element_type=\"container\" data-e-type=\"container\">\n\t\t\t\t<div class=\"elementor-element elementor-element-f567cb0 elementor-widget elementor-widget-logico_heading\" data-id=\"f567cb0\" data-element_type=\"widget\" data-e-type=\"widget\" data-widget_type=\"logico_heading.default\">\n\t\t\t\t<div class=\"elementor-widget-container\">\n\t\t\t\t\t<h2 class=\"logico-title\">Electrical Testing of Primary Equipment \u2014 Guaranteeing Reliability and Operational Safety\n<\/h2>\t\t\t\t<\/div>\n\t\t\t\t<\/div>\n\t\t\t\t<\/div>\n\t\t<div class=\"elementor-element elementor-element-996d415 e-con-full e-flex cut-corner-no sticky-container-off e-con e-child\" data-id=\"996d415\" data-element_type=\"container\" data-e-type=\"container\">\n\t\t\t\t<div class=\"elementor-element elementor-element-e34e5e1 elementor-widget elementor-widget-text-editor\" data-id=\"e34e5e1\" data-element_type=\"widget\" data-e-type=\"widget\" data-widget_type=\"text-editor.default\">\n\t\t\t\t\t\t\t\t\t<p data-start=\"343\" data-end=\"806\">In industrial and power generation\/distribution environments, the <strong data-start=\"412\" data-end=\"433\">primary equipment<\/strong> are the heart of the power infrastructure. These include elements such as <strong data-start=\"514\" data-end=\"663\">power transformers, high-voltage switches, current and potential transformers, disconnectors, lightning arresters, among others<\/strong>, whose integrity and optimal functioning are essential for service continuity and security.<\/p><p data-start=\"808\" data-end=\"1275\">Our service <strong data-start=\"828\" data-end=\"870\">Electrical Testing of Primary Equipment<\/strong> is designed to validate the performance, reliability, and compliance of this equipment under actual operating conditions. Through precise measurements, standardized methods, and specialized technicians, we identify potential failures, degradations, and out-of-specification conditions before they become problems that affect operation.<\/p>\t\t\t\t\t\t\t\t<\/div>\n\t\t\t\t<\/div>\n\t\t\t\t\t<\/div>\n\t\t\t\t<\/div>\n\t\t<div class=\"elementor-element elementor-element-9a160fa e-flex e-con-boxed cut-corner-no sticky-container-off e-con e-parent\" data-id=\"9a160fa\" data-element_type=\"container\" data-e-type=\"container\">\n\t\t\t\t\t<div class=\"e-con-inner\">\n\t\t\t\t<div class=\"elementor-element elementor-element-383cf1a elementor-widget elementor-widget-logico_heading\" data-id=\"383cf1a\" data-element_type=\"widget\" data-e-type=\"widget\" data-widget_type=\"logico_heading.default\">\n\t\t\t\t<div class=\"elementor-widget-container\">\n\t\t\t\t\t<h2 class=\"logico-title\">Primary equipment test portfolio\n<\/h2>\t\t\t\t<\/div>\n\t\t\t\t<\/div>\n\t\t\t\t\t<\/div>\n\t\t\t\t<\/div>\n\t\t<div class=\"elementor-element elementor-element-24556af e-flex e-con-boxed cut-corner-no sticky-container-off e-con e-parent\" data-id=\"24556af\" data-element_type=\"container\" data-e-type=\"container\">\n\t\t\t\t\t<div class=\"e-con-inner\">\n\t\t<div class=\"elementor-element elementor-element-869c44b e-con-full e-flex cut-corner-no sticky-container-off e-con e-child\" data-id=\"869c44b\" data-element_type=\"container\" data-e-type=\"container\">\n\t\t<div class=\"elementor-element elementor-element-b096091 e-con-full cut-corner-yes e-flex sticky-container-off e-con e-child\" data-id=\"b096091\" data-element_type=\"container\" data-e-type=\"container\" data-settings=\"{&quot;background_background&quot;:&quot;classic&quot;}\">\n\t\t\t\t<div class=\"elementor-element elementor-element-14eda04 elementor-widget elementor-widget-text-editor\" data-id=\"14eda04\" data-element_type=\"widget\" data-e-type=\"widget\" data-widget_type=\"text-editor.default\">\n\t\t\t\t\t\t\t\t\t<p>Power Transformers<\/p>\t\t\t\t\t\t\t\t<\/div>\n\t\t\t\t<div class=\"elementor-element elementor-element-ef56f3c elementor-widget elementor-widget-text-editor\" data-id=\"ef56f3c\" data-element_type=\"widget\" data-e-type=\"widget\" data-widget_type=\"text-editor.default\">\n\t\t\t\t\t\t\t\t\t<ul><li>Prueba\u00a0 Tangente Delta (Factor de potencia).<\/li><li>Prueba de espectroscopia diel\u00e9ctrica (DFR).<\/li><li>Prueba de respuesta en frecuencia (SFRA).<\/li><\/ul><p>Para asegurar operaci\u00f3n eficiente y segura de los transformadores de potencia.<\/p>\t\t\t\t\t\t\t\t<\/div>\n\t\t\t\t<\/div>\n\t\t\t\t<\/div>\n\t\t<div class=\"elementor-element elementor-element-65fbdbf e-con-full e-flex cut-corner-no sticky-container-off e-con e-child\" data-id=\"65fbdbf\" data-element_type=\"container\" data-e-type=\"container\">\n\t\t<div class=\"elementor-element elementor-element-fbe6aed e-con-full cut-corner-yes e-flex sticky-container-off e-con e-child\" data-id=\"fbe6aed\" data-element_type=\"container\" data-e-type=\"container\" data-settings=\"{&quot;background_background&quot;:&quot;classic&quot;}\">\n\t\t\t\t<div class=\"elementor-element elementor-element-45bc52c elementor-widget elementor-widget-text-editor\" data-id=\"45bc52c\" data-element_type=\"widget\" data-e-type=\"widget\" data-widget_type=\"text-editor.default\">\n\t\t\t\t\t\t\t\t\t<p>Interruptores de Alta y Media\u00a0 Tensi\u00f3n.<\/p>\t\t\t\t\t\t\t\t<\/div>\n\t\t\t\t<div class=\"elementor-element elementor-element-32b26a7 elementor-widget elementor-widget-spacer\" data-id=\"32b26a7\" data-element_type=\"widget\" data-e-type=\"widget\" data-widget_type=\"spacer.default\">\n\t\t\t\t\t\t\t<div class=\"elementor-spacer\">\n\t\t\t<div class=\"elementor-spacer-inner\"><\/div>\n\t\t<\/div>\n\t\t\t\t\t\t<\/div>\n\t\t\t\t<div class=\"elementor-element elementor-element-c55f485 elementor-widget elementor-widget-text-editor\" data-id=\"c55f485\" data-element_type=\"widget\" data-e-type=\"widget\" data-widget_type=\"text-editor.default\">\n\t\t\t\t\t\t\t\t\t<p>Probamos tiempo, apertura\/cierre, resistencia de contacto y funcionamiento seguro de interruptores en toda la red de distribuci\u00f3n y transmisi\u00f3n.<\/p>\t\t\t\t\t\t\t\t<\/div>\n\t\t\t\t<\/div>\n\t\t\t\t<\/div>\n\t\t<div class=\"elementor-element elementor-element-353e1ee e-con-full e-flex cut-corner-no sticky-container-off e-con e-child\" data-id=\"353e1ee\" data-element_type=\"container\" data-e-type=\"container\">\n\t\t<div class=\"elementor-element elementor-element-7867047 e-con-full cut-corner-yes e-flex sticky-container-off e-con e-child\" data-id=\"7867047\" data-element_type=\"container\" data-e-type=\"container\" data-settings=\"{&quot;background_background&quot;:&quot;classic&quot;}\">\n\t\t\t\t<div class=\"elementor-element elementor-element-5c955a9 elementor-widget elementor-widget-text-editor\" data-id=\"5c955a9\" data-element_type=\"widget\" data-e-type=\"widget\" data-widget_type=\"text-editor.default\">\n\t\t\t\t\t\t\t\t\tTransformadores de Medida:<\/br> TC y TP\t\t\t\t\t\t\t\t<\/div>\n\t\t\t\t<div class=\"elementor-element elementor-element-61af58c elementor-widget elementor-widget-spacer\" data-id=\"61af58c\" data-element_type=\"widget\" data-e-type=\"widget\" data-widget_type=\"spacer.default\">\n\t\t\t\t\t\t\t<div class=\"elementor-spacer\">\n\t\t\t<div class=\"elementor-spacer-inner\"><\/div>\n\t\t<\/div>\n\t\t\t\t\t\t<\/div>\n\t\t\t\t<div class=\"elementor-element elementor-element-ce565d7 elementor-widget elementor-widget-text-editor\" data-id=\"ce565d7\" data-element_type=\"widget\" data-e-type=\"widget\" data-widget_type=\"text-editor.default\">\n\t\t\t\t\t\t\t\t\t<p>Verificamos precisi\u00f3n y respuesta de transformadores de corriente (TC) y potencial (TP) para medici\u00f3n y protecci\u00f3n confiables.<\/p>\t\t\t\t\t\t\t\t<\/div>\n\t\t\t\t<\/div>\n\t\t\t\t<\/div>\n\t\t<div class=\"elementor-element elementor-element-1ea170a e-con-full e-flex cut-corner-no sticky-container-off e-con e-child\" data-id=\"1ea170a\" data-element_type=\"container\" data-e-type=\"container\">\n\t\t<div class=\"elementor-element elementor-element-07cbeca e-con-full cut-corner-yes e-flex sticky-container-off e-con e-child\" data-id=\"07cbeca\" data-element_type=\"container\" data-e-type=\"container\" data-settings=\"{&quot;background_background&quot;:&quot;classic&quot;}\">\n\t\t\t\t<div class=\"elementor-element elementor-element-290bd14 elementor-widget elementor-widget-text-editor\" data-id=\"290bd14\" data-element_type=\"widget\" data-e-type=\"widget\" data-widget_type=\"text-editor.default\">\n\t\t\t\t\t\t\t\t\t<p>Switchgear &#8211; Air y GS<\/p>\t\t\t\t\t\t\t\t<\/div>\n\t\t\t\t<div class=\"elementor-element elementor-element-ec6f6fc elementor-widget elementor-widget-spacer\" data-id=\"ec6f6fc\" data-element_type=\"widget\" data-e-type=\"widget\" data-widget_type=\"spacer.default\">\n\t\t\t\t\t\t\t<div class=\"elementor-spacer\">\n\t\t\t<div class=\"elementor-spacer-inner\"><\/div>\n\t\t<\/div>\n\t\t\t\t\t\t<\/div>\n\t\t\t\t<div class=\"elementor-element elementor-element-a2808e5 elementor-widget elementor-widget-text-editor\" data-id=\"a2808e5\" data-element_type=\"widget\" data-e-type=\"widget\" data-widget_type=\"text-editor.default\">\n\t\t\t\t\t\t\t\t\t<p>Realizamos pruebas integrales a equipos de media tensi\u00f3n, tanto en aire como GIS, para garantizar aislamiento y operaci\u00f3n confiable.\u00a0<\/p>\t\t\t\t\t\t\t\t<\/div>\n\t\t\t\t<\/div>\n\t\t\t\t<\/div>\n\t\t\t\t\t<\/div>\n\t\t\t\t<\/div>\n\t\t<div class=\"elementor-element elementor-element-f50cd5d e-flex e-con-boxed cut-corner-no sticky-container-off e-con e-parent\" data-id=\"f50cd5d\" data-element_type=\"container\" data-e-type=\"container\">\n\t\t\t\t\t<div class=\"e-con-inner\">\n\t\t<div class=\"elementor-element elementor-element-27a56b8 e-con-full e-flex cut-corner-no sticky-container-off e-con e-child\" data-id=\"27a56b8\" data-element_type=\"container\" data-e-type=\"container\">\n\t\t<div class=\"elementor-element elementor-element-e361835 e-con-full cut-corner-yes e-flex sticky-container-off e-con e-child\" data-id=\"e361835\" data-element_type=\"container\" data-e-type=\"container\" data-settings=\"{&quot;background_background&quot;:&quot;classic&quot;}\">\n\t\t\t\t<div class=\"elementor-element elementor-element-b7d9b7f elementor-widget elementor-widget-text-editor\" data-id=\"b7d9b7f\" data-element_type=\"widget\" data-e-type=\"widget\" data-widget_type=\"text-editor.default\">\n\t\t\t\t\t\t\t\t\t<p>Disconnectors and Blades<\/p>\t\t\t\t\t\t\t\t<\/div>\n\t\t\t\t<div class=\"elementor-element elementor-element-f90a66b elementor-widget elementor-widget-text-editor\" data-id=\"f90a66b\" data-element_type=\"widget\" data-e-type=\"widget\" data-widget_type=\"text-editor.default\">\n\t\t\t\t\t\t\t\t\t<p>Comprobamos el estado y operaci\u00f3n de seccionadores y cuchillas para maniobras seguras y sin fallas.<\/p>\t\t\t\t\t\t\t\t<\/div>\n\t\t\t\t<\/div>\n\t\t\t\t<\/div>\n\t\t<div class=\"elementor-element elementor-element-53f5d99 e-con-full e-flex cut-corner-no sticky-container-off e-con e-child\" data-id=\"53f5d99\" data-element_type=\"container\" data-e-type=\"container\">\n\t\t<div class=\"elementor-element elementor-element-c4d18ba e-con-full cut-corner-yes e-flex sticky-container-off e-con e-child\" data-id=\"c4d18ba\" data-element_type=\"container\" data-e-type=\"container\" data-settings=\"{&quot;background_background&quot;:&quot;classic&quot;}\">\n\t\t\t\t<div class=\"elementor-element elementor-element-f5161b0 elementor-widget elementor-widget-text-editor\" data-id=\"f5161b0\" data-element_type=\"widget\" data-e-type=\"widget\" data-widget_type=\"text-editor.default\">\n\t\t\t\t\t\t\t\t\t<p>Surge Arresters Testing<\/p>\t\t\t\t\t\t\t\t<\/div>\n\t\t\t\t<div class=\"elementor-element elementor-element-7c6aaab elementor-widget elementor-widget-text-editor\" data-id=\"7c6aaab\" data-element_type=\"widget\" data-e-type=\"widget\" data-widget_type=\"text-editor.default\">\n\t\t\t\t\t\t\t\t\t<p>Evaluamos la capacidad de los descargadores para reducir sobretensiones y proteger equipos contra picos transientes.<\/p>\t\t\t\t\t\t\t\t<\/div>\n\t\t\t\t<\/div>\n\t\t\t\t<\/div>\n\t\t<div class=\"elementor-element elementor-element-cf37598 e-con-full e-flex cut-corner-no sticky-container-off e-con e-child\" data-id=\"cf37598\" data-element_type=\"container\" data-e-type=\"container\">\n\t\t<div class=\"elementor-element elementor-element-e5ed671 e-con-full cut-corner-yes e-flex sticky-container-off e-con e-child\" data-id=\"e5ed671\" data-element_type=\"container\" data-e-type=\"container\" data-settings=\"{&quot;background_background&quot;:&quot;classic&quot;}\">\n\t\t\t\t<div class=\"elementor-element elementor-element-a4ece64 elementor-widget elementor-widget-text-editor\" data-id=\"a4ece64\" data-element_type=\"widget\" data-e-type=\"widget\" data-widget_type=\"text-editor.default\">\n\t\t\t\t\t\t\t\t\t<p>Reconectadores Autoalimentados<\/p>\t\t\t\t\t\t\t\t<\/div>\n\t\t\t\t<div class=\"elementor-element elementor-element-055f6e7 elementor-widget elementor-widget-text-editor\" data-id=\"055f6e7\" data-element_type=\"widget\" data-e-type=\"widget\" data-widget_type=\"text-editor.default\">\n\t\t\t\t\t\t\t\t\t<p>Probamos reconectadores\u00a0 para asegurar su respuesta y estabilidad bajo condiciones reales de carga.<\/p>\t\t\t\t\t\t\t\t<\/div>\n\t\t\t\t<\/div>\n\t\t\t\t<\/div>\n\t\t<div class=\"elementor-element elementor-element-9cb30d2 e-con-full e-flex cut-corner-no sticky-container-off e-con e-child\" data-id=\"9cb30d2\" data-element_type=\"container\" data-e-type=\"container\">\n\t\t<div class=\"elementor-element elementor-element-9836f42 e-con-full cut-corner-yes e-flex sticky-container-off e-con e-child\" data-id=\"9836f42\" data-element_type=\"container\" data-e-type=\"container\" data-settings=\"{&quot;background_background&quot;:&quot;classic&quot;}\">\n\t\t\t\t<div class=\"elementor-element elementor-element-7b2362f elementor-widget elementor-widget-text-editor\" data-id=\"7b2362f\" data-element_type=\"widget\" data-e-type=\"widget\" data-widget_type=\"text-editor.default\">\n\t\t\t\t\t\t\t\t\t<p>Evaluamos estado, capacidad y rendimiento de bancos de bater\u00edas\u00a0<\/p>\t\t\t\t\t\t\t\t<\/div>\n\t\t\t\t<div class=\"elementor-element elementor-element-3687c12 elementor-widget elementor-widget-text-editor\" data-id=\"3687c12\" data-element_type=\"widget\" data-e-type=\"widget\" data-widget_type=\"text-editor.default\">\n\t\t\t\t\t\t\t\t\t<p>Probamos resistencia interna de bater\u00edas y ensayo de descargas de banco de bater\u00edas.<\/p>\t\t\t\t\t\t\t\t<\/div>\n\t\t\t\t<\/div>\n\t\t\t\t<\/div>\n\t\t\t\t\t<\/div>\n\t\t\t\t<\/div>\n\t\t<div class=\"elementor-element elementor-element-ab5ee6b e-flex e-con-boxed cut-corner-no sticky-container-off e-con e-parent\" data-id=\"ab5ee6b\" data-element_type=\"container\" data-e-type=\"container\">\n\t\t\t\t\t<div class=\"e-con-inner\">\n\t\t<div class=\"elementor-element elementor-element-9846f5f e-con-full e-flex cut-corner-no sticky-container-off e-con e-child\" data-id=\"9846f5f\" data-element_type=\"container\" data-e-type=\"container\">\n\t\t<div class=\"elementor-element elementor-element-da4f6c6 e-con-full e-flex cut-corner-no sticky-container-off e-con e-child\" data-id=\"da4f6c6\" data-element_type=\"container\" data-e-type=\"container\" data-settings=\"{&quot;background_background&quot;:&quot;classic&quot;}\">\n\t\t\t\t<div class=\"elementor-element elementor-element-8630be8 elementor-widget-divider--view-line elementor-widget elementor-widget-divider\" data-id=\"8630be8\" data-element_type=\"widget\" data-e-type=\"widget\" data-widget_type=\"divider.default\">\n\t\t\t\t\t\t\t<div class=\"elementor-divider\">\n\t\t\t<span class=\"elementor-divider-separator\">\n\t\t\t\t\t\t<\/span>\n\t\t<\/div>\n\t\t\t\t\t\t<\/div>\n\t\t\t\t<div class=\"elementor-element elementor-element-f3f3839 elementor-widget__width-initial elementor-widget elementor-widget-logico_heading\" data-id=\"f3f3839\" data-element_type=\"widget\" data-e-type=\"widget\" data-widget_type=\"logico_heading.default\">\n\t\t\t\t<div class=\"elementor-widget-container\">\n\t\t\t\t\t<h5 class=\"logico-title\">Do you require a special service that is not listed here?\n<\/h5>\t\t\t\t<\/div>\n\t\t\t\t<\/div>\n\t\t\t\t<div class=\"elementor-element elementor-element-5d38366 elementor-widget elementor-widget-logico_button\" data-id=\"5d38366\" data-element_type=\"widget\" data-e-type=\"widget\" data-widget_type=\"logico_button.default\">\n\t\t\t\t<div class=\"elementor-widget-container\">\n\t\t\t\t\t\n        <div class=\"button-widget\">\n            <div class=\"button-container\">\n                <a href=\"https:\/\/tecnomedida.com\/en\/contacts\/\" target=\"_blank\" class=\"logico-small-button\">\n                    Contact us<svg viewbox=\"0 0 13 20\"><polyline points=\"0.5 19.5 3 19.5 12.5 10 3 0.5\"><\/polyline><\/svg>                <\/a>\n            <\/div>\n        <\/div>\n        \t\t\t\t<\/div>\n\t\t\t\t<\/div>\n\t\t\t\t<\/div>\n\t\t\t\t<\/div>\n\t\t\t\t\t<\/div>\n\t\t\t\t<\/div>\n\t\t<div class=\"elementor-element elementor-element-f7b536d e-flex e-con-boxed cut-corner-no sticky-container-off e-con e-parent\" data-id=\"f7b536d\" data-element_type=\"container\" data-e-type=\"container\">\n\t\t\t\t\t<div class=\"e-con-inner\">\n\t\t\t\t\t<\/div>\n\t\t\t\t<\/div>\n\t\t\t\t<\/div>","protected":false},"excerpt":{"rendered":"<p>En entornos industriales y de generaci\u00f3n\/distribuci\u00f3n el\u00e9ctrica, los equipos primarios son el coraz\u00f3n de la infraestructura de potencia. Estos incluyen elementos como transformadores de potencia, interruptores de alta tensi\u00f3n, transformadores de corriente y de potencial, seccionadores, apartarrayos, entre otros, cuya integridad&#8230;<\/p>","protected":false},"author":2,"featured_media":0,"parent":11117,"menu_order":0,"comment_status":"closed","ping_status":"closed","template":"","meta":{"content-type":"","_monsterinsights_skip_tracking":false,"_monsterinsights_sitenote_active":false,"_monsterinsights_sitenote_note":"","_monsterinsights_sitenote_category":0,"footnotes":""},"class_list":["post-12611","page","type-page","status-publish","hentry"],"aioseo_notices":[],"_hostinger_reach_plugin_has_subscription_block":false,"_hostinger_reach_plugin_is_elementor":false,"_links":{"self":[{"href":"https:\/\/tecnomedida.com\/en\/wp-json\/wp\/v2\/pages\/12611","targetHints":{"allow":["GET"]}}],"collection":[{"href":"https:\/\/tecnomedida.com\/en\/wp-json\/wp\/v2\/pages"}],"about":[{"href":"https:\/\/tecnomedida.com\/en\/wp-json\/wp\/v2\/types\/page"}],"author":[{"embeddable":true,"href":"https:\/\/tecnomedida.com\/en\/wp-json\/wp\/v2\/users\/2"}],"replies":[{"embeddable":true,"href":"https:\/\/tecnomedida.com\/en\/wp-json\/wp\/v2\/comments?post=12611"}],"version-history":[{"count":77,"href":"https:\/\/tecnomedida.com\/en\/wp-json\/wp\/v2\/pages\/12611\/revisions"}],"predecessor-version":[{"id":13379,"href":"https:\/\/tecnomedida.com\/en\/wp-json\/wp\/v2\/pages\/12611\/revisions\/13379"}],"up":[{"embeddable":true,"href":"https:\/\/tecnomedida.com\/en\/wp-json\/wp\/v2\/pages\/11117"}],"wp:attachment":[{"href":"https:\/\/tecnomedida.com\/en\/wp-json\/wp\/v2\/media?parent=12611"}],"curies":[{"name":"wp","href":"https:\/\/api.w.org\/{rel}","templated":true}]}}