{"id":12250,"date":"2026-02-09T01:44:38","date_gmt":"2026-02-09T01:44:38","guid":{"rendered":"https:\/\/tecnomedida.com\/?page_id=12250"},"modified":"2026-04-21T03:12:00","modified_gmt":"2026-04-21T03:12:00","slug":"smart-grids-y-energias-renovables","status":"publish","type":"page","link":"https:\/\/tecnomedida.com\/en\/servicios\/smart-grids-y-energias-renovables\/","title":{"rendered":"Smart Grids and renewable energies"},"content":{"rendered":"<div data-elementor-type=\"wp-page\" data-elementor-id=\"12250\" class=\"elementor elementor-12250\">\n\t\t\t\t<div class=\"elementor-element elementor-element-3f87284 e-flex e-con-boxed cut-corner-no sticky-container-off e-con e-parent\" data-id=\"3f87284\" data-element_type=\"container\" data-e-type=\"container\">\n\t\t\t\t\t<div class=\"e-con-inner\">\n\t\t<div class=\"elementor-element elementor-element-052281e e-con-full e-grid cut-corner-no sticky-container-off e-con e-child\" data-id=\"052281e\" data-element_type=\"container\" data-e-type=\"container\">\n\t\t<div class=\"elementor-element elementor-element-f51c9b9 e-con-full e-flex cut-corner-no sticky-container-off e-con e-child\" data-id=\"f51c9b9\" data-element_type=\"container\" data-e-type=\"container\">\n\t\t\t\t<div class=\"elementor-element elementor-element-f7f4980 elementor-invisible elementor-widget elementor-widget-logico_heading\" data-id=\"f7f4980\" data-element_type=\"widget\" data-e-type=\"widget\" data-settings=\"{&quot;_animation&quot;:&quot;logico_heading_animation&quot;}\" data-widget_type=\"logico_heading.default\">\n\t\t\t\t<div class=\"elementor-widget-container\">\n\t\t\t\t\t<h3 class=\"logico-title\">\"Entendemos la vitalidad de la tecnolog\u00eda en sistemas electromec\u00e1nicos para redes de media y\u00a0 alta tensi\u00f3n.\"\n<\/h3>\t\t\t\t<\/div>\n\t\t\t\t<\/div>\n\t\t\t\t<\/div>\n\t\t<div class=\"elementor-element elementor-element-b40e4c5 e-con-full e-flex cut-corner-no sticky-container-off e-con e-child\" data-id=\"b40e4c5\" data-element_type=\"container\" data-e-type=\"container\">\n\t\t\t\t<div class=\"elementor-element elementor-element-af3f9fc elementor-widget__width-initial elementor-widget elementor-widget-text-editor\" data-id=\"af3f9fc\" data-element_type=\"widget\" data-e-type=\"widget\" data-widget_type=\"text-editor.default\">\n\t\t\t\t\t\t\t\t\t<p>\u00a0<br \/>Ofrecemos soluciones avanzadas para la medici\u00f3n, evaluaci\u00f3n y diagn\u00f3stico de sistemas de energ\u00edas renovables, integrando tecnolog\u00edas inteligentes que garantizan eficiencia y confiabilidad<\/p>\t\t\t\t\t\t\t\t<\/div>\n\t\t\t\t<\/div>\n\t\t\t\t<\/div>\n\t\t\t\t\t<\/div>\n\t\t\t\t<\/div>\n\t\t<div class=\"elementor-element elementor-element-6b827d3 e-flex e-con-boxed cut-corner-no sticky-container-off e-con e-parent\" data-id=\"6b827d3\" data-element_type=\"container\" data-e-type=\"container\">\n\t\t\t\t\t<div class=\"e-con-inner\">\n\t\t\t\t<div class=\"elementor-element elementor-element-0dcac82 elementor-widget__width-initial elementor-invisible elementor-widget elementor-widget-text-editor\" data-id=\"0dcac82\" data-element_type=\"widget\" data-e-type=\"widget\" data-settings=\"{&quot;_animation&quot;:&quot;logico_heading_animation&quot;}\" data-widget_type=\"text-editor.default\">\n\t\t\t\t\t\t\t\t\t<p>Nuestro portafolio\u00a0<\/p>\t\t\t\t\t\t\t\t<\/div>\n\t\t\t\t\t<\/div>\n\t\t\t\t<\/div>\n\t\t<div class=\"elementor-element elementor-element-07c2310 e-flex e-con-boxed cut-corner-no sticky-container-off e-con e-parent\" data-id=\"07c2310\" data-element_type=\"container\" data-e-type=\"container\">\n\t\t\t\t\t<div class=\"e-con-inner\">\n\t\t<div class=\"elementor-element elementor-element-b85abf5 e-con-full e-flex cut-corner-no sticky-container-off e-con e-child\" data-id=\"b85abf5\" data-element_type=\"container\" data-e-type=\"container\">\n\t\t<div class=\"elementor-element elementor-element-2d67f8e e-con-full cut-corner-yes e-flex sticky-container-off e-con e-child\" data-id=\"2d67f8e\" data-element_type=\"container\" data-e-type=\"container\" data-settings=\"{&quot;background_background&quot;:&quot;classic&quot;}\">\n\t\t\t\t<div class=\"elementor-element elementor-element-e471115 elementor-widget elementor-widget-text-editor\" data-id=\"e471115\" data-element_type=\"widget\" data-e-type=\"widget\" data-widget_type=\"text-editor.default\">\n\t\t\t\t\t\t\t\t\t<p>Ultrasound<\/p>\t\t\t\t\t\t\t\t<\/div>\n\t\t\t\t<div class=\"elementor-element elementor-element-b634474 elementor-widget elementor-widget-spacer\" data-id=\"b634474\" data-element_type=\"widget\" data-e-type=\"widget\" data-widget_type=\"spacer.default\">\n\t\t\t\t\t\t\t<div class=\"elementor-spacer\">\n\t\t\t<div class=\"elementor-spacer-inner\"><\/div>\n\t\t<\/div>\n\t\t\t\t\t\t<\/div>\n\t\t\t\t<div class=\"elementor-element elementor-element-3f4a037 elementor-widget elementor-widget-text-editor\" data-id=\"3f4a037\" data-element_type=\"widget\" data-e-type=\"widget\" data-widget_type=\"text-editor.default\">\n\t\t\t\t\t\t\t\t\t<p>Ultrasound is used in electrical maintenance as a technique for detecting problems in electrical equipment and systems.<\/p>\t\t\t\t\t\t\t\t<\/div>\n\t\t\t\t<\/div>\n\t\t\t\t<\/div>\n\t\t<div class=\"elementor-element elementor-element-eb6393e e-con-full e-flex cut-corner-no sticky-container-off e-con e-child\" data-id=\"eb6393e\" data-element_type=\"container\" data-e-type=\"container\">\n\t\t<div class=\"elementor-element elementor-element-1eb5136 e-con-full cut-corner-yes e-flex sticky-container-off e-con e-child\" data-id=\"1eb5136\" data-element_type=\"container\" data-e-type=\"container\" data-settings=\"{&quot;background_background&quot;:&quot;classic&quot;}\">\n\t\t\t\t<div class=\"elementor-element elementor-element-8774a2d elementor-widget elementor-widget-text-editor\" data-id=\"8774a2d\" data-element_type=\"widget\" data-e-type=\"widget\" data-widget_type=\"text-editor.default\">\n\t\t\t\t\t\t\t\t\t<p>Thermography with\/without drone<\/p>\t\t\t\t\t\t\t\t<\/div>\n\t\t\t\t<div class=\"elementor-element elementor-element-8c8a7b7 elementor-widget elementor-widget-spacer\" data-id=\"8c8a7b7\" data-element_type=\"widget\" data-e-type=\"widget\" data-widget_type=\"spacer.default\">\n\t\t\t\t\t\t\t<div class=\"elementor-spacer\">\n\t\t\t<div class=\"elementor-spacer-inner\"><\/div>\n\t\t<\/div>\n\t\t\t\t\t\t<\/div>\n\t\t\t\t<div class=\"elementor-element elementor-element-8b2525d elementor-widget elementor-widget-text-editor\" data-id=\"8b2525d\" data-element_type=\"widget\" data-e-type=\"widget\" data-widget_type=\"text-editor.default\">\n\t\t\t\t\t\t\t\t\t<p>Aerial and ground-based thermographic inspection to detect thermal faults, hot spots, and defects in electrical installations and renewable energy systems.<\/p>\t\t\t\t\t\t\t\t<\/div>\n\t\t\t\t<\/div>\n\t\t\t\t<\/div>\n\t\t<div class=\"elementor-element elementor-element-a9a016e e-con-full e-flex cut-corner-no sticky-container-off e-con e-child\" data-id=\"a9a016e\" data-element_type=\"container\" data-e-type=\"container\">\n\t\t<div class=\"elementor-element elementor-element-653386a e-con-full cut-corner-yes e-flex sticky-container-off e-con e-child\" data-id=\"653386a\" data-element_type=\"container\" data-e-type=\"container\" data-settings=\"{&quot;background_background&quot;:&quot;classic&quot;}\">\n\t\t\t\t<div class=\"elementor-element elementor-element-716d366 elementor-widget elementor-widget-text-editor\" data-id=\"716d366\" data-element_type=\"widget\" data-e-type=\"widget\" data-widget_type=\"text-editor.default\">\n\t\t\t\t\t\t\t\t\t<p>I-V Curve Measurement<\/p>\t\t\t\t\t\t\t\t<\/div>\n\t\t\t\t<div class=\"elementor-element elementor-element-17815a8 elementor-widget elementor-widget-spacer\" data-id=\"17815a8\" data-element_type=\"widget\" data-e-type=\"widget\" data-widget_type=\"spacer.default\">\n\t\t\t\t\t\t\t<div class=\"elementor-spacer\">\n\t\t\t<div class=\"elementor-spacer-inner\"><\/div>\n\t\t<\/div>\n\t\t\t\t\t\t<\/div>\n\t\t\t\t<div class=\"elementor-element elementor-element-beff828 elementor-widget elementor-widget-text-editor\" data-id=\"beff828\" data-element_type=\"widget\" data-e-type=\"widget\" data-widget_type=\"text-editor.default\">\n\t\t\t\t\t\t\t\t\t<p>Evaluamos curvas I-V corriente-voltaje de m\u00f3dulos fotovoltaicos para determinar rendimiento real, p\u00e9rdidas y degradaci\u00f3n de paneles solares.<\/p>\t\t\t\t\t\t\t\t<\/div>\n\t\t\t\t<\/div>\n\t\t\t\t<\/div>\n\t\t<div class=\"elementor-element elementor-element-1f2ca35 e-con-full e-flex cut-corner-no sticky-container-off e-con e-child\" data-id=\"1f2ca35\" data-element_type=\"container\" data-e-type=\"container\">\n\t\t<div class=\"elementor-element elementor-element-0a902e2 e-con-full cut-corner-yes e-flex sticky-container-off e-con e-child\" data-id=\"0a902e2\" data-element_type=\"container\" data-e-type=\"container\" data-settings=\"{&quot;background_background&quot;:&quot;classic&quot;}\">\n\t\t\t\t<div class=\"elementor-element elementor-element-514fe30 elementor-widget elementor-widget-text-editor\" data-id=\"514fe30\" data-element_type=\"widget\" data-e-type=\"widget\" data-widget_type=\"text-editor.default\">\n\t\t\t\t\t\t\t\t\t<p>Equipotentiality measurement<\/p>\t\t\t\t\t\t\t\t<\/div>\n\t\t\t\t<div class=\"elementor-element elementor-element-41ccc52 elementor-widget elementor-widget-spacer\" data-id=\"41ccc52\" data-element_type=\"widget\" data-e-type=\"widget\" data-widget_type=\"spacer.default\">\n\t\t\t\t\t\t\t<div class=\"elementor-spacer\">\n\t\t\t<div class=\"elementor-spacer-inner\"><\/div>\n\t\t<\/div>\n\t\t\t\t\t\t<\/div>\n\t\t\t\t<div class=\"elementor-element elementor-element-3a796ad elementor-widget elementor-widget-text-editor\" data-id=\"3a796ad\" data-element_type=\"widget\" data-e-type=\"widget\" data-widget_type=\"text-editor.default\">\n\t\t\t\t\t\t\t\t\t<p>Garantiza el rendimiento y la confiabilidad de instalaciones solares y otras fuentes renovables mediante t\u00e9cnicas avanzadas de diagn\u00f3stico<\/p>\t\t\t\t\t\t\t\t<\/div>\n\t\t\t\t<\/div>\n\t\t\t\t<\/div>\n\t\t\t\t\t<\/div>\n\t\t\t\t<\/div>\n\t\t<div class=\"elementor-element elementor-element-d922ddf e-flex e-con-boxed cut-corner-no sticky-container-off e-con e-parent\" data-id=\"d922ddf\" data-element_type=\"container\" data-e-type=\"container\">\n\t\t\t\t\t<div class=\"e-con-inner\">\n\t\t\t\t<div class=\"elementor-element elementor-element-efe9673 elementor-widget elementor-widget-spacer\" data-id=\"efe9673\" data-element_type=\"widget\" data-e-type=\"widget\" data-widget_type=\"spacer.default\">\n\t\t\t\t\t\t\t<div class=\"elementor-spacer\">\n\t\t\t<div class=\"elementor-spacer-inner\"><\/div>\n\t\t<\/div>\n\t\t\t\t\t\t<\/div>\n\t\t\t\t\t<\/div>\n\t\t\t\t<\/div>\n\t\t<div class=\"elementor-element elementor-element-2fd3112 e-flex e-con-boxed cut-corner-no sticky-container-off e-con e-parent\" data-id=\"2fd3112\" data-element_type=\"container\" data-e-type=\"container\">\n\t\t\t\t\t<div class=\"e-con-inner\">\n\t\t\t\t<div class=\"elementor-element elementor-element-49be38d elementor-widget elementor-widget-text-editor\" data-id=\"49be38d\" data-element_type=\"widget\" data-e-type=\"widget\" data-widget_type=\"text-editor.default\">\n\t\t\t\t\t\t\t\t\t<p>Photo gallery<\/p>\t\t\t\t\t\t\t\t<\/div>\n\t\t\t\t\t<\/div>\n\t\t\t\t<\/div>\n\t\t<div class=\"elementor-element elementor-element-dd9d590 e-flex e-con-boxed cut-corner-no sticky-container-off e-con e-parent\" data-id=\"dd9d590\" data-element_type=\"container\" data-e-type=\"container\">\n\t\t\t\t\t<div class=\"e-con-inner\">\n\t\t\t\t<div class=\"elementor-element elementor-element-7888d92 elementor-widget elementor-widget-image-gallery\" data-id=\"7888d92\" data-element_type=\"widget\" data-e-type=\"widget\" data-widget_type=\"image-gallery.default\">\n\t\t\t\t\t\t\t<div class=\"elementor-image-gallery\">\n\t\t\t<div id='gallery-1' class='gallery galleryid-12250 gallery-columns-4 gallery-size-full'><figure class='gallery-item'><div class='gallery-item-box'>\n\t\t\t<div class='gallery-icon landscape'>\n\t\t\t\t<a  href='https:\/\/tecnomedida.com\/wp-content\/uploads\/2026\/02\/SMG-2.png'><img fetchpriority=\"high\" decoding=\"async\" width=\"657\" height=\"479\" src=\"https:\/\/tecnomedida.com\/wp-content\/uploads\/2026\/02\/SMG-2.png\" class=\"attachment-full size-full\" alt=\"\" srcset=\"https:\/\/tecnomedida.com\/wp-content\/uploads\/2026\/02\/SMG-2.png 657w, https:\/\/tecnomedida.com\/wp-content\/uploads\/2026\/02\/SMG-2-16x12.png 16w\" sizes=\"(max-width: 657px) 100vw, 657px\" \/><\/a>\n\t\t\t<\/div><\/div><\/figure><figure class='gallery-item'><div class='gallery-item-box'>\n\t\t\t<div class='gallery-icon landscape'>\n\t\t\t\t<a  href='https:\/\/tecnomedida.com\/wp-content\/uploads\/2026\/02\/SMG-3.png'><img decoding=\"async\" width=\"657\" height=\"479\" src=\"https:\/\/tecnomedida.com\/wp-content\/uploads\/2026\/02\/SMG-3.png\" class=\"attachment-full size-full\" alt=\"\" srcset=\"https:\/\/tecnomedida.com\/wp-content\/uploads\/2026\/02\/SMG-3.png 657w, https:\/\/tecnomedida.com\/wp-content\/uploads\/2026\/02\/SMG-3-16x12.png 16w\" sizes=\"(max-width: 657px) 100vw, 657px\" \/><\/a>\n\t\t\t<\/div><\/div><\/figure><figure class='gallery-item'><div class='gallery-item-box'>\n\t\t\t<div class='gallery-icon landscape'>\n\t\t\t\t<a  href='https:\/\/tecnomedida.com\/wp-content\/uploads\/2026\/02\/SMG-4.png'><img decoding=\"async\" width=\"657\" height=\"479\" src=\"https:\/\/tecnomedida.com\/wp-content\/uploads\/2026\/02\/SMG-4.png\" class=\"attachment-full size-full\" alt=\"\" srcset=\"https:\/\/tecnomedida.com\/wp-content\/uploads\/2026\/02\/SMG-4.png 657w, https:\/\/tecnomedida.com\/wp-content\/uploads\/2026\/02\/SMG-4-16x12.png 16w\" sizes=\"(max-width: 657px) 100vw, 657px\" \/><\/a>\n\t\t\t<\/div><\/div><\/figure><figure class='gallery-item'><div class='gallery-item-box'>\n\t\t\t<div class='gallery-icon landscape'>\n\t\t\t\t<a  href='https:\/\/tecnomedida.com\/wp-content\/uploads\/2026\/02\/SMG-5.png'><img loading=\"lazy\" decoding=\"async\" width=\"657\" height=\"479\" src=\"https:\/\/tecnomedida.com\/wp-content\/uploads\/2026\/02\/SMG-5.png\" class=\"attachment-full size-full\" alt=\"\" srcset=\"https:\/\/tecnomedida.com\/wp-content\/uploads\/2026\/02\/SMG-5.png 657w, https:\/\/tecnomedida.com\/wp-content\/uploads\/2026\/02\/SMG-5-16x12.png 16w\" sizes=\"(max-width: 657px) 100vw, 657px\" \/><\/a>\n\t\t\t<\/div><\/div><\/figure><figure class='gallery-item'><div class='gallery-item-box'>\n\t\t\t<div class='gallery-icon landscape'>\n\t\t\t\t<a  href='https:\/\/tecnomedida.com\/wp-content\/uploads\/2026\/02\/SMG-6.png'><img loading=\"lazy\" decoding=\"async\" width=\"657\" height=\"479\" src=\"https:\/\/tecnomedida.com\/wp-content\/uploads\/2026\/02\/SMG-6.png\" class=\"attachment-full size-full\" alt=\"\" srcset=\"https:\/\/tecnomedida.com\/wp-content\/uploads\/2026\/02\/SMG-6.png 657w, https:\/\/tecnomedida.com\/wp-content\/uploads\/2026\/02\/SMG-6-16x12.png 16w\" sizes=\"(max-width: 657px) 100vw, 657px\" \/><\/a>\n\t\t\t<\/div><\/div><\/figure><figure class='gallery-item'><div class='gallery-item-box'>\n\t\t\t<div class='gallery-icon landscape'>\n\t\t\t\t<a  href='https:\/\/tecnomedida.com\/wp-content\/uploads\/2026\/02\/SMG-7.png'><img loading=\"lazy\" decoding=\"async\" width=\"657\" height=\"479\" src=\"https:\/\/tecnomedida.com\/wp-content\/uploads\/2026\/02\/SMG-7.png\" class=\"attachment-full size-full\" alt=\"\" srcset=\"https:\/\/tecnomedida.com\/wp-content\/uploads\/2026\/02\/SMG-7.png 657w, https:\/\/tecnomedida.com\/wp-content\/uploads\/2026\/02\/SMG-7-16x12.png 16w\" sizes=\"(max-width: 657px) 100vw, 657px\" \/><\/a>\n\t\t\t<\/div><\/div><\/figure><figure class='gallery-item'><div class='gallery-item-box'>\n\t\t\t<div class='gallery-icon landscape'>\n\t\t\t\t<a  href='https:\/\/tecnomedida.com\/wp-content\/uploads\/2026\/02\/SMG.png'><img loading=\"lazy\" decoding=\"async\" width=\"657\" height=\"479\" src=\"https:\/\/tecnomedida.com\/wp-content\/uploads\/2026\/02\/SMG.png\" class=\"attachment-full size-full\" alt=\"\" srcset=\"https:\/\/tecnomedida.com\/wp-content\/uploads\/2026\/02\/SMG.png 657w, https:\/\/tecnomedida.com\/wp-content\/uploads\/2026\/02\/SMG-16x12.png 16w\" sizes=\"(max-width: 657px) 100vw, 657px\" \/><\/a>\n\t\t\t<\/div><\/div><\/figure><figure class='gallery-item'><div class='gallery-item-box'>\n\t\t\t<div class='gallery-icon landscape'>\n\t\t\t\t<a  href='https:\/\/tecnomedida.com\/wp-content\/uploads\/2026\/02\/SMG-1.png'><img loading=\"lazy\" decoding=\"async\" width=\"657\" height=\"479\" src=\"https:\/\/tecnomedida.com\/wp-content\/uploads\/2026\/02\/SMG-1.png\" class=\"attachment-full size-full\" alt=\"\" srcset=\"https:\/\/tecnomedida.com\/wp-content\/uploads\/2026\/02\/SMG-1.png 657w, https:\/\/tecnomedida.com\/wp-content\/uploads\/2026\/02\/SMG-1-16x12.png 16w\" sizes=\"(max-width: 657px) 100vw, 657px\" \/><\/a>\n\t\t\t<\/div><\/div><\/figure>\n\t\t<\/div>\n\t\t<\/div>\n\t\t\t\t\t\t<\/div>\n\t\t\t\t\t<\/div>\n\t\t\t\t<\/div>\n\t\t<div class=\"elementor-element elementor-element-883e7c7 e-flex e-con-boxed cut-corner-no sticky-container-off e-con e-parent\" data-id=\"883e7c7\" data-element_type=\"container\" data-e-type=\"container\">\n\t\t\t\t\t<div class=\"e-con-inner\">\n\t\t<div class=\"elementor-element elementor-element-d293d3d e-con-full e-flex cut-corner-no sticky-container-off e-con e-child\" data-id=\"d293d3d\" data-element_type=\"container\" data-e-type=\"container\">\n\t\t<div class=\"elementor-element elementor-element-85f1157 e-con-full e-flex cut-corner-no sticky-container-off e-con e-child\" data-id=\"85f1157\" data-element_type=\"container\" data-e-type=\"container\" data-settings=\"{&quot;background_background&quot;:&quot;classic&quot;}\">\n\t\t\t\t<div class=\"elementor-element elementor-element-0952d92 elementor-widget-divider--view-line elementor-widget elementor-widget-divider\" data-id=\"0952d92\" data-element_type=\"widget\" data-e-type=\"widget\" data-widget_type=\"divider.default\">\n\t\t\t\t\t\t\t<div class=\"elementor-divider\">\n\t\t\t<span class=\"elementor-divider-separator\">\n\t\t\t\t\t\t<\/span>\n\t\t<\/div>\n\t\t\t\t\t\t<\/div>\n\t\t\t\t<div class=\"elementor-element elementor-element-f41a336 elementor-widget__width-initial elementor-widget elementor-widget-logico_heading\" data-id=\"f41a336\" data-element_type=\"widget\" data-e-type=\"widget\" data-widget_type=\"logico_heading.default\">\n\t\t\t\t<div class=\"elementor-widget-container\">\n\t\t\t\t\t<h5 class=\"logico-title\">Do you require special equipment that is not here?\n<\/h5>\t\t\t\t<\/div>\n\t\t\t\t<\/div>\n\t\t\t\t<div class=\"elementor-element elementor-element-4541abd elementor-widget elementor-widget-logico_button\" data-id=\"4541abd\" data-element_type=\"widget\" data-e-type=\"widget\" data-widget_type=\"logico_button.default\">\n\t\t\t\t<div class=\"elementor-widget-container\">\n\t\t\t\t\t\n        <div class=\"button-widget\">\n            <div class=\"button-container\">\n                <a href=\"https:\/\/tecnomedida.com\/en\/contacts\/\" target=\"_blank\" class=\"logico-small-button\">\n                    Contact us<svg viewbox=\"0 0 13 20\"><polyline points=\"0.5 19.5 3 19.5 12.5 10 3 0.5\"><\/polyline><\/svg>                <\/a>\n            <\/div>\n        <\/div>\n        \t\t\t\t<\/div>\n\t\t\t\t<\/div>\n\t\t\t\t<\/div>\n\t\t\t\t<\/div>\n\t\t\t\t\t<\/div>\n\t\t\t\t<\/div>\n\t\t<div class=\"elementor-element elementor-element-99e6978 e-flex e-con-boxed cut-corner-no sticky-container-off e-con e-parent\" data-id=\"99e6978\" data-element_type=\"container\" data-e-type=\"container\">\n\t\t\t\t\t<div class=\"e-con-inner\">\n\t\t\t\t\t<\/div>\n\t\t\t\t<\/div>\n\t\t\t\t<\/div>","protected":false},"excerpt":{"rendered":"<p>\u00a0Ofrecemos soluciones avanzadas para la medici\u00f3n, evaluaci\u00f3n y diagn\u00f3stico de sistemas de energ\u00edas renovables, integrando tecnolog\u00edas inteligentes que garantizan eficiencia y confiabilidad Nuestro portafolio\u00a0 Ultrasonido El ultrasonido se utiliza en el mantenimiento el\u00e9ctrico como una t\u00e9cnica de detecci\u00f3n de problemas en&#8230;<\/p>","protected":false},"author":2,"featured_media":0,"parent":84,"menu_order":0,"comment_status":"closed","ping_status":"closed","template":"","meta":{"content-type":"","_monsterinsights_skip_tracking":false,"_monsterinsights_sitenote_active":false,"_monsterinsights_sitenote_note":"","_monsterinsights_sitenote_category":0,"footnotes":""},"class_list":["post-12250","page","type-page","status-publish","hentry"],"aioseo_notices":[],"_hostinger_reach_plugin_has_subscription_block":false,"_hostinger_reach_plugin_is_elementor":false,"_links":{"self":[{"href":"https:\/\/tecnomedida.com\/en\/wp-json\/wp\/v2\/pages\/12250","targetHints":{"allow":["GET"]}}],"collection":[{"href":"https:\/\/tecnomedida.com\/en\/wp-json\/wp\/v2\/pages"}],"about":[{"href":"https:\/\/tecnomedida.com\/en\/wp-json\/wp\/v2\/types\/page"}],"author":[{"embeddable":true,"href":"https:\/\/tecnomedida.com\/en\/wp-json\/wp\/v2\/users\/2"}],"replies":[{"embeddable":true,"href":"https:\/\/tecnomedida.com\/en\/wp-json\/wp\/v2\/comments?post=12250"}],"version-history":[{"count":34,"href":"https:\/\/tecnomedida.com\/en\/wp-json\/wp\/v2\/pages\/12250\/revisions"}],"predecessor-version":[{"id":13528,"href":"https:\/\/tecnomedida.com\/en\/wp-json\/wp\/v2\/pages\/12250\/revisions\/13528"}],"up":[{"embeddable":true,"href":"https:\/\/tecnomedida.com\/en\/wp-json\/wp\/v2\/pages\/84"}],"wp:attachment":[{"href":"https:\/\/tecnomedida.com\/en\/wp-json\/wp\/v2\/media?parent=12250"}],"curies":[{"name":"wp","href":"https:\/\/api.w.org\/{rel}","templated":true}]}}