{"id":12228,"date":"2026-02-09T01:33:53","date_gmt":"2026-02-09T01:33:53","guid":{"rendered":"https:\/\/tecnomedida.com\/?page_id=12228"},"modified":"2026-02-09T01:35:03","modified_gmt":"2026-02-09T01:35:03","slug":"seccionadores-y-cuchillas","status":"publish","type":"page","link":"https:\/\/tecnomedida.com\/en\/servicios\/pruebas-electricas\/seccionadores-y-cuchillas\/","title":{"rendered":"Disconnectors and Blades"},"content":{"rendered":"<div data-elementor-type=\"wp-page\" data-elementor-id=\"12228\" class=\"elementor elementor-12228\">\n\t\t\t\t<div class=\"elementor-element elementor-element-3f87284 e-flex e-con-boxed cut-corner-no sticky-container-off e-con e-parent\" data-id=\"3f87284\" data-element_type=\"container\" data-e-type=\"container\">\n\t\t\t\t\t<div class=\"e-con-inner\">\n\t\t<div class=\"elementor-element elementor-element-052281e e-con-full e-grid cut-corner-no sticky-container-off e-con e-child\" data-id=\"052281e\" data-element_type=\"container\" data-e-type=\"container\">\n\t\t<div class=\"elementor-element elementor-element-f51c9b9 e-con-full e-flex cut-corner-no sticky-container-off e-con e-child\" data-id=\"f51c9b9\" data-element_type=\"container\" data-e-type=\"container\">\n\t\t\t\t<div class=\"elementor-element elementor-element-f7f4980 elementor-invisible elementor-widget elementor-widget-logico_heading\" data-id=\"f7f4980\" data-element_type=\"widget\" data-e-type=\"widget\" data-settings=\"{&quot;_animation&quot;:&quot;logico_heading_animation&quot;}\" data-widget_type=\"logico_heading.default\">\n\t\t\t\t<div class=\"elementor-widget-container\">\n\t\t\t\t\t<h3 class=\"logico-title\">Todas las pruebas son realizadas por personal calificado y con equipos de pruebas certificados. Los resultados de los ensayos son documentados de manera detalladas en un informe.\n<\/h3>\t\t\t\t<\/div>\n\t\t\t\t<\/div>\n\t\t\t\t<\/div>\n\t\t<div class=\"elementor-element elementor-element-b40e4c5 e-con-full e-flex cut-corner-no sticky-container-off e-con e-child\" data-id=\"b40e4c5\" data-element_type=\"container\" data-e-type=\"container\">\n\t\t\t\t<div class=\"elementor-element elementor-element-af3f9fc elementor-widget__width-initial elementor-widget elementor-widget-text-editor\" data-id=\"af3f9fc\" data-element_type=\"widget\" data-e-type=\"widget\" data-widget_type=\"text-editor.default\">\n\t\t\t\t\t\t\t\t\t<p>Las pruebas que realizamos en este tipo de activo son esenciales para asegurar su correcto funcionamiento, eficiencia y seguridad en el suministro de energ\u00eda el\u00e9ctrica. Estas pruebas se llevan a cabo durante la Instalaci\u00f3n, Puesta en Servicio y mantenimiento de los transformadores de potencia.<\/p>\t\t\t\t\t\t\t\t<\/div>\n\t\t\t\t<\/div>\n\t\t\t\t<\/div>\n\t\t\t\t\t<\/div>\n\t\t\t\t<\/div>\n\t\t<div class=\"elementor-element elementor-element-a35191c e-flex e-con-boxed cut-corner-no sticky-container-off e-con e-parent\" data-id=\"a35191c\" data-element_type=\"container\" data-e-type=\"container\" data-settings=\"{&quot;background_background&quot;:&quot;classic&quot;}\">\n\t\t\t\t\t<div class=\"e-con-inner\">\n\t\t<div class=\"elementor-element elementor-element-24624f1 e-con-full e-flex cut-corner-no sticky-container-off e-con e-child\" data-id=\"24624f1\" data-element_type=\"container\" data-e-type=\"container\">\n\t\t<div class=\"elementor-element elementor-element-38395c0 e-con-full e-flex cut-corner-no sticky-container-off e-con e-child\" data-id=\"38395c0\" data-element_type=\"container\" data-e-type=\"container\" data-settings=\"{&quot;background_background&quot;:&quot;classic&quot;}\">\n\t\t\t\t<div class=\"elementor-element elementor-element-f67a7f0 elementor-widget elementor-widget-logico_heading\" data-id=\"f67a7f0\" data-element_type=\"widget\" data-e-type=\"widget\" data-widget_type=\"logico_heading.default\">\n\t\t\t\t<div class=\"elementor-widget-container\">\n\t\t\t\t\t<h5 class=\"logico-title\">Pruebas el\u00e9ctricas\n<\/h5>\t\t\t\t<\/div>\n\t\t\t\t<\/div>\n\t\t\t\t<div class=\"elementor-element elementor-element-a66dcb3 elementor-widget-divider--view-line elementor-widget elementor-widget-divider\" data-id=\"a66dcb3\" data-element_type=\"widget\" data-e-type=\"widget\" data-widget_type=\"divider.default\">\n\t\t\t\t\t\t\t<div class=\"elementor-divider\">\n\t\t\t<span class=\"elementor-divider-separator\">\n\t\t\t\t\t\t<\/span>\n\t\t<\/div>\n\t\t\t\t\t\t<\/div>\n\t\t\t\t<\/div>\n\t\t\t\t<\/div>\n\t\t<div class=\"elementor-element elementor-element-0ecb2a9 e-con-full e-flex cut-corner-no sticky-container-off e-con e-child\" data-id=\"0ecb2a9\" data-element_type=\"container\" data-e-type=\"container\">\n\t\t\t\t<div class=\"elementor-element elementor-element-bd9c63e elementor-widget elementor-widget-text-editor\" data-id=\"bd9c63e\" data-element_type=\"widget\" data-e-type=\"widget\" data-widget_type=\"text-editor.default\">\n\t\t\t\t\t\t\t\t\t<p><strong>\u00a1Somos expertos en pruebas de diagn\u00f3stico y puesta en marcha!<\/strong><\/p><p>\u00a0Contamos con equipos de pruebas el\u00e9ctricas OMICRON CPC100 y CP TD12, FRANEO 800, IDAX300 y DIRANA. Nuestro desempe\u00f1o est\u00e1 avalado en normativas internacionales IEC, IEEE y CIGRE.<\/p><p>Con la experiencia en Pruebas de Aceptaci\u00f3n y Mantenimiento a Transformadores de Potencia, podemos dar diagnostico a trav\u00e9s de los resultados de las mediciones rutinarias y aplicar las m\u00e1s avanzadas t\u00e9cnicas, ejecutamos pruebas como:<\/p>\t\t\t\t\t\t\t\t<\/div>\n\t\t\t\t<\/div>\n\t\t\t\t\t<\/div>\n\t\t\t\t<\/div>\n\t\t<div class=\"elementor-element elementor-element-9c874ba e-flex e-con-boxed cut-corner-no sticky-container-off e-con e-parent\" data-id=\"9c874ba\" data-element_type=\"container\" data-e-type=\"container\" data-settings=\"{&quot;background_background&quot;:&quot;classic&quot;}\">\n\t\t\t\t\t<div class=\"e-con-inner\">\n\t\t<div class=\"elementor-element elementor-element-d2659c7 e-con-full e-flex cut-corner-no sticky-container-off e-con e-child\" data-id=\"d2659c7\" data-element_type=\"container\" data-e-type=\"container\">\n\t\t<div class=\"elementor-element elementor-element-0f86e05 e-con-full e-flex cut-corner-no sticky-container-off e-con e-child\" data-id=\"0f86e05\" data-element_type=\"container\" data-e-type=\"container\" data-settings=\"{&quot;background_background&quot;:&quot;classic&quot;}\">\n\t\t\t\t<div class=\"elementor-element elementor-element-2fb4663 elementor-widget-divider--view-line elementor-widget elementor-widget-divider\" data-id=\"2fb4663\" data-element_type=\"widget\" data-e-type=\"widget\" data-widget_type=\"divider.default\">\n\t\t\t\t\t\t\t<div class=\"elementor-divider\">\n\t\t\t<span class=\"elementor-divider-separator\">\n\t\t\t\t\t\t<\/span>\n\t\t<\/div>\n\t\t\t\t\t\t<\/div>\n\t\t\t\t<\/div>\n\t\t\t\t<\/div>\n\t\t<div class=\"elementor-element elementor-element-5fe1581 e-con-full e-flex cut-corner-no sticky-container-off e-con e-child\" data-id=\"5fe1581\" data-element_type=\"container\" data-e-type=\"container\">\n\t\t\t\t<div class=\"elementor-element elementor-element-349139c elementor-widget elementor-widget-text-editor\" data-id=\"349139c\" data-element_type=\"widget\" data-e-type=\"widget\" data-widget_type=\"text-editor.default\">\n\t\t\t\t\t\t\t\t\t<ul><li>Resistencia de aislamiento<\/li><li>Resistencia de devanado<\/li><li>Resistencia din\u00e1mica en OLTC<\/li><li>Medici\u00f3n de la capacitancia y factor de disipaci\u00f3n para devanados y bushings<\/li><li>Relaci\u00f3n de transformaci\u00f3n, verificaci\u00f3n del grupo vectorial<\/li><li>Corriente de excitaci\u00f3n<\/li><li>Impedancia en cortocircuito<\/li><li>An\u00e1lisis de respuesta en frecuencia de barrido (SFRA)<\/li><li>Espectroscopia Diel\u00e9ctrica DFR<\/li><li>P\u00e9rdidas de potencia con voltaje reducido para condiciones sin carga y de cortocircuito<\/li><li>T\u00e9cnica de detecci\u00f3n y localizaci\u00f3n de descargas parciales por ultrasonido<\/li><\/ul>\t\t\t\t\t\t\t\t<\/div>\n\t\t\t\t<\/div>\n\t\t\t\t\t<\/div>\n\t\t\t\t<\/div>\n\t\t<div class=\"elementor-element elementor-element-d922ddf e-flex e-con-boxed cut-corner-no sticky-container-off e-con e-parent\" data-id=\"d922ddf\" data-element_type=\"container\" data-e-type=\"container\">\n\t\t\t\t\t<div class=\"e-con-inner\">\n\t\t\t\t<div class=\"elementor-element elementor-element-efe9673 elementor-widget elementor-widget-spacer\" data-id=\"efe9673\" data-element_type=\"widget\" data-e-type=\"widget\" data-widget_type=\"spacer.default\">\n\t\t\t\t\t\t\t<div class=\"elementor-spacer\">\n\t\t\t<div class=\"elementor-spacer-inner\"><\/div>\n\t\t<\/div>\n\t\t\t\t\t\t<\/div>\n\t\t\t\t\t<\/div>\n\t\t\t\t<\/div>\n\t\t<div class=\"elementor-element elementor-element-883e7c7 e-flex e-con-boxed cut-corner-no sticky-container-off e-con e-parent\" data-id=\"883e7c7\" data-element_type=\"container\" data-e-type=\"container\">\n\t\t\t\t\t<div class=\"e-con-inner\">\n\t\t<div class=\"elementor-element elementor-element-d293d3d e-con-full e-flex cut-corner-no sticky-container-off e-con e-child\" data-id=\"d293d3d\" data-element_type=\"container\" data-e-type=\"container\">\n\t\t<div class=\"elementor-element elementor-element-85f1157 e-con-full e-flex cut-corner-no sticky-container-off e-con e-child\" data-id=\"85f1157\" data-element_type=\"container\" data-e-type=\"container\" data-settings=\"{&quot;background_background&quot;:&quot;classic&quot;}\">\n\t\t\t\t<div class=\"elementor-element elementor-element-0952d92 elementor-widget-divider--view-line elementor-widget elementor-widget-divider\" data-id=\"0952d92\" data-element_type=\"widget\" data-e-type=\"widget\" data-widget_type=\"divider.default\">\n\t\t\t\t\t\t\t<div class=\"elementor-divider\">\n\t\t\t<span class=\"elementor-divider-separator\">\n\t\t\t\t\t\t<\/span>\n\t\t<\/div>\n\t\t\t\t\t\t<\/div>\n\t\t\t\t<div class=\"elementor-element elementor-element-f41a336 elementor-widget__width-initial elementor-widget elementor-widget-logico_heading\" data-id=\"f41a336\" data-element_type=\"widget\" data-e-type=\"widget\" data-widget_type=\"logico_heading.default\">\n\t\t\t\t<div class=\"elementor-widget-container\">\n\t\t\t\t\t<h5 class=\"logico-title\">\u00bfRequieres una prueba especial que no est\u00e1 aqu\u00ed?\n<\/h5>\t\t\t\t<\/div>\n\t\t\t\t<\/div>\n\t\t\t\t<div class=\"elementor-element elementor-element-4541abd elementor-widget elementor-widget-logico_button\" data-id=\"4541abd\" data-element_type=\"widget\" data-e-type=\"widget\" data-widget_type=\"logico_button.default\">\n\t\t\t\t<div class=\"elementor-widget-container\">\n\t\t\t\t\t\n        <div class=\"button-widget\">\n            <div class=\"button-container\">\n                <a href=\"https:\/\/tecnomedida.com\/en\/contacts\/\" target=\"_blank\" class=\"logico-small-button\">\n                    Contact us<svg viewbox=\"0 0 13 20\"><polyline points=\"0.5 19.5 3 19.5 12.5 10 3 0.5\"><\/polyline><\/svg>                <\/a>\n            <\/div>\n        <\/div>\n        \t\t\t\t<\/div>\n\t\t\t\t<\/div>\n\t\t\t\t<\/div>\n\t\t\t\t<\/div>\n\t\t\t\t\t<\/div>\n\t\t\t\t<\/div>\n\t\t\t\t<\/div>","protected":false},"excerpt":{"rendered":"<p>Las pruebas que realizamos en este tipo de activo son esenciales para asegurar su correcto funcionamiento, eficiencia y seguridad en el suministro de energ\u00eda el\u00e9ctrica. Estas pruebas se llevan a cabo durante la Instalaci\u00f3n, Puesta en Servicio y mantenimiento de los&#8230;<\/p>","protected":false},"author":2,"featured_media":0,"parent":11117,"menu_order":0,"comment_status":"closed","ping_status":"closed","template":"","meta":{"content-type":"","_monsterinsights_skip_tracking":false,"_monsterinsights_sitenote_active":false,"_monsterinsights_sitenote_note":"","_monsterinsights_sitenote_category":0,"footnotes":""},"class_list":["post-12228","page","type-page","status-publish","hentry"],"aioseo_notices":[],"_hostinger_reach_plugin_has_subscription_block":false,"_hostinger_reach_plugin_is_elementor":false,"_links":{"self":[{"href":"https:\/\/tecnomedida.com\/en\/wp-json\/wp\/v2\/pages\/12228","targetHints":{"allow":["GET"]}}],"collection":[{"href":"https:\/\/tecnomedida.com\/en\/wp-json\/wp\/v2\/pages"}],"about":[{"href":"https:\/\/tecnomedida.com\/en\/wp-json\/wp\/v2\/types\/page"}],"author":[{"embeddable":true,"href":"https:\/\/tecnomedida.com\/en\/wp-json\/wp\/v2\/users\/2"}],"replies":[{"embeddable":true,"href":"https:\/\/tecnomedida.com\/en\/wp-json\/wp\/v2\/comments?post=12228"}],"version-history":[{"count":4,"href":"https:\/\/tecnomedida.com\/en\/wp-json\/wp\/v2\/pages\/12228\/revisions"}],"predecessor-version":[{"id":12244,"href":"https:\/\/tecnomedida.com\/en\/wp-json\/wp\/v2\/pages\/12228\/revisions\/12244"}],"up":[{"embeddable":true,"href":"https:\/\/tecnomedida.com\/en\/wp-json\/wp\/v2\/pages\/11117"}],"wp:attachment":[{"href":"https:\/\/tecnomedida.com\/en\/wp-json\/wp\/v2\/media?parent=12228"}],"curies":[{"name":"wp","href":"https:\/\/api.w.org\/{rel}","templated":true}]}}