{"id":12017,"date":"2026-01-29T03:43:26","date_gmt":"2026-01-29T03:43:26","guid":{"rendered":"https:\/\/tecnomedida.com\/?page_id=12017"},"modified":"2026-01-29T03:43:26","modified_gmt":"2026-01-29T03:43:26","slug":"tratamiento-de-datos","status":"publish","type":"page","link":"https:\/\/tecnomedida.com\/en\/tratamiento-de-datos\/","title":{"rendered":"Tratamiento de datos"},"content":{"rendered":"<p><b><strong>Bogot\u00e1, 26 de marzo de 2024&nbsp;<\/strong><\/b><\/p>\n\n\n<div class=\"wp-block-title\">\n<h2 class=\"wp-block-heading\">Pol\u00edtica y tratamiento de datos<\/h2>\n<\/div>\n\n\n<p><strong>TECNOMEDIDA SAS<\/strong><\/p>\n\n\n\n<ol class=\"wp-block-list\">\n<li>INTRODUCCION<\/li>\n<\/ol>\n\n\n\n<p>La Alta Direcci\u00f3n, como cultura de nuestra organizaci\u00f3n, determina la presente Pol\u00edtica de tratamiento de datos Personales de&nbsp;<strong>TECNOMEDIDA SAS<\/strong>, empresa legalmente constituida, identificada con NIT 900863954, domiciliada en la Carrera 67 # 167-61 Edificio Colina Office Park, oficinas 315 y 316 en la ciudad de Bogot\u00e1, D.C, Colombia, Tel\u00e9fonos: +57 601 2870895 , Cel: 3166904247, correo electr\u00f3nico: gerencia@tecnomedida.com y pagina web: www.tecnomedida.com y a los fines de dar fiel cumplimiento a las disposiciones de nuestra Constituci\u00f3n Pol\u00edtica de Colombia, la Ley 1581 de 2012 y el Decreto Reglamentario 1377 de 2013, cuyos textos est\u00e1n referidos a la recolecci\u00f3n, almacenamiento, uso, circulaci\u00f3n, supresi\u00f3n, cesi\u00f3n y todas aquellas actividades que constituyen el tratamiento de datos personales suministrados a nuestra organizaci\u00f3n de manera interna y externa, bien por personas naturales o Jur\u00eddicas, p\u00fablicas o privadas.<\/p>\n\n\n\n<p>&nbsp; &nbsp; &nbsp; &nbsp; &nbsp;2. ALCANCE<\/p>\n\n\n\n<p>Aplica para toda informaci\u00f3n que sea registrada en la base de datos de la empresa. quien es el responsable del tratamiento de los datos personales.<\/p>\n\n\n\n<p>&nbsp; &nbsp; &nbsp; &nbsp; &nbsp; 3. GLOSARIO<\/p>\n\n\n\n<p>3.1 Autorizaci\u00f3n: Consentimiento previo, expreso e informado del Titular para llevar a cabo el Tratamiento de datos personales.<\/p>\n\n\n\n<p>3.2 Tratamiento: Cualquier operaci\u00f3n o conjunto de operaciones sobre datos personales, tales como la recolecci\u00f3n, almacenamiento, uso, circulaci\u00f3n o supresi\u00f3n.<\/p>\n\n\n\n<p>3.3 Base de datos: Conjunto organizado de Datos Personales que sean objeto de tratamiento. Incluyendo archivos f\u00edsicos y electr\u00f3nicos.<\/p>\n\n\n\n<p>3.4 Dato personal: Cualquier informaci\u00f3n vinculada o que pueda asociarse a una o varias personas determinadas o determinables, de manera individual o persona individualmente considerada.<\/p>\n\n\n\n<p>3.5 Encargado del tratamiento: Persona natural o jur\u00eddica, p\u00fablica o privada que por s\u00ed misma o en asociaci\u00f3n con otros, realice el Tratamiento de datos personales por cuenta del responsable del Tratamiento.<\/p>\n\n\n\n<p>3.6 Responsable del Tratamiento: Persona natural o jur\u00eddica, p\u00fablica o privada que por s\u00ed misma o en asociaci\u00f3n con otro, decida sobre la base de datos o su Tratamiento.<\/p>\n\n\n\n<p>3.7 Cliente: Es toda persona natural o jur\u00eddica, que establezca una relaci\u00f3n comercial con TECNOMEDIDA SAS, en el desarrollo de su objeto comercial, de la manera m\u00e1s amplia.<\/p>\n\n\n\n<p>3.8 Titular: Persona natural cuyos datos personales sean objeto de Tratamiento.<\/p>\n\n\n\n<p>3.9 Dato sensible: Informaci\u00f3n que afecta la intimidad del Titular o cuyo uso indebido puede generar su discriminaci\u00f3n, tales como aquellos que revelen el origen racial o \u00e9tnico, la orientaci\u00f3n pol\u00edtica, las convicciones religiosas o<\/p>\n\n\n\n<p>filos\u00f3ficas, la pertenencia a sindicatos, organizaciones sociales, de derechos humanos o que promueva intereses de cualquier partido pol\u00edtico o que garanticen los derechos y garant\u00edas de partidos pol\u00edticos de oposici\u00f3n as\u00ed como los datos relativos a la salud, a la vida sexual y los datos biom\u00e9tricos.<\/p>\n\n\n\n<p>&nbsp; &nbsp; &nbsp; &nbsp; 4. PRINCIPIOS RECTORES<\/p>\n\n\n\n<p>En el desarrollo, interpretaci\u00f3n y aplicaci\u00f3n de la ley, regulaciones, y normatividad vigente, se aplicar\u00e1n, de manera arm\u00f3nica e integral, los siguientes principios:<\/p>\n\n\n\n<p>4.1 Principio de Legalidad en Materia de Tratamiento de Datos: El Tratamiento es una actividad reglada que debe sujetarse a lo establecido en la Ley que rige la materia y dem\u00e1s disposiciones que la reglamenten y desarrollen.<\/p>\n\n\n\n<p>4.2 Principio de Finalidad: El tratamiento tiene una finalidad legitima de acuerdo con la Constituci\u00f3n y la Ley.<\/p>\n\n\n\n<p>4.3 Principio de Libertad: El Tratamiento s\u00f3lo puede ejercerse con el consentimiento previo, expreso e informado del Titular. Los datos personales no podr\u00e1n ser obtenidos ni divulgados sin previa autorizaci\u00f3n o en ausencia de mandato Legal o Judicial que releve el consentimiento.<\/p>\n\n\n\n<p>4.4 Principio de Veracidad o Calidad: La informaci\u00f3n sujeta a tratamiento debe ser veraz La informaci\u00f3n sujeta a Tratamiento debe ser veraz, completa, exacta, actualizada, comprobable y comprensible. Se proh\u00edbe el tratamiento de Datos parciales, incompletos, fraccionados o que induzcan a error.<\/p>\n\n\n\n<p>4.5 Principio de Transparencia: En el Tratamiento debe garantizarse el derecho del Titular a obtener del responsable del tratamiento o del encargado del Tratamiento en cualquier momento y sin restricciones, informaci\u00f3n acerca de la existencia de datos que le conciernan.<\/p>\n\n\n\n<p>4.6 Principio de Acceso y Circulaci\u00f3n Restringida: El Tratamiento se sujeta a los l\u00edmites que se derivan de la naturaleza de los Datos personales, de lo que disponga la Ley de la materia y la Constituci\u00f3n. En consecuencia, el Tratamiento solo podr\u00e1 hacerse por las personas autorizadas por el Titular o por las personas determinadas en la presente Pol\u00edtica. Los datos personales, salvo la informaci\u00f3n p\u00fablica no podr\u00e1n estar disponibles en internet u otros medios de comunicaci\u00f3n o informaci\u00f3n masiva, salvo que el acceso sea t\u00e9cnicamente controlable para brindar un conocimiento restringido, solo a Titulares o terceros autorizados.<\/p>\n\n\n\n<p>4.7 Principio de Seguridad: La informaci\u00f3n sujeta a Tratamiento por el responsable del Tratamiento o el Encargado del Tratamiento se deber\u00e1 manejar con las medidas t\u00e9cnicas, humanas y administrativas que sean necesarias para otorgarle seguridad a los registros evitando su adulteraci\u00f3n, perdida, consulta, uso o acceso no autorizado o fraudulento<\/p>\n\n\n\n<p>4.8 Principio de Confidencialidad: Todas las personas o entidades que intervengan en el Tratamiento de Datos personales que no sean de naturaleza publica est\u00e1n obligados a guardar y garantizar la reserva de la informaci\u00f3n, incluso despu\u00e9s de terminada su relaci\u00f3n con alguna de las labores que comprende el Tratamiento.<\/p>\n\n\n\n<p>&nbsp; &nbsp; &nbsp; &nbsp; &nbsp; &nbsp;5. DERECHOS DE LOS NI\u00d1OS, NI\u00d1AS Y ADOLESCENTES<\/p>\n\n\n\n<p>El Tratamiento de datos de ni\u00f1os, ni\u00f1as y adolescentes est\u00e1 prohibido, salvo que sean de naturaleza publica y en su Tratamiento se respetara el Principio del Inter\u00e9s Superior del Ni\u00f1o Ni\u00f1a y Adolescente y el respeto de sus derechos fundamentales.<\/p>\n\n\n\n<p>&nbsp; &nbsp; &nbsp; &nbsp; &nbsp; 6. FINALIDADES<\/p>\n\n\n\n<p>Finalidad de los datos recopilados: Los datos recopilados por TECNOMEDIDA SAS ser\u00e1n utilizados para todos los aspectos relacionados, con prestaci\u00f3n de servicios de Ingenier\u00eda El\u00e9ctrica, asesor\u00edas, alquileres de equipos, as\u00ed como el cumplimiento del objeto de la Organizaci\u00f3n, Procesos de vinculaci\u00f3n de clientes y proveedores, procesos de vinculaci\u00f3n y desvinculaci\u00f3n de talento humano, relacionamiento con instituciones de tipo p\u00fablico o privado en general.<\/p>\n\n\n\n<p>&nbsp; &nbsp; &nbsp; &nbsp; &nbsp; &nbsp;7. IDENTIFICACI\u00d3N DEL RESPONSABLE DEL TRATAMIENTO DE DATOS<\/p>\n\n\n\n<p>Es responsable del tratamiento de los datos personales suministrados por los entes o personas que se relacionen con la Organizaci\u00f3n TECNOMEDIDA SAS, en la siguiente direcci\u00f3n, Carrera 67 # 167 -61 en el Edificio Colina Office Park, Oficinas 315, ubicadas en la ciudad de Bogot\u00e1- Colombia. P\u00e1gina web: www.tecnomedida.com. Tel\u00e9fono: + 57 6012870895, con correo electr\u00f3nico: gerencia@tecnomedida.com. Donde solicitudes y aclaratorias ser\u00e1n atendidas.<\/p>\n\n\n\n<p>&nbsp; &nbsp; &nbsp; &nbsp; &nbsp;8. DEL ENCARGADO DEL TRATAMIENTO DE DATOS<\/p>\n\n\n\n<p>El encargado del tratamiento de datos de TECNOMEDIDA SAS, debe garantizar en todo tiempo, el pleno derecho del ejercicio de habeas data. Tramitar las consultas y reclamos realizados por los titulares en los t\u00e9rminos previamente determinados por la Ley.<\/p>\n\n\n\n<p>&nbsp; &nbsp; &nbsp; &nbsp; &nbsp;9. DERECHOS DE LOS TIRULARES DE DATOS<\/p>\n\n\n\n<p>Tendr\u00e1n derecho al acceso, rectificaci\u00f3n, cancelaci\u00f3n y limitaci\u00f3n del tratamiento y portabilidad de sus datos. De conformidad con lo establecido en el art\u00edculo 8 de la Ley 1581 de 2012 y los art\u00edculos 21 y 22 del Decreto 1377 de 2013 el Titular de los Datos Personales tiene los siguientes derechos:<\/p>\n\n\n\n<p>9.1 Conocer, actualizar y rectificar sus Datos Personales frente a la p\u00e1gina web de TECNOMEDIDA SAS, www.tecnomedida.com o en correo electr\u00f3nico gerencia@tecnomedida.com en su car\u00e1cter de responsable del tratamiento de sus datos.<\/p>\n\n\n\n<p>9.2 Solicitar prueba de la Autorizaci\u00f3n otorgada TECNOMEDIDA S.A.S, en su condici\u00f3n de responsable del Tratamiento.<\/p>\n\n\n\n<p>9.3 Revocar la Autorizaci\u00f3n y\/o solicitar la supresi\u00f3n del dato cuando en el Tratamiento no se respeten los principios, derechos y garant\u00edas constitucionales y legales.<\/p>\n\n\n\n<p>9.4 Acceder en forma gratuita a sus Datos Personales que hayan sido objeto de Tratamiento. Por TECNOMEDIDA S.A.S, quien mantendr\u00e1 habilitados medios de contacto para que los Titulares de datos puedan ejercer sus derechos y dar aplicaci\u00f3n a los procedimientos previstos en esta Pol\u00edtica, los cuales ser\u00e1n informados y puestos a disposici\u00f3n en el Aviso de Privacidad<\/p>\n\n\n\n<p>9.5 Ser\u00e1 informado por TECNOMEDIDA S.A.S previa solicitud, respecto del uso que se le ha dado a sus Datos Personales.<\/p>\n\n\n\n<p>&nbsp; &nbsp; &nbsp; &nbsp; &nbsp;10. FORMA DE AUTORIZACI\u00d3N DE DATOS<\/p>\n\n\n\n<p>La recolecci\u00f3n, almacenamiento, uso, circulaci\u00f3n y en general, el Tratamiento de los Datos Personales que reposen en las Bases de Datos de TECNOMEDIDA S.A.S, es obligatorio el consentimiento libre de todo apremio, de manera expresa e informada de los Titulares de estos. La web www.tecnomedida.com y mediante el correo electr\u00f3nico gerencia@tecnomedida.com, en su condici\u00f3n de Responsable del Tratamiento de Datos Personales, tiene dispuesto los mecanismos necesarios para obtener la Autorizaci\u00f3n de los Titulares de los datos, con anterioridad a la recolecci\u00f3n de sus datos, los cuales solo se mantendr\u00e1n en nuestra base de datos durante el tiempo que sea necesaria su utilizaci\u00f3n para los fines del objeto de la organizaci\u00f3n, y sin que el titular haya solicitado por los medios pertinentes su eliminaci\u00f3n.<\/p>\n\n\n\n<p>&nbsp; &nbsp; &nbsp; &nbsp;11. FORMA PARA EMITIR LA AUTORIZACION<\/p>\n\n\n\n<p>La Autorizaci\u00f3n puede constar en un documento f\u00edsico, electr\u00f3nico, mensaje de datos, Internet, sitio web o tambi\u00e9n de manera verbal o telef\u00f3nica o en cualquier otro formato que permita garantizar su posterior consulta.<\/p>\n\n\n\n<p>Este procedimiento de autorizaci\u00f3n consentida garantiza que se ha puesto en conocimiento del Titular de los Datos Personales, que su informaci\u00f3n personal ser\u00e1 recogida y utilizada para fines determinados y conocidos de acuerdo con la presente Pol\u00edtica y su correspondiente Aviso de Privacidad y de igual manera el derecho que le asiste para solicitar el acceso, la actualizaci\u00f3n, rectificaci\u00f3n y eliminaci\u00f3n de sus Datos Personales en cualquier momento, a trav\u00e9s de los mecanismos puestos a su disposici\u00f3n por TECNOMEDIDA S.A.S.&nbsp;<\/p>\n\n\n\n<p>&nbsp; &nbsp; &nbsp; &nbsp;12. SOBRE EL AVISO DE PRIVACIDAD Y SU CONTENIDO<\/p>\n\n\n\n<p>El Aviso de Privacidad es el documento f\u00edsico, electr\u00f3nico o en cualquier otro formato, que es puesto a disposici\u00f3n del Titular para que \u00e9ste se informe del Tratamiento que le va a dar TECNOMEDIDA S.A.S a sus Datos Personales, con anterioridad al momento que se autorice la recolecci\u00f3n de los Datos Personales. A trav\u00e9s de este documento se informa al Titular la existencia de las Pol\u00edticas de Tratamiento de informaci\u00f3n que le ser\u00e1n aplicables, la forma de acceder a las mismas y las caracter\u00edsticas del Tratamiento que se pretende dar a los Datos Personales.<\/p>\n\n\n\n<p>&nbsp; &nbsp; &nbsp; &nbsp;13. PROCEDIMIENTO DE EJERCICIO DE LOS DERECHOS DEL TITULAR DEL DATO, CONSULTAS Y RECLAMOS<\/p>\n\n\n\n<p>El interesado, debe contactar a TECNOMEDIDA SAS, por alguno de los medios siguientes:<\/p>\n\n\n\n<p>Llamar a las l\u00edneas de atenci\u00f3n (57) 6012870895.<\/p>\n\n\n\n<p>Enviar correo electr\u00f3nico a gerencia@tecnomedida.com<\/p>\n\n\n\n<p>Identificarse y realizar la solicitud para el ejercicio de alg\u00fan derecho, consulta o reclamo, bien por el Titular, su apoderado o persona autorizada.<\/p>\n\n\n\n<p>La empresa tendr\u00e1 un lapso de 10 d\u00edas, para la verificaci\u00f3n de la solicitud presentada, y deber\u00e1 dar una respuesta al solicitante dentro de los 5 d\u00edas subsiguientes a la verificaci\u00f3n por cualquier medio f\u00edsico o digital.<\/p>\n\n\n\n<p>&nbsp; &nbsp; &nbsp; 14. FECHA DE ENTRADA EN VIGENCIA DE LA PRESENTE POLITICA DE TRATAMIENTO Y PROTECCION DE DATOS<\/p>\n\n\n\n<p>La entrada en vigencia ser\u00e1 a partir de la publicaci\u00f3n en la p\u00e1gina web www.tecnomedida.com<\/p>\n\n\n\n<p>La debida autorizaci\u00f3n que entreguen para el uso de sus datos personales, se mantendr\u00e1n durante el tiempo que se mantenga la relaci\u00f3n comercial o contractual y el tiempo que disponga las leyes y reglamentos de la naci\u00f3n.<\/p>\n\n\n\n<p><\/p>\n\n\n\n<figure class=\"wp-block-image size-full is-resized\"><img fetchpriority=\"high\" decoding=\"async\" width=\"318\" height=\"219\" src=\"https:\/\/tecnomedida.com\/wp-content\/uploads\/2026\/01\/unnamed-1.png\" alt=\"\" class=\"wp-image-11681\" style=\"width:254px;height:auto\" srcset=\"https:\/\/tecnomedida.com\/wp-content\/uploads\/2026\/01\/unnamed-1.png 318w, https:\/\/tecnomedida.com\/wp-content\/uploads\/2026\/01\/unnamed-1-18x12.png 18w\" sizes=\"(max-width: 318px) 100vw, 318px\" \/><\/figure>\n\n\n\n<p><strong>Marco Bonilla<\/strong><\/p>\n\n\n\n<p>Gerente General<\/p>\n\n\n\n<p>TECNOMEDIDA S.A.S.<\/p>","protected":false},"excerpt":{"rendered":"<p>Bogot\u00e1, 26 de marzo de 2024&nbsp; Pol\u00edtica y tratamiento de datos TECNOMEDIDA SAS La Alta Direcci\u00f3n, como cultura de nuestra organizaci\u00f3n, determina la presente Pol\u00edtica de tratamiento de datos Personales de&nbsp;TECNOMEDIDA SAS, empresa legalmente constituida, identificada con NIT 900863954, domiciliada en&#8230;<\/p>","protected":false},"author":1,"featured_media":0,"parent":0,"menu_order":0,"comment_status":"closed","ping_status":"closed","template":"","meta":{"content-type":"","_monsterinsights_skip_tracking":false,"_monsterinsights_sitenote_active":false,"_monsterinsights_sitenote_note":"","_monsterinsights_sitenote_category":0,"footnotes":""},"class_list":["post-12017","page","type-page","status-publish","hentry"],"aioseo_notices":[],"_hostinger_reach_plugin_has_subscription_block":false,"_hostinger_reach_plugin_is_elementor":false,"_links":{"self":[{"href":"https:\/\/tecnomedida.com\/en\/wp-json\/wp\/v2\/pages\/12017","targetHints":{"allow":["GET"]}}],"collection":[{"href":"https:\/\/tecnomedida.com\/en\/wp-json\/wp\/v2\/pages"}],"about":[{"href":"https:\/\/tecnomedida.com\/en\/wp-json\/wp\/v2\/types\/page"}],"author":[{"embeddable":true,"href":"https:\/\/tecnomedida.com\/en\/wp-json\/wp\/v2\/users\/1"}],"replies":[{"embeddable":true,"href":"https:\/\/tecnomedida.com\/en\/wp-json\/wp\/v2\/comments?post=12017"}],"version-history":[{"count":1,"href":"https:\/\/tecnomedida.com\/en\/wp-json\/wp\/v2\/pages\/12017\/revisions"}],"predecessor-version":[{"id":12019,"href":"https:\/\/tecnomedida.com\/en\/wp-json\/wp\/v2\/pages\/12017\/revisions\/12019"}],"wp:attachment":[{"href":"https:\/\/tecnomedida.com\/en\/wp-json\/wp\/v2\/media?parent=12017"}],"curies":[{"name":"wp","href":"https:\/\/api.w.org\/{rel}","templated":true}]}}