{"id":11994,"date":"2026-01-29T03:18:59","date_gmt":"2026-01-29T03:18:59","guid":{"rendered":"https:\/\/tecnomedida.com\/?page_id=11994"},"modified":"2026-01-29T03:26:20","modified_gmt":"2026-01-29T03:26:20","slug":"analisis-de-calidad-de-energia","status":"publish","type":"page","link":"https:\/\/tecnomedida.com\/en\/servicios\/estudios-y-mediciones\/analisis-de-calidad-de-energia\/","title":{"rendered":"Power quality analysis"},"content":{"rendered":"<div data-elementor-type=\"wp-page\" data-elementor-id=\"11994\" class=\"elementor elementor-11994\">\n\t\t\t\t<div class=\"elementor-element elementor-element-3f87284 e-flex e-con-boxed cut-corner-no sticky-container-off e-con e-parent\" data-id=\"3f87284\" data-element_type=\"container\" data-e-type=\"container\">\n\t\t\t\t\t<div class=\"e-con-inner\">\n\t\t<div class=\"elementor-element elementor-element-052281e e-con-full e-grid cut-corner-no sticky-container-off e-con e-child\" data-id=\"052281e\" data-element_type=\"container\" data-e-type=\"container\">\n\t\t<div class=\"elementor-element elementor-element-f51c9b9 e-con-full e-flex cut-corner-no sticky-container-off e-con e-child\" data-id=\"f51c9b9\" data-element_type=\"container\" data-e-type=\"container\">\n\t\t\t\t<div class=\"elementor-element elementor-element-f7f4980 elementor-invisible elementor-widget elementor-widget-logico_heading\" data-id=\"f7f4980\" data-element_type=\"widget\" data-e-type=\"widget\" data-settings=\"{&quot;_animation&quot;:&quot;logico_heading_animation&quot;}\" data-widget_type=\"logico_heading.default\">\n\t\t\t\t<div class=\"elementor-widget-container\">\n\t\t\t\t\t<h3 class=\"logico-title\">power quality\n<\/h3>\t\t\t\t<\/div>\n\t\t\t\t<\/div>\n\t\t\t\t<\/div>\n\t\t<div class=\"elementor-element elementor-element-b40e4c5 e-con-full e-flex cut-corner-no sticky-container-off e-con e-child\" data-id=\"b40e4c5\" data-element_type=\"container\" data-e-type=\"container\">\n\t\t\t\t<div class=\"elementor-element elementor-element-af3f9fc elementor-widget__width-initial elementor-widget elementor-widget-text-editor\" data-id=\"af3f9fc\" data-element_type=\"widget\" data-e-type=\"widget\" data-widget_type=\"text-editor.default\">\n\t\t\t\t\t\t\t\t\t<p>Power quality analysis involves installing monitoring and measurement equipment, as well as power quality analyzers to record and analyze these parameters. The results of the analysis can be used to identify problems in the electrical network, take corrective measures, plan the expansion of electrical infrastructure, and ensure the optimal operation of connected equipment.<\/p>\t\t\t\t\t\t\t\t<\/div>\n\t\t\t\t<\/div>\n\t\t\t\t<\/div>\n\t\t\t\t\t<\/div>\n\t\t\t\t<\/div>\n\t\t<div class=\"elementor-element elementor-element-a35191c e-flex e-con-boxed cut-corner-no sticky-container-off e-con e-parent\" data-id=\"a35191c\" data-element_type=\"container\" data-e-type=\"container\" data-settings=\"{&quot;background_background&quot;:&quot;classic&quot;}\">\n\t\t\t\t\t<div class=\"e-con-inner\">\n\t\t<div class=\"elementor-element elementor-element-24624f1 e-con-full e-flex cut-corner-no sticky-container-off e-con e-child\" data-id=\"24624f1\" data-element_type=\"container\" data-e-type=\"container\">\n\t\t\t\t<div class=\"elementor-element elementor-element-ca3c8b4 elementor-widget elementor-widget-logico_content_slider\" data-id=\"ca3c8b4\" data-element_type=\"widget\" data-e-type=\"widget\" data-widget_type=\"logico_content_slider.default\">\n\t\t\t\t<div class=\"elementor-widget-container\">\n\t\t\t\t\t\n        <div class=\"logico-content-slider-widget\">\n            <div class=\"content-slider-wrapper\">\n\n                <div class=\"content-slider-container\">\n\n                    \n                    \n                    <div class=\"content-slider owl-carousel owl-theme nav-view-default\" data-slider-options=\"{&quot;items&quot;:1,&quot;nav&quot;:true,&quot;navText&quot;:&quot;&quot;,&quot;dots&quot;:true,&quot;progress&quot;:true,&quot;dotsContainer&quot;:&quot;.owl-dots-ca3c8b4&quot;,&quot;autoplayHoverPause&quot;:true,&quot;autoplay&quot;:true,&quot;autoplaySpeed&quot;:2000,&quot;autoplayTimeout&quot;:4000,&quot;loop&quot;:true,&quot;dragEndSpeed&quot;:1200,&quot;navSpeed&quot;:1200,&quot;dotsSpeed&quot;:1200,&quot;pullDrag&quot;:false,&quot;freeDrag&quot;:false,&quot;callbacks&quot;:false,&quot;animateOut&quot;:&quot;fadeOut&quot;,&quot;rtl&quot;:false}\">\n                        <div class=\"content-item slider-item elementor-repeater-item-3264830 slide-style-standard\"><\/div><div class=\"content-item slider-item elementor-repeater-item-6867061 slide-style-standard\"><\/div>                    <\/div>\n\n                    <div class=\"slider-footer slider-footer-position-after slider-footer-width-full slider-footer-view-inside\"><div class=\"slider-footer-content\"><div class=\"slider-pagination\"><div class=\"slider-progress-wrapper\"><span class=\"slider-progress-current\">01<\/span> \/<span class=\"slider-progress-all\">01<\/span><\/div><div class=\"owl-dots owl-dots-ca3c8b4\"><\/div><\/div><\/div><\/div>                <\/div>\n\n            <\/div>\n        <\/div>\n        \t\t\t\t<\/div>\n\t\t\t\t<\/div>\n\t\t\t\t<\/div>\n\t\t<div class=\"elementor-element elementor-element-0ecb2a9 e-con-full e-flex cut-corner-no sticky-container-off e-con e-child\" data-id=\"0ecb2a9\" data-element_type=\"container\" data-e-type=\"container\">\n\t\t\t\t<div class=\"elementor-element elementor-element-bd9c63e elementor-widget elementor-widget-text-editor\" data-id=\"bd9c63e\" data-element_type=\"widget\" data-e-type=\"widget\" data-widget_type=\"text-editor.default\">\n\t\t\t\t\t\t\t\t\t<p>Power quality analysis is a process that involves evaluating and measuring various aspects related to the electricity supplied in an electrical system.<\/p><p>It is assessed to be reliable and with acceptable levels of electrical disturbances that could affect connected equipment and systems.<\/p><p>The parameters measured in a power quality analysis include:<\/p><ul><li>Voltage and Current<\/li><li>Frequency<\/li><li>Harmonics<\/li><li>Voltage Surges and Voltage Dips (Sags)<\/li><li>Phase Imbalance<\/li><li>Outage Time and Voltage Variability<\/li><li>Distorsi\u00f3n de Forma de Onda<\/li><li>Power Factor<\/li><li>Transients and Disturbances<\/li><\/ul>\t\t\t\t\t\t\t\t<\/div>\n\t\t\t\t<\/div>\n\t\t\t\t\t<\/div>\n\t\t\t\t<\/div>\n\t\t<div class=\"elementor-element elementor-element-d922ddf e-flex e-con-boxed cut-corner-no sticky-container-off e-con e-parent\" data-id=\"d922ddf\" data-element_type=\"container\" data-e-type=\"container\">\n\t\t\t\t\t<div class=\"e-con-inner\">\n\t\t\t\t<div class=\"elementor-element elementor-element-efe9673 elementor-widget elementor-widget-spacer\" data-id=\"efe9673\" data-element_type=\"widget\" data-e-type=\"widget\" data-widget_type=\"spacer.default\">\n\t\t\t\t\t\t\t<div class=\"elementor-spacer\">\n\t\t\t<div class=\"elementor-spacer-inner\"><\/div>\n\t\t<\/div>\n\t\t\t\t\t\t<\/div>\n\t\t\t\t\t<\/div>\n\t\t\t\t<\/div>\n\t\t<div class=\"elementor-element elementor-element-883e7c7 e-flex e-con-boxed cut-corner-no sticky-container-off e-con e-parent\" data-id=\"883e7c7\" data-element_type=\"container\" data-e-type=\"container\">\n\t\t\t\t\t<div class=\"e-con-inner\">\n\t\t<div class=\"elementor-element elementor-element-d293d3d e-con-full e-flex cut-corner-no sticky-container-off e-con e-child\" data-id=\"d293d3d\" data-element_type=\"container\" data-e-type=\"container\">\n\t\t<div class=\"elementor-element elementor-element-85f1157 e-con-full e-flex cut-corner-no sticky-container-off e-con e-child\" data-id=\"85f1157\" data-element_type=\"container\" data-e-type=\"container\" data-settings=\"{&quot;background_background&quot;:&quot;classic&quot;}\">\n\t\t\t\t<div class=\"elementor-element elementor-element-0952d92 elementor-widget-divider--view-line elementor-widget elementor-widget-divider\" data-id=\"0952d92\" data-element_type=\"widget\" data-e-type=\"widget\" data-widget_type=\"divider.default\">\n\t\t\t\t\t\t\t<div class=\"elementor-divider\">\n\t\t\t<span class=\"elementor-divider-separator\">\n\t\t\t\t\t\t<\/span>\n\t\t<\/div>\n\t\t\t\t\t\t<\/div>\n\t\t\t\t<div class=\"elementor-element elementor-element-f41a336 elementor-widget__width-initial elementor-widget elementor-widget-logico_heading\" data-id=\"f41a336\" data-element_type=\"widget\" data-e-type=\"widget\" data-widget_type=\"logico_heading.default\">\n\t\t\t\t<div class=\"elementor-widget-container\">\n\t\t\t\t\t<h5 class=\"logico-title\">Do you require a special service that is not listed here?\n<\/h5>\t\t\t\t<\/div>\n\t\t\t\t<\/div>\n\t\t\t\t<div class=\"elementor-element elementor-element-4541abd elementor-widget elementor-widget-logico_button\" data-id=\"4541abd\" data-element_type=\"widget\" data-e-type=\"widget\" data-widget_type=\"logico_button.default\">\n\t\t\t\t<div class=\"elementor-widget-container\">\n\t\t\t\t\t\n        <div class=\"button-widget\">\n            <div class=\"button-container\">\n                <a href=\"https:\/\/tecnomedida.com\/en\/contacts\/\" target=\"_blank\" class=\"logico-small-button\">\n                    Contact us<svg viewbox=\"0 0 13 20\"><polyline points=\"0.5 19.5 3 19.5 12.5 10 3 0.5\"><\/polyline><\/svg>                <\/a>\n            <\/div>\n        <\/div>\n        \t\t\t\t<\/div>\n\t\t\t\t<\/div>\n\t\t\t\t<\/div>\n\t\t\t\t<\/div>\n\t\t\t\t\t<\/div>\n\t\t\t\t<\/div>\n\t\t\t\t<\/div>","protected":false},"excerpt":{"rendered":"<p>El an\u00e1lisis de calidad de energ\u00eda implica la instalaci\u00f3n de equipos de monitoreo y medici\u00f3n, adem\u00e1s de analizadores de calidad de energ\u00eda para registrar y analizar estos par\u00e1metros. Los resultados del an\u00e1lisis pueden utilizarse para identificar problemas en la red el\u00e9ctrica,&#8230;<\/p>","protected":false},"author":2,"featured_media":0,"parent":11120,"menu_order":0,"comment_status":"closed","ping_status":"closed","template":"","meta":{"content-type":"","_monsterinsights_skip_tracking":false,"_monsterinsights_sitenote_active":false,"_monsterinsights_sitenote_note":"","_monsterinsights_sitenote_category":0,"footnotes":""},"class_list":["post-11994","page","type-page","status-publish","hentry"],"aioseo_notices":[],"_hostinger_reach_plugin_has_subscription_block":false,"_hostinger_reach_plugin_is_elementor":false,"_links":{"self":[{"href":"https:\/\/tecnomedida.com\/en\/wp-json\/wp\/v2\/pages\/11994","targetHints":{"allow":["GET"]}}],"collection":[{"href":"https:\/\/tecnomedida.com\/en\/wp-json\/wp\/v2\/pages"}],"about":[{"href":"https:\/\/tecnomedida.com\/en\/wp-json\/wp\/v2\/types\/page"}],"author":[{"embeddable":true,"href":"https:\/\/tecnomedida.com\/en\/wp-json\/wp\/v2\/users\/2"}],"replies":[{"embeddable":true,"href":"https:\/\/tecnomedida.com\/en\/wp-json\/wp\/v2\/comments?post=11994"}],"version-history":[{"count":4,"href":"https:\/\/tecnomedida.com\/en\/wp-json\/wp\/v2\/pages\/11994\/revisions"}],"predecessor-version":[{"id":12000,"href":"https:\/\/tecnomedida.com\/en\/wp-json\/wp\/v2\/pages\/11994\/revisions\/12000"}],"up":[{"embeddable":true,"href":"https:\/\/tecnomedida.com\/en\/wp-json\/wp\/v2\/pages\/11120"}],"wp:attachment":[{"href":"https:\/\/tecnomedida.com\/en\/wp-json\/wp\/v2\/media?parent=11994"}],"curies":[{"name":"wp","href":"https:\/\/api.w.org\/{rel}","templated":true}]}}