{"id":11977,"date":"2026-01-29T03:09:36","date_gmt":"2026-01-29T03:09:36","guid":{"rendered":"https:\/\/tecnomedida.com\/?page_id=11977"},"modified":"2026-02-12T22:18:05","modified_gmt":"2026-02-12T22:18:05","slug":"termografia","status":"publish","type":"page","link":"https:\/\/tecnomedida.com\/en\/servicios\/estudios-y-mediciones\/termografia\/","title":{"rendered":"thermography"},"content":{"rendered":"<div data-elementor-type=\"wp-page\" data-elementor-id=\"11977\" class=\"elementor elementor-11977\">\n\t\t\t\t<div class=\"elementor-element elementor-element-3f87284 e-flex e-con-boxed cut-corner-no sticky-container-off e-con e-parent\" data-id=\"3f87284\" data-element_type=\"container\" data-e-type=\"container\">\n\t\t\t\t\t<div class=\"e-con-inner\">\n\t\t<div class=\"elementor-element elementor-element-052281e e-con-full e-grid cut-corner-no sticky-container-off e-con e-child\" data-id=\"052281e\" data-element_type=\"container\" data-e-type=\"container\">\n\t\t<div class=\"elementor-element elementor-element-f51c9b9 e-con-full e-flex cut-corner-no sticky-container-off e-con e-child\" data-id=\"f51c9b9\" data-element_type=\"container\" data-e-type=\"container\">\n\t\t\t\t<div class=\"elementor-element elementor-element-f7f4980 elementor-invisible elementor-widget elementor-widget-logico_heading\" data-id=\"f7f4980\" data-element_type=\"widget\" data-e-type=\"widget\" data-settings=\"{&quot;_animation&quot;:&quot;logico_heading_animation&quot;}\" data-widget_type=\"logico_heading.default\">\n\t\t\t\t<div class=\"elementor-widget-container\">\n\t\t\t\t\t<h3 class=\"logico-title\">Thermography with\/without drone\n<\/h3>\t\t\t\t<\/div>\n\t\t\t\t<\/div>\n\t\t\t\t<\/div>\n\t\t<div class=\"elementor-element elementor-element-b40e4c5 e-con-full e-flex cut-corner-no sticky-container-off e-con e-child\" data-id=\"b40e4c5\" data-element_type=\"container\" data-e-type=\"container\">\n\t\t\t\t<div class=\"elementor-element elementor-element-af3f9fc elementor-widget__width-initial elementor-widget elementor-widget-text-editor\" data-id=\"af3f9fc\" data-element_type=\"widget\" data-e-type=\"widget\" data-widget_type=\"text-editor.default\">\n\t\t\t\t\t\t\t\t\t<p>Thermography can be performed with or without the use of drones, and each approach has its own advantages and considerations.<\/p><p>In electrical systems, it is used to identify faulty electrical connections, hot spots, and imbalances in electrical systems.<\/p><p>It is important to remember that, with or without the use of drones, accurate interpretation of thermographic images requires knowledge and experience in the technique. In both cases, the choice between using a drone or performing manual inspections will depend on factors such as the scope of the project, accessibility, efficiency, and available resources.<\/p>\t\t\t\t\t\t\t\t<\/div>\n\t\t\t\t<\/div>\n\t\t\t\t<\/div>\n\t\t\t\t\t<\/div>\n\t\t\t\t<\/div>\n\t\t<div class=\"elementor-element elementor-element-a35191c e-flex e-con-boxed cut-corner-no sticky-container-off e-con e-parent\" data-id=\"a35191c\" data-element_type=\"container\" data-e-type=\"container\" data-settings=\"{&quot;background_background&quot;:&quot;classic&quot;}\">\n\t\t\t\t\t<div class=\"e-con-inner\">\n\t\t<div class=\"elementor-element elementor-element-24624f1 e-con-full e-flex cut-corner-no sticky-container-off e-con e-child\" data-id=\"24624f1\" data-element_type=\"container\" data-e-type=\"container\">\n\t\t<div class=\"elementor-element elementor-element-38395c0 e-con-full e-flex cut-corner-no sticky-container-off e-con e-child\" data-id=\"38395c0\" data-element_type=\"container\" data-e-type=\"container\" data-settings=\"{&quot;background_background&quot;:&quot;classic&quot;}\">\n\t\t\t\t<div class=\"elementor-element elementor-element-f67a7f0 elementor-widget elementor-widget-logico_heading\" data-id=\"f67a7f0\" data-element_type=\"widget\" data-e-type=\"widget\" data-widget_type=\"logico_heading.default\">\n\t\t\t\t<div class=\"elementor-widget-container\">\n\t\t\t\t\t<h5 class=\"logico-title\">Detecci\u00f3n de Arcos\n<\/h5>\t\t\t\t<\/div>\n\t\t\t\t<\/div>\n\t\t\t\t<div class=\"elementor-element elementor-element-a66dcb3 elementor-widget-divider--view-line elementor-widget elementor-widget-divider\" data-id=\"a66dcb3\" data-element_type=\"widget\" data-e-type=\"widget\" data-widget_type=\"divider.default\">\n\t\t\t\t\t\t\t<div class=\"elementor-divider\">\n\t\t\t<span class=\"elementor-divider-separator\">\n\t\t\t\t\t\t<\/span>\n\t\t<\/div>\n\t\t\t\t\t\t<\/div>\n\t\t\t\t<\/div>\n\t\t\t\t<\/div>\n\t\t<div class=\"elementor-element elementor-element-0ecb2a9 e-con-full e-flex cut-corner-no sticky-container-off e-con e-child\" data-id=\"0ecb2a9\" data-element_type=\"container\" data-e-type=\"container\">\n\t\t\t\t<div class=\"elementor-element elementor-element-bd9c63e elementor-widget elementor-widget-text-editor\" data-id=\"bd9c63e\" data-element_type=\"widget\" data-e-type=\"widget\" data-widget_type=\"text-editor.default\">\n\t\t\t\t\t\t\t\t\t<p><strong>Thermography without a drone:<\/strong><\/p><ul><li>Portable Thermal Imaging Cameras.\u00a0<\/li><li>Inspections of substations, buildings, and infrastructure.\u00a0\u00a0<\/li><\/ul>\t\t\t\t\t\t\t\t<\/div>\n\t\t\t\t<\/div>\n\t\t\t\t\t<\/div>\n\t\t\t\t<\/div>\n\t\t<div class=\"elementor-element elementor-element-9c874ba e-flex e-con-boxed cut-corner-no sticky-container-off e-con e-parent\" data-id=\"9c874ba\" data-element_type=\"container\" data-e-type=\"container\" data-settings=\"{&quot;background_background&quot;:&quot;classic&quot;}\">\n\t\t\t\t\t<div class=\"e-con-inner\">\n\t\t<div class=\"elementor-element elementor-element-d2659c7 e-con-full e-flex cut-corner-no sticky-container-off e-con e-child\" data-id=\"d2659c7\" data-element_type=\"container\" data-e-type=\"container\">\n\t\t<div class=\"elementor-element elementor-element-0f86e05 e-con-full e-flex cut-corner-no sticky-container-off e-con e-child\" data-id=\"0f86e05\" data-element_type=\"container\" data-e-type=\"container\" data-settings=\"{&quot;background_background&quot;:&quot;classic&quot;}\">\n\t\t\t\t<div class=\"elementor-element elementor-element-2a5da47 elementor-widget elementor-widget-logico_heading\" data-id=\"2a5da47\" data-element_type=\"widget\" data-e-type=\"widget\" data-widget_type=\"logico_heading.default\">\n\t\t\t\t<div class=\"elementor-widget-container\">\n\t\t\t\t\t<h5 class=\"logico-title\">Thermography with Drones:\n<\/h5>\t\t\t\t<\/div>\n\t\t\t\t<\/div>\n\t\t\t\t<div class=\"elementor-element elementor-element-2fb4663 elementor-widget-divider--view-line elementor-widget elementor-widget-divider\" data-id=\"2fb4663\" data-element_type=\"widget\" data-e-type=\"widget\" data-widget_type=\"divider.default\">\n\t\t\t\t\t\t\t<div class=\"elementor-divider\">\n\t\t\t<span class=\"elementor-divider-separator\">\n\t\t\t\t\t\t<\/span>\n\t\t<\/div>\n\t\t\t\t\t\t<\/div>\n\t\t\t\t<\/div>\n\t\t\t\t<\/div>\n\t\t<div class=\"elementor-element elementor-element-5fe1581 e-con-full e-flex cut-corner-no sticky-container-off e-con e-child\" data-id=\"5fe1581\" data-element_type=\"container\" data-e-type=\"container\">\n\t\t\t\t<div class=\"elementor-element elementor-element-349139c elementor-widget elementor-widget-text-editor\" data-id=\"349139c\" data-element_type=\"widget\" data-e-type=\"widget\" data-widget_type=\"text-editor.default\">\n\t\t\t\t\t\t\t\t\t<p><strong>Thermography with Drones:<\/strong><\/p><ul><li><strong>Greater Coverage and Access:<\/strong>\u00a0Drones allow easier access to hard-to-reach areas such as roofs, tall facades, communication towers, and power lines.<\/li><li><strong>Large Area Inspections:<\/strong>\u00a0In large-scale projects, such as solar farms, wind farms, or extensive infrastructure, drones can inspect large areas in less time than ground inspections.<\/li><li><strong>Safety and Efficiency:<\/strong>\u00a0Using drones instead of conducting manual inspections in dangerous locations, such as steep roofs or elevated structures, can increase the safety of inspectors.<\/li><li><strong>Thermal Mapping:<\/strong>\u00a0Drones can perform thermal mapping of entire areas, providing a panoramic view of temperature variations.<\/li><li><strong>Inspections in Natural Disasters:<\/strong>\u00a0After natural disasters such as earthquakes or fires, drones equipped with thermal imaging cameras can help assess damage and locate potential hot spots.<\/li><\/ul>\t\t\t\t\t\t\t\t<\/div>\n\t\t\t\t<\/div>\n\t\t\t\t\t<\/div>\n\t\t\t\t<\/div>\n\t\t<div class=\"elementor-element elementor-element-d922ddf e-flex e-con-boxed cut-corner-no sticky-container-off e-con e-parent\" data-id=\"d922ddf\" data-element_type=\"container\" data-e-type=\"container\">\n\t\t\t\t\t<div class=\"e-con-inner\">\n\t\t\t\t<div class=\"elementor-element elementor-element-efe9673 elementor-widget elementor-widget-spacer\" data-id=\"efe9673\" data-element_type=\"widget\" data-e-type=\"widget\" data-widget_type=\"spacer.default\">\n\t\t\t\t\t\t\t<div class=\"elementor-spacer\">\n\t\t\t<div class=\"elementor-spacer-inner\"><\/div>\n\t\t<\/div>\n\t\t\t\t\t\t<\/div>\n\t\t\t\t\t<\/div>\n\t\t\t\t<\/div>\n\t\t<div class=\"elementor-element elementor-element-883e7c7 e-flex e-con-boxed cut-corner-no sticky-container-off e-con e-parent\" data-id=\"883e7c7\" data-element_type=\"container\" data-e-type=\"container\">\n\t\t\t\t\t<div class=\"e-con-inner\">\n\t\t<div class=\"elementor-element elementor-element-d293d3d e-con-full e-flex cut-corner-no sticky-container-off e-con e-child\" data-id=\"d293d3d\" data-element_type=\"container\" data-e-type=\"container\">\n\t\t<div class=\"elementor-element elementor-element-85f1157 e-con-full e-flex cut-corner-no sticky-container-off e-con e-child\" data-id=\"85f1157\" data-element_type=\"container\" data-e-type=\"container\" data-settings=\"{&quot;background_background&quot;:&quot;classic&quot;}\">\n\t\t\t\t<div class=\"elementor-element elementor-element-0952d92 elementor-widget-divider--view-line elementor-widget elementor-widget-divider\" data-id=\"0952d92\" data-element_type=\"widget\" data-e-type=\"widget\" data-widget_type=\"divider.default\">\n\t\t\t\t\t\t\t<div class=\"elementor-divider\">\n\t\t\t<span class=\"elementor-divider-separator\">\n\t\t\t\t\t\t<\/span>\n\t\t<\/div>\n\t\t\t\t\t\t<\/div>\n\t\t\t\t<div class=\"elementor-element elementor-element-f41a336 elementor-widget__width-initial elementor-widget elementor-widget-logico_heading\" data-id=\"f41a336\" data-element_type=\"widget\" data-e-type=\"widget\" data-widget_type=\"logico_heading.default\">\n\t\t\t\t<div class=\"elementor-widget-container\">\n\t\t\t\t\t<h5 class=\"logico-title\">Do you require a special service that is not listed here?\n<\/h5>\t\t\t\t<\/div>\n\t\t\t\t<\/div>\n\t\t\t\t<div class=\"elementor-element elementor-element-4541abd elementor-widget elementor-widget-logico_button\" data-id=\"4541abd\" data-element_type=\"widget\" data-e-type=\"widget\" data-widget_type=\"logico_button.default\">\n\t\t\t\t<div class=\"elementor-widget-container\">\n\t\t\t\t\t\n        <div class=\"button-widget\">\n            <div class=\"button-container\">\n                <a href=\"https:\/\/tecnomedida.com\/en\/contacts\/\" target=\"_blank\" class=\"logico-small-button\">\n                    Contact us<svg viewbox=\"0 0 13 20\"><polyline points=\"0.5 19.5 3 19.5 12.5 10 3 0.5\"><\/polyline><\/svg>                <\/a>\n            <\/div>\n        <\/div>\n        \t\t\t\t<\/div>\n\t\t\t\t<\/div>\n\t\t\t\t<\/div>\n\t\t\t\t<\/div>\n\t\t\t\t\t<\/div>\n\t\t\t\t<\/div>\n\t\t\t\t<\/div>","protected":false},"excerpt":{"rendered":"<p>La termograf\u00eda puede llevarse a cabo con o sin el uso de drones y cada enfoque tiene sus propias ventajas y consideraciones. En Sistemas El\u00e9ctricos, se emplea para identificar conexiones el\u00e9ctricas defectuosas, puntos calientes y desequilibrios en sistemas el\u00e9ctricos. Es importante&#8230;<\/p>","protected":false},"author":2,"featured_media":0,"parent":11120,"menu_order":0,"comment_status":"closed","ping_status":"closed","template":"","meta":{"content-type":"","_monsterinsights_skip_tracking":false,"_monsterinsights_sitenote_active":false,"_monsterinsights_sitenote_note":"","_monsterinsights_sitenote_category":0,"footnotes":""},"class_list":["post-11977","page","type-page","status-publish","hentry"],"aioseo_notices":[],"_hostinger_reach_plugin_has_subscription_block":false,"_hostinger_reach_plugin_is_elementor":false,"_links":{"self":[{"href":"https:\/\/tecnomedida.com\/en\/wp-json\/wp\/v2\/pages\/11977","targetHints":{"allow":["GET"]}}],"collection":[{"href":"https:\/\/tecnomedida.com\/en\/wp-json\/wp\/v2\/pages"}],"about":[{"href":"https:\/\/tecnomedida.com\/en\/wp-json\/wp\/v2\/types\/page"}],"author":[{"embeddable":true,"href":"https:\/\/tecnomedida.com\/en\/wp-json\/wp\/v2\/users\/2"}],"replies":[{"embeddable":true,"href":"https:\/\/tecnomedida.com\/en\/wp-json\/wp\/v2\/comments?post=11977"}],"version-history":[{"count":13,"href":"https:\/\/tecnomedida.com\/en\/wp-json\/wp\/v2\/pages\/11977\/revisions"}],"predecessor-version":[{"id":12945,"href":"https:\/\/tecnomedida.com\/en\/wp-json\/wp\/v2\/pages\/11977\/revisions\/12945"}],"up":[{"embeddable":true,"href":"https:\/\/tecnomedida.com\/en\/wp-json\/wp\/v2\/pages\/11120"}],"wp:attachment":[{"href":"https:\/\/tecnomedida.com\/en\/wp-json\/wp\/v2\/media?parent=11977"}],"curies":[{"name":"wp","href":"https:\/\/api.w.org\/{rel}","templated":true}]}}