{"id":11927,"date":"2026-01-28T21:28:36","date_gmt":"2026-01-28T21:28:36","guid":{"rendered":"https:\/\/tecnomedida.com\/?page_id=11927"},"modified":"2026-02-20T16:05:19","modified_gmt":"2026-02-20T16:05:19","slug":"ultrasonido","status":"publish","type":"page","link":"https:\/\/tecnomedida.com\/en\/servicios\/estudios-y-mediciones\/ultrasonido\/","title":{"rendered":"Ultrasound"},"content":{"rendered":"<div data-elementor-type=\"wp-page\" data-elementor-id=\"11927\" class=\"elementor elementor-11927\">\n\t\t\t\t<div class=\"elementor-element elementor-element-3f87284 e-flex e-con-boxed cut-corner-no sticky-container-off e-con e-parent\" data-id=\"3f87284\" data-element_type=\"container\" data-e-type=\"container\">\n\t\t\t\t\t<div class=\"e-con-inner\">\n\t\t<div class=\"elementor-element elementor-element-052281e e-con-full e-grid cut-corner-no sticky-container-off e-con e-child\" data-id=\"052281e\" data-element_type=\"container\" data-e-type=\"container\">\n\t\t<div class=\"elementor-element elementor-element-f51c9b9 e-con-full e-flex cut-corner-no sticky-container-off e-con e-child\" data-id=\"f51c9b9\" data-element_type=\"container\" data-e-type=\"container\">\n\t\t\t\t<div class=\"elementor-element elementor-element-f7f4980 elementor-invisible elementor-widget elementor-widget-logico_heading\" data-id=\"f7f4980\" data-element_type=\"widget\" data-e-type=\"widget\" data-settings=\"{&quot;_animation&quot;:&quot;logico_heading_animation&quot;}\" data-widget_type=\"logico_heading.default\">\n\t\t\t\t<div class=\"elementor-widget-container\">\n\t\t\t\t\t<h3 class=\"logico-title\">Powerful technique for identifying emerging problems in electrical equipment.\n<\/h3>\t\t\t\t<\/div>\n\t\t\t\t<\/div>\n\t\t\t\t<\/div>\n\t\t<div class=\"elementor-element elementor-element-b40e4c5 e-con-full e-flex cut-corner-no sticky-container-off e-con e-child\" data-id=\"b40e4c5\" data-element_type=\"container\" data-e-type=\"container\">\n\t\t\t\t<div class=\"elementor-element elementor-element-af3f9fc elementor-widget__width-initial elementor-widget elementor-widget-text-editor\" data-id=\"af3f9fc\" data-element_type=\"widget\" data-e-type=\"widget\" data-widget_type=\"text-editor.default\">\n\t\t\t\t\t\t\t\t\t<p>Ultrasound is used in electrical maintenance as a technique for detecting problems in electrical equipment and systems. This technique is based on the detection of ultrasonic sounds generated by electrical equipment in operation, which can indicate problems such as electric arcs, partial discharges, gas leaks, and other defects.<\/p>\t\t\t\t\t\t\t\t<\/div>\n\t\t\t\t<\/div>\n\t\t\t\t<\/div>\n\t\t\t\t\t<\/div>\n\t\t\t\t<\/div>\n\t\t<div class=\"elementor-element elementor-element-a35191c e-flex e-con-boxed cut-corner-no sticky-container-off e-con e-parent\" data-id=\"a35191c\" data-element_type=\"container\" data-e-type=\"container\" data-settings=\"{&quot;background_background&quot;:&quot;classic&quot;}\">\n\t\t\t\t\t<div class=\"e-con-inner\">\n\t\t<div class=\"elementor-element elementor-element-24624f1 e-con-full e-flex cut-corner-no sticky-container-off e-con e-child\" data-id=\"24624f1\" data-element_type=\"container\" data-e-type=\"container\">\n\t\t<div class=\"elementor-element elementor-element-38395c0 e-con-full e-flex cut-corner-no sticky-container-off e-con e-child\" data-id=\"38395c0\" data-element_type=\"container\" data-e-type=\"container\" data-settings=\"{&quot;background_background&quot;:&quot;classic&quot;}\">\n\t\t\t\t<div class=\"elementor-element elementor-element-f67a7f0 elementor-widget elementor-widget-logico_heading\" data-id=\"f67a7f0\" data-element_type=\"widget\" data-e-type=\"widget\" data-widget_type=\"logico_heading.default\">\n\t\t\t\t<div class=\"elementor-widget-container\">\n\t\t\t\t\t<h5 class=\"logico-title\">Descarga Parcial\n<\/h5>\t\t\t\t<\/div>\n\t\t\t\t<\/div>\n\t\t\t\t<div class=\"elementor-element elementor-element-a66dcb3 elementor-widget-divider--view-line elementor-widget elementor-widget-divider\" data-id=\"a66dcb3\" data-element_type=\"widget\" data-e-type=\"widget\" data-widget_type=\"divider.default\">\n\t\t\t\t\t\t\t<div class=\"elementor-divider\">\n\t\t\t<span class=\"elementor-divider-separator\">\n\t\t\t\t\t\t<\/span>\n\t\t<\/div>\n\t\t\t\t\t\t<\/div>\n\t\t\t\t<\/div>\n\t\t\t\t<\/div>\n\t\t<div class=\"elementor-element elementor-element-0ecb2a9 e-con-full e-flex cut-corner-no sticky-container-off e-con e-child\" data-id=\"0ecb2a9\" data-element_type=\"container\" data-e-type=\"container\">\n\t\t\t\t<div class=\"elementor-element elementor-element-bd9c63e elementor-widget elementor-widget-text-editor\" data-id=\"bd9c63e\" data-element_type=\"widget\" data-e-type=\"widget\" data-widget_type=\"text-editor.default\">\n\t\t\t\t\t\t\t\t\t<ul><li><strong>Detection of Electric Arcs and Partial Discharges<\/strong>: Pueden generar ruidos ultras\u00f3nicos que no son audibles para el o\u00eddo humano. Los dispositivos de ultrasonido pueden captar estos sonidos y convertirlos en se\u00f1ales detectables, permitiendo a los t\u00e9cnicos identificar problemas antes de que se conviertan en fallas graves.<\/li><li><strong>Gas leaks:<\/strong>\u00a0in electrical equipment that uses insulating gases. Ultrasound can detect gas leaks by picking up the sounds generated by the flow of gas.<\/li><li><strong>Detection of Abnormal Vibrations:<\/strong>\u00a0Electrical components in poor condition can generate abnormal vibrations that produce ultrasound.<\/li><\/ul>\t\t\t\t\t\t\t\t<\/div>\n\t\t\t\t<\/div>\n\t\t\t\t\t<\/div>\n\t\t\t\t<\/div>\n\t\t<div class=\"elementor-element elementor-element-9c874ba e-flex e-con-boxed cut-corner-no sticky-container-off e-con e-parent\" data-id=\"9c874ba\" data-element_type=\"container\" data-e-type=\"container\" data-settings=\"{&quot;background_background&quot;:&quot;classic&quot;}\">\n\t\t\t\t\t<div class=\"e-con-inner\">\n\t\t<div class=\"elementor-element elementor-element-d2659c7 e-con-full e-flex cut-corner-no sticky-container-off e-con e-child\" data-id=\"d2659c7\" data-element_type=\"container\" data-e-type=\"container\">\n\t\t<div class=\"elementor-element elementor-element-0f86e05 e-con-full e-flex cut-corner-no sticky-container-off e-con e-child\" data-id=\"0f86e05\" data-element_type=\"container\" data-e-type=\"container\" data-settings=\"{&quot;background_background&quot;:&quot;classic&quot;}\">\n\t\t\t\t<div class=\"elementor-element elementor-element-2a5da47 elementor-widget elementor-widget-logico_heading\" data-id=\"2a5da47\" data-element_type=\"widget\" data-e-type=\"widget\" data-widget_type=\"logico_heading.default\">\n\t\t\t\t<div class=\"elementor-widget-container\">\n\t\t\t\t\t<h5 class=\"logico-title\">Mantenimiento Predictivo\n<\/h5>\t\t\t\t<\/div>\n\t\t\t\t<\/div>\n\t\t\t\t<div class=\"elementor-element elementor-element-2fb4663 elementor-widget-divider--view-line elementor-widget elementor-widget-divider\" data-id=\"2fb4663\" data-element_type=\"widget\" data-e-type=\"widget\" data-widget_type=\"divider.default\">\n\t\t\t\t\t\t\t<div class=\"elementor-divider\">\n\t\t\t<span class=\"elementor-divider-separator\">\n\t\t\t\t\t\t<\/span>\n\t\t<\/div>\n\t\t\t\t\t\t<\/div>\n\t\t\t\t<\/div>\n\t\t\t\t<\/div>\n\t\t<div class=\"elementor-element elementor-element-5fe1581 e-con-full e-flex cut-corner-no sticky-container-off e-con e-child\" data-id=\"5fe1581\" data-element_type=\"container\" data-e-type=\"container\">\n\t\t\t\t<div class=\"elementor-element elementor-element-349139c elementor-widget elementor-widget-text-editor\" data-id=\"349139c\" data-element_type=\"widget\" data-e-type=\"widget\" data-widget_type=\"text-editor.default\">\n\t\t\t\t\t\t\t\t\t<ul><li><strong>Non-invasive inspection:<\/strong>\u00a0Ultrasound allows for non-invasive inspections. Technicians do not need to disassemble equipment to perform these tests, saving downtime.<\/li><li><strong>Predictive Maintenance:<\/strong>\u00a0Early detection of problems using ultrasound allows predictive maintenance strategies to be implemented. This helps to avoid unplanned downtime and extend the service life of equipment.<\/li><li><strong>Training and Technical Knowledge:<\/strong>\u00a0Technicians who use ultrasound for electrical maintenance require training to properly interpret the data collected and make informed decisions.<\/li><\/ul>\t\t\t\t\t\t\t\t<\/div>\n\t\t\t\t<\/div>\n\t\t\t\t\t<\/div>\n\t\t\t\t<\/div>\n\t\t<div class=\"elementor-element elementor-element-d922ddf e-flex e-con-boxed cut-corner-no sticky-container-off e-con e-parent\" data-id=\"d922ddf\" data-element_type=\"container\" data-e-type=\"container\">\n\t\t\t\t\t<div class=\"e-con-inner\">\n\t\t\t\t<div class=\"elementor-element elementor-element-efe9673 elementor-widget elementor-widget-spacer\" data-id=\"efe9673\" data-element_type=\"widget\" data-e-type=\"widget\" data-widget_type=\"spacer.default\">\n\t\t\t\t\t\t\t<div class=\"elementor-spacer\">\n\t\t\t<div class=\"elementor-spacer-inner\"><\/div>\n\t\t<\/div>\n\t\t\t\t\t\t<\/div>\n\t\t\t\t\t<\/div>\n\t\t\t\t<\/div>\n\t\t<div class=\"elementor-element elementor-element-883e7c7 e-flex e-con-boxed cut-corner-no sticky-container-off e-con e-parent\" data-id=\"883e7c7\" data-element_type=\"container\" data-e-type=\"container\">\n\t\t\t\t\t<div class=\"e-con-inner\">\n\t\t<div class=\"elementor-element elementor-element-d293d3d e-con-full e-flex cut-corner-no sticky-container-off e-con e-child\" data-id=\"d293d3d\" data-element_type=\"container\" data-e-type=\"container\">\n\t\t<div class=\"elementor-element elementor-element-85f1157 e-con-full e-flex cut-corner-no sticky-container-off e-con e-child\" data-id=\"85f1157\" data-element_type=\"container\" data-e-type=\"container\" data-settings=\"{&quot;background_background&quot;:&quot;classic&quot;}\">\n\t\t\t\t<div class=\"elementor-element elementor-element-0952d92 elementor-widget-divider--view-line elementor-widget elementor-widget-divider\" data-id=\"0952d92\" data-element_type=\"widget\" data-e-type=\"widget\" data-widget_type=\"divider.default\">\n\t\t\t\t\t\t\t<div class=\"elementor-divider\">\n\t\t\t<span class=\"elementor-divider-separator\">\n\t\t\t\t\t\t<\/span>\n\t\t<\/div>\n\t\t\t\t\t\t<\/div>\n\t\t\t\t<div class=\"elementor-element elementor-element-f41a336 elementor-widget__width-initial elementor-widget elementor-widget-logico_heading\" data-id=\"f41a336\" data-element_type=\"widget\" data-e-type=\"widget\" data-widget_type=\"logico_heading.default\">\n\t\t\t\t<div class=\"elementor-widget-container\">\n\t\t\t\t\t<h5 class=\"logico-title\">Do you require a special service that is not listed here?\n<\/h5>\t\t\t\t<\/div>\n\t\t\t\t<\/div>\n\t\t\t\t<div class=\"elementor-element elementor-element-4541abd elementor-widget elementor-widget-logico_button\" data-id=\"4541abd\" data-element_type=\"widget\" data-e-type=\"widget\" data-widget_type=\"logico_button.default\">\n\t\t\t\t<div class=\"elementor-widget-container\">\n\t\t\t\t\t\n        <div class=\"button-widget\">\n            <div class=\"button-container\">\n                <a href=\"https:\/\/tecnomedida.com\/en\/contacts\/\" target=\"_blank\" class=\"logico-small-button\">\n                    Contact us<svg viewbox=\"0 0 13 20\"><polyline points=\"0.5 19.5 3 19.5 12.5 10 3 0.5\"><\/polyline><\/svg>                <\/a>\n            <\/div>\n        <\/div>\n        \t\t\t\t<\/div>\n\t\t\t\t<\/div>\n\t\t\t\t<\/div>\n\t\t\t\t<\/div>\n\t\t\t\t\t<\/div>\n\t\t\t\t<\/div>\n\t\t\t\t<\/div>","protected":false},"excerpt":{"rendered":"<p>El ultrasonido se utiliza en el mantenimiento el\u00e9ctrico como una t\u00e9cnica de detecci\u00f3n de problemas en equipos y sistemas el\u00e9ctricos. Esta t\u00e9cnica se basa en la detecci\u00f3n de sonidos ultras\u00f3nicos generados por equipos el\u00e9ctricos en funcionamiento, que pueden indicar problemas como&#8230;<\/p>","protected":false},"author":2,"featured_media":0,"parent":11120,"menu_order":0,"comment_status":"closed","ping_status":"closed","template":"","meta":{"content-type":"","_monsterinsights_skip_tracking":false,"_monsterinsights_sitenote_active":false,"_monsterinsights_sitenote_note":"","_monsterinsights_sitenote_category":0,"footnotes":""},"class_list":["post-11927","page","type-page","status-publish","hentry"],"aioseo_notices":[],"_hostinger_reach_plugin_has_subscription_block":false,"_hostinger_reach_plugin_is_elementor":false,"_links":{"self":[{"href":"https:\/\/tecnomedida.com\/en\/wp-json\/wp\/v2\/pages\/11927","targetHints":{"allow":["GET"]}}],"collection":[{"href":"https:\/\/tecnomedida.com\/en\/wp-json\/wp\/v2\/pages"}],"about":[{"href":"https:\/\/tecnomedida.com\/en\/wp-json\/wp\/v2\/types\/page"}],"author":[{"embeddable":true,"href":"https:\/\/tecnomedida.com\/en\/wp-json\/wp\/v2\/users\/2"}],"replies":[{"embeddable":true,"href":"https:\/\/tecnomedida.com\/en\/wp-json\/wp\/v2\/comments?post=11927"}],"version-history":[{"count":40,"href":"https:\/\/tecnomedida.com\/en\/wp-json\/wp\/v2\/pages\/11927\/revisions"}],"predecessor-version":[{"id":13246,"href":"https:\/\/tecnomedida.com\/en\/wp-json\/wp\/v2\/pages\/11927\/revisions\/13246"}],"up":[{"embeddable":true,"href":"https:\/\/tecnomedida.com\/en\/wp-json\/wp\/v2\/pages\/11120"}],"wp:attachment":[{"href":"https:\/\/tecnomedida.com\/en\/wp-json\/wp\/v2\/media?parent=11927"}],"curies":[{"name":"wp","href":"https:\/\/api.w.org\/{rel}","templated":true}]}}