{"id":11725,"date":"2026-01-28T01:45:07","date_gmt":"2026-01-28T01:45:07","guid":{"rendered":"https:\/\/tecnomedida.com\/?page_id=11725"},"modified":"2026-02-20T00:49:47","modified_gmt":"2026-02-20T00:49:47","slug":"aliados-comerciales-tecnomedida","status":"publish","type":"page","link":"https:\/\/tecnomedida.com\/en\/aliados-comerciales-tecnomedida\/","title":{"rendered":"technomedida business partners"},"content":{"rendered":"<div data-elementor-type=\"wp-page\" data-elementor-id=\"11725\" class=\"elementor elementor-11725\">\n\t\t\t\t<div class=\"elementor-element elementor-element-156f645 e-flex e-con-boxed cut-corner-no sticky-container-off e-con e-parent\" data-id=\"156f645\" data-element_type=\"container\" data-e-type=\"container\">\n\t\t\t\t\t<div class=\"e-con-inner\">\n\t\t<div class=\"elementor-element elementor-element-ab66559 e-con-full e-flex cut-corner-no sticky-container-off e-con e-child\" data-id=\"ab66559\" data-element_type=\"container\" data-e-type=\"container\">\n\t\t\t\t<div class=\"elementor-element elementor-element-7da5231 elementor-widget elementor-widget-logico_heading\" data-id=\"7da5231\" data-element_type=\"widget\" data-e-type=\"widget\" data-widget_type=\"logico_heading.default\">\n\t\t\t\t<div class=\"elementor-widget-container\">\n\t\t\t\t\t<h2 class=\"logico-title\">Strengthening the quality of our electrical tests\n<\/h2>\t\t\t\t<\/div>\n\t\t\t\t<\/div>\n\t\t\t\t<\/div>\n\t\t<div class=\"elementor-element elementor-element-bac5454 e-con-full e-flex cut-corner-no sticky-container-off e-con e-child\" data-id=\"bac5454\" data-element_type=\"container\" data-e-type=\"container\">\n\t\t\t\t<div class=\"elementor-element elementor-element-507fa2e elementor-widget elementor-widget-text-editor\" data-id=\"507fa2e\" data-element_type=\"widget\" data-e-type=\"widget\" data-widget_type=\"text-editor.default\">\n\t\t\t\t\t\t\t\t\t<p>At Tecnomedida, we believe in the power of collaboration. Our partners are leading technology and service companies that share our commitment to quality and excellence. Together, we ensure that every electrical test meets the highest standards, guaranteeing safety and efficiency in every project.<\/p>\t\t\t\t\t\t\t\t<\/div>\n\t\t\t\t<\/div>\n\t\t\t\t\t<\/div>\n\t\t\t\t<\/div>\n\t\t<div class=\"elementor-element elementor-element-ac28d9b e-flex e-con-boxed cut-corner-no sticky-container-off e-con e-parent\" data-id=\"ac28d9b\" data-element_type=\"container\" data-e-type=\"container\">\n\t\t\t\t\t<div class=\"e-con-inner\">\n\t\t\t\t<div class=\"elementor-element elementor-element-b58966e elementor-widget elementor-widget-spacer\" data-id=\"b58966e\" data-element_type=\"widget\" data-e-type=\"widget\" data-widget_type=\"spacer.default\">\n\t\t\t\t\t\t\t<div class=\"elementor-spacer\">\n\t\t\t<div class=\"elementor-spacer-inner\"><\/div>\n\t\t<\/div>\n\t\t\t\t\t\t<\/div>\n\t\t\t\t\t<\/div>\n\t\t\t\t<\/div>\n\t\t<div class=\"elementor-element elementor-element-2286b79 e-flex e-con-boxed cut-corner-no sticky-container-off e-con e-parent\" data-id=\"2286b79\" data-element_type=\"container\" data-e-type=\"container\">\n\t\t\t\t\t<div class=\"e-con-inner\">\n\t\t<div class=\"elementor-element elementor-element-6edf201 e-con-full e-flex cut-corner-no sticky-container-off e-con e-child\" data-id=\"6edf201\" data-element_type=\"container\" data-e-type=\"container\">\n\t\t\t\t<div class=\"elementor-element elementor-element-f1b13b7 elementor-widget elementor-widget-image\" data-id=\"f1b13b7\" data-element_type=\"widget\" data-e-type=\"widget\" data-widget_type=\"image.default\">\n\t\t\t\t\t\t\t\t\t\t\t\t\t\t\t<img fetchpriority=\"high\" decoding=\"async\" width=\"1020\" height=\"297\" src=\"https:\/\/tecnomedida.com\/wp-content\/uploads\/2026\/01\/LOGO-2-1024x297-1-1020x297.webp\" class=\"attachment-large size-large wp-image-11728\" alt=\"\" srcset=\"https:\/\/tecnomedida.com\/wp-content\/uploads\/2026\/01\/LOGO-2-1024x297-1-1020x297.webp 1020w, https:\/\/tecnomedida.com\/wp-content\/uploads\/2026\/01\/LOGO-2-1024x297-1-18x5.webp 18w, https:\/\/tecnomedida.com\/wp-content\/uploads\/2026\/01\/LOGO-2-1024x297-1.webp 1024w\" sizes=\"(max-width: 1020px) 100vw, 1020px\" \/>\t\t\t\t\t\t\t\t\t\t\t\t\t\t\t<\/div>\n\t\t\t\t<\/div>\n\t\t<div class=\"elementor-element elementor-element-5c1a5d1 e-con-full e-flex cut-corner-no sticky-container-off e-con e-child\" data-id=\"5c1a5d1\" data-element_type=\"container\" data-e-type=\"container\">\n\t\t\t\t<div class=\"elementor-element elementor-element-208802f elementor-widget elementor-widget-text-editor\" data-id=\"208802f\" data-element_type=\"widget\" data-e-type=\"widget\" data-widget_type=\"text-editor.default\">\n\t\t\t\t\t\t\t\t\t<p>At Tecnomedida, we trust Inadisa, a Colombian company with over 30 years of experience in technological solutions for the electrical sector, as one of our strategic partners. Thanks to their portfolio of certified medium-voltage transformers, we can offer our clients maintenance, diagnostic, and electrical testing services with technical support and high-quality standards. These transformers not only comply with national and international regulations but also guarantee optimal performance in demanding industrial environments, making them an ideal complement to our specialized solutions.\u00a0<a class=\"\" href=\"https:\/\/inadisa.com\/\" target=\"_new\" rel=\"noopener\" data-start=\"680\" data-end=\"711\">Inadisa<\/a>, empresa colombiana con m\u00e1s de 30 a\u00f1os de experiencia en soluciones tecnol\u00f3gicas para el sector el\u00e9ctrico, como uno de nuestros aliados estrat\u00e9gicos. Gracias a su portafolio de\u00a0<a class=\"\" href=\"https:\/\/inadisa.com\/linea-de-transformadores\/transformadores-de-media-tension\/\" target=\"_new\" rel=\"noopener\" data-start=\"889\" data-end=\"1003\">transformadores de media tensi\u00f3n<\/a>\u00a0certificados, podemos ofrecer a nuestros clientes servicios de mantenimiento, diagn\u00f3stico y pruebas el\u00e9ctricas con respaldo t\u00e9cnico y altos est\u00e1ndares de calidad. Estos equipos no solo cumplen con normativas nacionales e internacionales, sino que adem\u00e1s garantizan un desempe\u00f1o \u00f3ptimo en entornos industriales exigentes, lo que los convierte en un complemento ideal para nuestras soluciones especializadas.<\/p>\t\t\t\t\t\t\t\t<\/div>\n\t\t\t\t<\/div>\n\t\t\t\t\t<\/div>\n\t\t\t\t<\/div>\n\t\t<div class=\"elementor-element elementor-element-f7a4ccc e-flex e-con-boxed cut-corner-no sticky-container-off e-con e-parent\" data-id=\"f7a4ccc\" data-element_type=\"container\" data-e-type=\"container\">\n\t\t\t\t\t<div class=\"e-con-inner\">\n\t\t\t\t<div class=\"elementor-element elementor-element-bf94054 elementor-widget elementor-widget-spacer\" data-id=\"bf94054\" data-element_type=\"widget\" data-e-type=\"widget\" data-widget_type=\"spacer.default\">\n\t\t\t\t\t\t\t<div class=\"elementor-spacer\">\n\t\t\t<div class=\"elementor-spacer-inner\"><\/div>\n\t\t<\/div>\n\t\t\t\t\t\t<\/div>\n\t\t\t\t\t<\/div>\n\t\t\t\t<\/div>\n\t\t<div class=\"elementor-element elementor-element-b3bfebb e-flex e-con-boxed cut-corner-no sticky-container-off e-con e-parent\" data-id=\"b3bfebb\" data-element_type=\"container\" data-e-type=\"container\">\n\t\t\t\t\t<div class=\"e-con-inner\">\n\t\t<div class=\"elementor-element elementor-element-aadff26 e-con-full e-flex cut-corner-no sticky-container-off e-con e-child\" data-id=\"aadff26\" data-element_type=\"container\" data-e-type=\"container\">\n\t\t\t\t<div class=\"elementor-element elementor-element-638a411 elementor-widget elementor-widget-image\" data-id=\"638a411\" data-element_type=\"widget\" data-e-type=\"widget\" data-widget_type=\"image.default\">\n\t\t\t\t\t\t\t\t\t\t\t\t\t\t\t<img decoding=\"async\" width=\"192\" height=\"125\" src=\"https:\/\/tecnomedida.com\/wp-content\/uploads\/2026\/02\/ea1fd_c84c9154f2.svg\" class=\"attachment-large size-large wp-image-13072\" alt=\"\" \/>\t\t\t\t\t\t\t\t\t\t\t\t\t\t\t<\/div>\n\t\t\t\t<\/div>\n\t\t<div class=\"elementor-element elementor-element-cb7ada6 e-con-full e-flex cut-corner-no sticky-container-off e-con e-child\" data-id=\"cb7ada6\" data-element_type=\"container\" data-e-type=\"container\">\n\t\t\t\t<div class=\"elementor-element elementor-element-06c5814 elementor-widget elementor-widget-text-editor\" data-id=\"06c5814\" data-element_type=\"widget\" data-e-type=\"widget\" data-widget_type=\"text-editor.default\">\n\t\t\t\t\t\t\t\t\t<p>Representantes de <a href=\"https:\/\/www.baur.eu\/en\/about-baur\">BAUR<\/a> en Venezuela : Tecnomedida es el representante exclusivo de BAUR en Venezuela, l\u00edder mundial en soluciones de prueba y diagn\u00f3stico para cables de potencia. Con esta alianza, ponemos a disposici\u00f3n de nuestros clientes la tecnolog\u00eda alemana de vanguardia en pruebas de alta tensi\u00f3n, localizaci\u00f3n de fallas y diagn\u00f3stico de cables, respaldada por la experiencia y soporte t\u00e9cnico de nuestro equipo local.<\/p>\t\t\t\t\t\t\t\t<\/div>\n\t\t\t\t<\/div>\n\t\t\t\t\t<\/div>\n\t\t\t\t<\/div>\n\t\t<div class=\"elementor-element elementor-element-e7cc36f e-flex e-con-boxed cut-corner-no sticky-container-off e-con e-parent\" data-id=\"e7cc36f\" data-element_type=\"container\" data-e-type=\"container\">\n\t\t\t\t\t<div class=\"e-con-inner\">\n\t\t\t\t<div class=\"elementor-element elementor-element-0ca7040 elementor-widget elementor-widget-spacer\" data-id=\"0ca7040\" data-element_type=\"widget\" data-e-type=\"widget\" data-widget_type=\"spacer.default\">\n\t\t\t\t\t\t\t<div class=\"elementor-spacer\">\n\t\t\t<div class=\"elementor-spacer-inner\"><\/div>\n\t\t<\/div>\n\t\t\t\t\t\t<\/div>\n\t\t\t\t\t<\/div>\n\t\t\t\t<\/div>\n\t\t<div class=\"elementor-element elementor-element-7660ab1 e-flex e-con-boxed cut-corner-no sticky-container-off e-con e-parent\" data-id=\"7660ab1\" data-element_type=\"container\" data-e-type=\"container\">\n\t\t\t\t\t<div class=\"e-con-inner\">\n\t\t<div class=\"elementor-element elementor-element-2e9b447 e-con-full e-flex cut-corner-no sticky-container-off e-con e-child\" data-id=\"2e9b447\" data-element_type=\"container\" data-e-type=\"container\">\n\t\t<div class=\"elementor-element elementor-element-322d225 e-con-full e-flex cut-corner-no sticky-container-off e-con e-child\" data-id=\"322d225\" data-element_type=\"container\" data-e-type=\"container\" data-settings=\"{&quot;background_background&quot;:&quot;classic&quot;}\">\n\t\t\t\t<div class=\"elementor-element elementor-element-35a8aed elementor-widget-divider--view-line elementor-widget elementor-widget-divider\" data-id=\"35a8aed\" data-element_type=\"widget\" data-e-type=\"widget\" data-widget_type=\"divider.default\">\n\t\t\t\t\t\t\t<div class=\"elementor-divider\">\n\t\t\t<span class=\"elementor-divider-separator\">\n\t\t\t\t\t\t<\/span>\n\t\t<\/div>\n\t\t\t\t\t\t<\/div>\n\t\t\t\t<div class=\"elementor-element elementor-element-849ac0c elementor-widget__width-initial elementor-widget elementor-widget-logico_heading\" data-id=\"849ac0c\" data-element_type=\"widget\" data-e-type=\"widget\" data-widget_type=\"logico_heading.default\">\n\t\t\t\t<div class=\"elementor-widget-container\">\n\t\t\t\t\t<h5 class=\"logico-title\">Do you require special equipment that is not here?\n<\/h5>\t\t\t\t<\/div>\n\t\t\t\t<\/div>\n\t\t\t\t<div class=\"elementor-element elementor-element-2155d22 elementor-widget elementor-widget-logico_button\" data-id=\"2155d22\" data-element_type=\"widget\" data-e-type=\"widget\" data-widget_type=\"logico_button.default\">\n\t\t\t\t<div class=\"elementor-widget-container\">\n\t\t\t\t\t\n        <div class=\"button-widget\">\n            <div class=\"button-container\">\n                <a href=\"https:\/\/tecnomedida.com\/en\/contacts\/\" target=\"_blank\" class=\"logico-small-button\">\n                    Contact us<svg viewbox=\"0 0 13 20\"><polyline points=\"0.5 19.5 3 19.5 12.5 10 3 0.5\"><\/polyline><\/svg>                <\/a>\n            <\/div>\n        <\/div>\n        \t\t\t\t<\/div>\n\t\t\t\t<\/div>\n\t\t\t\t<\/div>\n\t\t\t\t<\/div>\n\t\t\t\t\t<\/div>\n\t\t\t\t<\/div>\n\t\t\t\t<\/div>","protected":false},"excerpt":{"rendered":"<p>En Tecnomedida, creemos en la fuerza de la colaboraci\u00f3n. Nuestros aliados son empresas l\u00edderes en tecnolog\u00eda y servicios que comparten nuestro compromiso con la calidad y la excelencia. Juntos, garantizamos que cada prueba el\u00e9ctrica cumpla con los m\u00e1s altos est\u00e1ndares, asegurando&#8230;<\/p>","protected":false},"author":2,"featured_media":0,"parent":0,"menu_order":0,"comment_status":"closed","ping_status":"closed","template":"","meta":{"content-type":"","_monsterinsights_skip_tracking":false,"_monsterinsights_sitenote_active":false,"_monsterinsights_sitenote_note":"","_monsterinsights_sitenote_category":0,"footnotes":""},"class_list":["post-11725","page","type-page","status-publish","hentry"],"aioseo_notices":[],"_hostinger_reach_plugin_has_subscription_block":false,"_hostinger_reach_plugin_is_elementor":false,"_links":{"self":[{"href":"https:\/\/tecnomedida.com\/en\/wp-json\/wp\/v2\/pages\/11725","targetHints":{"allow":["GET"]}}],"collection":[{"href":"https:\/\/tecnomedida.com\/en\/wp-json\/wp\/v2\/pages"}],"about":[{"href":"https:\/\/tecnomedida.com\/en\/wp-json\/wp\/v2\/types\/page"}],"author":[{"embeddable":true,"href":"https:\/\/tecnomedida.com\/en\/wp-json\/wp\/v2\/users\/2"}],"replies":[{"embeddable":true,"href":"https:\/\/tecnomedida.com\/en\/wp-json\/wp\/v2\/comments?post=11725"}],"version-history":[{"count":22,"href":"https:\/\/tecnomedida.com\/en\/wp-json\/wp\/v2\/pages\/11725\/revisions"}],"predecessor-version":[{"id":13210,"href":"https:\/\/tecnomedida.com\/en\/wp-json\/wp\/v2\/pages\/11725\/revisions\/13210"}],"wp:attachment":[{"href":"https:\/\/tecnomedida.com\/en\/wp-json\/wp\/v2\/media?parent=11725"}],"curies":[{"name":"wp","href":"https:\/\/api.w.org\/{rel}","templated":true}]}}