{"id":11693,"date":"2026-01-27T23:31:52","date_gmt":"2026-01-27T23:31:52","guid":{"rendered":"https:\/\/tecnomedida.com\/?page_id=11693"},"modified":"2026-02-11T19:35:53","modified_gmt":"2026-02-11T19:35:53","slug":"premisa-de-servicios-de-pruebas-electricas","status":"publish","type":"page","link":"https:\/\/tecnomedida.com\/en\/premisa-de-servicios-de-pruebas-electricas\/","title":{"rendered":"Premisas de servicio de pruebas el\u00e9ctricas"},"content":{"rendered":"<p><\/p>\n\n\n<div class=\"wp-block-title\">\n<h3 class=\"wp-block-heading\">PREMISAS de Servicios de Pruebas El\u00e9ctricas:<\/h3>\n<\/div>\n\n\n<ul class=\"wp-block-list\">\n<li>Las actividades se realizar\u00e1n en un \u00fanico viaje. En caso de requerirse un viaje adicional este ser\u00e1 objeto de una nueva cotizaci\u00f3n.<\/li>\n<\/ul>\n\n\n\n<ul class=\"wp-block-list\">\n<li>Los sitios en los cuales se vayan a utilizar los equipos de pruebas deben estar en condiciones adecuadas para ello. No se deben encontrar obst\u00e1culos que interfieran con la instalaci\u00f3n o ingreso de los equipos hasta el sitio final de pruebas.<\/li>\n<\/ul>\n\n\n\n<ul class=\"wp-block-list\">\n<li>Criterios Cumplimiento SST (Norma ISO45001): Los EPP considerados son: Casco diel\u00e9ctrico, Botas diel\u00e9ctricas, guantes, monogafas, chaleco, overol o Jeans reflectivo con camisa.<\/li>\n<\/ul>\n\n\n\n<ul class=\"wp-block-list\">\n<li>Para realizar los trabajos en los tiempos estimados el cliente debe garantizar los permisos de ingreso y trabajo diario.<\/li>\n<\/ul>\n\n\n\n<ul class=\"wp-block-list\">\n<li>Est\u00e1 considerado el servicio en horario de Lunes a Viernes con jornada diurna de nueve (09) horas de trabajo, en caso de extenderse la jornada se facturar\u00e1 las horas adicionales del personal de acuerdo con lo establecido en la Ley de Trabajo Colombiana.<\/li>\n<\/ul>\n\n\n\n<ul class=\"wp-block-list\">\n<li>Criterios Cumplimiento Ambiente (Norma ISO 14001): Tecnomedida est\u00e1 comprometida con el medio ambiente y con la disminuci\u00f3n de sus impactos, para ello, se aclara que la dispocisi\u00f3n de residuos se har\u00e1 de acuerdo a los lineamientos dispuestos por el cliente y los puntos establecidos en el lugar de la prestaci\u00f3n de servicio.<\/li>\n<\/ul>\n\n\n\n<p><\/p>\n\n\n<div class=\"wp-block-title\">\n<h3 class=\"wp-block-heading\">Premisas Servicio de Laboratorio y el contrato de alquiler de equipos<\/h3>\n<\/div>\n\n\n<ul class=\"wp-block-list\">\n<li>Diagn\u00f3stico: El diagn\u00f3stico de reparaci\u00f3n tendr\u00e1 un costo de 500.000,00 COP + IVA, si el cliente confirma la cotizaci\u00f3n de reparaci\u00f3n este costo ser\u00e1 deducido en la facturaci\u00f3n.<\/li>\n<\/ul>\n\n\n\n<ul class=\"wp-block-list\">\n<li>Cotizaci\u00f3n: El centro de reparaci\u00f3n diagn\u00f3stica los equipos y genera una cotizaci\u00f3n con tiempo de validez de 1 mes. La cotizaci\u00f3n generada, indica si el equipo se puede o no reparar, el costo de la reparaci\u00f3n sin IVA y el plazo de entrega. El plazo de reparaci\u00f3n\/suministro es un estimado, y se comunica al cliente a modo informativo. Este puede prolongarse por razones t\u00e9cnicas relacionadas con el proceso de reparaci\u00f3n y\/o por atraso en el proceso de importaci\u00f3n de los repuestos requeridos, y no representar\u00e1 en ning\u00fan caso indemnizaci\u00f3n por atraso, o anulaci\u00f3n del pedido\/OC.<\/li>\n<\/ul>\n\n\n\n<ul class=\"wp-block-list\">\n<li>Confirmaci\u00f3n de la cotizaci\u00f3n: Para proceder con la reparaci\u00f3n\/suministro de un equipo, se requiere recibir de manera previa un pedido\/orden de compra y anticipo por parte del cliente confirmando el servicio relacionado en la cotizaci\u00f3n que le fue enviada.<\/li>\n<\/ul>\n\n\n\n<ul class=\"wp-block-list\">\n<li>Todos los servicios son prestados y despachados en nuestro centro de reparaciones ubicado en la ciudad de Bogot\u00e1 D.C.<\/li>\n<\/ul>\n\n\n\n<ul class=\"wp-block-list\">\n<li>Entrega del equipo: El plazo de entrega del equipo reparado\/suministrado, est\u00e1 indicado en d\u00edas h\u00e1biles en la cotizaci\u00f3n generada, y se calcula a partir de la fecha de recepci\u00f3n del pedido\/orden de compra emitida por el cliente.<\/li>\n<\/ul>\n\n\n\n<ul class=\"wp-block-list\">\n<li>Garant\u00eda de la reparaci\u00f3n: La garant\u00eda de la reparaci\u00f3n es de 6 meses (piezas y mano de obra), a partir de la fecha de entrega del equipo reparado\/suministrado. Se recomienda al cliente probar\/instalar el equipo reparado\/suministrado antes del vencimiento de la garant\u00eda.<\/li>\n<\/ul>\n\n\n\n<ul class=\"wp-block-list\">\n<li>Transporte de los equipos: El cliente realizar\u00e1 el env\u00edo y la recolecci\u00f3n de sus equipos que sea por diagn\u00f3stico, reparaci\u00f3n o garant\u00eda. TECNOMEDIDA no se har\u00e1 responsable de cualquier da\u00f1o o p\u00e9rdida ocasionado por las empresas externas que ofrecen el servicio de transporte de mercanc\u00eda\/mensajer\u00eda.<\/li>\n<\/ul>\n\n\n\n<ul class=\"wp-block-list\">\n<li>L\u00edmites de responsabilidad: El servicio de reparaci\u00f3n est\u00e1 prestado en el centro de reparaci\u00f3n de TECNOMEDIDA en Bogot\u00e1, y no incluye la instalaci\u00f3n, la conexi\u00f3n, la configuraci\u00f3n, ingreso de par\u00e1metros, la programaci\u00f3n o la puesta en marcha del equipo en sitio. El servicio de reparaci\u00f3n no incluye la calibraci\u00f3n de los equipos de medida reparados. El servicio de reparaci\u00f3n tampoco incluye ingenier\u00eda inversa, ingenier\u00eda de mejora o an\u00e1lisis de causa ra\u00edz.<\/li>\n<\/ul>\n\n\n<div class=\"wp-block-title\">\n<h5 class=\"wp-block-heading\"><strong>Con<\/strong>t<strong>rato de Alquiler de Equipos (descargar)<\/strong><\/h5>\n<\/div>\n\n\n<p><a href=\"https:\/\/tecnomedida.com\/wp-content\/uploads\/2026\/01\/Formato-Condiciones-Alquiler-de-Equipos.pdf\" target=\"_blank\" rel=\"noopener\" title=\"\">Descargar<\/a><\/p>\n\n\n\n<p><\/p>","protected":false},"excerpt":{"rendered":"<p>PREMISAS de Servicios de Pruebas El\u00e9ctricas: Premisas Servicio de Laboratorio y el contrato de alquiler de equipos Contrato de Alquiler de Equipos (descargar) Descargar<\/p>","protected":false},"author":1,"featured_media":0,"parent":0,"menu_order":0,"comment_status":"closed","ping_status":"closed","template":"","meta":{"content-type":"","_monsterinsights_skip_tracking":false,"_monsterinsights_sitenote_active":false,"_monsterinsights_sitenote_note":"","_monsterinsights_sitenote_category":0,"footnotes":""},"class_list":["post-11693","page","type-page","status-publish","hentry"],"aioseo_notices":[],"_hostinger_reach_plugin_has_subscription_block":false,"_hostinger_reach_plugin_is_elementor":false,"_links":{"self":[{"href":"https:\/\/tecnomedida.com\/en\/wp-json\/wp\/v2\/pages\/11693","targetHints":{"allow":["GET"]}}],"collection":[{"href":"https:\/\/tecnomedida.com\/en\/wp-json\/wp\/v2\/pages"}],"about":[{"href":"https:\/\/tecnomedida.com\/en\/wp-json\/wp\/v2\/types\/page"}],"author":[{"embeddable":true,"href":"https:\/\/tecnomedida.com\/en\/wp-json\/wp\/v2\/users\/1"}],"replies":[{"embeddable":true,"href":"https:\/\/tecnomedida.com\/en\/wp-json\/wp\/v2\/comments?post=11693"}],"version-history":[{"count":4,"href":"https:\/\/tecnomedida.com\/en\/wp-json\/wp\/v2\/pages\/11693\/revisions"}],"predecessor-version":[{"id":12482,"href":"https:\/\/tecnomedida.com\/en\/wp-json\/wp\/v2\/pages\/11693\/revisions\/12482"}],"wp:attachment":[{"href":"https:\/\/tecnomedida.com\/en\/wp-json\/wp\/v2\/media?parent=11693"}],"curies":[{"name":"wp","href":"https:\/\/api.w.org\/{rel}","templated":true}]}}