{"id":11123,"date":"2026-01-25T14:56:04","date_gmt":"2026-01-25T14:56:04","guid":{"rendered":"https:\/\/tecnomedida.com\/?page_id=11123"},"modified":"2026-02-23T17:01:07","modified_gmt":"2026-02-23T17:01:07","slug":"servicios-profesionales","status":"publish","type":"page","link":"https:\/\/tecnomedida.com\/en\/servicios\/servicios-profesionales\/","title":{"rendered":"Professional Services"},"content":{"rendered":"<div data-elementor-type=\"wp-page\" data-elementor-id=\"11123\" class=\"elementor elementor-11123\">\n\t\t\t\t<div class=\"elementor-element elementor-element-8d719a1 e-flex e-con-boxed cut-corner-no sticky-container-off e-con e-parent\" data-id=\"8d719a1\" data-element_type=\"container\" data-e-type=\"container\">\n\t\t\t\t\t<div class=\"e-con-inner\">\n\t\t<div class=\"elementor-element elementor-element-bd7f08e e-con-full e-flex cut-corner-no sticky-container-off e-con e-child\" data-id=\"bd7f08e\" data-element_type=\"container\" data-e-type=\"container\">\n\t\t\t\t<div class=\"elementor-element elementor-element-bbdd36b elementor-widget elementor-widget-text-editor\" data-id=\"bbdd36b\" data-element_type=\"widget\" data-e-type=\"widget\" data-widget_type=\"text-editor.default\">\n\t\t\t\t\t\t\t\t\t<p>We offer comprehensive services to ensure the quality and reliability of electrical equipment in high- and medium-voltage projects.<\/p><p class=\"not-prose mt-0! mb-0! flex-auto truncate\">\u00a0<\/p>\t\t\t\t\t\t\t\t<\/div>\n\t\t\t\t<\/div>\n\t\t\t\t\t<\/div>\n\t\t\t\t<\/div>\n\t\t<div class=\"elementor-element elementor-element-2cc5206 e-flex e-con-boxed cut-corner-no sticky-container-off e-con e-parent\" data-id=\"2cc5206\" data-element_type=\"container\" data-e-type=\"container\">\n\t\t\t\t\t<div class=\"e-con-inner\">\n\t\t\t\t<div class=\"elementor-element elementor-element-877c300 elementor-widget elementor-widget-logico_heading\" data-id=\"877c300\" data-element_type=\"widget\" data-e-type=\"widget\" data-widget_type=\"logico_heading.default\">\n\t\t\t\t<div class=\"elementor-widget-container\">\n\t\t\t\t\t<h2 class=\"logico-title\">nuestro portafolio de consultor\u00eda especializada:\n<\/h2>\t\t\t\t<\/div>\n\t\t\t\t<\/div>\n\t\t\t\t\t<\/div>\n\t\t\t\t<\/div>\n\t\t<div class=\"elementor-element elementor-element-e748e97 e-flex e-con-boxed cut-corner-no sticky-container-off e-con e-parent\" data-id=\"e748e97\" data-element_type=\"container\" data-e-type=\"container\">\n\t\t\t\t\t<div class=\"e-con-inner\">\n\t\t<div class=\"elementor-element elementor-element-5a32ed6 e-con-full e-flex cut-corner-no sticky-container-off e-con e-child\" data-id=\"5a32ed6\" data-element_type=\"container\" data-e-type=\"container\">\n\t\t<div class=\"elementor-element elementor-element-fe43585 e-con-full e-flex cut-corner-no sticky-container-off e-con e-child\" data-id=\"fe43585\" data-element_type=\"container\" data-e-type=\"container\">\n\t\t<div class=\"elementor-element elementor-element-909ae59 e-con-full cut-corner-yes e-flex sticky-container-off e-con e-child\" data-id=\"909ae59\" data-element_type=\"container\" data-e-type=\"container\" data-settings=\"{&quot;background_background&quot;:&quot;classic&quot;}\">\n\t\t\t\t<div class=\"elementor-element elementor-element-f30f774 elementor-widget elementor-widget-text-editor\" data-id=\"f30f774\" data-element_type=\"widget\" data-e-type=\"widget\" data-widget_type=\"text-editor.default\">\n\t\t\t\t\t\t\t\t\t<p>Factory inspection and acceptance<\/p>\t\t\t\t\t\t\t\t<\/div>\n\t\t\t\t<div class=\"elementor-element elementor-element-d7c41f0 elementor-widget elementor-widget-text-editor\" data-id=\"d7c41f0\" data-element_type=\"widget\" data-e-type=\"widget\" data-widget_type=\"text-editor.default\">\n\t\t\t\t\t\t\t\t\t<p>Inspecci\u00f3n visual y funcional de equipos. Verificaci\u00f3n de protocolos FAT (Factory Acceptance Test)<\/p>\t\t\t\t\t\t\t\t<\/div>\n\t\t\t\t<\/div>\n\t\t\t\t<\/div>\n\t\t\t\t<\/div>\n\t\t<div class=\"elementor-element elementor-element-dd349a9 e-con-full e-flex cut-corner-no sticky-container-off e-con e-child\" data-id=\"dd349a9\" data-element_type=\"container\" data-e-type=\"container\">\n\t\t<div class=\"elementor-element elementor-element-26145d8 e-con-full e-flex cut-corner-no sticky-container-off e-con e-child\" data-id=\"26145d8\" data-element_type=\"container\" data-e-type=\"container\">\n\t\t<div class=\"elementor-element elementor-element-a184136 e-con-full cut-corner-yes e-flex sticky-container-off e-con e-child\" data-id=\"a184136\" data-element_type=\"container\" data-e-type=\"container\" data-settings=\"{&quot;background_background&quot;:&quot;classic&quot;}\">\n\t\t\t\t<div class=\"elementor-element elementor-element-4c8369d elementor-widget elementor-widget-text-editor\" data-id=\"4c8369d\" data-element_type=\"widget\" data-e-type=\"widget\" data-widget_type=\"text-editor.default\">\n\t\t\t\t\t\t\t\t\t<p>On-site inspection and acceptance<\/p>\t\t\t\t\t\t\t\t<\/div>\n\t\t\t\t<div class=\"elementor-element elementor-element-db57ab5 elementor-widget elementor-widget-text-editor\" data-id=\"db57ab5\" data-element_type=\"widget\" data-e-type=\"widget\" data-widget_type=\"text-editor.default\">\n\t\t\t\t\t\t\t\t\t<p>Validaci\u00f3n de condiciones t\u00e9cnicas y normativas. Control de calidad de antes de la puesta en servicio.<\/p>\t\t\t\t\t\t\t\t<\/div>\n\t\t\t\t<\/div>\n\t\t\t\t<\/div>\n\t\t\t\t<\/div>\n\t\t<div class=\"elementor-element elementor-element-da0c32a e-con-full e-flex cut-corner-no sticky-container-off e-con e-child\" data-id=\"da0c32a\" data-element_type=\"container\" data-e-type=\"container\">\n\t\t<div class=\"elementor-element elementor-element-e8cdf8e e-con-full cut-corner-yes e-flex sticky-container-off e-con e-child\" data-id=\"e8cdf8e\" data-element_type=\"container\" data-e-type=\"container\">\n\t\t<div class=\"elementor-element elementor-element-b0ff3c2 e-con-full cut-corner-yes e-flex sticky-container-off e-con e-child\" data-id=\"b0ff3c2\" data-element_type=\"container\" data-e-type=\"container\" data-settings=\"{&quot;background_background&quot;:&quot;classic&quot;}\">\n\t\t\t\t<div class=\"elementor-element elementor-element-39e1806 elementor-widget elementor-widget-text-editor\" data-id=\"39e1806\" data-element_type=\"widget\" data-e-type=\"widget\" data-widget_type=\"text-editor.default\">\n\t\t\t\t\t\t\t\t\t<p>Commissioning consulting<\/p>\t\t\t\t\t\t\t\t<\/div>\n\t\t\t\t<div class=\"elementor-element elementor-element-80ac4a3 elementor-widget elementor-widget-text-editor\" data-id=\"80ac4a3\" data-element_type=\"widget\" data-e-type=\"widget\" data-widget_type=\"text-editor.default\">\n\t\t\t\t\t\t\t\t\t<p>Ingenieros expecializados en energizaci\u00f3n y pruebas. Supervisi\u00f3n de protocolos SAT (Site Acceptance Test)<\/p>\t\t\t\t\t\t\t\t<\/div>\n\t\t\t\t<\/div>\n\t\t\t\t<\/div>\n\t\t\t\t<\/div>\n\t\t<div class=\"elementor-element elementor-element-2e23a69 e-con-full e-flex cut-corner-no sticky-container-off e-con e-child\" data-id=\"2e23a69\" data-element_type=\"container\" data-e-type=\"container\">\n\t\t<div class=\"elementor-element elementor-element-64e8b4c e-con-full e-flex cut-corner-no sticky-container-off e-con e-child\" data-id=\"64e8b4c\" data-element_type=\"container\" data-e-type=\"container\">\n\t\t<div class=\"elementor-element elementor-element-c87aae6 e-con-full cut-corner-yes e-flex sticky-container-off e-con e-child\" data-id=\"c87aae6\" data-element_type=\"container\" data-e-type=\"container\" data-settings=\"{&quot;background_background&quot;:&quot;classic&quot;}\">\n\t\t\t\t<div class=\"elementor-element elementor-element-cb67ce5 elementor-widget elementor-widget-text-editor\" data-id=\"cb67ce5\" data-element_type=\"widget\" data-e-type=\"widget\" data-widget_type=\"text-editor.default\">\n\t\t\t\t\t\t\t\t\t<p>Remote assistance in electrical testing<\/p>\t\t\t\t\t\t\t\t<\/div>\n\t\t\t\t<div class=\"elementor-element elementor-element-6bb56c5 elementor-widget elementor-widget-text-editor\" data-id=\"6bb56c5\" data-element_type=\"widget\" data-e-type=\"widget\" data-widget_type=\"text-editor.default\">\n\t\t\t\t\t\t\t\t\t<p>Soporte en pruebas de sistemas de protecciones y comunicaciones remotas.<\/p>\t\t\t\t\t\t\t\t<\/div>\n\t\t\t\t<\/div>\n\t\t\t\t<\/div>\n\t\t\t\t<\/div>\n\t\t\t\t\t<\/div>\n\t\t\t\t<\/div>\n\t\t<div class=\"elementor-element elementor-element-1f64e14 e-flex e-con-boxed cut-corner-no sticky-container-off e-con e-parent\" data-id=\"1f64e14\" data-element_type=\"container\" data-e-type=\"container\">\n\t\t\t\t\t<div class=\"e-con-inner\">\n\t\t<div class=\"elementor-element elementor-element-28fd6d9 e-con-full e-flex cut-corner-no sticky-container-off e-con e-child\" data-id=\"28fd6d9\" data-element_type=\"container\" data-e-type=\"container\">\n\t\t<div class=\"elementor-element elementor-element-7c43bf9 e-con-full cut-corner-yes e-flex sticky-container-off e-con e-child\" data-id=\"7c43bf9\" data-element_type=\"container\" data-e-type=\"container\" data-settings=\"{&quot;background_background&quot;:&quot;classic&quot;}\">\n\t\t\t\t<div class=\"elementor-element elementor-element-4a4a1ff elementor-widget elementor-widget-text-editor\" data-id=\"4a4a1ff\" data-element_type=\"widget\" data-e-type=\"widget\" data-widget_type=\"text-editor.default\">\n\t\t\t\t\t\t\t\t\t<p>Evaluaci\u00f3n de cumplimiento normativo<\/p>\t\t\t\t\t\t\t\t<\/div>\n\t\t\t\t<div class=\"elementor-element elementor-element-f4e7e1d elementor-widget elementor-widget-text-editor\" data-id=\"f4e7e1d\" data-element_type=\"widget\" data-e-type=\"widget\" data-widget_type=\"text-editor.default\">\n\t\t\t\t\t\t\t\t\t<p>Certificaci\u00f3n seg\u00fan IEC, IEE, RETIE. Auditor\u00eda t\u00e9cnica para proyectos el\u00e9ctricos.<\/p>\t\t\t\t\t\t\t\t<\/div>\n\t\t\t\t<\/div>\n\t\t\t\t<\/div>\n\t\t<div class=\"elementor-element elementor-element-e3bb18f e-con-full e-flex cut-corner-no sticky-container-off e-con e-child\" data-id=\"e3bb18f\" data-element_type=\"container\" data-e-type=\"container\">\n\t\t<div class=\"elementor-element elementor-element-ac583b1 e-con-full cut-corner-yes e-flex sticky-container-off e-con e-child\" data-id=\"ac583b1\" data-element_type=\"container\" data-e-type=\"container\" data-settings=\"{&quot;background_background&quot;:&quot;classic&quot;}\">\n\t\t\t\t<div class=\"elementor-element elementor-element-ad76dea elementor-widget elementor-widget-text-editor\" data-id=\"ad76dea\" data-element_type=\"widget\" data-e-type=\"widget\" data-widget_type=\"text-editor.default\">\n\t\t\t\t\t\t\t\t\t<p>Laboratorio<\/p>\t\t\t\t\t\t\t\t<\/div>\n\t\t\t\t<div class=\"elementor-element elementor-element-7cd266f elementor-widget elementor-widget-text-editor\" data-id=\"7cd266f\" data-element_type=\"widget\" data-e-type=\"widget\" data-widget_type=\"text-editor.default\">\n\t\t\t\t\t\t\t\t\t<p>Diagnostico, mantenimiento y reparaci\u00f3n de equipos el\u00e9ctricos<\/p><p>Certificaci\u00f3n y trazabilidad<\/p>\t\t\t\t\t\t\t\t<\/div>\n\t\t\t\t<\/div>\n\t\t\t\t<\/div>\n\t\t\t\t\t<\/div>\n\t\t\t\t<\/div>\n\t\t\t\t<\/div>","protected":false},"excerpt":{"rendered":"<p>Ofrecemos servicios integrales para garantizar la calidad y confiabilidad de equipos el\u00e9ctricos en proyectos de alta y media tensi\u00f3n. \u00a0 Revisi\u00f3n y aceptaci\u00f3n de f\u00e1brica Inspecci\u00f3n visual y funcional de equipos. Verificaci\u00f3n de protocolos FAT (Factory Acceptance Test) Inspecci\u00f3n y recepci\u00f3n&#8230;<\/p>","protected":false},"author":2,"featured_media":0,"parent":84,"menu_order":0,"comment_status":"closed","ping_status":"closed","template":"","meta":{"content-type":"","_monsterinsights_skip_tracking":false,"_monsterinsights_sitenote_active":false,"_monsterinsights_sitenote_note":"","_monsterinsights_sitenote_category":0,"footnotes":""},"class_list":["post-11123","page","type-page","status-publish","hentry"],"aioseo_notices":[],"_hostinger_reach_plugin_has_subscription_block":false,"_hostinger_reach_plugin_is_elementor":false,"_links":{"self":[{"href":"https:\/\/tecnomedida.com\/en\/wp-json\/wp\/v2\/pages\/11123","targetHints":{"allow":["GET"]}}],"collection":[{"href":"https:\/\/tecnomedida.com\/en\/wp-json\/wp\/v2\/pages"}],"about":[{"href":"https:\/\/tecnomedida.com\/en\/wp-json\/wp\/v2\/types\/page"}],"author":[{"embeddable":true,"href":"https:\/\/tecnomedida.com\/en\/wp-json\/wp\/v2\/users\/2"}],"replies":[{"embeddable":true,"href":"https:\/\/tecnomedida.com\/en\/wp-json\/wp\/v2\/comments?post=11123"}],"version-history":[{"count":35,"href":"https:\/\/tecnomedida.com\/en\/wp-json\/wp\/v2\/pages\/11123\/revisions"}],"predecessor-version":[{"id":13425,"href":"https:\/\/tecnomedida.com\/en\/wp-json\/wp\/v2\/pages\/11123\/revisions\/13425"}],"up":[{"embeddable":true,"href":"https:\/\/tecnomedida.com\/en\/wp-json\/wp\/v2\/pages\/84"}],"wp:attachment":[{"href":"https:\/\/tecnomedida.com\/en\/wp-json\/wp\/v2\/media?parent=11123"}],"curies":[{"name":"wp","href":"https:\/\/api.w.org\/{rel}","templated":true}]}}