{"id":11120,"date":"2026-01-25T14:54:46","date_gmt":"2026-01-25T14:54:46","guid":{"rendered":"https:\/\/tecnomedida.com\/?page_id=11120"},"modified":"2026-04-21T19:20:32","modified_gmt":"2026-04-21T19:20:32","slug":"estudios-y-mediciones","status":"publish","type":"page","link":"https:\/\/tecnomedida.com\/en\/servicios\/estudios-y-mediciones\/","title":{"rendered":"Studies and measurements"},"content":{"rendered":"<div data-elementor-type=\"wp-page\" data-elementor-id=\"11120\" class=\"elementor elementor-11120\">\n\t\t\t\t<div class=\"elementor-element elementor-element-3f87284 e-flex e-con-boxed cut-corner-no sticky-container-off e-con e-parent\" data-id=\"3f87284\" data-element_type=\"container\" data-e-type=\"container\">\n\t\t\t\t\t<div class=\"e-con-inner\">\n\t\t<div class=\"elementor-element elementor-element-052281e e-con-full e-grid cut-corner-no sticky-container-off e-con e-child\" data-id=\"052281e\" data-element_type=\"container\" data-e-type=\"container\">\n\t\t<div class=\"elementor-element elementor-element-f51c9b9 e-con-full e-flex cut-corner-no sticky-container-off e-con e-child\" data-id=\"f51c9b9\" data-element_type=\"container\" data-e-type=\"container\">\n\t\t\t\t<div class=\"elementor-element elementor-element-f7f4980 elementor-invisible elementor-widget elementor-widget-logico_heading\" data-id=\"f7f4980\" data-element_type=\"widget\" data-e-type=\"widget\" data-settings=\"{&quot;_animation&quot;:&quot;logico_heading_animation&quot;}\" data-widget_type=\"logico_heading.default\">\n\t\t\t\t<div class=\"elementor-widget-container\">\n\t\t\t\t\t<h3 class=\"logico-title\">\"Entendemos la vitalidad de la tecnolog\u00eda en sistemas electromec\u00e1nicos para redes de media y alta tensi\u00f3n.\"\n<\/h3>\t\t\t\t<\/div>\n\t\t\t\t<\/div>\n\t\t\t\t<\/div>\n\t\t<div class=\"elementor-element elementor-element-b40e4c5 e-con-full e-flex cut-corner-no sticky-container-off e-con e-child\" data-id=\"b40e4c5\" data-element_type=\"container\" data-e-type=\"container\">\n\t\t\t\t<div class=\"elementor-element elementor-element-af3f9fc elementor-widget__width-initial elementor-widget elementor-widget-text-editor\" data-id=\"af3f9fc\" data-element_type=\"widget\" data-e-type=\"widget\" data-widget_type=\"text-editor.default\">\n\t\t\t\t\t\t\t\t\t<p>Tecnomedida's Studies and Measurements Line is focused on the comprehensive evaluation of the performance, quality, and operational condition of electrical systems through specialized measurements and advanced technical studies. These services allow us to identify deviations, losses, incipient failures, and operational risks that are not evident through conventional testing, supporting technical decision-making based on reliable data. Our studies are applied to both existing systems and new projects, covering power quality analysis, thermography, ultrasound, electrical system evaluation, and renewable energy, with methodologies aligned with international standards and engineering criteria, aimed at improving the reliability, efficiency, and safety of electrical infrastructure.<\/p>\t\t\t\t\t\t\t\t<\/div>\n\t\t\t\t<\/div>\n\t\t\t\t<\/div>\n\t\t\t\t\t<\/div>\n\t\t\t\t<\/div>\n\t\t<div class=\"elementor-element elementor-element-6b827d3 e-flex e-con-boxed cut-corner-no sticky-container-off e-con e-parent\" data-id=\"6b827d3\" data-element_type=\"container\" data-e-type=\"container\">\n\t\t\t\t\t<div class=\"e-con-inner\">\n\t\t\t\t<div class=\"elementor-element elementor-element-0dcac82 elementor-widget__width-initial elementor-invisible elementor-widget elementor-widget-text-editor\" data-id=\"0dcac82\" data-element_type=\"widget\" data-e-type=\"widget\" data-settings=\"{&quot;_animation&quot;:&quot;logico_heading_animation&quot;}\" data-widget_type=\"text-editor.default\">\n\t\t\t\t\t\t\t\t\t<p>Nuestro portafolio\u00a0<\/p>\t\t\t\t\t\t\t\t<\/div>\n\t\t\t\t\t<\/div>\n\t\t\t\t<\/div>\n\t\t<div class=\"elementor-element elementor-element-24c8a86 e-flex e-con-boxed cut-corner-no sticky-container-off e-con e-parent\" data-id=\"24c8a86\" data-element_type=\"container\" data-e-type=\"container\">\n\t\t\t\t\t<div class=\"e-con-inner\">\n\t\t<div class=\"elementor-element elementor-element-8ee203c e-con-full e-flex sticky-container-off e-con e-child\" data-id=\"8ee203c\" data-element_type=\"container\" data-e-type=\"container\" data-settings=\"{&quot;background_background&quot;:&quot;classic&quot;}\">\n\t\t\t\t<div class=\"elementor-element elementor-element-5385803 elementor-widget elementor-widget-logico_heading\" data-id=\"5385803\" data-element_type=\"widget\" data-e-type=\"widget\" data-widget_type=\"logico_heading.default\">\n\t\t\t\t<div class=\"elementor-widget-container\">\n\t\t\t\t\t<h2 class=\"logico-title\">Ultrasound\n<\/h2>\t\t\t\t<\/div>\n\t\t\t\t<\/div>\n\t\t\t\t<div class=\"elementor-element elementor-element-b97956c elementor-widget elementor-widget-image-box\" data-id=\"b97956c\" data-element_type=\"widget\" data-e-type=\"widget\" data-widget_type=\"image-box.default\">\n\t\t\t\t\t<div class=\"elementor-image-box-wrapper\"><div class=\"elementor-image-box-content\"><p class=\"elementor-image-box-description\">El ultrasonido se utiliza en el mantenimiento el\u00e9ctrico como una t\u00e9cnica de detecci\u00f3n de descargas parciales en equipos y sistemas electromec\u00e1nicos.<\/p><\/div><\/div>\t\t\t\t<\/div>\n\t\t\t\t<div class=\"elementor-element elementor-element-da1ce15 elementor-widget elementor-widget-logico_button\" data-id=\"da1ce15\" data-element_type=\"widget\" data-e-type=\"widget\" data-widget_type=\"logico_button.default\">\n\t\t\t\t<div class=\"elementor-widget-container\">\n\t\t\t\t\t\n        <div class=\"button-widget\">\n            <div class=\"button-container\">\n                <a href=\"#\" target=\"_blank\" class=\"logico-alter-button\">\n                    More                <\/a>\n            <\/div>\n        <\/div>\n        \t\t\t\t<\/div>\n\t\t\t\t<\/div>\n\t\t\t\t<\/div>\n\t\t<div class=\"elementor-element elementor-element-d9c5e15 e-con-full e-flex sticky-container-off e-con e-child\" data-id=\"d9c5e15\" data-element_type=\"container\" data-e-type=\"container\" data-settings=\"{&quot;background_background&quot;:&quot;classic&quot;}\">\n\t\t\t\t<div class=\"elementor-element elementor-element-87489ce elementor-widget elementor-widget-logico_heading\" data-id=\"87489ce\" data-element_type=\"widget\" data-e-type=\"widget\" data-widget_type=\"logico_heading.default\">\n\t\t\t\t<div class=\"elementor-widget-container\">\n\t\t\t\t\t<h2 class=\"logico-title\">Grounding system testing\n<\/h2>\t\t\t\t<\/div>\n\t\t\t\t<\/div>\n\t\t\t\t<div class=\"elementor-element elementor-element-9292fe7 elementor-widget elementor-widget-image-box\" data-id=\"9292fe7\" data-element_type=\"widget\" data-e-type=\"widget\" data-widget_type=\"image-box.default\">\n\t\t\t\t\t<div class=\"elementor-image-box-wrapper\"><div class=\"elementor-image-box-content\"><p class=\"elementor-image-box-description\">El an\u00e1lisis de calidad de energ\u00eda implica la instalaci\u00f3n de equipos de monitoreo y medici\u00f3n, adem\u00e1s de analizadores de calidad de energ\u00eda para registrar y analizar estos par\u00e1metros<\/p><\/div><\/div>\t\t\t\t<\/div>\n\t\t\t\t<div class=\"elementor-element elementor-element-90cf984 elementor-widget elementor-widget-logico_button\" data-id=\"90cf984\" data-element_type=\"widget\" data-e-type=\"widget\" data-widget_type=\"logico_button.default\">\n\t\t\t\t<div class=\"elementor-widget-container\">\n\t\t\t\t\t\n        <div class=\"button-widget\">\n            <div class=\"button-container\">\n                <a href=\"#\" target=\"_blank\" class=\"logico-alter-button\">\n                    More                <\/a>\n            <\/div>\n        <\/div>\n        \t\t\t\t<\/div>\n\t\t\t\t<\/div>\n\t\t\t\t<\/div>\n\t\t<div class=\"elementor-element elementor-element-da05372 e-con-full e-flex sticky-container-off e-con e-child\" data-id=\"da05372\" data-element_type=\"container\" data-e-type=\"container\" data-settings=\"{&quot;background_background&quot;:&quot;classic&quot;}\">\n\t\t\t\t<div class=\"elementor-element elementor-element-f50fcbb elementor-widget elementor-widget-logico_heading\" data-id=\"f50fcbb\" data-element_type=\"widget\" data-e-type=\"widget\" data-widget_type=\"logico_heading.default\">\n\t\t\t\t<div class=\"elementor-widget-container\">\n\t\t\t\t\t<h2 class=\"logico-title\">Power quality\n<\/h2>\t\t\t\t<\/div>\n\t\t\t\t<\/div>\n\t\t\t\t<div class=\"elementor-element elementor-element-bb5f2d3 elementor-widget elementor-widget-image-box\" data-id=\"bb5f2d3\" data-element_type=\"widget\" data-e-type=\"widget\" data-widget_type=\"image-box.default\">\n\t\t\t\t\t<div class=\"elementor-image-box-wrapper\"><div class=\"elementor-image-box-content\"><p class=\"elementor-image-box-description\">Power quality analysis involves the installation of monitoring and measurement equipment, as well as power quality analyzers to record and analyze these parameters.<\/p><\/div><\/div>\t\t\t\t<\/div>\n\t\t\t\t<div class=\"elementor-element elementor-element-778e463 elementor-widget elementor-widget-logico_button\" data-id=\"778e463\" data-element_type=\"widget\" data-e-type=\"widget\" data-widget_type=\"logico_button.default\">\n\t\t\t\t<div class=\"elementor-widget-container\">\n\t\t\t\t\t\n        <div class=\"button-widget\">\n            <div class=\"button-container\">\n                <a href=\"#\" target=\"_blank\" class=\"logico-alter-button\">\n                    More                <\/a>\n            <\/div>\n        <\/div>\n        \t\t\t\t<\/div>\n\t\t\t\t<\/div>\n\t\t\t\t<\/div>\n\t\t<div class=\"elementor-element elementor-element-a5de71d e-con-full e-flex sticky-container-off e-con e-child\" data-id=\"a5de71d\" data-element_type=\"container\" data-e-type=\"container\" data-settings=\"{&quot;background_background&quot;:&quot;classic&quot;}\">\n\t\t\t\t<div class=\"elementor-element elementor-element-593e982 elementor-widget elementor-widget-logico_heading\" data-id=\"593e982\" data-element_type=\"widget\" data-e-type=\"widget\" data-widget_type=\"logico_heading.default\">\n\t\t\t\t<div class=\"elementor-widget-container\">\n\t\t\t\t\t<h2 class=\"logico-title\">Thermography\n<\/h2>\t\t\t\t<\/div>\n\t\t\t\t<\/div>\n\t\t\t\t<div class=\"elementor-element elementor-element-9ce0cdb elementor-widget elementor-widget-image-box\" data-id=\"9ce0cdb\" data-element_type=\"widget\" data-e-type=\"widget\" data-widget_type=\"image-box.default\">\n\t\t\t\t\t<div class=\"elementor-image-box-wrapper\"><div class=\"elementor-image-box-content\"><p class=\"elementor-image-box-description\">Thermography can be performed with or without the use of drones, and each approach has its own advantages and considerations.<\/p><\/div><\/div>\t\t\t\t<\/div>\n\t\t\t\t<div class=\"elementor-element elementor-element-7610cfc elementor-widget elementor-widget-logico_button\" data-id=\"7610cfc\" data-element_type=\"widget\" data-e-type=\"widget\" data-widget_type=\"logico_button.default\">\n\t\t\t\t<div class=\"elementor-widget-container\">\n\t\t\t\t\t\n        <div class=\"button-widget\">\n            <div class=\"button-container\">\n                <a href=\"#\" target=\"_blank\" class=\"logico-alter-button\">\n                    More                <\/a>\n            <\/div>\n        <\/div>\n        \t\t\t\t<\/div>\n\t\t\t\t<\/div>\n\t\t\t\t<\/div>\n\t\t\t\t\t<\/div>\n\t\t\t\t<\/div>\n\t\t<div class=\"elementor-element elementor-element-78a88c0 e-flex e-con-boxed cut-corner-no sticky-container-off e-con e-parent\" data-id=\"78a88c0\" data-element_type=\"container\" data-e-type=\"container\">\n\t\t\t\t\t<div class=\"e-con-inner\">\n\t\t<div class=\"elementor-element elementor-element-50d78d3 e-con-full elementor-hidden-mobile e-flex sticky-container-off e-con e-child\" data-id=\"50d78d3\" data-element_type=\"container\" data-e-type=\"container\" data-settings=\"{&quot;background_background&quot;:&quot;classic&quot;}\">\n\t\t\t\t<\/div>\n\t\t<div class=\"elementor-element elementor-element-6c36f4f e-con-full e-flex sticky-container-off e-con e-child\" data-id=\"6c36f4f\" data-element_type=\"container\" data-e-type=\"container\" data-settings=\"{&quot;background_background&quot;:&quot;classic&quot;}\">\n\t\t\t\t<div class=\"elementor-element elementor-element-fca6f8b elementor-widget elementor-widget-logico_heading\" data-id=\"fca6f8b\" data-element_type=\"widget\" data-e-type=\"widget\" data-widget_type=\"logico_heading.default\">\n\t\t\t\t<div class=\"elementor-widget-container\">\n\t\t\t\t\t<h2 class=\"logico-title\">Touch and step voltage measurement\n<\/h2>\t\t\t\t<\/div>\n\t\t\t\t<\/div>\n\t\t\t\t<div class=\"elementor-element elementor-element-3eb624a elementor-widget elementor-widget-image-box\" data-id=\"3eb624a\" data-element_type=\"widget\" data-e-type=\"widget\" data-widget_type=\"image-box.default\">\n\t\t\t\t\t<div class=\"elementor-image-box-wrapper\"><div class=\"elementor-image-box-content\"><p class=\"elementor-image-box-description\">We measure touch and step voltages to verify safe levels in substations and industrial facilities, reducing the risk of electrocution and validating grounding design.<\/p><\/div><\/div>\t\t\t\t<\/div>\n\t\t\t\t<div class=\"elementor-element elementor-element-4f8cdfe elementor-widget elementor-widget-logico_button\" data-id=\"4f8cdfe\" data-element_type=\"widget\" data-e-type=\"widget\" data-widget_type=\"logico_button.default\">\n\t\t\t\t<div class=\"elementor-widget-container\">\n\t\t\t\t\t\n        <div class=\"button-widget\">\n            <div class=\"button-container\">\n                <a href=\"#\" target=\"_blank\" class=\"logico-alter-button\">\n                    More                <\/a>\n            <\/div>\n        <\/div>\n        \t\t\t\t<\/div>\n\t\t\t\t<\/div>\n\t\t\t\t<\/div>\n\t\t<div class=\"elementor-element elementor-element-7451233 e-con-full e-flex sticky-container-off e-con e-child\" data-id=\"7451233\" data-element_type=\"container\" data-e-type=\"container\" data-settings=\"{&quot;background_background&quot;:&quot;classic&quot;}\">\n\t\t\t\t<div class=\"elementor-element elementor-element-bf30874 elementor-widget elementor-widget-logico_heading\" data-id=\"bf30874\" data-element_type=\"widget\" data-e-type=\"widget\" data-widget_type=\"logico_heading.default\">\n\t\t\t\t<div class=\"elementor-widget-container\">\n\t\t\t\t\t<h2 class=\"logico-title\">Dielectric oil tests\n<\/h2>\t\t\t\t<\/div>\n\t\t\t\t<\/div>\n\t\t\t\t<div class=\"elementor-element elementor-element-8790d6b elementor-widget elementor-widget-image-box\" data-id=\"8790d6b\" data-element_type=\"widget\" data-e-type=\"widget\" data-widget_type=\"image-box.default\">\n\t\t\t\t\t<div class=\"elementor-image-box-wrapper\"><div class=\"elementor-image-box-content\"><p class=\"elementor-image-box-description\">We analyze the rigidity, humidity, and condition of dielectric oil to prevent transformer failures, extend their service life, and ensure reliable operation.<\/p><\/div><\/div>\t\t\t\t<\/div>\n\t\t\t\t<div class=\"elementor-element elementor-element-ca26860 elementor-widget elementor-widget-logico_button\" data-id=\"ca26860\" data-element_type=\"widget\" data-e-type=\"widget\" data-widget_type=\"logico_button.default\">\n\t\t\t\t<div class=\"elementor-widget-container\">\n\t\t\t\t\t\n        <div class=\"button-widget\">\n            <div class=\"button-container\">\n                <a href=\"#\" target=\"_blank\" class=\"logico-alter-button\">\n                    More                <\/a>\n            <\/div>\n        <\/div>\n        \t\t\t\t<\/div>\n\t\t\t\t<\/div>\n\t\t\t\t<\/div>\n\t\t<div class=\"elementor-element elementor-element-51323f3 e-con-full e-flex sticky-container-off e-con e-child\" data-id=\"51323f3\" data-element_type=\"container\" data-e-type=\"container\" data-settings=\"{&quot;background_background&quot;:&quot;classic&quot;}\">\n\t\t\t\t<\/div>\n\t\t\t\t\t<\/div>\n\t\t\t\t<\/div>\n\t\t<div class=\"elementor-element elementor-element-cd6b997 e-flex e-con-boxed cut-corner-no sticky-container-off e-con e-parent\" data-id=\"cd6b997\" data-element_type=\"container\" data-e-type=\"container\">\n\t\t\t\t\t<div class=\"e-con-inner\">\n\t\t\t\t<div class=\"elementor-element elementor-element-45b4c18 elementor-widget elementor-widget-text-editor\" data-id=\"45b4c18\" data-element_type=\"widget\" data-e-type=\"widget\" data-widget_type=\"text-editor.default\">\n\t\t\t\t\t\t\t\t\t<p>Photo gallery<\/p>\t\t\t\t\t\t\t\t<\/div>\n\t\t\t\t\t<\/div>\n\t\t\t\t<\/div>\n\t\t<div class=\"elementor-element elementor-element-c2de6b4 e-flex e-con-boxed cut-corner-no sticky-container-off e-con e-parent\" data-id=\"c2de6b4\" data-element_type=\"container\" data-e-type=\"container\">\n\t\t\t\t\t<div class=\"e-con-inner\">\n\t\t\t\t<div class=\"elementor-element elementor-element-2bdd892 elementor-widget elementor-widget-image-gallery\" data-id=\"2bdd892\" data-element_type=\"widget\" data-e-type=\"widget\" data-widget_type=\"image-gallery.default\">\n\t\t\t\t\t\t\t<div class=\"elementor-image-gallery\">\n\t\t\t<div id='gallery-1' class='gallery galleryid-11120 gallery-columns-4 gallery-size-full'><figure class='gallery-item'><div class='gallery-item-box'>\n\t\t\t<div class='gallery-icon landscape'>\n\t\t\t\t<a  href='https:\/\/tecnomedida.com\/wp-content\/uploads\/2026\/02\/analisis-calidad-de-energia-3.png'><img fetchpriority=\"high\" decoding=\"async\" width=\"657\" height=\"479\" src=\"https:\/\/tecnomedida.com\/wp-content\/uploads\/2026\/02\/analisis-calidad-de-energia-3.png\" class=\"attachment-full size-full\" alt=\"\" srcset=\"https:\/\/tecnomedida.com\/wp-content\/uploads\/2026\/02\/analisis-calidad-de-energia-3.png 657w, https:\/\/tecnomedida.com\/wp-content\/uploads\/2026\/02\/analisis-calidad-de-energia-3-16x12.png 16w\" sizes=\"(max-width: 657px) 100vw, 657px\" \/><\/a>\n\t\t\t<\/div><\/div><\/figure><figure class='gallery-item'><div class='gallery-item-box'>\n\t\t\t<div class='gallery-icon landscape'>\n\t\t\t\t<a  href='https:\/\/tecnomedida.com\/wp-content\/uploads\/2026\/02\/analisis-calidad-de-energia-4.png'><img decoding=\"async\" width=\"657\" height=\"479\" src=\"https:\/\/tecnomedida.com\/wp-content\/uploads\/2026\/02\/analisis-calidad-de-energia-4.png\" class=\"attachment-full size-full\" alt=\"\" srcset=\"https:\/\/tecnomedida.com\/wp-content\/uploads\/2026\/02\/analisis-calidad-de-energia-4.png 657w, https:\/\/tecnomedida.com\/wp-content\/uploads\/2026\/02\/analisis-calidad-de-energia-4-16x12.png 16w\" sizes=\"(max-width: 657px) 100vw, 657px\" \/><\/a>\n\t\t\t<\/div><\/div><\/figure><figure class='gallery-item'><div class='gallery-item-box'>\n\t\t\t<div class='gallery-icon landscape'>\n\t\t\t\t<a  href='https:\/\/tecnomedida.com\/wp-content\/uploads\/2026\/02\/analisis-calidad-de-energia-5.png'><img decoding=\"async\" width=\"657\" height=\"479\" src=\"https:\/\/tecnomedida.com\/wp-content\/uploads\/2026\/02\/analisis-calidad-de-energia-5.png\" class=\"attachment-full size-full\" alt=\"\" srcset=\"https:\/\/tecnomedida.com\/wp-content\/uploads\/2026\/02\/analisis-calidad-de-energia-5.png 657w, https:\/\/tecnomedida.com\/wp-content\/uploads\/2026\/02\/analisis-calidad-de-energia-5-16x12.png 16w\" sizes=\"(max-width: 657px) 100vw, 657px\" \/><\/a>\n\t\t\t<\/div><\/div><\/figure><figure class='gallery-item'><div class='gallery-item-box'>\n\t\t\t<div class='gallery-icon landscape'>\n\t\t\t\t<a  href='https:\/\/tecnomedida.com\/wp-content\/uploads\/2026\/02\/analisis-calidad-de-energia.png'><img loading=\"lazy\" decoding=\"async\" width=\"657\" height=\"479\" src=\"https:\/\/tecnomedida.com\/wp-content\/uploads\/2026\/02\/analisis-calidad-de-energia.png\" class=\"attachment-full size-full\" alt=\"\" srcset=\"https:\/\/tecnomedida.com\/wp-content\/uploads\/2026\/02\/analisis-calidad-de-energia.png 657w, https:\/\/tecnomedida.com\/wp-content\/uploads\/2026\/02\/analisis-calidad-de-energia-16x12.png 16w\" sizes=\"(max-width: 657px) 100vw, 657px\" \/><\/a>\n\t\t\t<\/div><\/div><\/figure><figure class='gallery-item'><div class='gallery-item-box'>\n\t\t\t<div class='gallery-icon landscape'>\n\t\t\t\t<a  href='https:\/\/tecnomedida.com\/wp-content\/uploads\/2026\/02\/analisis-calidad-de-energia-1.png'><img loading=\"lazy\" decoding=\"async\" width=\"657\" height=\"479\" src=\"https:\/\/tecnomedida.com\/wp-content\/uploads\/2026\/02\/analisis-calidad-de-energia-1.png\" class=\"attachment-full size-full\" alt=\"\" srcset=\"https:\/\/tecnomedida.com\/wp-content\/uploads\/2026\/02\/analisis-calidad-de-energia-1.png 657w, https:\/\/tecnomedida.com\/wp-content\/uploads\/2026\/02\/analisis-calidad-de-energia-1-16x12.png 16w\" sizes=\"(max-width: 657px) 100vw, 657px\" \/><\/a>\n\t\t\t<\/div><\/div><\/figure><figure class='gallery-item'><div class='gallery-item-box'>\n\t\t\t<div class='gallery-icon landscape'>\n\t\t\t\t<a  href='https:\/\/tecnomedida.com\/wp-content\/uploads\/2026\/02\/analisis-calidad-de-energia-2.png'><img loading=\"lazy\" decoding=\"async\" width=\"657\" height=\"479\" src=\"https:\/\/tecnomedida.com\/wp-content\/uploads\/2026\/02\/analisis-calidad-de-energia-2.png\" class=\"attachment-full size-full\" alt=\"\" srcset=\"https:\/\/tecnomedida.com\/wp-content\/uploads\/2026\/02\/analisis-calidad-de-energia-2.png 657w, https:\/\/tecnomedida.com\/wp-content\/uploads\/2026\/02\/analisis-calidad-de-energia-2-16x12.png 16w\" sizes=\"(max-width: 657px) 100vw, 657px\" \/><\/a>\n\t\t\t<\/div><\/div><\/figure><figure class='gallery-item'><div class='gallery-item-box'>\n\t\t\t<div class='gallery-icon landscape'>\n\t\t\t\t<a  href='https:\/\/tecnomedida.com\/wp-content\/uploads\/2026\/02\/analisis-calidad-de-energia-1-1.png'><img loading=\"lazy\" decoding=\"async\" width=\"657\" height=\"479\" src=\"https:\/\/tecnomedida.com\/wp-content\/uploads\/2026\/02\/analisis-calidad-de-energia-1-1.png\" class=\"attachment-full size-full\" alt=\"\" srcset=\"https:\/\/tecnomedida.com\/wp-content\/uploads\/2026\/02\/analisis-calidad-de-energia-1-1.png 657w, https:\/\/tecnomedida.com\/wp-content\/uploads\/2026\/02\/analisis-calidad-de-energia-1-1-16x12.png 16w\" sizes=\"(max-width: 657px) 100vw, 657px\" \/><\/a>\n\t\t\t<\/div><\/div><\/figure><figure class='gallery-item'><div class='gallery-item-box'>\n\t\t\t<div class='gallery-icon landscape'>\n\t\t\t\t<a  href='https:\/\/tecnomedida.com\/wp-content\/uploads\/2026\/02\/analisis-calidad-de-energia-6.png'><img loading=\"lazy\" decoding=\"async\" width=\"657\" height=\"479\" src=\"https:\/\/tecnomedida.com\/wp-content\/uploads\/2026\/02\/analisis-calidad-de-energia-6.png\" class=\"attachment-full size-full\" alt=\"\" srcset=\"https:\/\/tecnomedida.com\/wp-content\/uploads\/2026\/02\/analisis-calidad-de-energia-6.png 657w, https:\/\/tecnomedida.com\/wp-content\/uploads\/2026\/02\/analisis-calidad-de-energia-6-16x12.png 16w\" sizes=\"(max-width: 657px) 100vw, 657px\" \/><\/a>\n\t\t\t<\/div><\/div><\/figure>\n\t\t<\/div>\n\t\t<\/div>\n\t\t\t\t\t\t<\/div>\n\t\t\t\t\t<\/div>\n\t\t\t\t<\/div>\n\t\t<div class=\"elementor-element elementor-element-883e7c7 e-flex e-con-boxed cut-corner-no sticky-container-off e-con e-parent\" data-id=\"883e7c7\" data-element_type=\"container\" data-e-type=\"container\">\n\t\t\t\t\t<div class=\"e-con-inner\">\n\t\t<div class=\"elementor-element elementor-element-d293d3d e-con-full e-flex cut-corner-no sticky-container-off e-con e-child\" data-id=\"d293d3d\" data-element_type=\"container\" data-e-type=\"container\">\n\t\t<div class=\"elementor-element elementor-element-85f1157 e-con-full e-flex cut-corner-no sticky-container-off e-con e-child\" data-id=\"85f1157\" data-element_type=\"container\" data-e-type=\"container\" data-settings=\"{&quot;background_background&quot;:&quot;classic&quot;}\">\n\t\t\t\t<div class=\"elementor-element elementor-element-0952d92 elementor-widget-divider--view-line elementor-widget elementor-widget-divider\" data-id=\"0952d92\" data-element_type=\"widget\" data-e-type=\"widget\" data-widget_type=\"divider.default\">\n\t\t\t\t\t\t\t<div class=\"elementor-divider\">\n\t\t\t<span class=\"elementor-divider-separator\">\n\t\t\t\t\t\t<\/span>\n\t\t<\/div>\n\t\t\t\t\t\t<\/div>\n\t\t\t\t<div class=\"elementor-element elementor-element-f41a336 elementor-widget__width-initial elementor-widget elementor-widget-logico_heading\" data-id=\"f41a336\" data-element_type=\"widget\" data-e-type=\"widget\" data-widget_type=\"logico_heading.default\">\n\t\t\t\t<div class=\"elementor-widget-container\">\n\t\t\t\t\t<h5 class=\"logico-title\">Do you require special equipment that is not here?\n<\/h5>\t\t\t\t<\/div>\n\t\t\t\t<\/div>\n\t\t\t\t<div class=\"elementor-element elementor-element-4541abd elementor-widget elementor-widget-logico_button\" data-id=\"4541abd\" data-element_type=\"widget\" data-e-type=\"widget\" data-widget_type=\"logico_button.default\">\n\t\t\t\t<div class=\"elementor-widget-container\">\n\t\t\t\t\t\n        <div class=\"button-widget\">\n            <div class=\"button-container\">\n                <a href=\"https:\/\/tecnomedida.com\/en\/contacts\/\" target=\"_blank\" class=\"logico-small-button\">\n                    Contact us<svg viewbox=\"0 0 13 20\"><polyline points=\"0.5 19.5 3 19.5 12.5 10 3 0.5\"><\/polyline><\/svg>                <\/a>\n            <\/div>\n        <\/div>\n        \t\t\t\t<\/div>\n\t\t\t\t<\/div>\n\t\t\t\t<\/div>\n\t\t\t\t<\/div>\n\t\t\t\t\t<\/div>\n\t\t\t\t<\/div>\n\t\t\t\t<\/div>","protected":false},"excerpt":{"rendered":"<p>La L\u00ednea de Estudios y Mediciones de Tecnomedida est\u00e1 orientada a la evaluaci\u00f3n integral del desempe\u00f1o, la calidad y la condici\u00f3n operativa de sistemas el\u00e9ctricos, mediante mediciones especializadas y estudios t\u00e9cnicos avanzados. Estos servicios permiten identificar desviaciones, p\u00e9rdidas, fallas incipientes y&#8230;<\/p>","protected":false},"author":2,"featured_media":0,"parent":84,"menu_order":0,"comment_status":"closed","ping_status":"closed","template":"","meta":{"content-type":"","_monsterinsights_skip_tracking":false,"_monsterinsights_sitenote_active":false,"_monsterinsights_sitenote_note":"","_monsterinsights_sitenote_category":0,"footnotes":""},"class_list":["post-11120","page","type-page","status-publish","hentry"],"aioseo_notices":[],"_hostinger_reach_plugin_has_subscription_block":false,"_hostinger_reach_plugin_is_elementor":false,"_links":{"self":[{"href":"https:\/\/tecnomedida.com\/en\/wp-json\/wp\/v2\/pages\/11120","targetHints":{"allow":["GET"]}}],"collection":[{"href":"https:\/\/tecnomedida.com\/en\/wp-json\/wp\/v2\/pages"}],"about":[{"href":"https:\/\/tecnomedida.com\/en\/wp-json\/wp\/v2\/types\/page"}],"author":[{"embeddable":true,"href":"https:\/\/tecnomedida.com\/en\/wp-json\/wp\/v2\/users\/2"}],"replies":[{"embeddable":true,"href":"https:\/\/tecnomedida.com\/en\/wp-json\/wp\/v2\/comments?post=11120"}],"version-history":[{"count":152,"href":"https:\/\/tecnomedida.com\/en\/wp-json\/wp\/v2\/pages\/11120\/revisions"}],"predecessor-version":[{"id":13541,"href":"https:\/\/tecnomedida.com\/en\/wp-json\/wp\/v2\/pages\/11120\/revisions\/13541"}],"up":[{"embeddable":true,"href":"https:\/\/tecnomedida.com\/en\/wp-json\/wp\/v2\/pages\/84"}],"wp:attachment":[{"href":"https:\/\/tecnomedida.com\/en\/wp-json\/wp\/v2\/media?parent=11120"}],"curies":[{"name":"wp","href":"https:\/\/api.w.org\/{rel}","templated":true}]}}