{"id":11117,"date":"2026-01-25T14:54:12","date_gmt":"2026-01-25T14:54:12","guid":{"rendered":"https:\/\/tecnomedida.com\/?page_id=11117"},"modified":"2026-02-21T20:57:26","modified_gmt":"2026-02-21T20:57:26","slug":"pruebas-electricas","status":"publish","type":"page","link":"https:\/\/tecnomedida.com\/en\/servicios\/pruebas-electricas\/","title":{"rendered":"Electrical Testing"},"content":{"rendered":"<div data-elementor-type=\"wp-page\" data-elementor-id=\"11117\" class=\"elementor elementor-11117\">\n\t\t\t\t<div class=\"elementor-element elementor-element-34ec45f e-flex e-con-boxed cut-corner-no sticky-container-off e-con e-parent\" data-id=\"34ec45f\" data-element_type=\"container\" data-e-type=\"container\">\n\t\t\t\t\t<div class=\"e-con-inner\">\n\t\t<div class=\"elementor-element elementor-element-bb19727 e-con-full e-grid cut-corner-no sticky-container-off e-con e-child\" data-id=\"bb19727\" data-element_type=\"container\" data-e-type=\"container\">\n\t\t<div class=\"elementor-element elementor-element-f7b156f e-con-full e-flex cut-corner-no sticky-container-off e-con e-child\" data-id=\"f7b156f\" data-element_type=\"container\" data-e-type=\"container\">\n\t\t\t\t<div class=\"elementor-element elementor-element-4305f3d elementor-invisible elementor-widget elementor-widget-logico_heading\" data-id=\"4305f3d\" data-element_type=\"widget\" data-e-type=\"widget\" data-settings=\"{&quot;_animation&quot;:&quot;logico_heading_animation&quot;}\" data-widget_type=\"logico_heading.default\">\n\t\t\t\t<div class=\"elementor-widget-container\">\n\t\t\t\t\t<h3 class=\"logico-title\">\"Entendemos la vitalidad de la tecnolog\u00eda en sistemas electromec\u00e1nicos para redes de media y alta tensi\u00f3n.\"\n<\/h3>\t\t\t\t<\/div>\n\t\t\t\t<\/div>\n\t\t\t\t<\/div>\n\t\t<div class=\"elementor-element elementor-element-4b23a00 e-con-full e-flex cut-corner-no sticky-container-off e-con e-child\" data-id=\"4b23a00\" data-element_type=\"container\" data-e-type=\"container\">\n\t\t\t\t<div class=\"elementor-element elementor-element-c7b1277 elementor-widget__width-initial elementor-widget elementor-widget-text-editor\" data-id=\"c7b1277\" data-element_type=\"widget\" data-e-type=\"widget\" data-widget_type=\"text-editor.default\">\n\t\t\t\t\t\t\t\t\t<p>Servicios especializados para puesta en servicio, aceptaci\u00f3n, mantenimiento y validaci\u00f3n operativa de equipos y sistemas el\u00e9ctricos en media y alta tensi\u00f3n.<\/p>\t\t\t\t\t\t\t\t<\/div>\n\t\t\t\t<\/div>\n\t\t\t\t<\/div>\n\t\t\t\t\t<\/div>\n\t\t\t\t<\/div>\n\t\t<div class=\"elementor-element elementor-element-9a160fa e-flex e-con-boxed cut-corner-no sticky-container-off e-con e-parent\" data-id=\"9a160fa\" data-element_type=\"container\" data-e-type=\"container\">\n\t\t\t\t\t<div class=\"e-con-inner\">\n\t\t\t\t<div class=\"elementor-element elementor-element-383cf1a elementor-widget elementor-widget-logico_heading\" data-id=\"383cf1a\" data-element_type=\"widget\" data-e-type=\"widget\" data-widget_type=\"logico_heading.default\">\n\t\t\t\t<div class=\"elementor-widget-container\">\n\t\t\t\t\t<h2 class=\"logico-title\">Portafolio de pruebas el\u00e9ctricas\n<\/h2>\t\t\t\t<\/div>\n\t\t\t\t<\/div>\n\t\t\t\t\t<\/div>\n\t\t\t\t<\/div>\n\t\t<div class=\"elementor-element elementor-element-8569c92 e-flex e-con-boxed cut-corner-no sticky-container-off e-con e-parent\" data-id=\"8569c92\" data-element_type=\"container\" data-e-type=\"container\">\n\t\t\t\t\t<div class=\"e-con-inner\">\n\t\t<div class=\"elementor-element elementor-element-cf1137e e-con-full e-flex cut-corner-no sticky-container-off e-con e-child\" data-id=\"cf1137e\" data-element_type=\"container\" data-e-type=\"container\">\n\t\t<div class=\"elementor-element elementor-element-d219bea e-con-full cut-corner-yes e-flex sticky-container-off e-con e-child\" data-id=\"d219bea\" data-element_type=\"container\" data-e-type=\"container\" data-settings=\"{&quot;background_background&quot;:&quot;classic&quot;}\">\n\t\t\t\t<div class=\"elementor-element elementor-element-05cad80 elementor-widget elementor-widget-text-editor\" data-id=\"05cad80\" data-element_type=\"widget\" data-e-type=\"widget\" data-widget_type=\"text-editor.default\">\n\t\t\t\t\t\t\t\t\t<p>Primary equipment testing<\/p>\t\t\t\t\t\t\t\t<\/div>\n\t\t\t\t<div class=\"elementor-element elementor-element-ca9ea33 elementor-widget elementor-widget-text-editor\" data-id=\"ca9ea33\" data-element_type=\"widget\" data-e-type=\"widget\" data-widget_type=\"text-editor.default\">\n\t\t\t\t\t\t\t\t\t<p>We perform specialized electrical tests to ensure that equipment and facilities comply with technical, regulatory, and operational standards.\u00a0<\/p>\t\t\t\t\t\t\t\t<\/div>\n\t\t\t\t<div class=\"elementor-element elementor-element-383ec4e elementor-widget elementor-widget-logico_button\" data-id=\"383ec4e\" data-element_type=\"widget\" data-e-type=\"widget\" data-widget_type=\"logico_button.default\">\n\t\t\t\t<div class=\"elementor-widget-container\">\n\t\t\t\t\t\n        <div class=\"button-widget\">\n            <div class=\"button-container\">\n                <a href=\"https:\/\/tecnomedida.com\/en\/servicios\/pruebas-electricas\/pruebas-equipos-primarios\/\" target=\"_blank\" class=\"logico-small-button\">\n                    More<svg viewbox=\"0 0 13 20\"><polyline points=\"0.5 19.5 3 19.5 12.5 10 3 0.5\"><\/polyline><\/svg>                <\/a>\n            <\/div>\n        <\/div>\n        \t\t\t\t<\/div>\n\t\t\t\t<\/div>\n\t\t\t\t<\/div>\n\t\t\t\t<\/div>\n\t\t<div class=\"elementor-element elementor-element-540b3e1 e-con-full e-flex cut-corner-no sticky-container-off e-con e-child\" data-id=\"540b3e1\" data-element_type=\"container\" data-e-type=\"container\">\n\t\t<div class=\"elementor-element elementor-element-7b5fc5c e-con-full cut-corner-yes e-flex sticky-container-off e-con e-child\" data-id=\"7b5fc5c\" data-element_type=\"container\" data-e-type=\"container\" data-settings=\"{&quot;background_background&quot;:&quot;classic&quot;}\">\n\t\t\t\t<div class=\"elementor-element elementor-element-5417279 elementor-widget elementor-widget-text-editor\" data-id=\"5417279\" data-element_type=\"widget\" data-e-type=\"widget\" data-widget_type=\"text-editor.default\">\n\t\t\t\t\t\t\t\t\t<p>Power Cable Testing<\/p>\t\t\t\t\t\t\t\t<\/div>\n\t\t\t\t<div class=\"elementor-element elementor-element-58e1c30 elementor-widget elementor-widget-text-editor\" data-id=\"58e1c30\" data-element_type=\"widget\" data-e-type=\"widget\" data-widget_type=\"text-editor.default\">\n\t\t\t\t\t\t\t\t\t<p>We perform specialized electrical tests to ensure that equipment and facilities comply with technical, regulatory, and operational standards.\u00a0<\/p>\t\t\t\t\t\t\t\t<\/div>\n\t\t\t\t<div class=\"elementor-element elementor-element-32b18be elementor-widget elementor-widget-logico_button\" data-id=\"32b18be\" data-element_type=\"widget\" data-e-type=\"widget\" data-widget_type=\"logico_button.default\">\n\t\t\t\t<div class=\"elementor-widget-container\">\n\t\t\t\t\t\n        <div class=\"button-widget\">\n            <div class=\"button-container\">\n                <a href=\"https:\/\/tecnomedida.com\/en\/servicios\/pruebas-electricas\/pruebas-cables-de-potencia\/\" target=\"_blank\" class=\"logico-small-button\">\n                    More<svg viewbox=\"0 0 13 20\"><polyline points=\"0.5 19.5 3 19.5 12.5 10 3 0.5\"><\/polyline><\/svg>                <\/a>\n            <\/div>\n        <\/div>\n        \t\t\t\t<\/div>\n\t\t\t\t<\/div>\n\t\t\t\t<\/div>\n\t\t\t\t<\/div>\n\t\t<div class=\"elementor-element elementor-element-93d2ee8 e-con-full e-flex cut-corner-no sticky-container-off e-con e-child\" data-id=\"93d2ee8\" data-element_type=\"container\" data-e-type=\"container\">\n\t\t<div class=\"elementor-element elementor-element-53a8549 e-con-full cut-corner-yes e-flex sticky-container-off e-con e-child\" data-id=\"53a8549\" data-element_type=\"container\" data-e-type=\"container\" data-settings=\"{&quot;background_background&quot;:&quot;classic&quot;}\">\n\t\t\t\t<div class=\"elementor-element elementor-element-946a3da elementor-widget elementor-widget-text-editor\" data-id=\"946a3da\" data-element_type=\"widget\" data-e-type=\"widget\" data-widget_type=\"text-editor.default\">\n\t\t\t\t\t\t\t\t\t<p>Pruebas secundarias, Automatizaci\u00f3n y Control<\/p>\t\t\t\t\t\t\t\t<\/div>\n\t\t\t\t<div class=\"elementor-element elementor-element-47e73a5 elementor-hidden-laptop elementor-hidden-tablet_extra elementor-hidden-tablet elementor-hidden-mobile_extra elementor-hidden-mobile elementor-widget elementor-widget-spacer\" data-id=\"47e73a5\" data-element_type=\"widget\" data-e-type=\"widget\" data-widget_type=\"spacer.default\">\n\t\t\t\t\t\t\t<div class=\"elementor-spacer\">\n\t\t\t<div class=\"elementor-spacer-inner\"><\/div>\n\t\t<\/div>\n\t\t\t\t\t\t<\/div>\n\t\t\t\t<div class=\"elementor-element elementor-element-3956b1f elementor-widget elementor-widget-text-editor\" data-id=\"3956b1f\" data-element_type=\"widget\" data-e-type=\"widget\" data-widget_type=\"text-editor.default\">\n\t\t\t\t\t\t\t\t\t<p>We perform specialized electrical tests to ensure that equipment and facilities comply with technical, regulatory, and operational standards.\u00a0<\/p>\t\t\t\t\t\t\t\t<\/div>\n\t\t\t\t<div class=\"elementor-element elementor-element-fa2b3c3 elementor-widget elementor-widget-logico_button\" data-id=\"fa2b3c3\" data-element_type=\"widget\" data-e-type=\"widget\" data-widget_type=\"logico_button.default\">\n\t\t\t\t<div class=\"elementor-widget-container\">\n\t\t\t\t\t\n        <div class=\"button-widget\">\n            <div class=\"button-container\">\n                <a href=\"https:\/\/tecnomedida.com\/en\/servicios\/pruebas-electricas\/pruebas-automatizacion-y-control\/\" target=\"_blank\" class=\"logico-small-button\">\n                    More<svg viewbox=\"0 0 13 20\"><polyline points=\"0.5 19.5 3 19.5 12.5 10 3 0.5\"><\/polyline><\/svg>                <\/a>\n            <\/div>\n        <\/div>\n        \t\t\t\t<\/div>\n\t\t\t\t<\/div>\n\t\t\t\t<\/div>\n\t\t\t\t<\/div>\n\t\t\t\t\t<\/div>\n\t\t\t\t<\/div>\n\t\t<div class=\"elementor-element elementor-element-4d614ce e-flex e-con-boxed cut-corner-no sticky-container-off e-con e-parent\" data-id=\"4d614ce\" data-element_type=\"container\" data-e-type=\"container\" data-settings=\"{&quot;background_background&quot;:&quot;classic&quot;}\">\n\t\t\t\t\t<div class=\"e-con-inner\">\n\t\t<div class=\"elementor-element elementor-element-5309ae4 e-con-full e-flex cut-corner-no sticky-container-off e-con e-child\" data-id=\"5309ae4\" data-element_type=\"container\" data-e-type=\"container\">\n\t\t\t\t<div class=\"elementor-element elementor-element-fb96642 elementor-widget__width-initial elementor-invisible elementor-widget elementor-widget-logico_heading\" data-id=\"fb96642\" data-element_type=\"widget\" data-e-type=\"widget\" data-settings=\"{&quot;_animation&quot;:&quot;logico_heading_animation&quot;}\" data-widget_type=\"logico_heading.default\">\n\t\t\t\t<div class=\"elementor-widget-container\">\n\t\t\t\t\t<h3 class=\"logico-title\">Certifications that make us the best!\n<\/h3>\t\t\t\t<\/div>\n\t\t\t\t<\/div>\n\t\t\t\t<\/div>\n\t\t<div class=\"elementor-element elementor-element-e3fead7 e-con-full e-flex cut-corner-no sticky-container-off e-con e-child\" data-id=\"e3fead7\" data-element_type=\"container\" data-e-type=\"container\">\n\t\t\t\t<div class=\"elementor-element elementor-element-0811244 elementor-widget elementor-widget-image-carousel\" data-id=\"0811244\" data-element_type=\"widget\" data-e-type=\"widget\" data-settings=\"{&quot;slides_to_show&quot;:&quot;1&quot;,&quot;navigation&quot;:&quot;none&quot;,&quot;autoplay&quot;:&quot;yes&quot;,&quot;pause_on_hover&quot;:&quot;yes&quot;,&quot;pause_on_interaction&quot;:&quot;yes&quot;,&quot;autoplay_speed&quot;:5000,&quot;infinite&quot;:&quot;yes&quot;,&quot;effect&quot;:&quot;slide&quot;,&quot;speed&quot;:500}\" data-widget_type=\"image-carousel.default\">\n\t\t\t\t\t\t\t<div class=\"elementor-image-carousel-wrapper swiper\" role=\"region\" aria-roledescription=\"carousel\" aria-label=\"Carrusel de im\u00e1genes\" dir=\"ltr\">\n\t\t\t<div class=\"elementor-image-carousel swiper-wrapper\" aria-live=\"off\">\n\t\t\t\t\t\t\t\t<div class=\"swiper-slide\" role=\"group\" aria-roledescription=\"slide\" aria-label=\"1 of 3\"><a href=\"https:\/\/tecnomedida.com\/en\/certificaciones-tecnomedida\/\"><figure class=\"swiper-slide-inner\"><img decoding=\"async\" class=\"swiper-slide-image\" src=\"https:\/\/tecnomedida.com\/wp-content\/uploads\/2026\/01\/Frame-1.png\" alt=\"Frame 1\" \/><\/figure><\/a><\/div><div class=\"swiper-slide\" role=\"group\" aria-roledescription=\"slide\" aria-label=\"2 of 3\"><a href=\"https:\/\/tecnomedida.com\/en\/certificaciones-tecnomedida\/\"><figure class=\"swiper-slide-inner\"><img decoding=\"async\" class=\"swiper-slide-image\" src=\"https:\/\/tecnomedida.com\/wp-content\/uploads\/2026\/01\/Imagen-de-WhatsApp-2024-09-11-a-las-09.20.12_787f5534-1.png\" alt=\"Imagen-de-WhatsApp-2024-09-11-a-las-09.20.12_787f5534 1\" \/><\/figure><\/a><\/div><div class=\"swiper-slide\" role=\"group\" aria-roledescription=\"slide\" aria-label=\"3 of 3\"><a href=\"https:\/\/tecnomedida.com\/en\/certificaciones-tecnomedida\/\"><figure class=\"swiper-slide-inner\"><img decoding=\"async\" class=\"swiper-slide-image\" src=\"https:\/\/tecnomedida.com\/wp-content\/uploads\/2026\/01\/Sello-ICONTEC-ESE-Eficiencia-CCB-2022-A1-1.png\" alt=\"Sello-ICONTEC-ESE-Eficiencia-CCB-2022-A1 1\" \/><\/figure><\/a><\/div>\t\t\t<\/div>\n\t\t\t\t\t\t\t\n\t\t\t\t\t\t\t\t\t<\/div>\n\t\t\t\t\t\t<\/div>\n\t\t\t\t<\/div>\n\t\t\t\t\t<\/div>\n\t\t\t\t<\/div>\n\t\t<div class=\"elementor-element elementor-element-ab5ee6b e-flex e-con-boxed cut-corner-no sticky-container-off e-con e-parent\" data-id=\"ab5ee6b\" data-element_type=\"container\" data-e-type=\"container\">\n\t\t\t\t\t<div class=\"e-con-inner\">\n\t\t<div class=\"elementor-element elementor-element-9846f5f e-con-full e-flex cut-corner-no sticky-container-off e-con e-child\" data-id=\"9846f5f\" data-element_type=\"container\" data-e-type=\"container\">\n\t\t<div class=\"elementor-element elementor-element-da4f6c6 e-con-full e-flex cut-corner-no sticky-container-off e-con e-child\" data-id=\"da4f6c6\" data-element_type=\"container\" data-e-type=\"container\" data-settings=\"{&quot;background_background&quot;:&quot;classic&quot;}\">\n\t\t\t\t<div class=\"elementor-element elementor-element-8630be8 elementor-widget-divider--view-line elementor-widget elementor-widget-divider\" data-id=\"8630be8\" data-element_type=\"widget\" data-e-type=\"widget\" data-widget_type=\"divider.default\">\n\t\t\t\t\t\t\t<div class=\"elementor-divider\">\n\t\t\t<span class=\"elementor-divider-separator\">\n\t\t\t\t\t\t<\/span>\n\t\t<\/div>\n\t\t\t\t\t\t<\/div>\n\t\t\t\t<div class=\"elementor-element elementor-element-f3f3839 elementor-widget__width-initial elementor-widget elementor-widget-logico_heading\" data-id=\"f3f3839\" data-element_type=\"widget\" data-e-type=\"widget\" data-widget_type=\"logico_heading.default\">\n\t\t\t\t<div class=\"elementor-widget-container\">\n\t\t\t\t\t<h5 class=\"logico-title\">Do you require a special service that is not listed here?\n<\/h5>\t\t\t\t<\/div>\n\t\t\t\t<\/div>\n\t\t\t\t<div class=\"elementor-element elementor-element-5d38366 elementor-widget elementor-widget-logico_button\" data-id=\"5d38366\" data-element_type=\"widget\" data-e-type=\"widget\" data-widget_type=\"logico_button.default\">\n\t\t\t\t<div class=\"elementor-widget-container\">\n\t\t\t\t\t\n        <div class=\"button-widget\">\n            <div class=\"button-container\">\n                <a href=\"https:\/\/tecnomedida.com\/en\/contacts\/\" target=\"_blank\" class=\"logico-small-button\">\n                    Contact us<svg viewbox=\"0 0 13 20\"><polyline points=\"0.5 19.5 3 19.5 12.5 10 3 0.5\"><\/polyline><\/svg>                <\/a>\n            <\/div>\n        <\/div>\n        \t\t\t\t<\/div>\n\t\t\t\t<\/div>\n\t\t\t\t<\/div>\n\t\t\t\t<\/div>\n\t\t\t\t\t<\/div>\n\t\t\t\t<\/div>\n\t\t\t\t<\/div>","protected":false},"excerpt":{"rendered":"<p>Servicios especializados para puesta en servicio, aceptaci\u00f3n, mantenimiento y validaci\u00f3n operativa de equipos y sistemas el\u00e9ctricos en media y alta tensi\u00f3n. Pruebas a equipos primarios Realizamos pruebas el\u00e9ctricas especializadas para garantizar que los equipos e instalaciones cumplan con los est\u00e1ndares t\u00e9cnicos,&#8230;<\/p>","protected":false},"author":2,"featured_media":0,"parent":84,"menu_order":0,"comment_status":"closed","ping_status":"closed","template":"","meta":{"content-type":"","_monsterinsights_skip_tracking":false,"_monsterinsights_sitenote_active":false,"_monsterinsights_sitenote_note":"","_monsterinsights_sitenote_category":0,"footnotes":""},"class_list":["post-11117","page","type-page","status-publish","hentry"],"aioseo_notices":[],"_hostinger_reach_plugin_has_subscription_block":false,"_hostinger_reach_plugin_is_elementor":false,"_links":{"self":[{"href":"https:\/\/tecnomedida.com\/en\/wp-json\/wp\/v2\/pages\/11117","targetHints":{"allow":["GET"]}}],"collection":[{"href":"https:\/\/tecnomedida.com\/en\/wp-json\/wp\/v2\/pages"}],"about":[{"href":"https:\/\/tecnomedida.com\/en\/wp-json\/wp\/v2\/types\/page"}],"author":[{"embeddable":true,"href":"https:\/\/tecnomedida.com\/en\/wp-json\/wp\/v2\/users\/2"}],"replies":[{"embeddable":true,"href":"https:\/\/tecnomedida.com\/en\/wp-json\/wp\/v2\/comments?post=11117"}],"version-history":[{"count":100,"href":"https:\/\/tecnomedida.com\/en\/wp-json\/wp\/v2\/pages\/11117\/revisions"}],"predecessor-version":[{"id":13326,"href":"https:\/\/tecnomedida.com\/en\/wp-json\/wp\/v2\/pages\/11117\/revisions\/13326"}],"up":[{"embeddable":true,"href":"https:\/\/tecnomedida.com\/en\/wp-json\/wp\/v2\/pages\/84"}],"wp:attachment":[{"href":"https:\/\/tecnomedida.com\/en\/wp-json\/wp\/v2\/media?parent=11117"}],"curies":[{"name":"wp","href":"https:\/\/api.w.org\/{rel}","templated":true}]}}